{"id":122,"date":"2014-12-16T16:22:59","date_gmt":"2014-12-16T08:22:59","guid":{"rendered":"https:\/\/artfireplace.co.uk\/?page_id=122"},"modified":"2017-07-11T21:48:16","modified_gmt":"2017-07-11T13:48:16","slug":"home","status":"publish","type":"page","link":"https:\/\/www.artfireplace.co.uk\/es\/","title":{"rendered":"Casa"},"content":{"rendered":"","protected":false},"excerpt":{"rendered":"<p>Art Chimenea Technology Limited. Establecido en 2008, es uno de los profesionales de inserci\u00f3n autom\u00e1tica de bioetanol chimenea fabricante en China. Nos centramos en el mando a distancia de alcohol, bioetanol y sin ventilaci\u00f3n chimeneas con dise\u00f1os modernos y s\u00faper certificaciones homologadas CE crafts.All nuestros quemadores han pasado.<\/p>\n","protected":false},"author":1,"featured_media":0,"parent":0,"menu_order":0,"comment_status":"closed","ping_status":"closed","template":"page-templates\/business.php","meta":[],"yst_prominent_words":[],"translation":{"provider":"WPGlobus","version":"2.8.3","language":"es","enabled_languages":["en","es","fr","it","pt","ar","ru"],"languages":{"en":{"title":true,"content":false,"excerpt":true},"es":{"title":true,"content":false,"excerpt":true},"fr":{"title":true,"content":false,"excerpt":true},"it":{"title":true,"content":false,"excerpt":true},"pt":{"title":true,"content":false,"excerpt":true},"ar":{"title":true,"content":false,"excerpt":true},"ru":{"title":true,"content":false,"excerpt":true}}},"_links":{"self":[{"href":"https:\/\/www.artfireplace.co.uk\/es\/wp-json\/wp\/v2\/pages\/122"}],"collection":[{"href":"https:\/\/www.artfireplace.co.uk\/es\/wp-json\/wp\/v2\/pages"}],"about":[{"href":"https:\/\/www.artfireplace.co.uk\/es\/wp-json\/wp\/v2\/types\/page"}],"author":[{"embeddable":true,"href":"https:\/\/www.artfireplace.co.uk\/es\/wp-json\/wp\/v2\/users\/1"}],"replies":[{"embeddable":true,"href":"https:\/\/www.artfireplace.co.uk\/es\/wp-json\/wp\/v2\/comments?post=122"}],"version-history":[{"count":10,"href":"https:\/\/www.artfireplace.co.uk\/es\/wp-json\/wp\/v2\/pages\/122\/revisions"}],"predecessor-version":[{"id":3930,"href":"https:\/\/www.artfireplace.co.uk\/es\/wp-json\/wp\/v2\/pages\/122\/revisions\/3930"}],"wp:attachment":[{"href":"https:\/\/www.artfireplace.co.uk\/es\/wp-json\/wp\/v2\/media?parent=122"}],"wp:term":[{"taxonomy":"yst_prominent_words","embeddable":true,"href":"https:\/\/www.artfireplace.co.uk\/es\/wp-json\/wp\/v2\/yst_prominent_words?post=122"}],"curies":[{"name":"wp","href":"https:\/\/api.w.org\/{rel}","templated":true}]}}