{"id":138,"date":"2015-01-03T12:53:59","date_gmt":"2015-01-03T04:53:59","guid":{"rendered":"https:\/\/artfireplace.co.uk\/?page_id=138"},"modified":"2021-07-29T17:57:47","modified_gmt":"2021-07-29T09:57:47","slug":"art-fireplace-support","status":"publish","type":"page","link":"https:\/\/www.artfireplace.co.uk\/es\/art-fireplace-support\/","title":{"rendered":"Soporte impresionante"},"content":{"rendered":"<p><img decoding=\"async\" loading=\"lazy\" class=\"aligncenter wp-image-684\" src=\"https:\/\/artfireplace.co.uk\/wp-content\/uploads\/2015\/01\/after_sales_support_art_fireplace_China.jpg\" alt=\"despu\u00e9s de servicio de venta de arte etanol chimenea\" width=\"841\" height=\"474\" srcset=\"https:\/\/www.artfireplace.co.uk\/wp-content\/uploads\/2015\/01\/after_sales_support_art_fireplace_China.jpg 539w, https:\/\/www.artfireplace.co.uk\/wp-content\/uploads\/2015\/01\/after_sales_support_art_fireplace_China-150x85.jpg 150w, https:\/\/www.artfireplace.co.uk\/wp-content\/uploads\/2015\/01\/after_sales_support_art_fireplace_China-300x169.jpg 300w\" sizes=\"(max-width: 841px) 100vw, 841px\" \/><\/p>\n<p>Art Chimenea Technology Limited<\/p>\n<p>La cuna misma de los ingenieros con m\u00e1s de 7 a\u00f1os de experiencia trabajando para confirmar la producci\u00f3n y envasado servido m\u00e1s de 10.000 clientes.<\/p>\n<p>Con el fin de evitar molestias innecesarias, le recomendamos leer las instrucciones de funcionamiento en el guiador del usuario detenidamente o consulte la secci\u00f3n de soporte de este sitio web para apoyo adicional, antes de contactar con nosotros o con su dealer.In el usuario Guider, hay muchos mensaje importante ser conocido! Para acceder al servicio durante el per\u00edodo de garant\u00eda, p\u00f3ngase en contacto con correo electr\u00f3nico oficial ART CHIMENEA Technology Limited Consumidor: info@art-fireplace.com. Nuestros datos de contacto se pueden encontrar en este sitio web oficial. Cuando ya no dentro de la garant\u00eda puede contactar con el centro de servicio autorizado m\u00e1s cercano.<br \/>\nPara ser capaz de ayudarle a efficientlywhen bien y se ponga en contacto con nosotros o con su distribuidor, por favor tenga a mano: la factura original o recibo de caja y el n\u00famero de modelo Esta informaci\u00f3n es muy importante para usted y us.pls mantenerlo en la mano en caso de necesidad en el! futuro para la venta despu\u00e9s de la reparaci\u00f3n.<\/p>\n<p>Inspiraciones fuego ecol\u00f3gica: la mezcla de las culturas y las atm\u00f3sferas<\/p>\n<p>Esta adaptabilidad permite a los creadores, los dise\u00f1adores de interiores y los due\u00f1os de casa para ser liberados de las restricciones de la instalaci\u00f3n. Por consiguiente, pueden crear sus proyectos con un brezal de dise\u00f1o con bastante libertad. El fuego moderna se puede utilizar en toda la cultura decoraciones dise\u00f1os simplemente incrustar un mando a distancia de quemador bio etanol relleno de la chimenea.<\/p>\n<p>F\u00e1cil de instalar, f\u00e1cil de usar.<\/p>\n<p>P\u00f3ngase en contacto con nosotros en: info@art-fireplace.com<\/p>\n<p>Post-Venta-Support en: johnny@art-fireplace.com<\/p>\n<p>Arte chimenea est\u00e1 listo para ayudar en lo que necesite. Para asegurarse de que obtiene una respuesta r\u00e1pida y considerado, p\u00f3ngase en contacto con nosotros a trav\u00e9s de correo electr\u00f3nico &#8211; s\u00f3lo tiene que introducir sus datos y nos pondremos en contacto con usted en 1 hora.<img decoding=\"async\" loading=\"lazy\" class=\"aligncenter size-full wp-image-931\" src=\"https:\/\/artfireplace.co.uk\/wp-content\/uploads\/2015\/01\/Automatic-Bioethanol-fireplace-insert-Model.jpg\" alt=\"art chimenea etanol inteligente con control remoto\" width=\"1020\" height=\"584\" srcset=\"https:\/\/www.artfireplace.co.uk\/wp-content\/uploads\/2015\/01\/Automatic-Bioethanol-fireplace-insert-Model.jpg 1020w, https:\/\/www.artfireplace.co.uk\/wp-content\/uploads\/2015\/01\/Automatic-Bioethanol-fireplace-insert-Model-150x86.jpg 150w, https:\/\/www.artfireplace.co.uk\/wp-content\/uploads\/2015\/01\/Automatic-Bioethanol-fireplace-insert-Model-300x172.jpg 300w\" sizes=\"(max-width: 1020px) 100vw, 1020px\" \/><\/p>\n<figure id=\"attachment_2023\" aria-describedby=\"caption-attachment-2023\" style=\"width: 1147px\" class=\"wp-caption aligncenter\"><img decoding=\"async\" loading=\"lazy\" class=\"size-full wp-image-2023\" src=\"https:\/\/artfireplace.co.uk\/wp-content\/uploads\/2016\/09\/bioethanol-burner-with-remote-controller.jpg\" alt=\"art intelligent decorate fireplace with remote control\" width=\"1147\" height=\"763\" srcset=\"https:\/\/www.artfireplace.co.uk\/wp-content\/uploads\/2016\/09\/bioethanol-burner-with-remote-controller.jpg 1147w, https:\/\/www.artfireplace.co.uk\/wp-content\/uploads\/2016\/09\/bioethanol-burner-with-remote-controller-150x100.jpg 150w, https:\/\/www.artfireplace.co.uk\/wp-content\/uploads\/2016\/09\/bioethanol-burner-with-remote-controller-300x200.jpg 300w, https:\/\/www.artfireplace.co.uk\/wp-content\/uploads\/2016\/09\/bioethanol-burner-with-remote-controller-768x511.jpg 768w, https:\/\/www.artfireplace.co.uk\/wp-content\/uploads\/2016\/09\/bioethanol-burner-with-remote-controller-1024x681.jpg 1024w\" sizes=\"(max-width: 1147px) 100vw, 1147px\" \/><figcaption id=\"caption-attachment-2023\" class=\"wp-caption-text\">art intelligent decorate fireplace with remote control<\/figcaption><\/figure>\n<figure id=\"attachment_1979\" aria-describedby=\"caption-attachment-1979\" style=\"width: 1147px\" class=\"wp-caption aligncenter\"><img decoding=\"async\" loading=\"lazy\" class=\"size-full wp-image-1979\" src=\"https:\/\/artfireplace.co.uk\/wp-content\/uploads\/2017\/05\/art-ethanol-fireplace-AF100-With-remote-control.jpg\" alt=\"art ethanol fireplace AF100 With remote control\" width=\"1147\" height=\"763\" srcset=\"https:\/\/www.artfireplace.co.uk\/wp-content\/uploads\/2017\/05\/art-ethanol-fireplace-AF100-With-remote-control.jpg 1147w, https:\/\/www.artfireplace.co.uk\/wp-content\/uploads\/2017\/05\/art-ethanol-fireplace-AF100-With-remote-control-150x100.jpg 150w, https:\/\/www.artfireplace.co.uk\/wp-content\/uploads\/2017\/05\/art-ethanol-fireplace-AF100-With-remote-control-300x200.jpg 300w, https:\/\/www.artfireplace.co.uk\/wp-content\/uploads\/2017\/05\/art-ethanol-fireplace-AF100-With-remote-control-768x511.jpg 768w, https:\/\/www.artfireplace.co.uk\/wp-content\/uploads\/2017\/05\/art-ethanol-fireplace-AF100-With-remote-control-1024x681.jpg 1024w\" sizes=\"(max-width: 1147px) 100vw, 1147px\" \/><figcaption id=\"caption-attachment-1979\" class=\"wp-caption-text\">art ethanol fireplace AF100 With remote control<\/figcaption><\/figure>\n<figure id=\"attachment_2019\" aria-describedby=\"caption-attachment-2019\" style=\"width: 1000px\" class=\"wp-caption aligncenter\"><img decoding=\"async\" loading=\"lazy\" class=\"size-full wp-image-2019\" src=\"https:\/\/artfireplace.co.uk\/wp-content\/uploads\/2017\/05\/Art-intelligent-ethanol-burner-inserts-AF-Models.jpg\" alt=\"Art intelligent ethanol burner inserts AF Models\" width=\"1000\" height=\"666\" srcset=\"https:\/\/www.artfireplace.co.uk\/wp-content\/uploads\/2017\/05\/Art-intelligent-ethanol-burner-inserts-AF-Models.jpg 1000w, https:\/\/www.artfireplace.co.uk\/wp-content\/uploads\/2017\/05\/Art-intelligent-ethanol-burner-inserts-AF-Models-150x100.jpg 150w, https:\/\/www.artfireplace.co.uk\/wp-content\/uploads\/2017\/05\/Art-intelligent-ethanol-burner-inserts-AF-Models-300x200.jpg 300w, https:\/\/www.artfireplace.co.uk\/wp-content\/uploads\/2017\/05\/Art-intelligent-ethanol-burner-inserts-AF-Models-768x511.jpg 768w\" sizes=\"(max-width: 1000px) 100vw, 1000px\" \/><figcaption id=\"caption-attachment-2019\" class=\"wp-caption-text\">Art intelligent ethanol burner inserts AF Models<\/figcaption><\/figure>\n","protected":false},"excerpt":{"rendered":"<p>Profesional de los ingenieros con m\u00e1s de 7 a\u00f1os de experiencia trabajando para confirmar la producci\u00f3n y envasado servido m\u00e1s de 10.000 clientes.<\/p>\n","protected":false},"author":1,"featured_media":139,"parent":0,"menu_order":0,"comment_status":"closed","ping_status":"closed","template":"","meta":[],"yst_prominent_words":[],"translation":{"provider":"WPGlobus","version":"2.8.3","language":"es","enabled_languages":["en","es","fr","it","pt","ar","ru"],"languages":{"en":{"title":true,"content":true,"excerpt":true},"es":{"title":true,"content":true,"excerpt":true},"fr":{"title":true,"content":true,"excerpt":true},"it":{"title":true,"content":true,"excerpt":true},"pt":{"title":true,"content":true,"excerpt":true},"ar":{"title":true,"content":true,"excerpt":true},"ru":{"title":true,"content":true,"excerpt":true}}},"_links":{"self":[{"href":"https:\/\/www.artfireplace.co.uk\/es\/wp-json\/wp\/v2\/pages\/138"}],"collection":[{"href":"https:\/\/www.artfireplace.co.uk\/es\/wp-json\/wp\/v2\/pages"}],"about":[{"href":"https:\/\/www.artfireplace.co.uk\/es\/wp-json\/wp\/v2\/types\/page"}],"author":[{"embeddable":true,"href":"https:\/\/www.artfireplace.co.uk\/es\/wp-json\/wp\/v2\/users\/1"}],"replies":[{"embeddable":true,"href":"https:\/\/www.artfireplace.co.uk\/es\/wp-json\/wp\/v2\/comments?post=138"}],"version-history":[{"count":32,"href":"https:\/\/www.artfireplace.co.uk\/es\/wp-json\/wp\/v2\/pages\/138\/revisions"}],"predecessor-version":[{"id":3135,"href":"https:\/\/www.artfireplace.co.uk\/es\/wp-json\/wp\/v2\/pages\/138\/revisions\/3135"}],"wp:featuredmedia":[{"embeddable":true,"href":"https:\/\/www.artfireplace.co.uk\/es\/wp-json\/wp\/v2\/media\/139"}],"wp:attachment":[{"href":"https:\/\/www.artfireplace.co.uk\/es\/wp-json\/wp\/v2\/media?parent=138"}],"wp:term":[{"taxonomy":"yst_prominent_words","embeddable":true,"href":"https:\/\/www.artfireplace.co.uk\/es\/wp-json\/wp\/v2\/yst_prominent_words?post=138"}],"curies":[{"name":"wp","href":"https:\/\/api.w.org\/{rel}","templated":true}]}}