{"id":142,"date":"2015-01-03T13:01:07","date_gmt":"2015-01-03T05:01:07","guid":{"rendered":"https:\/\/artfireplace.co.uk\/?page_id=142"},"modified":"2017-05-19T11:38:34","modified_gmt":"2017-05-19T03:38:34","slug":"quality-ethanol-fireplace","status":"publish","type":"page","link":"https:\/\/www.artfireplace.co.uk\/es\/quality-ethanol-fireplace\/","title":{"rendered":"Productos de calidad"},"content":{"rendered":"<h3><strong>Alta calidad y de mejor est\u00e9tica bioetanol Insertos para chimeneas<\/strong><img decoding=\"async\" loading=\"lazy\" class=\"aligncenter size-full wp-image-964\" src=\"https:\/\/artfireplace.co.uk\/wp-content\/uploads\/2014\/11\/Inserto-Art-bioetanolo-modello-AF180.jpg\" alt=\"La alta calidad de bioetanol Insertos para chimeneas\" width=\"1023\" height=\"544\" srcset=\"https:\/\/www.artfireplace.co.uk\/wp-content\/uploads\/2014\/11\/Inserto-Art-bioetanolo-modello-AF180.jpg 1023w, https:\/\/www.artfireplace.co.uk\/wp-content\/uploads\/2014\/11\/Inserto-Art-bioetanolo-modello-AF180-150x80.jpg 150w, https:\/\/www.artfireplace.co.uk\/wp-content\/uploads\/2014\/11\/Inserto-Art-bioetanolo-modello-AF180-300x160.jpg 300w\" sizes=\"(max-width: 1023px) 100vw, 1023px\" \/><\/h3>\n<p><img decoding=\"async\" loading=\"lazy\" class=\"aligncenter size-full wp-image-742\" src=\"https:\/\/artfireplace.co.uk\/wp-content\/uploads\/2015\/01\/high-quality-bio-ethanol-fireplace-from-china.jpg\" alt=\"Art bioetanol Insertos para chimeneas\" width=\"1000\" height=\"750\" srcset=\"https:\/\/www.artfireplace.co.uk\/wp-content\/uploads\/2015\/01\/high-quality-bio-ethanol-fireplace-from-china.jpg 1000w, https:\/\/www.artfireplace.co.uk\/wp-content\/uploads\/2015\/01\/high-quality-bio-ethanol-fireplace-from-china-150x113.jpg 150w, https:\/\/www.artfireplace.co.uk\/wp-content\/uploads\/2015\/01\/high-quality-bio-ethanol-fireplace-from-china-300x225.jpg 300w\" sizes=\"(max-width: 1000px) 100vw, 1000px\" \/><\/p>\n<p><img decoding=\"async\" loading=\"lazy\" class=\"aligncenter size-full wp-image-738\" src=\"https:\/\/artfireplace.co.uk\/wp-content\/uploads\/2015\/01\/quality-ethanol-fireplace-insert-tray.jpg\" alt=\"Art mejores bioetanol Insertos para chimeneas\" width=\"1000\" height=\"750\" srcset=\"https:\/\/www.artfireplace.co.uk\/wp-content\/uploads\/2015\/01\/quality-ethanol-fireplace-insert-tray.jpg 1000w, https:\/\/www.artfireplace.co.uk\/wp-content\/uploads\/2015\/01\/quality-ethanol-fireplace-insert-tray-150x113.jpg 150w, https:\/\/www.artfireplace.co.uk\/wp-content\/uploads\/2015\/01\/quality-ethanol-fireplace-insert-tray-300x225.jpg 300w\" sizes=\"(max-width: 1000px) 100vw, 1000px\" \/><\/p>\n<p>La cuna misma de inserci\u00f3n autom\u00e1tica sin ventilaci\u00f3n bioetanol chimenea fabricaci\u00f3n de China Foshan en las inmediaciones Guangzhou, China.<br \/>\nSomos f\u00e1brica con m\u00e1s de 7 a\u00f1os de experiencias 100% exportaci\u00f3n a todo el mundo places.100% nuestro modelo han aprobado CE unidades certifications.Each 1 ha pasado el sistema de control de calidad antes de su envasado.<br \/>\nRelated otros modelos de inserci\u00f3n inteligente chimeneas de bioetanol de alcohol como a continuaci\u00f3n:<br \/>\nbioetanol chimenea autom\u00e1tica AF66 (66X24X11.5cm)<br \/>\nbioetanol chimenea autom\u00e1tica AF100 (100X24X12.5cm)<br \/>\nbioetanol chimenea autom\u00e1tica AF120 (120X24X21.5cm)<br \/>\nbioetanol chimenea autom\u00e1tica AF150 (150X24X21.5cm)<br \/>\nbioetanol chimenea autom\u00e1tica AF180 (180X24X21.5cm)<\/p>\n<p>No somos s\u00f3lo COMERCIANTE !!! SOMOS fabricante de China !!!<\/p>\n<p>Un bienestar de cuerpo y mente !!!<\/p>\n<p>Frente a un fuego vivo que le da inspiraci\u00f3n especial y sue\u00f1o !!!<br \/>\nQueda por elegir s\u00f3lo su Universo fuego &#8230;<img decoding=\"async\" loading=\"lazy\" class=\"aligncenter size-full wp-image-701\" src=\"https:\/\/artfireplace.co.uk\/wp-content\/uploads\/2015\/01\/super-ethanol-bio-fireplace-china-by-art-fireplace.jpg\" alt=\"inserci\u00f3n autom\u00e1tica sin ventilaci\u00f3n bioetanol chimenea fabricaci\u00f3n de China\" width=\"1000\" height=\"750\" srcset=\"https:\/\/www.artfireplace.co.uk\/wp-content\/uploads\/2015\/01\/super-ethanol-bio-fireplace-china-by-art-fireplace.jpg 1000w, https:\/\/www.artfireplace.co.uk\/wp-content\/uploads\/2015\/01\/super-ethanol-bio-fireplace-china-by-art-fireplace-150x113.jpg 150w, https:\/\/www.artfireplace.co.uk\/wp-content\/uploads\/2015\/01\/super-ethanol-bio-fireplace-china-by-art-fireplace-300x225.jpg 300w\" sizes=\"(max-width: 1000px) 100vw, 1000px\" \/><\/p>\n<p><img decoding=\"async\" loading=\"lazy\" class=\"aligncenter size-full wp-image-702\" src=\"https:\/\/artfireplace.co.uk\/wp-content\/uploads\/2015\/01\/insert-ethanol-fireplace-by-art-fire.jpg\" alt=\"inserte chimenea de etanol por la chimenea del art\" width=\"1000\" height=\"750\" srcset=\"https:\/\/www.artfireplace.co.uk\/wp-content\/uploads\/2015\/01\/insert-ethanol-fireplace-by-art-fire.jpg 1000w, https:\/\/www.artfireplace.co.uk\/wp-content\/uploads\/2015\/01\/insert-ethanol-fireplace-by-art-fire-150x113.jpg 150w, https:\/\/www.artfireplace.co.uk\/wp-content\/uploads\/2015\/01\/insert-ethanol-fireplace-by-art-fire-300x225.jpg 300w\" sizes=\"(max-width: 1000px) 100vw, 1000px\" \/><\/p>\n<p><img decoding=\"async\" loading=\"lazy\" class=\"aligncenter size-full wp-image-883\" src=\"https:\/\/artfireplace.co.uk\/wp-content\/uploads\/2015\/01\/bioethanol-fireplace-ventless-insert-AF180.jpg\" alt=\"bioetanol chimenea sin ventilaci\u00f3n insertar AF180\" width=\"1000\" height=\"800\" srcset=\"https:\/\/www.artfireplace.co.uk\/wp-content\/uploads\/2015\/01\/bioethanol-fireplace-ventless-insert-AF180.jpg 1000w, https:\/\/www.artfireplace.co.uk\/wp-content\/uploads\/2015\/01\/bioethanol-fireplace-ventless-insert-AF180-150x120.jpg 150w, https:\/\/www.artfireplace.co.uk\/wp-content\/uploads\/2015\/01\/bioethanol-fireplace-ventless-insert-AF180-300x240.jpg 300w\" sizes=\"(max-width: 1000px) 100vw, 1000px\" \/><\/p>\n<p><img decoding=\"async\" loading=\"lazy\" class=\"aligncenter size-full wp-image-893\" src=\"https:\/\/artfireplace.co.uk\/wp-content\/uploads\/2015\/01\/ethanol-fireplace-insert-af120-with-remote-control.jpg\" alt=\"etanol AF120 relleno de la chimenea con mando a distancia\" width=\"1000\" height=\"750\" srcset=\"https:\/\/www.artfireplace.co.uk\/wp-content\/uploads\/2015\/01\/ethanol-fireplace-insert-af120-with-remote-control.jpg 1000w, https:\/\/www.artfireplace.co.uk\/wp-content\/uploads\/2015\/01\/ethanol-fireplace-insert-af120-with-remote-control-150x113.jpg 150w, https:\/\/www.artfireplace.co.uk\/wp-content\/uploads\/2015\/01\/ethanol-fireplace-insert-af120-with-remote-control-300x225.jpg 300w\" sizes=\"(max-width: 1000px) 100vw, 1000px\" \/><\/p>\n<p>Para las hojas de datos y videos, por favor p\u00f3ngase en contacto con nuestras ventas libremente !!! Agradecemos la oportunidad de servir para usted !!!<br \/>\nP\u00f3ngase en contacto con nosotros en: info@art-fireplace.com<br \/>\nArte chimenea est\u00e1 listo para ayudar en lo que necesite. Para asegurarse de que obtiene una respuesta r\u00e1pida y considerado, p\u00f3ngase en contacto con nosotros a trav\u00e9s de correo electr\u00f3nico &#8211; s\u00f3lo tiene que introducir sus datos y nos pondremos en contacto con usted en 1 hora.<\/p>\n","protected":false},"excerpt":{"rendered":"<p>Art Chimenea Technology es un profesional de inserci\u00f3n autom\u00e1tica de bioetanol chimenea sin ventilaci\u00f3n fabricaci\u00f3n de China.We son f\u00e1brica con m\u00e1s de 5 a\u00f1os de experiencia 100% export.<\/p>\n","protected":false},"author":1,"featured_media":143,"parent":0,"menu_order":0,"comment_status":"closed","ping_status":"closed","template":"","meta":[],"yst_prominent_words":[],"translation":{"provider":"WPGlobus","version":"2.8.3","language":"es","enabled_languages":["en","es","fr","it","pt","ar","ru"],"languages":{"en":{"title":true,"content":true,"excerpt":true},"es":{"title":true,"content":true,"excerpt":true},"fr":{"title":true,"content":true,"excerpt":true},"it":{"title":true,"content":true,"excerpt":true},"pt":{"title":true,"content":true,"excerpt":true},"ar":{"title":true,"content":true,"excerpt":true},"ru":{"title":true,"content":true,"excerpt":true}}},"_links":{"self":[{"href":"https:\/\/www.artfireplace.co.uk\/es\/wp-json\/wp\/v2\/pages\/142"}],"collection":[{"href":"https:\/\/www.artfireplace.co.uk\/es\/wp-json\/wp\/v2\/pages"}],"about":[{"href":"https:\/\/www.artfireplace.co.uk\/es\/wp-json\/wp\/v2\/types\/page"}],"author":[{"embeddable":true,"href":"https:\/\/www.artfireplace.co.uk\/es\/wp-json\/wp\/v2\/users\/1"}],"replies":[{"embeddable":true,"href":"https:\/\/www.artfireplace.co.uk\/es\/wp-json\/wp\/v2\/comments?post=142"}],"version-history":[{"count":37,"href":"https:\/\/www.artfireplace.co.uk\/es\/wp-json\/wp\/v2\/pages\/142\/revisions"}],"predecessor-version":[{"id":2048,"href":"https:\/\/www.artfireplace.co.uk\/es\/wp-json\/wp\/v2\/pages\/142\/revisions\/2048"}],"wp:featuredmedia":[{"embeddable":true,"href":"https:\/\/www.artfireplace.co.uk\/es\/wp-json\/wp\/v2\/media\/143"}],"wp:attachment":[{"href":"https:\/\/www.artfireplace.co.uk\/es\/wp-json\/wp\/v2\/media?parent=142"}],"wp:term":[{"taxonomy":"yst_prominent_words","embeddable":true,"href":"https:\/\/www.artfireplace.co.uk\/es\/wp-json\/wp\/v2\/yst_prominent_words?post=142"}],"curies":[{"name":"wp","href":"https:\/\/api.w.org\/{rel}","templated":true}]}}