{"id":145,"date":"2015-01-03T13:05:37","date_gmt":"2015-01-03T05:05:37","guid":{"rendered":"https:\/\/artfireplace.co.uk\/?page_id=145"},"modified":"2021-07-28T15:39:47","modified_gmt":"2021-07-28T07:39:47","slug":"ethanol-fireplace-factory","status":"publish","type":"page","link":"https:\/\/www.artfireplace.co.uk\/es\/ethanol-fireplace-factory\/","title":{"rendered":"F\u00e1brica Directamente"},"content":{"rendered":"<p>Como l\u00edder bio autom\u00e1tico sistema de chimenea de etanol profesional, estamos obligados a proveer de alta tecnolog\u00eda y calidad fireplace.We fabricar nuestros productos, no s\u00f3lo estamos UN COMERCIANTE! Somos etanol chimenea Fabricante de China.For m\u00e1s informaci\u00f3n sobre el arte bio chimeneas de etanol, pls en contacto con nuestras ventas.<img decoding=\"async\" loading=\"lazy\" class=\"aligncenter size-full wp-image-979\" src=\"https:\/\/artfireplace.co.uk\/wp-content\/uploads\/2014\/11\/sztuki-Bioetanol-ognisko-insert-model-AF180.jpg\" alt=\"art chimenea etanol con control remoto\" width=\"1023\" height=\"544\" srcset=\"https:\/\/www.artfireplace.co.uk\/wp-content\/uploads\/2014\/11\/sztuki-Bioetanol-ognisko-insert-model-AF180.jpg 1023w, https:\/\/www.artfireplace.co.uk\/wp-content\/uploads\/2014\/11\/sztuki-Bioetanol-ognisko-insert-model-AF180-150x80.jpg 150w, https:\/\/www.artfireplace.co.uk\/wp-content\/uploads\/2014\/11\/sztuki-Bioetanol-ognisko-insert-model-AF180-300x160.jpg 300w\" sizes=\"(max-width: 1023px) 100vw, 1023px\" \/><\/p>\n<p>Art chimenea Technology Limited.<\/p>\n<p>E-mail a: info@art-fireplace.com\/johnny@art-fireplace.com<\/p>\n<p>Art chimenea est\u00e1 listo para ayudar en lo que necesite. Para asegurarse de que obtiene una respuesta r\u00e1pida y considerado, p\u00f3ngase en contacto con nosotros a trav\u00e9s de correo electr\u00f3nico &#8211; y nos pondremos en contacto con usted en 1 hora !!!<\/p>\n<p>Nuestro sitio web oficial: www.artethanolfireplace.com\/www.art-fireplace.com\/www.superethanolfireplace.com<img decoding=\"async\" loading=\"lazy\" class=\"aligncenter size-full wp-image-698\" src=\"https:\/\/artfireplace.co.uk\/wp-content\/uploads\/2015\/01\/art-design-health-ethanol-fireplace-china.jpg\" alt=\"Art El dise\u00f1o del de etanol salud chimenea de porcelana\" width=\"1000\" height=\"750\" srcset=\"https:\/\/www.artfireplace.co.uk\/wp-content\/uploads\/2015\/01\/art-design-health-ethanol-fireplace-china.jpg 1000w, https:\/\/www.artfireplace.co.uk\/wp-content\/uploads\/2015\/01\/art-design-health-ethanol-fireplace-china-150x113.jpg 150w, https:\/\/www.artfireplace.co.uk\/wp-content\/uploads\/2015\/01\/art-design-health-ethanol-fireplace-china-300x225.jpg 300w\" sizes=\"(max-width: 1000px) 100vw, 1000px\" \/><img decoding=\"async\" loading=\"lazy\" class=\"aligncenter size-full wp-image-699\" src=\"https:\/\/artfireplace.co.uk\/wp-content\/uploads\/2015\/01\/health-bio-fireplace-inserts-china.jpg\" alt=\"bio salud chimenea inserta China\" width=\"1000\" height=\"750\" srcset=\"https:\/\/www.artfireplace.co.uk\/wp-content\/uploads\/2015\/01\/health-bio-fireplace-inserts-china.jpg 1000w, https:\/\/www.artfireplace.co.uk\/wp-content\/uploads\/2015\/01\/health-bio-fireplace-inserts-china-150x113.jpg 150w, https:\/\/www.artfireplace.co.uk\/wp-content\/uploads\/2015\/01\/health-bio-fireplace-inserts-china-300x225.jpg 300w\" sizes=\"(max-width: 1000px) 100vw, 1000px\" \/><img decoding=\"async\" loading=\"lazy\" class=\"aligncenter size-full wp-image-740\" src=\"https:\/\/artfireplace.co.uk\/wp-content\/uploads\/2015\/01\/ethanol-fireplace-panel-factory-china.jpg\" alt=\"chimenea de etanol China f\u00e1brica de paneles\" width=\"1000\" height=\"750\" srcset=\"https:\/\/www.artfireplace.co.uk\/wp-content\/uploads\/2015\/01\/ethanol-fireplace-panel-factory-china.jpg 1000w, https:\/\/www.artfireplace.co.uk\/wp-content\/uploads\/2015\/01\/ethanol-fireplace-panel-factory-china-150x113.jpg 150w, https:\/\/www.artfireplace.co.uk\/wp-content\/uploads\/2015\/01\/ethanol-fireplace-panel-factory-china-300x225.jpg 300w\" sizes=\"(max-width: 1000px) 100vw, 1000px\" \/><img decoding=\"async\" loading=\"lazy\" class=\"aligncenter size-full wp-image-742\" src=\"https:\/\/artfireplace.co.uk\/wp-content\/uploads\/2015\/01\/high-quality-bio-ethanol-fireplace-from-china.jpg\" alt=\"de alta calidad de bioetanol-chimenea-de-china\" width=\"1000\" height=\"750\" srcset=\"https:\/\/www.artfireplace.co.uk\/wp-content\/uploads\/2015\/01\/high-quality-bio-ethanol-fireplace-from-china.jpg 1000w, https:\/\/www.artfireplace.co.uk\/wp-content\/uploads\/2015\/01\/high-quality-bio-ethanol-fireplace-from-china-150x113.jpg 150w, https:\/\/www.artfireplace.co.uk\/wp-content\/uploads\/2015\/01\/high-quality-bio-ethanol-fireplace-from-china-300x225.jpg 300w\" sizes=\"(max-width: 1000px) 100vw, 1000px\" \/><img decoding=\"async\" loading=\"lazy\" class=\"aligncenter size-full wp-image-738\" src=\"https:\/\/artfireplace.co.uk\/wp-content\/uploads\/2015\/01\/quality-ethanol-fireplace-insert-tray.jpg\" alt=\"bandeja de relleno de la chimenea de etanol de calidad\" width=\"1000\" height=\"750\" srcset=\"https:\/\/www.artfireplace.co.uk\/wp-content\/uploads\/2015\/01\/quality-ethanol-fireplace-insert-tray.jpg 1000w, https:\/\/www.artfireplace.co.uk\/wp-content\/uploads\/2015\/01\/quality-ethanol-fireplace-insert-tray-150x113.jpg 150w, https:\/\/www.artfireplace.co.uk\/wp-content\/uploads\/2015\/01\/quality-ethanol-fireplace-insert-tray-300x225.jpg 300w\" sizes=\"(max-width: 1000px) 100vw, 1000px\" \/><\/p>\n<figure id=\"attachment_1149\" aria-describedby=\"caption-attachment-1149\" style=\"width: 838px\" class=\"wp-caption aligncenter\"><img decoding=\"async\" loading=\"lazy\" class=\"wp-image-1149\" src=\"https:\/\/artfireplace.co.uk\/wp-content\/uploads\/2015\/05\/Ethanol-fireplace-insert.jpg\" alt=\"Chimenea de etanol con controlador remoto inteligente\" width=\"838\" height=\"527\" srcset=\"https:\/\/www.artfireplace.co.uk\/wp-content\/uploads\/2015\/05\/Ethanol-fireplace-insert.jpg 700w, https:\/\/www.artfireplace.co.uk\/wp-content\/uploads\/2015\/05\/Ethanol-fireplace-insert-150x94.jpg 150w, https:\/\/www.artfireplace.co.uk\/wp-content\/uploads\/2015\/05\/Ethanol-fireplace-insert-300x189.jpg 300w\" sizes=\"(max-width: 838px) 100vw, 838px\" \/><figcaption id=\"caption-attachment-1149\" class=\"wp-caption-text\">Chimenea de etanol con controlador remoto inteligente<\/figcaption><\/figure>\n<p>Contactanos en:<\/p>\n<p>info@art-fireplace.com<\/p>\n<p>Art chimenea est\u00e1 listo para ayudar en lo que necesite. Para asegurarse de que obtiene una respuesta r\u00e1pida y considerado, p\u00f3ngase en contacto con nosotros a trav\u00e9s de correo electr\u00f3nico &#8211; s\u00f3lo tiene que introducir sus datos y nos pondremos en contacto con usted en 1 hora.<\/p>\n","protected":false},"excerpt":{"rendered":"<p>Como bioetanol chimenea autom\u00e1tica l\u00edder del sistema profesional de China, nos vemos obligados a suministrar de alta tecnolog\u00eda y etanol de alcohol de alta calidad quemadores con mando a distancia.<\/p>\n","protected":false},"author":1,"featured_media":196,"parent":0,"menu_order":0,"comment_status":"closed","ping_status":"closed","template":"","meta":[],"yst_prominent_words":[],"translation":{"provider":"WPGlobus","version":"2.8.3","language":"es","enabled_languages":["en","es","fr","it","pt","ar","ru"],"languages":{"en":{"title":true,"content":true,"excerpt":true},"es":{"title":true,"content":true,"excerpt":true},"fr":{"title":true,"content":true,"excerpt":true},"it":{"title":true,"content":true,"excerpt":true},"pt":{"title":true,"content":true,"excerpt":true},"ar":{"title":true,"content":true,"excerpt":true},"ru":{"title":true,"content":true,"excerpt":true}}},"_links":{"self":[{"href":"https:\/\/www.artfireplace.co.uk\/es\/wp-json\/wp\/v2\/pages\/145"}],"collection":[{"href":"https:\/\/www.artfireplace.co.uk\/es\/wp-json\/wp\/v2\/pages"}],"about":[{"href":"https:\/\/www.artfireplace.co.uk\/es\/wp-json\/wp\/v2\/types\/page"}],"author":[{"embeddable":true,"href":"https:\/\/www.artfireplace.co.uk\/es\/wp-json\/wp\/v2\/users\/1"}],"replies":[{"embeddable":true,"href":"https:\/\/www.artfireplace.co.uk\/es\/wp-json\/wp\/v2\/comments?post=145"}],"version-history":[{"count":52,"href":"https:\/\/www.artfireplace.co.uk\/es\/wp-json\/wp\/v2\/pages\/145\/revisions"}],"predecessor-version":[{"id":4478,"href":"https:\/\/www.artfireplace.co.uk\/es\/wp-json\/wp\/v2\/pages\/145\/revisions\/4478"}],"wp:featuredmedia":[{"embeddable":true,"href":"https:\/\/www.artfireplace.co.uk\/es\/wp-json\/wp\/v2\/media\/196"}],"wp:attachment":[{"href":"https:\/\/www.artfireplace.co.uk\/es\/wp-json\/wp\/v2\/media?parent=145"}],"wp:term":[{"taxonomy":"yst_prominent_words","embeddable":true,"href":"https:\/\/www.artfireplace.co.uk\/es\/wp-json\/wp\/v2\/yst_prominent_words?post=145"}],"curies":[{"name":"wp","href":"https:\/\/api.w.org\/{rel}","templated":true}]}}