{"id":15,"date":"2014-11-30T10:55:26","date_gmt":"2014-11-30T02:55:26","guid":{"rendered":"https:\/\/artfireplace.co.uk\/?page_id=15"},"modified":"2025-09-17T17:26:50","modified_gmt":"2025-09-17T09:26:50","slug":"contact-art-fireplace","status":"publish","type":"page","link":"https:\/\/www.artfireplace.co.uk\/es\/contact-art-fireplace\/","title":{"rendered":"Cont\u00e1ctenos"},"content":{"rendered":"<p>P\u00f3ngase en contacto con nosotros para presupuesto sin compromiso:<br \/>\n[si-contact-form form=&#8217;1&#8242;]<\/p>\n<p>Art Chimenea Technology Limited<\/p>\n<p>Cuna misma Moderno autom\u00e1tica Bio Etanol Chimenea Fabricaci\u00f3n De China<\/p>\n<p>Tel\u00e9fono:+86 757 81996234\u00a0Tel\u00e9fono m\u00f3vil:+86 13928878187<\/p>\n<p>Email:info@art-fireplace.com Skype:artfireplace<\/p>\n<p>Nuestros sitios web oficiales:www.artethanolfireplace.com\/<a href=\"http:\/\/www.superethanolfireplace.com\" target=\"_blank\" rel=\"noopener noreferrer\">www.superethanolfireplace.com<\/a><\/p>\n<p>Direcci\u00f3n de la f\u00e1brica: No.3, Shishan Zona Industrial, ciudad de Shishan, ciudad de Foshan, provincia de Guangdong, China<\/p>\n<p>Arte chimenea est\u00e1 listo para ayudar en lo que necesite. Para asegurarse de que obtiene una respuesta r\u00e1pida y considerado, p\u00f3ngase en contacto con nosotros a trav\u00e9s de correo electr\u00f3nico &#8211; s\u00f3lo tiene que introducir sus datos y nos pondremos en contacto con usted en 1 hour.Shipping de China a cualquier lugar que necesite cerca de 5 d\u00edas de trabajo!<img decoding=\"async\" loading=\"lazy\" class=\"aligncenter size-full wp-image-979\" src=\"https:\/\/artfireplace.co.uk\/wp-content\/uploads\/2014\/11\/sztuki-Bioetanol-ognisko-insert-model-AF180.jpg\" alt=\"sztuki Bioetanol-ognisko-insert-model-AF180\" width=\"1023\" height=\"544\" srcset=\"https:\/\/www.artfireplace.co.uk\/wp-content\/uploads\/2014\/11\/sztuki-Bioetanol-ognisko-insert-model-AF180.jpg 1023w, https:\/\/www.artfireplace.co.uk\/wp-content\/uploads\/2014\/11\/sztuki-Bioetanol-ognisko-insert-model-AF180-150x80.jpg 150w, https:\/\/www.artfireplace.co.uk\/wp-content\/uploads\/2014\/11\/sztuki-Bioetanol-ognisko-insert-model-AF180-300x160.jpg 300w\" sizes=\"(max-width: 1023px) 100vw, 1023px\" \/><\/p>\n","protected":false},"excerpt":{"rendered":"<p>Arte chimenea est\u00e1 listo para ayudar en lo que necesite. Para asegurarse de que obtiene una respuesta r\u00e1pida y considerado, p\u00f3ngase en contacto con nosotros a trav\u00e9s de correo electr\u00f3nico &#8211; s\u00f3lo tiene que introducir sus datos y nos pondremos en contacto con usted en 1 hour.Shipping de China a cualquier lugar que necesite cerca de 5 d\u00edas de trabajo!<\/p>\n","protected":false},"author":1,"featured_media":0,"parent":0,"menu_order":7,"comment_status":"closed","ping_status":"closed","template":"page-templates\/contact.php","meta":[],"yst_prominent_words":[304,865,866,862,867,869,861,868,863,332,329],"translation":{"provider":"WPGlobus","version":"2.8.3","language":"es","enabled_languages":["en","es","fr","it","pt","ar","ru"],"languages":{"en":{"title":true,"content":true,"excerpt":true},"es":{"title":true,"content":true,"excerpt":true},"fr":{"title":true,"content":true,"excerpt":true},"it":{"title":true,"content":true,"excerpt":true},"pt":{"title":true,"content":true,"excerpt":true},"ar":{"title":true,"content":true,"excerpt":true},"ru":{"title":true,"content":true,"excerpt":true}}},"_links":{"self":[{"href":"https:\/\/www.artfireplace.co.uk\/es\/wp-json\/wp\/v2\/pages\/15"}],"collection":[{"href":"https:\/\/www.artfireplace.co.uk\/es\/wp-json\/wp\/v2\/pages"}],"about":[{"href":"https:\/\/www.artfireplace.co.uk\/es\/wp-json\/wp\/v2\/types\/page"}],"author":[{"embeddable":true,"href":"https:\/\/www.artfireplace.co.uk\/es\/wp-json\/wp\/v2\/users\/1"}],"replies":[{"embeddable":true,"href":"https:\/\/www.artfireplace.co.uk\/es\/wp-json\/wp\/v2\/comments?post=15"}],"version-history":[{"count":50,"href":"https:\/\/www.artfireplace.co.uk\/es\/wp-json\/wp\/v2\/pages\/15\/revisions"}],"predecessor-version":[{"id":3392,"href":"https:\/\/www.artfireplace.co.uk\/es\/wp-json\/wp\/v2\/pages\/15\/revisions\/3392"}],"wp:attachment":[{"href":"https:\/\/www.artfireplace.co.uk\/es\/wp-json\/wp\/v2\/media?parent=15"}],"wp:term":[{"taxonomy":"yst_prominent_words","embeddable":true,"href":"https:\/\/www.artfireplace.co.uk\/es\/wp-json\/wp\/v2\/yst_prominent_words?post=15"}],"curies":[{"name":"wp","href":"https:\/\/api.w.org\/{rel}","templated":true}]}}