{"id":155,"date":"2015-01-03T13:30:41","date_gmt":"2015-01-03T05:30:41","guid":{"rendered":"https:\/\/artfireplace.co.uk\/?page_id=155"},"modified":"2023-02-15T10:29:04","modified_gmt":"2023-02-15T02:29:04","slug":"hot-sale-ethanol-fireplace","status":"publish","type":"page","link":"https:\/\/www.artfireplace.co.uk\/es\/hot-sale-ethanol-fireplace\/","title":{"rendered":"Venta caliente"},"content":{"rendered":"<p><img decoding=\"async\" loading=\"lazy\" class=\"aligncenter wp-image-979\" src=\"https:\/\/artfireplace.co.uk\/wp-content\/uploads\/2014\/11\/sztuki-Bioetanol-ognisko-insert-model-AF180.jpg\" alt=\"Venta caliente chimenea etanol con control remoto\" width=\"825\" height=\"439\" srcset=\"https:\/\/www.artfireplace.co.uk\/wp-content\/uploads\/2014\/11\/sztuki-Bioetanol-ognisko-insert-model-AF180.jpg 1023w, https:\/\/www.artfireplace.co.uk\/wp-content\/uploads\/2014\/11\/sztuki-Bioetanol-ognisko-insert-model-AF180-150x80.jpg 150w, https:\/\/www.artfireplace.co.uk\/wp-content\/uploads\/2014\/11\/sztuki-Bioetanol-ognisko-insert-model-AF180-300x160.jpg 300w\" sizes=\"(max-width: 825px) 100vw, 825px\" \/><\/p>\n<p>AF150 de inserci\u00f3n autom\u00e1tica de alcohol chimeneas bio etanol\/quemadores electr\u00f3nicos estufa de pellets:<\/p>\n<p>&#8211; Utilizar s\u00f3lo en las habitaciones de un m\u00ednimo de 40 m2<br \/>\n&#8211; Dimensiones: 150\/24 \/ 21,3 cm<br \/>\n&#8211; Tama\u00f1o orificio de inserci\u00f3n m\u00ednimo -: 148.5 \/ 22.5 \/ 25.0cm<br \/>\n&#8211; Salida: 10 000 W<br \/>\n&#8211; Capacidad del dep\u00f3sito: 15 l<br \/>\n&#8211; Consumo: 1.65L \/ hora<br \/>\n&#8211; Control remoto: S\u00ed<br \/>\n&#8211; Peso neto: 34 kg<br \/>\n&#8211; Peso bruto: 45 kg<\/p>\n<p>1. bioetanol chimenea autom\u00e1tico de extinci\u00f3n o ignici\u00f3n clasificadas por cuadro el\u00e9ctrico y un bot\u00f3n de encendido \/ apagado y el control remoto.<br \/>\n2. Material de acero y MDF.<br \/>\n3. Por separado tanque de bioetanol y el hogar ardiente<br \/>\n4. detector de infrarrojos del CO2 de seguridad que detiene el fuego en caso de llegar a niveles desautorizado.<br \/>\n5. bomba el\u00e9ctrica autom\u00e1tica para llenar el quemador<br \/>\n6. Con los detectores de calor electr\u00f3nica, \u00e9sta se automatice la extinci\u00f3n cuando la temperatura alcanza los niveles desautorizado.<br \/>\n7. cargador o la bater\u00eda cargador de CA con cargador de bater\u00eda.<br \/>\n8, con efecto de audio.<br \/>\n9. OEM servicio prestado, por favor, p\u00f3ngase en contacto con nosotros para m\u00e1s informaci\u00f3n y modelos<br \/>\nFoi m\u00e1s informaci\u00f3n sobre nuestros inserci\u00f3n chimeneas de bioetanol, pls en contacto con nuestras ventas!<\/p>\n<p>Instrucciones de seguridad:<br \/>\nNo sople en el fuego.<br \/>\nNunca deje el fuego desatendido.<br \/>\nMantenga a los ni\u00f1os y mascotas a una distancia segura.<br \/>\nTenga cuidado con el pelo se cierra o inflamables.<br \/>\nEvitar el contacto f\u00edsico con el bio etanol.<br \/>\nLa llama nunca debe tocar directamente el interior de la pieza met\u00e1lica.<br \/>\nNo fumar mientras se re-llenado o encender el quemador. Riesgo de explosi\u00f3n!<br \/>\nNo coloque papel, cart\u00f3n, tela (ropa), etc. En un segundo plano o alrededor de \u00e9l.<br \/>\n\u00a1ADVERTENCIA! Nunca vuelva a llenar una chimenea bio etanol caliente o tibia. Riesgo de explosi\u00f3n!<br \/>\nImportante: La chimenea bio etanol se va a utilizar con fines decorativos y no como un calentador.<br \/>\nNo se permite el uso de la chimenea de bioetanol como un multi-quemador o chimenea para materiales combustibles l\u00edquidos o s\u00f3lidos.<br \/>\nSe proh\u00edbe a los ni\u00f1os, las personas bajo la influencia del alcohol, drogas o medicamentos, o personas que f\u00edsica o mentalmente no est\u00e1n en buenas condiciones, para utilizar el bio chimenea etanol.<\/p>\n<p>Related otros modelos de chimeneas inteligentes de etanol de alcohol:<br \/>\n<a href=\"https:\/\/artfireplace.co.uk\/es\/ethanol-fireplace\/\" target=\"_blank\" rel=\"noopener noreferrer\">Inserte bioetanol chimenea autom\u00e1tica AF66 (66X24X11.5cm)<\/a><br \/>\n<a href=\"https:\/\/artfireplace.co.uk\/es\/automatic-ethanol-fireplace\/\" target=\"_blank\" rel=\"noopener noreferrer\">Inserte bioetanol chimenea autom\u00e1tica AF100 (100X24X12.5cm)<\/a><br \/>\n<a href=\"https:\/\/artfireplace.co.uk\/es\/ethanol-burner\/\" target=\"_blank\" rel=\"noopener noreferrer\">Inserte bioetanol chimenea autom\u00e1tica AF120 (120X24X21.5cm)<\/a><br \/>\n<a href=\"https:\/\/artfireplace.co.uk\/es\/automatic-ethanol-burner\/\" target=\"_blank\" rel=\"noopener noreferrer\">Inserte bioetanol chimenea autom\u00e1tica AF150 (150X24X21.5cm)<\/a><br \/>\n<a href=\"https:\/\/artfireplace.co.uk\/es\/bio-fireplace\/\" target=\"_blank\" rel=\"noopener noreferrer\">Inserte bioetanol chimenea autom\u00e1tica AF180 (180X24X21.5cm)<\/a><\/p>\n<p>1.Customized productos:<br \/>\nprecio de etanol de acuerdo con el tama\u00f1o del cliente requisitos y la cantidad de un \u00fanico informe!<br \/>\nLa duraci\u00f3n normal de 10-15 d\u00edas de trabajo (\u00f3rdenes acelerados, por favor consulte con el servicio al cliente y ventas)<br \/>\n2.We tambi\u00e9n tienen muchos modelos de chimeneas alcoho ethanoll manuales.<br \/>\nLa informaci\u00f3n detallada sobre el arte bio chimeneas de etanol, por favor, p\u00f3ngase en contacto con nosotros.<img decoding=\"async\" loading=\"lazy\" class=\"aligncenter size-full wp-image-883\" src=\"https:\/\/artfireplace.co.uk\/wp-content\/uploads\/2015\/01\/bioethanol-fireplace-ventless-insert-AF180.jpg\" alt=\"chimeneas de etanol de alcohol inteligentes con control remoto\" width=\"1000\" height=\"800\" srcset=\"https:\/\/www.artfireplace.co.uk\/wp-content\/uploads\/2015\/01\/bioethanol-fireplace-ventless-insert-AF180.jpg 1000w, https:\/\/www.artfireplace.co.uk\/wp-content\/uploads\/2015\/01\/bioethanol-fireplace-ventless-insert-AF180-150x120.jpg 150w, https:\/\/www.artfireplace.co.uk\/wp-content\/uploads\/2015\/01\/bioethanol-fireplace-ventless-insert-AF180-300x240.jpg 300w\" sizes=\"(max-width: 1000px) 100vw, 1000px\" \/><\/p>\n<p>Entre los mejores en dise\u00f1o del arte de la chimenea, el AF150 con control remoto electr\u00f3nico Bio Etanol relleno de la chimenea se ve favorecida por los arquitectos, contratistas y dise\u00f1adores de alta gama y ofrece una calidad sin precedentes del cliente exigente y seguridad. Adem\u00e1s de las mismas sin ventilaci\u00f3n y limpias llamas ardientes como manuales insertos de chimenea de etanol, este arte del fuego del quemador de bioetanol ofrece mucho m\u00e1s, tanto para aplicaciones residenciales y comerciales.<\/p>\n<p>Capacidad de control remoto. Debido a su funcionamiento electr\u00f3nico, impulsado por una fuente de alimentaci\u00f3n de doce voltios, este etanol relleno de la chimenea puede ser encendido y extingui\u00f3 a trav\u00e9s de un interruptor on \/ off situado en el propio quemador, un mando a distancia de un bot\u00f3n oa trav\u00e9s de su tel\u00e9fono inteligente mediante la integraci\u00f3n con su Smart Home System.<\/p>\n<p>On-Safety Monitoring Board. La placa base de este relleno de la chimenea es-central de seguridad. Constantemente auto-evaluaci\u00f3n de su funcionamiento, este quemador inteligente reacciona a cualquier condici\u00f3n que aparece at\u00edpico. En caso de que detectar una cantidad en exceso de la emisi\u00f3n de di\u00f3xido de carbono o la salida de calor, dejar\u00e1 autom\u00e1ticamente la operaci\u00f3n, apagar la llama y mantener el mecanismo de bloqueo de la c\u00e1mara de combustible. Adem\u00e1s, se auto-extingue en caso de que detectar el movimiento s\u00edsmico o el nivel de inclinaci\u00f3n por lo que es un dispositivo a prueba de golpes. Los niveles de combustible y la bater\u00eda tambi\u00e9n se eval\u00faan constantemente para obtener un rendimiento \u00f3ptimo y dar\u00e1n aviso a trav\u00e9s de la pantalla LED del quemador, el cual indicar\u00e1 los tiempos de operaci\u00f3n y que le avise mediante un mensaje de sonido y el error debe producirse un evento.<\/p>\n<p>La construcci\u00f3n robusta. Construido de acero inoxidable de grado 304, el quemador de etanol es resistente a la corrosi\u00f3n y exhibe una excelente resistencia a la atmosf\u00e9rica, qu\u00edmica y otras exposiciones. Su placa superior mide tres mil\u00edmetros de espesor (3\/32 pulgadas). Esto permite robustez, sin embargo, promueve un perfil bajo. Para mayor seguridad, la chimenea AF150 ofrece la construcci\u00f3n de solera doble aislamiento.<\/p>\n<p>Separada de combustible del dep\u00f3sito y la bandeja del quemador. Continuando con las caracter\u00edsticas de seguridad sin precedentes de esta chimenea de etanol quemador, el exceso de combustible se encuentra en un dep\u00f3sito sellado. Esto no s\u00f3lo evita la evaporaci\u00f3n del combustible y la liberaci\u00f3n arom\u00e1tico del etanol en bruto, pero disminuye la cantidad de combustible &#8220;expuesta&#8221; en cualquier momento dado. A trav\u00e9s de una bomba de combustible de grado m\u00e9dico, el etanol se entreg\u00f3 en la bandeja del quemador. Que s\u00f3lo permite la bandeja del quemador para gestionar unos centilitros de combustible de etanol en un momento dado promueve la seguridad adicional y reduce al m\u00ednimo el riesgo de peligros relacionados con el fuego.<img decoding=\"async\" loading=\"lazy\" class=\"aligncenter wp-image-858 size-full\" src=\"https:\/\/artfireplace.co.uk\/wp-content\/uploads\/2015\/04\/automatic-bio-ethanol-fireplace-manufacture-artfireplace-china.jpg\" alt=\"autom\u00e1tico de fabricaci\u00f3n de bioetanol chimenea artfireplace China\" width=\"1000\" height=\"666\" srcset=\"https:\/\/www.artfireplace.co.uk\/wp-content\/uploads\/2015\/04\/automatic-bio-ethanol-fireplace-manufacture-artfireplace-china.jpg 1000w, https:\/\/www.artfireplace.co.uk\/wp-content\/uploads\/2015\/04\/automatic-bio-ethanol-fireplace-manufacture-artfireplace-china-150x100.jpg 150w, https:\/\/www.artfireplace.co.uk\/wp-content\/uploads\/2015\/04\/automatic-bio-ethanol-fireplace-manufacture-artfireplace-china-300x200.jpg 300w\" sizes=\"(max-width: 1000px) 100vw, 1000px\" \/><\/p>\n<p><img decoding=\"async\" loading=\"lazy\" class=\"aligncenter wp-image-1364 size-full\" src=\"https:\/\/artfireplace.co.uk\/wp-content\/uploads\/2014\/12\/Intelligent-Ethanol-fireplace-insert-with-remote-control.jpg\" alt=\"inserte sin ventilaci\u00f3n chimenea etanol inteligente con control remoto\" width=\"1000\" height=\"666\" srcset=\"https:\/\/www.artfireplace.co.uk\/wp-content\/uploads\/2014\/12\/Intelligent-Ethanol-fireplace-insert-with-remote-control.jpg 1000w, https:\/\/www.artfireplace.co.uk\/wp-content\/uploads\/2014\/12\/Intelligent-Ethanol-fireplace-insert-with-remote-control-150x100.jpg 150w, https:\/\/www.artfireplace.co.uk\/wp-content\/uploads\/2014\/12\/Intelligent-Ethanol-fireplace-insert-with-remote-control-300x200.jpg 300w, https:\/\/www.artfireplace.co.uk\/wp-content\/uploads\/2014\/12\/Intelligent-Ethanol-fireplace-insert-with-remote-control-768x511.jpg 768w\" sizes=\"(max-width: 1000px) 100vw, 1000px\" \/><\/p>\n","protected":false},"excerpt":{"rendered":"<p>Entre los mejores en dise\u00f1o del arte de la chimenea, el AF150 con control remoto electr\u00f3nico Bio Etanol relleno de la chimenea se ve favorecida por los arquitectos, contratistas y dise\u00f1adores de alta gama y ofrece una calidad sin precedentes del cliente exigente y seguridad. Adem\u00e1s de las mismas sin ventilaci\u00f3n y limpias llamas ardientes como manuales insertos de chimenea de etanol, este arte del fuego del quemador de bioetanol ofrece mucho m\u00e1s, tanto para aplicaciones residenciales y comerciales.<\/p>\n","protected":false},"author":1,"featured_media":3504,"parent":0,"menu_order":0,"comment_status":"closed","ping_status":"closed","template":"","meta":[],"yst_prominent_words":[754,328,323,330,312,349,317,334,311,331,329,342,341,327,326,310],"translation":{"provider":"WPGlobus","version":"2.8.3","language":"es","enabled_languages":["en","es","fr","it","pt","ar","ru"],"languages":{"en":{"title":true,"content":true,"excerpt":true},"es":{"title":true,"content":true,"excerpt":true},"fr":{"title":true,"content":true,"excerpt":true},"it":{"title":true,"content":true,"excerpt":true},"pt":{"title":true,"content":true,"excerpt":true},"ar":{"title":true,"content":true,"excerpt":true},"ru":{"title":true,"content":true,"excerpt":true}}},"_links":{"self":[{"href":"https:\/\/www.artfireplace.co.uk\/es\/wp-json\/wp\/v2\/pages\/155"}],"collection":[{"href":"https:\/\/www.artfireplace.co.uk\/es\/wp-json\/wp\/v2\/pages"}],"about":[{"href":"https:\/\/www.artfireplace.co.uk\/es\/wp-json\/wp\/v2\/types\/page"}],"author":[{"embeddable":true,"href":"https:\/\/www.artfireplace.co.uk\/es\/wp-json\/wp\/v2\/users\/1"}],"replies":[{"embeddable":true,"href":"https:\/\/www.artfireplace.co.uk\/es\/wp-json\/wp\/v2\/comments?post=155"}],"version-history":[{"count":45,"href":"https:\/\/www.artfireplace.co.uk\/es\/wp-json\/wp\/v2\/pages\/155\/revisions"}],"predecessor-version":[{"id":3506,"href":"https:\/\/www.artfireplace.co.uk\/es\/wp-json\/wp\/v2\/pages\/155\/revisions\/3506"}],"wp:featuredmedia":[{"embeddable":true,"href":"https:\/\/www.artfireplace.co.uk\/es\/wp-json\/wp\/v2\/media\/3504"}],"wp:attachment":[{"href":"https:\/\/www.artfireplace.co.uk\/es\/wp-json\/wp\/v2\/media?parent=155"}],"wp:term":[{"taxonomy":"yst_prominent_words","embeddable":true,"href":"https:\/\/www.artfireplace.co.uk\/es\/wp-json\/wp\/v2\/yst_prominent_words?post=155"}],"curies":[{"name":"wp","href":"https:\/\/api.w.org\/{rel}","templated":true}]}}