{"id":161,"date":"2015-01-03T13:49:28","date_gmt":"2015-01-03T05:49:28","guid":{"rendered":"https:\/\/artfireplace.co.uk\/?page_id=161"},"modified":"2024-08-16T16:11:19","modified_gmt":"2024-08-16T08:11:19","slug":"automatic-ethanol-fireplace","status":"publish","type":"page","link":"https:\/\/www.artfireplace.co.uk\/es\/automatic-ethanol-fireplace\/","title":{"rendered":"AF100 autom\u00e1tica Quemador de bioetanol con 100 cm de largo"},"content":{"rendered":"<p>AF100 inserci\u00f3n autom\u00e1tica alcohol bioetanol solera &#8220;extra grande&#8221; chimenea de primera calidad<br \/>\nLa belleza de las llamas largas, en estado puro, que se reflejan en el bloque de acero inoxidable. El AF100 ofrece la posibilidad de crear un hogar de la chimenea 16\/9 en un dise\u00f1o de moda. Una nueva idea del fuego, s\u00f3lo tiene que pulsar sobre es bien aceptado por la mayor\u00eda de los clientes el modelo control remoto.<img decoding=\"async\" loading=\"lazy\" class=\"aligncenter size-full wp-image-2149\" src=\"https:\/\/artfireplace.co.uk\/wp-content\/uploads\/2015\/01\/alibabaAF100.jpg\" alt=\"alibabaAF100 art fireplace automatic with remote controller\" width=\"1000\" height=\"400\" \/><br \/>\n&#8211; Utilizar s\u00f3lo en las habitaciones de un m\u00ednimo de 30 m2<br \/>\n&#8211; Dimensiones: 100 \/ 24,0 \/ 13,5 cm<br \/>\n&#8211; Tama\u00f1o orificio de inserci\u00f3n m\u00ednimom -: 98 \/ 22 \/ 15.0cm<br \/>\n&#8211; Salida: 6200 W<br \/>\n&#8211; Capacidad del dep\u00f3sito: 5 litros<br \/>\n&#8211; Consumo: 1 litro \/ hora<br \/>\n&#8211; Control remoto: S\u00ed<br \/>\n&#8211; Peso neto: 20,0 kg<br \/>\n&#8211; Peso bruto: 27,0 kg<\/p>\n<p><iframe loading=\"lazy\" title=\"Art Ethanol Fireplace With Remote Controller, the Art of Contemporary Ventless Fireplaces\" width=\"750\" height=\"422\" src=\"https:\/\/www.youtube.com\/embed\/qdSmR8JdEPA?feature=oembed\" frameborder=\"0\" allow=\"accelerometer; autoplay; clipboard-write; encrypted-media; gyroscope; picture-in-picture; web-share\" referrerpolicy=\"strict-origin-when-cross-origin\" allowfullscreen><\/iframe><\/p>\n<p>Art Chimenea inteligente de funcionamiento Caracter\u00edsticas:<\/p>\n<p>1. bioetanol chimenea autom\u00e1tico de extinci\u00f3n o ignici\u00f3n clasificadas por cuadro el\u00e9ctrico y un bot\u00f3n de encendido \/ apagado y el control remoto.<br \/>\n2. Material de acero y MDF.<br \/>\n3. Por separado tanque de bioetanol y el hogar ardiente<br \/>\n4. detector de infrarrojos del CO2 de seguridad que detiene el fuego en caso de llegar a niveles desautorizado.<br \/>\n5. bomba el\u00e9ctrica autom\u00e1tica para llenar el quemador<br \/>\n6. Con los detectores de calor electr\u00f3nica, \u00e9sta se automatice la extinci\u00f3n cuando la temperatura alcanza los niveles desautorizado.<br \/>\n7. cargador o la bater\u00eda cargador de CA con cargador de bater\u00eda.<br \/>\n8, con efecto de audio.<br \/>\n9, F\u00e1cil de instalar y operar.<br \/>\n10.OEM servicio proporcionado<\/p>\n<p>Related otros modelos de chimeneas inteligentes de etanol de alcohol:<br \/>\n<a href=\"https:\/\/artfireplace.co.uk\/es\/ethanol-fireplace\/\" target=\"_blank\" rel=\"noopener noreferrer\">Inserte bioetanol chimenea autom\u00e1tica AF66 (66X24X13.5cm)<\/a><br \/>\nInserte bioetanol chimenea autom\u00e1tica AF120 (120X24X21.5cm)<br \/>\nInserte bioetanol chimenea autom\u00e1tica AF150 (150X24X21.5cm)<br \/>\nInserte bioetanol chimenea autom\u00e1tica AF180 (180X24X21.5cm)<\/p>\n<p>La humanidad so\u00f1ando frente a su chimenea se convierte en imaginaci\u00f3n. El fuego le da un futuro, una conciencia, una chispa de fuego celestial<br \/>\nEl fuego es un elemento extraordinario de usar. Proporcionar una l\u00ednea de fuego de m\u00e1s de un metro de largo es un gran valor a\u00f1adido a los dise\u00f1adores o personas que deseen crear un ambiente \u00fanico, un nuevo concepto de fuego! El fuego es \u00edntima y universal, el fuego es ultra-vivo!<\/p>\n<p>2. bioetanol Secure relleno de la chimenea con encendido electr\u00f3nico con control remoto<br \/>\nRelleno de la chimenea de bioetanol AF100 es hermoso, pero tambi\u00e9n es seguro, equipado con una gran cantidad de detectores: nivel, C0\u00b2, sensores de calor, etc. Por otra parte no es necesario para encender con un encendedor o f\u00f3sforos, simplemente pulse en el control remoto.<\/p>\n<p>3. Arte Chimenea un verdadero bio insertos quemador fabricante<br \/>\nEl fuego es un arte bio quemadores electr\u00f3nicos con el fabricante de encendido autom\u00e1tico por control remoto en la vanguardia de la tecnolog\u00eda. Un verdadero bio insertos van sin combusti\u00f3n que se puede instalar en casas y pisos, en casas particulares o locales comerciales.<br \/>\nUna gama que se ejecuta en 96 \u00b0 bioetanol, un alcohol amigable eco fabricados con plantas y residuos.<\/p>\n<p>1.Customized productos:<br \/>\nprecio seg\u00fan el tama\u00f1o del cliente requisitos y la cantidad de un \u00fanico informe!<br \/>\nLa duraci\u00f3n normal de 10-15 d\u00edas de trabajo (\u00f3rdenes acelerados, por favor consulte con el servicio al cliente y ventas)<br \/>\n2.We tambi\u00e9n tienen muchos modelos de chimeneas manuales de etanol de alcohol.<br \/>\nLa informaci\u00f3n detallada sobre el arte chimenea de bioetanol, por favor, p\u00f3ngase en contacto con nosotros.<br \/>\nMirando hacia adelante a su investigaci\u00f3n!<\/p>\n<p>Entre los mejores en dise\u00f1o del arte de la chimenea, el AF100 con control remoto electr\u00f3nico Bio Etanol relleno de la chimenea se ve favorecida por los arquitectos, contratistas y dise\u00f1adores de alta gama y ofrece una calidad sin precedentes del cliente exigente y seguridad. Adem\u00e1s de las mismas sin ventilaci\u00f3n y limpias llamas ardientes como manuales insertos de chimenea de etanol, este quemador de bioetanol Chimenea-arte ofrece mucho m\u00e1s, tanto para aplicaciones residenciales y comerciales:<\/p>\n<p>Capacidad de control remoto. Debido a su funcionamiento electr\u00f3nico, impulsado por una fuente de alimentaci\u00f3n de doce voltios, este etanol relleno de la chimenea puede ser encendido y extingui\u00f3 a trav\u00e9s de un interruptor on \/ off situado en el propio quemador, un mando a distancia de un bot\u00f3n oa trav\u00e9s de su tel\u00e9fono inteligente mediante la integraci\u00f3n con su Smart Home System.<\/p>\n<p>On-Safety Monitoring Board. La placa base de este relleno de la chimenea es-central de seguridad. Constantemente auto-evaluaci\u00f3n de su funcionamiento, este quemador inteligente reacciona a cualquier condici\u00f3n que aparece at\u00edpico. En caso de que detectar una cantidad en exceso de la emisi\u00f3n de di\u00f3xido de carbono o la salida de calor, dejar\u00e1 autom\u00e1ticamente la operaci\u00f3n, apagar la llama y mantener el mecanismo de bloqueo de la c\u00e1mara de combustible. Adem\u00e1s, se auto-extingue en caso de que detectar el movimiento s\u00edsmico o el nivel de inclinaci\u00f3n por lo que es un dispositivo a prueba de golpes. Los niveles de combustible y la bater\u00eda tambi\u00e9n se eval\u00faan constantemente para obtener un rendimiento \u00f3ptimo y dar\u00e1n aviso a trav\u00e9s de la pantalla LED del quemador, el cual indicar\u00e1 los tiempos de operaci\u00f3n y que le avise mediante un mensaje de sonido y el error debe producirse un evento.<\/p>\n<p>La construcci\u00f3n robusta. Construido de acero inoxidable de grado 304, el quemador de etanol es resistente a la corrosi\u00f3n y exhibe una excelente resistencia a la atmosf\u00e9rica, qu\u00edmica y otras exposiciones. Su placa superior mide tres mil\u00edmetros de espesor (3\/32 pulgadas). Esto permite robustez, sin embargo, promueve un perfil bajo. Para mayor seguridad, la chimenea de bioetanol AF100 ofrece la construcci\u00f3n de solera doble aislamiento.<\/p>\n<p>Separada de combustible del dep\u00f3sito y la bandeja del quemador. Continuando con las caracter\u00edsticas de seguridad sin precedentes de este quemador de etanol, el exceso de combustible se encuentra en un dep\u00f3sito sellado. Esto no s\u00f3lo evita la evaporaci\u00f3n del combustible y la liberaci\u00f3n arom\u00e1tico del etanol en bruto, pero disminuye la cantidad de combustible &#8220;expuesta&#8221; en cualquier momento dado. A trav\u00e9s de una bomba de combustible de grado m\u00e9dico, el etanol se entreg\u00f3 en la bandeja del quemador. Que s\u00f3lo permite la bandeja del quemador para gestionar unos centilitros de combustible de etanol en un momento dado promueve la seguridad adicional y reduce al m\u00ednimo el riesgo de peligros relacionados con el fuego.<\/p>\n<p>Los cinco mejores razones para elegir incendios Bio Etanol<\/p>\n<p>Un incendio real es una impresionante adici\u00f3n a cualquier casa o apartamento; ya sea dise\u00f1ada como una declaraci\u00f3n sutil o una pieza central dram\u00e1tica, hay una atracci\u00f3n \u00fanica para el baile, el parpadeo llamas que simplemente no pueden ser igualadas por cualquier imitaci\u00f3n. incendios de bioetanol se est\u00e1n convirtiendo en una alternativa cada vez m\u00e1s popular a la madera o la quema de carb\u00f3n tradicional del fuego &#8211; y aqu\u00ed est\u00e1n algunas de las principales razones por las que.<\/p>\n<p>1 &#8211; No Chimenea, No se Vent<\/p>\n<p>Esta es una de las mayores ventajas del bioetanol &#8211; puede tener incendios flueless. Debido a que el bioetanol se quema limpiamente, no hay necesidad de instalar una chimenea, por lo que es conveniente para muchos lugares donde un fuego tradicional ser\u00eda imposible. Adem\u00e1s, a diferencia de otros tipos de fuego sin conducto de humo, no hay necesidad de instalar una ventilaci\u00f3n permanente en la habitaci\u00f3n tampoco; s\u00f3lo tiene que ser capaz de dejar un poco de aire fresco, si vas a que se ilumine de forma continua durante un per\u00edodo prolongado de time.So Se ahorrar\u00e1 su mucho tiempo y dinero !!!<\/p>\n<p>2 &#8211; Dise\u00f1o Flexible<\/p>\n<p>Una vez m\u00e1s gracias a las cualidades de combusti\u00f3n limpia bio etanol, tendr\u00e1 mucha m\u00e1s flexibilidad en el dise\u00f1o de su chimenea. Si quieres una chimenea blanca, lo puedes tener &#8211; habr\u00e1 muy poco de holl\u00edn producido por un quemador de bioetanol, por lo que el acabado blanco se quedar\u00e1 pr\u00edstina. Del mismo modo, se puede usar vidrio o una variedad de otros materiales que ser\u00edan da\u00f1adas o manchadas por el holl\u00edn y el humo de madera tradicional o el carb\u00f3n fire.So puede instalar su chimenea en cualquier lugar que se adapte a su espacio de incendio Mejor !!!<\/p>\n<p>3 &#8211; F\u00e1cil Uso<\/p>\n<p>de bioetanol viene en botellas limpias, as\u00ed que no hay necesidad de llevar el carb\u00f3n pesado y sucio o de madera por toda la casa. Todo lo que necesita hacer es volver a rellenar el recipiente del quemador y ya est\u00e1 listo para ir. Por supuesto, como con cualquier incendio existen medidas de seguridad &#8211; Aseg\u00farese siempre de que el fuego se haya extinguido y el recipiente se enfr\u00ede antes de volver a rellenar el fuel.So que s\u00f3lo tiene que pulsar un bot\u00f3n de un mando a distancia y disfrutar\u00e1 de su \u00fanico y especial con fuego sus amigos y familia !!!<\/p>\n<p>4 &#8211; Eco-friendly<\/p>\n<p>de bioetanol es un producto sostenible, a diferencia de los combustibles f\u00f3siles como el carb\u00f3n, y no produce humo para contaminar la atm\u00f3sfera local. No son simplemente decorativos, que son una forma eficaz de producir calor, para que puedan ayudar a calentar su casa con estilo sin impactar sobre el fuego y el calor de la salud environment.So Clean mantiene su sala de estar siempre nuevo !!!<\/p>\n<p>5 &#8211; llama Natural<br \/>\nLas quemaduras de bioetanol en la bandeja directa y plenamente al igual que un farsantes levantado de ashes.The la llama salta arriba y abajo de la quema y gererating una sabidur\u00eda heat.High iluminar el valor de su fuego \u00fanico Space.So Sin hechas por el hombre Sin regular, s\u00f3lo Libre ardiendo como una Bailar Phoniex sin restricci\u00f3n !!!<\/p>\n<p>6 &#8211; Safty inteligente etanol Chimenea<br \/>\nArte Chimenea ofrece alta tecnolog\u00eda y un rango seguro de etanol fireplaces.Art quemador de etanol est\u00e1n equipados con sensores de calor, CO\u00b2, llenado, medidor del tanque, etc. Si alguna operatons occours ilegales, el dispositivo se detendr\u00e1n autom\u00e1ticamente mientras se muestra un mensaje de error en la pantalla LCD .no tratar de desarrollar nuevas funciones de alta tecnolog\u00eda para mantener la seguridad esencial para users.All viene con seguro e inteligente y a\u00f1adir tranquilidad a su espacio vital.<\/p>\n<p>Inspiraciones fuego ecol\u00f3gica: la mezcla de las culturas y las atmospheres.This ser\u00e1 una gran idea para el dise\u00f1o de interiores s\u00faper!<\/p>\n<p>Podemos concebir todas las decoraciones con estos nuevos dispositivos-incendios. Encajan en todos los proyectos de alguna mejora en casa. La chimenea electr\u00f3nica etanol hogar es una herramienta para el Super mundo moderno Interior moderno design.Really Buena idea de poseer una moderna chimenea de bioetanol interlligent!<\/p>\n<p>Con llamas de la chimenea insertos arte etanol, sentados juntos, compartiendo la felicidad y del \u00e9xito con su familia y los socios, mientras que beber los vinos tintos, hablar, jugar, re\u00edr &#8230; Eso debe ser grande !!!<\/p>\n<p><a href=\"https:\/\/artfireplace.co.uk\/es\/contact-art-fireplace\/\" target=\"_blank\" rel=\"noopener noreferrer\">Contacto con nosotros libremente!<\/a><\/p>\n<figure id=\"attachment_2023\" aria-describedby=\"caption-attachment-2023\" style=\"width: 1147px\" class=\"wp-caption aligncenter\"><img decoding=\"async\" loading=\"lazy\" class=\"size-full wp-image-2023\" src=\"https:\/\/artfireplace.co.uk\/wp-content\/uploads\/2016\/09\/bioethanol-burner-with-remote-controller.jpg\" alt=\"art chimenea de etanol\" width=\"1147\" height=\"763\" srcset=\"https:\/\/www.artfireplace.co.uk\/wp-content\/uploads\/2016\/09\/bioethanol-burner-with-remote-controller.jpg 1147w, https:\/\/www.artfireplace.co.uk\/wp-content\/uploads\/2016\/09\/bioethanol-burner-with-remote-controller-150x100.jpg 150w, https:\/\/www.artfireplace.co.uk\/wp-content\/uploads\/2016\/09\/bioethanol-burner-with-remote-controller-300x200.jpg 300w, https:\/\/www.artfireplace.co.uk\/wp-content\/uploads\/2016\/09\/bioethanol-burner-with-remote-controller-768x511.jpg 768w, https:\/\/www.artfireplace.co.uk\/wp-content\/uploads\/2016\/09\/bioethanol-burner-with-remote-controller-1024x681.jpg 1024w\" sizes=\"(max-width: 1147px) 100vw, 1147px\" \/><figcaption id=\"caption-attachment-2023\" class=\"wp-caption-text\">art chimenea de etanol<\/figcaption><\/figure>\n<figure id=\"attachment_1964\" aria-describedby=\"caption-attachment-1964\" style=\"width: 1147px\" class=\"wp-caption aligncenter\"><img decoding=\"async\" loading=\"lazy\" class=\"size-full wp-image-1964\" src=\"https:\/\/artfireplace.co.uk\/wp-content\/uploads\/2017\/05\/intelligent-ethanol-fireplace-af150-model.jpg\" alt=\"Rellenos de la chimenea de bioetanol inteligente\" width=\"1147\" height=\"763\" srcset=\"https:\/\/www.artfireplace.co.uk\/wp-content\/uploads\/2017\/05\/intelligent-ethanol-fireplace-af150-model.jpg 1147w, https:\/\/www.artfireplace.co.uk\/wp-content\/uploads\/2017\/05\/intelligent-ethanol-fireplace-af150-model-150x100.jpg 150w, https:\/\/www.artfireplace.co.uk\/wp-content\/uploads\/2017\/05\/intelligent-ethanol-fireplace-af150-model-300x200.jpg 300w, https:\/\/www.artfireplace.co.uk\/wp-content\/uploads\/2017\/05\/intelligent-ethanol-fireplace-af150-model-768x511.jpg 768w, https:\/\/www.artfireplace.co.uk\/wp-content\/uploads\/2017\/05\/intelligent-ethanol-fireplace-af150-model-1024x681.jpg 1024w\" sizes=\"(max-width: 1147px) 100vw, 1147px\" \/><figcaption id=\"caption-attachment-1964\" class=\"wp-caption-text\">Rellenos de la chimenea de bioetanol inteligente<\/figcaption><\/figure>\n<figure id=\"attachment_1974\" aria-describedby=\"caption-attachment-1974\" style=\"width: 1147px\" class=\"wp-caption aligncenter\"><img decoding=\"async\" loading=\"lazy\" class=\"size-full wp-image-1974\" src=\"https:\/\/artfireplace.co.uk\/wp-content\/uploads\/2017\/05\/design-urban-concept-art-ethanol-fireplace-af100-model.jpg\" alt=\"chimenea de bioetanol\" width=\"1147\" height=\"763\" srcset=\"https:\/\/www.artfireplace.co.uk\/wp-content\/uploads\/2017\/05\/design-urban-concept-art-ethanol-fireplace-af100-model.jpg 1147w, https:\/\/www.artfireplace.co.uk\/wp-content\/uploads\/2017\/05\/design-urban-concept-art-ethanol-fireplace-af100-model-150x100.jpg 150w, https:\/\/www.artfireplace.co.uk\/wp-content\/uploads\/2017\/05\/design-urban-concept-art-ethanol-fireplace-af100-model-300x200.jpg 300w, https:\/\/www.artfireplace.co.uk\/wp-content\/uploads\/2017\/05\/design-urban-concept-art-ethanol-fireplace-af100-model-768x511.jpg 768w, https:\/\/www.artfireplace.co.uk\/wp-content\/uploads\/2017\/05\/design-urban-concept-art-ethanol-fireplace-af100-model-1024x681.jpg 1024w\" sizes=\"(max-width: 1147px) 100vw, 1147px\" \/><figcaption id=\"caption-attachment-1974\" class=\"wp-caption-text\">chimenea de bioetanol<\/figcaption><\/figure>\n","protected":false},"excerpt":{"rendered":"<p>Entre los mejores en dise\u00f1o del arte de la chimenea, el AF100 con control remoto electr\u00f3nico Bio Etanol relleno de la chimenea se ve favorecida por los arquitectos, contratistas y dise\u00f1adores de alta gama y ofrece una calidad sin precedentes del cliente exigente y seguridad.<\/p>\n","protected":false},"author":1,"featured_media":3802,"parent":0,"menu_order":0,"comment_status":"closed","ping_status":"closed","template":"","meta":[],"yst_prominent_words":[835,339,323,335,349,317,334,311,329,1304,1303,1302,1301,1255,1254,1253,1259,333,1258,1257],"translation":{"provider":"WPGlobus","version":"2.8.3","language":"es","enabled_languages":["en","es","fr","it","pt","ar","ru"],"languages":{"en":{"title":true,"content":true,"excerpt":true},"es":{"title":true,"content":true,"excerpt":true},"fr":{"title":true,"content":true,"excerpt":true},"it":{"title":true,"content":true,"excerpt":true},"pt":{"title":true,"content":true,"excerpt":true},"ar":{"title":true,"content":true,"excerpt":true},"ru":{"title":true,"content":true,"excerpt":true}}},"_links":{"self":[{"href":"https:\/\/www.artfireplace.co.uk\/es\/wp-json\/wp\/v2\/pages\/161"}],"collection":[{"href":"https:\/\/www.artfireplace.co.uk\/es\/wp-json\/wp\/v2\/pages"}],"about":[{"href":"https:\/\/www.artfireplace.co.uk\/es\/wp-json\/wp\/v2\/types\/page"}],"author":[{"embeddable":true,"href":"https:\/\/www.artfireplace.co.uk\/es\/wp-json\/wp\/v2\/users\/1"}],"replies":[{"embeddable":true,"href":"https:\/\/www.artfireplace.co.uk\/es\/wp-json\/wp\/v2\/comments?post=161"}],"version-history":[{"count":91,"href":"https:\/\/www.artfireplace.co.uk\/es\/wp-json\/wp\/v2\/pages\/161\/revisions"}],"predecessor-version":[{"id":3752,"href":"https:\/\/www.artfireplace.co.uk\/es\/wp-json\/wp\/v2\/pages\/161\/revisions\/3752"}],"wp:featuredmedia":[{"embeddable":true,"href":"https:\/\/www.artfireplace.co.uk\/es\/wp-json\/wp\/v2\/media\/3802"}],"wp:attachment":[{"href":"https:\/\/www.artfireplace.co.uk\/es\/wp-json\/wp\/v2\/media?parent=161"}],"wp:term":[{"taxonomy":"yst_prominent_words","embeddable":true,"href":"https:\/\/www.artfireplace.co.uk\/es\/wp-json\/wp\/v2\/yst_prominent_words?post=161"}],"curies":[{"name":"wp","href":"https:\/\/api.w.org\/{rel}","templated":true}]}}