{"id":199,"date":"2015-01-04T14:54:16","date_gmt":"2015-01-04T06:54:16","guid":{"rendered":"https:\/\/artfireplace.co.uk\/?page_id=199"},"modified":"2024-06-25T10:48:58","modified_gmt":"2024-06-25T02:48:58","slug":"ethanol-burner","status":"publish","type":"page","link":"https:\/\/www.artfireplace.co.uk\/es\/ethanol-burner\/","title":{"rendered":"Autom\u00e1tico de bioetanol chimenea AF120 con 120 cm de largo"},"content":{"rendered":"<p><img decoding=\"async\" loading=\"lazy\" class=\"size-full wp-image-931\" src=\"https:\/\/artfireplace.co.uk\/wp-content\/uploads\/2015\/01\/Automatic-Bioethanol-fireplace-insert-Model.jpg\" alt=\"Autom\u00e1tico de relleno de la chimenea de bioetanol\" width=\"1020\" height=\"584\" srcset=\"https:\/\/www.artfireplace.co.uk\/wp-content\/uploads\/2015\/01\/Automatic-Bioethanol-fireplace-insert-Model.jpg 1020w, https:\/\/www.artfireplace.co.uk\/wp-content\/uploads\/2015\/01\/Automatic-Bioethanol-fireplace-insert-Model-150x86.jpg 150w, https:\/\/www.artfireplace.co.uk\/wp-content\/uploads\/2015\/01\/Automatic-Bioethanol-fireplace-insert-Model-300x172.jpg 300w\" sizes=\"(max-width: 1020px) 100vw, 1020px\" \/><\/p>\n<p>AF120 electr\u00f3nico controlado a distancia de inserci\u00f3n autom\u00e1tica de bioetanol chimenea:<img decoding=\"async\" loading=\"lazy\" class=\"aligncenter size-full wp-image-891\" src=\"https:\/\/artfireplace.co.uk\/wp-content\/uploads\/2015\/04\/Automatic-bioethanol-fireplace-with-remote-control-manufacturer-China.jpg\" alt=\"AF120 electr\u00f3nico controlado a distancia de inserci\u00f3n autom\u00e1tica de bioetanol chimenea:\" width=\"900\" height=\"674\" srcset=\"https:\/\/www.artfireplace.co.uk\/wp-content\/uploads\/2015\/04\/Automatic-bioethanol-fireplace-with-remote-control-manufacturer-China.jpg 900w, https:\/\/www.artfireplace.co.uk\/wp-content\/uploads\/2015\/04\/Automatic-bioethanol-fireplace-with-remote-control-manufacturer-China-150x112.jpg 150w, https:\/\/www.artfireplace.co.uk\/wp-content\/uploads\/2015\/04\/Automatic-bioethanol-fireplace-with-remote-control-manufacturer-China-300x225.jpg 300w\" sizes=\"(max-width: 900px) 100vw, 900px\" \/><\/p>\n<p>&#8211; Utilizar s\u00f3lo en las habitaciones de un m\u00ednimo de 35 m2<br \/>\n&#8211; Dimensiones: 120 \/ 24,0 \/ 21,3 cm<br \/>\n&#8211; Tama\u00f1o orificio de inserci\u00f3n m\u00ednimo -: 118.5 \/ 22.5 \/ 25.0cm<br \/>\n&#8211; Salida: 7500 W<br \/>\n&#8211; Capacidad del dep\u00f3sito: 12.0 L<br \/>\n&#8211; Consumo: 1.2 litros \/ hora<br \/>\n&#8211; Peso neto: 30.0kg<br \/>\n&#8211; Peso bruto: 38.0kg<img decoding=\"async\" loading=\"lazy\" class=\"aligncenter size-full wp-image-2151\" src=\"https:\/\/artfireplace.co.uk\/wp-content\/uploads\/2015\/01\/alibabaAF120.jpg\" alt=\"alibabaAF120 automatic Ethanol Burner With Remote Controller\" width=\"1004\" height=\"462\" srcset=\"https:\/\/www.artfireplace.co.uk\/wp-content\/uploads\/2015\/01\/alibabaAF120.jpg 1004w, https:\/\/www.artfireplace.co.uk\/wp-content\/uploads\/2015\/01\/alibabaAF120-150x69.jpg 150w, https:\/\/www.artfireplace.co.uk\/wp-content\/uploads\/2015\/01\/alibabaAF120-300x138.jpg 300w, https:\/\/www.artfireplace.co.uk\/wp-content\/uploads\/2015\/01\/alibabaAF120-768x353.jpg 768w\" sizes=\"(max-width: 1004px) 100vw, 1004px\" \/><\/p>\n<p>Related otros modelos de chimeneas inteligentes de etanol de alcohol:<br \/>\nInserte bioetanol chimenea autom\u00e1tica AF66 (66X24X13.5cm)<br \/>\nInserte bioetanol chimenea autom\u00e1tica AF100 (100X24X13.5cm)<br \/>\nInserte bioetanol chimenea autom\u00e1tica AF150 (150X24X21.5cm)<br \/>\nInserte bioetanol chimenea autom\u00e1tica AF180 (180X24X21.5cm)<\/p>\n<p>Instrucci\u00f3n de seguridad:<\/p>\n<p>No sople en el fuego.<br \/>\nNunca deje el fuego desatendido.<br \/>\nMantenga a los ni\u00f1os y mascotas a una distancia segura.<br \/>\nTenga cuidado con el pelo se cierra o inflamables.<br \/>\nEvitar el contacto f\u00edsico con el bio etanol.<br \/>\nLa llama nunca debe tocar directamente el interior de la pieza met\u00e1lica.<br \/>\nNo fumar mientras se re-llenado o encender el quemador. Riesgo de explosi\u00f3n!<br \/>\nNo coloque papel, cart\u00f3n, tela (ropa), etc. En un segundo plano o alrededor de \u00e9l.<br \/>\n\u00a1ADVERTENCIA! Nunca vuelva a llenar una chimenea bio etanol caliente o tibia. Riesgo de explosi\u00f3n!<br \/>\nImportante: La chimenea bio etanol se va a utilizar con fines decorativos y no como un calentador.<br \/>\nNo se permite el uso de la chimenea de bioetanol como un multi-quemador o chimenea para materiales combustibles l\u00edquidos o s\u00f3lidos.<br \/>\nSe proh\u00edbe a los ni\u00f1os, las personas bajo la influencia del alcohol, drogas o medicamentos, o personas que f\u00edsica o mentalmente no est\u00e1n en buenas condiciones, para utilizar el bio chimenea etanol.<\/p>\n<p>La humanidad so\u00f1ando frente a su chimenea se convierte en imaginaci\u00f3n. El fuego le da un futuro, una conciencia, una chispa de fuego celestial<br \/>\nEl fuego es un elemento extraordinario de usar. Proporcionar una l\u00ednea de fuego de m\u00e1s de un metro de largo es un gran valor a\u00f1adido a los dise\u00f1adores o personas que deseen crear un ambiente \u00fanico, un nuevo concepto de fuego! El fuego es \u00edntima y universal, el fuego es ultra-vivo!<\/p>\n<p>2. bioetanol Secure relleno de la chimenea con encendido electr\u00f3nico con control remoto<br \/>\nRelleno de la chimenea de bioetanol AF100 es hermoso, pero tambi\u00e9n es seguro, equipado con una gran cantidad de detectores: nivel, C0\u00b2, sensores de calor, etc. Por otra parte no es necesario para encender con un encendedor o f\u00f3sforos, simplemente pulse en el control remoto.<\/p>\n<p>3. Arte Chimenea un verdadero bio insertos quemador fabricante<br \/>\nEl fuego es un arte bio quemadores electr\u00f3nicos con el fabricante de encendido autom\u00e1tico por control remoto en la vanguardia de la tecnolog\u00eda. Un verdadero bio insertos van sin combusti\u00f3n que se puede instalar en casas y pisos, en casas particulares o locales comerciales.<br \/>\nUna gama que se ejecuta en 96 \u00b0 bioetanol, un alcohol amigable eco fabricados con plantas y residuos.<\/p>\n<p>1.Customized productos:<br \/>\nprecio seg\u00fan el tama\u00f1o del cliente requisitos y la cantidad de un \u00fanico informe!<br \/>\nLa duraci\u00f3n normal de 10-15 d\u00edas de trabajo (\u00f3rdenes acelerados, por favor consulte con el servicio al cliente y ventas)<br \/>\n2.We tambi\u00e9n tienen muchos modelos de chimeneas manuales de etanol de alcohol.<br \/>\nLa informaci\u00f3n detallada sobre el arte chimenea de bioetanol, por favor, p\u00f3ngase en contacto con nosotros.<br \/>\nMirando hacia adelante a su investigaci\u00f3n!<img decoding=\"async\" loading=\"lazy\" class=\"aligncenter size-full wp-image-1380\" src=\"https:\/\/artfireplace.co.uk\/wp-content\/uploads\/2014\/11\/art-automatic-ethanol-fireplace-unique-design-fire-space.jpg\" alt=\"chimenea de bioetanol autom\u00e1tica con mando a distancia\" width=\"1000\" height=\"193\" srcset=\"https:\/\/www.artfireplace.co.uk\/wp-content\/uploads\/2014\/11\/art-automatic-ethanol-fireplace-unique-design-fire-space.jpg 1000w, https:\/\/www.artfireplace.co.uk\/wp-content\/uploads\/2014\/11\/art-automatic-ethanol-fireplace-unique-design-fire-space-150x29.jpg 150w, https:\/\/www.artfireplace.co.uk\/wp-content\/uploads\/2014\/11\/art-automatic-ethanol-fireplace-unique-design-fire-space-300x58.jpg 300w, https:\/\/www.artfireplace.co.uk\/wp-content\/uploads\/2014\/11\/art-automatic-ethanol-fireplace-unique-design-fire-space-768x148.jpg 768w\" sizes=\"(max-width: 1000px) 100vw, 1000px\" \/><\/p>\n<p>Entre los mejores en dise\u00f1o del arte de la chimenea, el AF120 con control remoto electr\u00f3nico Bio Etanol relleno de la chimenea se ve favorecida por los arquitectos, contratistas y dise\u00f1adores de alta gama y ofrece una calidad sin precedentes del cliente exigente y seguridad. Adem\u00e1s de las mismas sin ventilaci\u00f3n y limpias llamas ardientes como manuales insertos de chimenea de etanol, este quemador de bioetanol Chimenea-arte ofrece mucho m\u00e1s, tanto para aplicaciones residenciales y comerciales:<\/p>\n<p>Capacidad de control remoto. Debido a su funcionamiento electr\u00f3nico, impulsado por una fuente de alimentaci\u00f3n de doce voltios, este etanol relleno de la chimenea puede ser encendido y extingui\u00f3 a trav\u00e9s de un interruptor on \/ off situado en el propio quemador, un mando a distancia de un bot\u00f3n oa trav\u00e9s de su tel\u00e9fono inteligente mediante la integraci\u00f3n con su Smart Home System.<\/p>\n<p>On-Safety Monitoring Board. La placa base de este relleno de la chimenea es-central de seguridad. Constantemente auto-evaluaci\u00f3n de su funcionamiento, este quemador inteligente reacciona a cualquier condici\u00f3n que aparece at\u00edpico. En caso de que detectar una cantidad en exceso de la emisi\u00f3n de di\u00f3xido de carbono o la salida de calor, dejar\u00e1 autom\u00e1ticamente la operaci\u00f3n, apagar la llama y mantener el mecanismo de bloqueo de la c\u00e1mara de combustible. Adem\u00e1s, se auto-extingue en caso de que detectar el movimiento s\u00edsmico o el nivel de inclinaci\u00f3n por lo que es un dispositivo a prueba de golpes. Los niveles de combustible y la bater\u00eda tambi\u00e9n se eval\u00faan constantemente para obtener un rendimiento \u00f3ptimo y dar\u00e1n aviso a trav\u00e9s de la pantalla LED del quemador, el cual indicar\u00e1 los tiempos de operaci\u00f3n y que le avise mediante un mensaje de sonido y el error debe producirse un evento.<\/p>\n<p>La construcci\u00f3n robusta. Construido de acero inoxidable de grado 304, el quemador de etanol es resistente a la corrosi\u00f3n y exhibe una excelente resistencia a la atmosf\u00e9rica, qu\u00edmica y otras exposiciones. Su placa superior mide tres mil\u00edmetros de espesor (3\/32 pulgadas). Esto permite robustez, sin embargo, promueve un perfil bajo. Para mayor seguridad, la chimenea de bioetanol AF120 ofrece la construcci\u00f3n de solera doble aislamiento.<\/p>\n<p>Separada de combustible del dep\u00f3sito y la bandeja del quemador. Continuando con las caracter\u00edsticas de seguridad sin precedentes de este quemador de etanol, el exceso de combustible se encuentra en un dep\u00f3sito sellado. Esto no s\u00f3lo evita la evaporaci\u00f3n del combustible y la liberaci\u00f3n arom\u00e1tico del etanol en bruto, pero disminuye la cantidad de combustible \u201cexpuesta\u201d en cualquier momento dado. A trav\u00e9s de una bomba de combustible de grado m\u00e9dico, el etanol se entreg\u00f3 en la bandeja del quemador. Que s\u00f3lo permite la bandeja del quemador para gestionar unos centilitros de combustible de etanol en un momento dado promueve la seguridad adicional y reduce al m\u00ednimo el riesgo de peligros relacionados con el fuego.<\/p>\n<p>Los cinco mejores razones para elegir incendios Bio Etanol<\/p>\n<p>Un incendio real es una impresionante adici\u00f3n a cualquier casa o apartamento; ya sea dise\u00f1ada como una declaraci\u00f3n sutil o una pieza central dram\u00e1tica, hay una atracci\u00f3n \u00fanica para el baile, el parpadeo llamas que simplemente no pueden ser igualadas por cualquier imitaci\u00f3n. incendios de bioetanol se est\u00e1n convirtiendo en una alternativa cada vez m\u00e1s popular a la madera o la quema de carb\u00f3n tradicional del fuego \u2013 y aqu\u00ed est\u00e1n algunas de las principales razones por las que.<\/p>\n<p>1 \u2013 No Chimenea, No se Vent<\/p>\n<p>Esta es una de las mayores ventajas del bioetanol \u2013 puede tener incendios flueless. Debido a que el bioetanol se quema limpiamente, no hay necesidad de instalar una chimenea, por lo que es conveniente para muchos lugares donde un fuego tradicional ser\u00eda imposible. Adem\u00e1s, a diferencia de otros tipos de fuego sin conducto de humo, no hay necesidad de instalar una ventilaci\u00f3n permanente en la habitaci\u00f3n tampoco; s\u00f3lo tiene que ser capaz de dejar un poco de aire fresco, si vas a que se ilumine de forma continua durante un per\u00edodo prolongado de time.So Se ahorrar\u00e1 su mucho tiempo y dinero !!!<\/p>\n<p>2 \u2013 Dise\u00f1o Flexible<\/p>\n<p>Una vez m\u00e1s gracias a las cualidades de combusti\u00f3n limpia bio etanol, tendr\u00e1 mucha m\u00e1s flexibilidad en el dise\u00f1o de su chimenea. Si quieres una chimenea blanca, lo puedes tener \u2013 habr\u00e1 muy poco de holl\u00edn producido por un quemador de bioetanol, por lo que el acabado blanco se quedar\u00e1 pr\u00edstina. Del mismo modo, se puede usar vidrio o una variedad de otros materiales que ser\u00edan da\u00f1adas o manchadas por el holl\u00edn y el humo de madera tradicional o el carb\u00f3n fire.So puede instalar su chimenea en cualquier lugar que se adapte a su espacio de incendio Mejor !!!<\/p>\n<p>3 \u2013 F\u00e1cil Uso<\/p>\n<p>de bioetanol viene en botellas limpias, as\u00ed que no hay necesidad de llevar el carb\u00f3n pesado y sucio o de madera por toda la casa. Todo lo que necesita hacer es volver a rellenar el recipiente del quemador y ya est\u00e1 listo para ir. Por supuesto, como con cualquier incendio existen medidas de seguridad \u2013 Aseg\u00farese siempre de que el fuego se haya extinguido y el recipiente se enfr\u00ede antes de volver a rellenar el fuel.So que s\u00f3lo tiene que pulsar un bot\u00f3n de un mando a distancia y disfrutar\u00e1 de su \u00fanico y especial con fuego sus amigos y familia !!!<\/p>\n<p>4 \u2013 Eco-friendly<\/p>\n<p>de bioetanol es un producto sostenible, a diferencia de los combustibles f\u00f3siles como el carb\u00f3n, y no produce humo para contaminar la atm\u00f3sfera local. No son simplemente decorativos, que son una forma eficaz de producir calor, para que puedan ayudar a calentar su casa con estilo sin impactar sobre el fuego y el calor de la salud environment.So Clean mantiene su sala de estar siempre nuevo !!!<\/p>\n<p>5 \u2013 llama Natural<br \/>\nLas quemaduras de bioetanol en la bandeja directa y plenamente al igual que un farsantes levantado de ashes.The la llama salta arriba y abajo de la quema y gererating una sabidur\u00eda heat.High iluminar el valor de su fuego \u00fanico Space.So Sin hechas por el hombre Sin regular, s\u00f3lo Libre ardiendo como una Bailar Phoniex sin restricci\u00f3n !!!<\/p>\n<p>6 \u2013 Safty inteligente etanol Chimenea<br \/>\nArte Chimenea ofrece alta tecnolog\u00eda y un rango seguro de etanol fireplaces.Art quemador de etanol est\u00e1n equipados con sensores de calor, CO\u00b2, llenado, medidor del tanque, etc. Si alguna operatons occours ilegales, el dispositivo se detendr\u00e1n autom\u00e1ticamente mientras se muestra un mensaje de error en la pantalla LCD .no tratar de desarrollar nuevas funciones de alta tecnolog\u00eda para mantener la seguridad esencial para users.All viene con seguro e inteligente y a\u00f1adir tranquilidad a su espacio vital.<\/p>\n<p>Inspiraciones fuego ecol\u00f3gica: la mezcla de las culturas y las atmospheres.This ser\u00e1 una gran idea para el dise\u00f1o de interiores s\u00faper!<\/p>\n<p>Podemos concebir todas las decoraciones con estos nuevos dispositivos-incendios. Encajan en todos los proyectos de alguna mejora en casa. La chimenea electr\u00f3nica etanol hogar es una herramienta para el Super mundo moderno Interior moderno design.Really Buena idea de poseer una moderna chimenea de bioetanol interlligent!<\/p>\n<p>Con llamas de la chimenea insertos arte etanol, sentados juntos, compartiendo la felicidad y del \u00e9xito con su familia y los socios, mientras que beber los vinos tintos, hablar, jugar, re\u00edr \u2026 Eso debe ser grande !!!<\/p>\n<p>proyectos:<img decoding=\"async\" loading=\"lazy\" class=\"aligncenter size-full wp-image-893\" src=\"https:\/\/artfireplace.co.uk\/wp-content\/uploads\/2015\/01\/ethanol-fireplace-insert-af120-with-remote-control.jpg\" alt=\"AF120 por control remoto chimenea de etanol\" width=\"1000\" height=\"750\" srcset=\"https:\/\/www.artfireplace.co.uk\/wp-content\/uploads\/2015\/01\/ethanol-fireplace-insert-af120-with-remote-control.jpg 1000w, https:\/\/www.artfireplace.co.uk\/wp-content\/uploads\/2015\/01\/ethanol-fireplace-insert-af120-with-remote-control-150x113.jpg 150w, https:\/\/www.artfireplace.co.uk\/wp-content\/uploads\/2015\/01\/ethanol-fireplace-insert-af120-with-remote-control-300x225.jpg 300w\" sizes=\"(max-width: 1000px) 100vw, 1000px\" \/><\/p>\n<p><a href=\"https:\/\/artfireplace.co.uk\/es\/contact-us\/\" target=\"_blank\" rel=\"noopener noreferrer\" data-slimstat-clicked=\"false\" data-slimstat-type=\"2\" data-slimstat-tracking=\"false\" data-slimstat-callback=\"false\" data-slimstat-async=\"false\">Contacto con nosotros libremente!<\/a><\/p>\n","protected":false},"excerpt":{"rendered":"<p>Entre los mejores en el arte de etanol chimenea de dise\u00f1o, el AF120 con control remoto electr\u00f3nico Bio Etanol relleno de la chimenea se ve favorecida por los arquitectos, contratistas y dise\u00f1adores de alta gama y ofrece una calidad sin precedentes del cliente exigente y seguridad.<\/p>\n","protected":false},"author":1,"featured_media":3803,"parent":0,"menu_order":0,"comment_status":"closed","ping_status":"closed","template":"","meta":[],"yst_prominent_words":[339,323,335,330,349,334,311,1304,1303,1302,1301,1255,1254,1253,333],"translation":{"provider":"WPGlobus","version":"2.8.3","language":"es","enabled_languages":["en","es","fr","it","pt","ar","ru"],"languages":{"en":{"title":true,"content":true,"excerpt":true},"es":{"title":true,"content":true,"excerpt":true},"fr":{"title":true,"content":true,"excerpt":true},"it":{"title":true,"content":true,"excerpt":true},"pt":{"title":true,"content":true,"excerpt":true},"ar":{"title":true,"content":true,"excerpt":true},"ru":{"title":true,"content":true,"excerpt":true}}},"_links":{"self":[{"href":"https:\/\/www.artfireplace.co.uk\/es\/wp-json\/wp\/v2\/pages\/199"}],"collection":[{"href":"https:\/\/www.artfireplace.co.uk\/es\/wp-json\/wp\/v2\/pages"}],"about":[{"href":"https:\/\/www.artfireplace.co.uk\/es\/wp-json\/wp\/v2\/types\/page"}],"author":[{"embeddable":true,"href":"https:\/\/www.artfireplace.co.uk\/es\/wp-json\/wp\/v2\/users\/1"}],"replies":[{"embeddable":true,"href":"https:\/\/www.artfireplace.co.uk\/es\/wp-json\/wp\/v2\/comments?post=199"}],"version-history":[{"count":89,"href":"https:\/\/www.artfireplace.co.uk\/es\/wp-json\/wp\/v2\/pages\/199\/revisions"}],"predecessor-version":[{"id":3289,"href":"https:\/\/www.artfireplace.co.uk\/es\/wp-json\/wp\/v2\/pages\/199\/revisions\/3289"}],"wp:featuredmedia":[{"embeddable":true,"href":"https:\/\/www.artfireplace.co.uk\/es\/wp-json\/wp\/v2\/media\/3803"}],"wp:attachment":[{"href":"https:\/\/www.artfireplace.co.uk\/es\/wp-json\/wp\/v2\/media?parent=199"}],"wp:term":[{"taxonomy":"yst_prominent_words","embeddable":true,"href":"https:\/\/www.artfireplace.co.uk\/es\/wp-json\/wp\/v2\/yst_prominent_words?post=199"}],"curies":[{"name":"wp","href":"https:\/\/api.w.org\/{rel}","templated":true}]}}