{"id":138,"date":"2015-01-03T12:53:59","date_gmt":"2015-01-03T04:53:59","guid":{"rendered":"https:\/\/artfireplace.co.uk\/?page_id=138"},"modified":"2021-07-29T17:57:47","modified_gmt":"2021-07-29T09:57:47","slug":"art-fireplace-support","status":"publish","type":"page","link":"https:\/\/www.artfireplace.co.uk\/fr\/art-fireplace-support\/","title":{"rendered":"Soutien impressionnant"},"content":{"rendered":"<p><img decoding=\"async\" loading=\"lazy\" class=\"aligncenter wp-image-684\" src=\"https:\/\/artfireplace.co.uk\/wp-content\/uploads\/2015\/01\/after_sales_support_art_fireplace_China.jpg\" alt=\"Service apr\u00e8s-vente d'Art Ethanol Chemin\u00e9e\" width=\"807\" height=\"455\" srcset=\"https:\/\/www.artfireplace.co.uk\/wp-content\/uploads\/2015\/01\/after_sales_support_art_fireplace_China.jpg 539w, https:\/\/www.artfireplace.co.uk\/wp-content\/uploads\/2015\/01\/after_sales_support_art_fireplace_China-150x85.jpg 150w, https:\/\/www.artfireplace.co.uk\/wp-content\/uploads\/2015\/01\/after_sales_support_art_fireplace_China-300x169.jpg 300w\" sizes=\"(max-width: 807px) 100vw, 807px\" \/><\/p>\n<p>Art Chemin\u00e9e Technology Limited<\/p>\n<p>Prefessional \u00e9quipe Ing\u00e9nieurs avec plus de 7 ans d&#8217;exp\u00e9rience professionnelle Pour confirmer la production et l&#8217;emballage a servi plus de 10000 clients.<\/p>\n<p>Afin d&#8217;\u00e9viter tout d\u00e9sagr\u00e9ment, nous vous conseillons de lire le mode d&#8217;emploi \u00e0 l&#8217;utilisateur Guider soigneusement ou consulter la section de support de ce site web pour un soutien suppl\u00e9mentaire, avant de nous ou de votre dealer.In l&#8217;utilisateur Guider en contact, il y a beaucoup de message important \u00eatre connu! Pour obtenir un service dans le d\u00e9lai de garantie s&#8217;il vous pla\u00eet contacter ART FOYER TECHNOLOGY LIMITED consommateur email officielle: info@art-fireplace.com. Nos coordonn\u00e9es se trouvent sur ce site officiel. Lorsqu&#8217;ils ne sont plus sous garantie, vous pouvez contacter directement le Centre de services agr\u00e9\u00e9 le plus proche.<br \/>\nPour \u00eatre en mesure de vous aider \u00e0 bien et efficientlywhen vous nous ou votre revendeur contactez, s&#8217;il vous pla\u00eet disposer: la facture originale ou du ticket de caisse et le num\u00e9ro de mod\u00e8le Ces informations sont tr\u00e8s importantes pour vous et us.Pls garder \u00e0 la main si n\u00e9cessaire dans le! avenir apr\u00e8s la vente de r\u00e9paration.<\/p>\n<p>Inspirations feu \u00e9cologique: le m\u00e9lange des cultures et des atmosph\u00e8res<\/p>\n<p>Cette adaptabilit\u00e9 permet aux cr\u00e9ateurs, les designers d&#8217;int\u00e9rieur et les propri\u00e9taires de maison d&#8217;\u00eatre lib\u00e9r\u00e9s des contraintes d&#8217;installation. Ils peuvent ainsi cr\u00e9er leurs projets avec une lande de conception tout \u00e0 fait librement. Le feu moderne peut \u00eatre utilis\u00e9 dans toute la culture Designs d\u00e9corations simplement en plongement bio automatique chemin\u00e9e insert \u00e9thanol insert t\u00e9l\u00e9command\u00e9.<\/p>\n<p>Facile \u00e0 installer, facile \u00e0 utiliser.<\/p>\n<p>Contactez-nous au: info@art-fireplace.com<\/p>\n<p>Apr\u00e8s-Vente-Support \u00e0 l&#8217;adresse: johnny@art-fireplace.com<\/p>\n<p>Art Chemin\u00e9e est pr\u00eat \u00e0 aider avec tout ce dont vous avez besoin. Pour vous assurer d&#8217;obtenir une r\u00e9ponse rapide et consid\u00e9r\u00e9, s&#8217;il vous pla\u00eet nous contacter par e-mail &#8211; il suffit d&#8217;entrer vos coordonn\u00e9es et nous vous recontacterons en 1 heure.<img decoding=\"async\" loading=\"lazy\" class=\"aligncenter size-full wp-image-931\" src=\"https:\/\/artfireplace.co.uk\/wp-content\/uploads\/2015\/01\/Automatic-Bioethanol-fireplace-insert-Model.jpg\" alt=\"Art automatique Bio Ethanol Chemin\u00e9e avec t\u00e9l\u00e9commande\" width=\"1020\" height=\"584\" srcset=\"https:\/\/www.artfireplace.co.uk\/wp-content\/uploads\/2015\/01\/Automatic-Bioethanol-fireplace-insert-Model.jpg 1020w, https:\/\/www.artfireplace.co.uk\/wp-content\/uploads\/2015\/01\/Automatic-Bioethanol-fireplace-insert-Model-150x86.jpg 150w, https:\/\/www.artfireplace.co.uk\/wp-content\/uploads\/2015\/01\/Automatic-Bioethanol-fireplace-insert-Model-300x172.jpg 300w\" sizes=\"(max-width: 1020px) 100vw, 1020px\" \/><\/p>\n","protected":false},"excerpt":{"rendered":"<p>Professional Engineers \u00e9quipe avec plus de 7 ans d&#8217;exp\u00e9rience professionnelle Pour confirmer la production et l&#8217;emballage a servi plus de 10000 clients.<\/p>\n","protected":false},"author":1,"featured_media":139,"parent":0,"menu_order":0,"comment_status":"closed","ping_status":"closed","template":"","meta":[],"yst_prominent_words":[],"translation":{"provider":"WPGlobus","version":"2.8.3","language":"fr","enabled_languages":["en","es","fr","it","pt","ar","ru"],"languages":{"en":{"title":true,"content":true,"excerpt":true},"es":{"title":true,"content":true,"excerpt":true},"fr":{"title":true,"content":true,"excerpt":true},"it":{"title":true,"content":true,"excerpt":true},"pt":{"title":true,"content":true,"excerpt":true},"ar":{"title":true,"content":true,"excerpt":true},"ru":{"title":true,"content":true,"excerpt":true}}},"_links":{"self":[{"href":"https:\/\/www.artfireplace.co.uk\/fr\/wp-json\/wp\/v2\/pages\/138"}],"collection":[{"href":"https:\/\/www.artfireplace.co.uk\/fr\/wp-json\/wp\/v2\/pages"}],"about":[{"href":"https:\/\/www.artfireplace.co.uk\/fr\/wp-json\/wp\/v2\/types\/page"}],"author":[{"embeddable":true,"href":"https:\/\/www.artfireplace.co.uk\/fr\/wp-json\/wp\/v2\/users\/1"}],"replies":[{"embeddable":true,"href":"https:\/\/www.artfireplace.co.uk\/fr\/wp-json\/wp\/v2\/comments?post=138"}],"version-history":[{"count":32,"href":"https:\/\/www.artfireplace.co.uk\/fr\/wp-json\/wp\/v2\/pages\/138\/revisions"}],"predecessor-version":[{"id":3135,"href":"https:\/\/www.artfireplace.co.uk\/fr\/wp-json\/wp\/v2\/pages\/138\/revisions\/3135"}],"wp:featuredmedia":[{"embeddable":true,"href":"https:\/\/www.artfireplace.co.uk\/fr\/wp-json\/wp\/v2\/media\/139"}],"wp:attachment":[{"href":"https:\/\/www.artfireplace.co.uk\/fr\/wp-json\/wp\/v2\/media?parent=138"}],"wp:term":[{"taxonomy":"yst_prominent_words","embeddable":true,"href":"https:\/\/www.artfireplace.co.uk\/fr\/wp-json\/wp\/v2\/yst_prominent_words?post=138"}],"curies":[{"name":"wp","href":"https:\/\/api.w.org\/{rel}","templated":true}]}}