{"id":142,"date":"2015-01-03T13:01:07","date_gmt":"2015-01-03T05:01:07","guid":{"rendered":"https:\/\/artfireplace.co.uk\/?page_id=142"},"modified":"2017-05-19T11:38:34","modified_gmt":"2017-05-19T03:38:34","slug":"quality-ethanol-fireplace","status":"publish","type":"page","link":"https:\/\/www.artfireplace.co.uk\/fr\/quality-ethanol-fireplace\/","title":{"rendered":"Produits de qualit\u00e9"},"content":{"rendered":"<h4><strong>Haute qualit\u00e9 et les plus esth\u00e9tiques Bio Ethanol Chemin\u00e9e Inserts<\/strong><img decoding=\"async\" loading=\"lazy\" class=\"aligncenter size-full wp-image-742\" src=\"https:\/\/artfireplace.co.uk\/wp-content\/uploads\/2015\/01\/high-quality-bio-ethanol-fireplace-from-china.jpg\" alt=\"Meilleur Regarder Bio Ethanol Chemin\u00e9e Inserts\" width=\"1000\" height=\"750\" srcset=\"https:\/\/www.artfireplace.co.uk\/wp-content\/uploads\/2015\/01\/high-quality-bio-ethanol-fireplace-from-china.jpg 1000w, https:\/\/www.artfireplace.co.uk\/wp-content\/uploads\/2015\/01\/high-quality-bio-ethanol-fireplace-from-china-150x113.jpg 150w, https:\/\/www.artfireplace.co.uk\/wp-content\/uploads\/2015\/01\/high-quality-bio-ethanol-fireplace-from-china-300x225.jpg 300w\" sizes=\"(max-width: 1000px) 100vw, 1000px\" \/><\/h4>\n<p><img decoding=\"async\" loading=\"lazy\" class=\"aligncenter size-full wp-image-738\" src=\"https:\/\/artfireplace.co.uk\/wp-content\/uploads\/2015\/01\/quality-ethanol-fireplace-insert-tray.jpg\" alt=\"Art Intelligent Bio Ethanol Chemin\u00e9e Inserts\" width=\"1000\" height=\"750\" srcset=\"https:\/\/www.artfireplace.co.uk\/wp-content\/uploads\/2015\/01\/quality-ethanol-fireplace-insert-tray.jpg 1000w, https:\/\/www.artfireplace.co.uk\/wp-content\/uploads\/2015\/01\/quality-ethanol-fireplace-insert-tray-150x113.jpg 150w, https:\/\/www.artfireplace.co.uk\/wp-content\/uploads\/2015\/01\/quality-ethanol-fireplace-insert-tray-300x225.jpg 300w\" sizes=\"(max-width: 1000px) 100vw, 1000px\" \/><\/p>\n<p>Prefessional automatique insert ventless chemin\u00e9e bio\u00e9thanol fabrication de la Chine Foshan o\u00f9 \u00e0 proximit\u00e9 de Guangzhou en Chine.<br \/>\nNous sommes usine avec plus de 7 ans d&#8217;exp\u00e9rience 100% export \u00e0 travers le monde places.100% de notre mod\u00e8le ont approuv\u00e9 CE certifications.Each 1 unit\u00e9s a pass\u00e9 notre syst\u00e8me de QC avant l&#8217;emballage.<br \/>\nAssoci\u00e9s d&#8217;autres mod\u00e8les d&#8217;insertion intelligente alcool bio\u00e9thanol chemin\u00e9es comme ci-dessous:<br \/>\nChemin\u00e9es bio\u00e9thanol automatique AF66 (66X24X11.5cm)<br \/>\nChemin\u00e9es bio\u00e9thanol automatique AF100 (100X24X12.5cm)<br \/>\nChemin\u00e9es bio\u00e9thanol automatique AF120 (120X24X21.5cm)<br \/>\nChemin\u00e9es bio\u00e9thanol automatique AF150 (150X24X21.5cm)<br \/>\nChemin\u00e9es bio\u00e9thanol automatique AF180 (180X24X21.5cm)<\/p>\n<p>NOUS NE SOMMES PAS JUSTE TRADER !!! NOUS SOMMES FABRICANT DE CHINE !!!<\/p>\n<p>Un bien-\u00eatre du corps et de l&#8217;esprit !!!<\/p>\n<p>En face d&#8217;un feu vivant en vous donnant Inspiration sp\u00e9ciale et Dream !!!<br \/>\nIl reste \u00e0 choisir seulement votre univers d&#8217;incendie &#8230;<img decoding=\"async\" loading=\"lazy\" class=\"aligncenter size-full wp-image-701\" src=\"https:\/\/artfireplace.co.uk\/wp-content\/uploads\/2015\/01\/super-ethanol-bio-fireplace-china-by-art-fireplace.jpg\" alt=\"insert automatique bio\u00e9thanol ventless chemin\u00e9e fabrication\" width=\"1000\" height=\"750\" srcset=\"https:\/\/www.artfireplace.co.uk\/wp-content\/uploads\/2015\/01\/super-ethanol-bio-fireplace-china-by-art-fireplace.jpg 1000w, https:\/\/www.artfireplace.co.uk\/wp-content\/uploads\/2015\/01\/super-ethanol-bio-fireplace-china-by-art-fireplace-150x113.jpg 150w, https:\/\/www.artfireplace.co.uk\/wp-content\/uploads\/2015\/01\/super-ethanol-bio-fireplace-china-by-art-fireplace-300x225.jpg 300w\" sizes=\"(max-width: 1000px) 100vw, 1000px\" \/><\/p>\n<p><img decoding=\"async\" loading=\"lazy\" class=\"aligncenter size-full wp-image-702\" src=\"https:\/\/artfireplace.co.uk\/wp-content\/uploads\/2015\/01\/insert-ethanol-fireplace-by-art-fire.jpg\" alt=\"intelligente fireline chemin\u00e9e \u00e9thanol fabrication chine\" width=\"1000\" height=\"750\" srcset=\"https:\/\/www.artfireplace.co.uk\/wp-content\/uploads\/2015\/01\/insert-ethanol-fireplace-by-art-fire.jpg 1000w, https:\/\/www.artfireplace.co.uk\/wp-content\/uploads\/2015\/01\/insert-ethanol-fireplace-by-art-fire-150x113.jpg 150w, https:\/\/www.artfireplace.co.uk\/wp-content\/uploads\/2015\/01\/insert-ethanol-fireplace-by-art-fire-300x225.jpg 300w\" sizes=\"(max-width: 1000px) 100vw, 1000px\" \/><\/p>\n<p><img decoding=\"async\" loading=\"lazy\" class=\"aligncenter size-full wp-image-883\" src=\"https:\/\/artfireplace.co.uk\/wp-content\/uploads\/2015\/01\/bioethanol-fireplace-ventless-insert-AF180.jpg\" alt=\"chemin\u00e9e \u00e9thanol fireline intelligente avec t\u00e9l\u00e9commande\" width=\"1000\" height=\"800\" srcset=\"https:\/\/www.artfireplace.co.uk\/wp-content\/uploads\/2015\/01\/bioethanol-fireplace-ventless-insert-AF180.jpg 1000w, https:\/\/www.artfireplace.co.uk\/wp-content\/uploads\/2015\/01\/bioethanol-fireplace-ventless-insert-AF180-150x120.jpg 150w, https:\/\/www.artfireplace.co.uk\/wp-content\/uploads\/2015\/01\/bioethanol-fireplace-ventless-insert-AF180-300x240.jpg 300w\" sizes=\"(max-width: 1000px) 100vw, 1000px\" \/><\/p>\n<p><img decoding=\"async\" loading=\"lazy\" class=\"aligncenter size-full wp-image-1364\" src=\"https:\/\/artfireplace.co.uk\/wp-content\/uploads\/2014\/12\/Intelligent-Ethanol-fireplace-insert-with-remote-control.jpg\" alt=\"chemin\u00e9e \u00e9thanol intelligente moderne avec t\u00e9l\u00e9commande\" width=\"1000\" height=\"666\" srcset=\"https:\/\/www.artfireplace.co.uk\/wp-content\/uploads\/2014\/12\/Intelligent-Ethanol-fireplace-insert-with-remote-control.jpg 1000w, https:\/\/www.artfireplace.co.uk\/wp-content\/uploads\/2014\/12\/Intelligent-Ethanol-fireplace-insert-with-remote-control-150x100.jpg 150w, https:\/\/www.artfireplace.co.uk\/wp-content\/uploads\/2014\/12\/Intelligent-Ethanol-fireplace-insert-with-remote-control-300x200.jpg 300w, https:\/\/www.artfireplace.co.uk\/wp-content\/uploads\/2014\/12\/Intelligent-Ethanol-fireplace-insert-with-remote-control-768x511.jpg 768w\" sizes=\"(max-width: 1000px) 100vw, 1000px\" \/><\/p>\n<p>Pour les feuilles de donn\u00e9es et vid\u00e9os, veuillez contacter nos ventes librement !!! Nous appr\u00e9cions la chance de servir pour vous !!!<\/p>\n<p>Contactez-nous au: info@art-fireplace.com<\/p>\n<p>Art Chemin\u00e9e est pr\u00eat \u00e0 aider avec tout ce dont vous avez besoin. Pour vous assurer d&#8217;obtenir une r\u00e9ponse rapide et consid\u00e9r\u00e9, s&#8217;il vous pla\u00eet nous contacter par e-mail &#8211; il suffit d&#8217;entrer vos coordonn\u00e9es et nous vous recontacterons en 1 heure.<\/p>\n","protected":false},"excerpt":{"rendered":"<p>Art Chemin\u00e9e Technology est un Prefessional insert automatique bio\u00e9thanol ventless chemin\u00e9e fabrication De China.We sont usine avec plus de 5 ans d&#8217;exp\u00e9rience \u00e0 100% \u00e0 l&#8217;exportation.<\/p>\n","protected":false},"author":1,"featured_media":143,"parent":0,"menu_order":0,"comment_status":"closed","ping_status":"closed","template":"","meta":[],"yst_prominent_words":[],"translation":{"provider":"WPGlobus","version":"2.8.3","language":"fr","enabled_languages":["en","es","fr","it","pt","ar","ru"],"languages":{"en":{"title":true,"content":true,"excerpt":true},"es":{"title":true,"content":true,"excerpt":true},"fr":{"title":true,"content":true,"excerpt":true},"it":{"title":true,"content":true,"excerpt":true},"pt":{"title":true,"content":true,"excerpt":true},"ar":{"title":true,"content":true,"excerpt":true},"ru":{"title":true,"content":true,"excerpt":true}}},"_links":{"self":[{"href":"https:\/\/www.artfireplace.co.uk\/fr\/wp-json\/wp\/v2\/pages\/142"}],"collection":[{"href":"https:\/\/www.artfireplace.co.uk\/fr\/wp-json\/wp\/v2\/pages"}],"about":[{"href":"https:\/\/www.artfireplace.co.uk\/fr\/wp-json\/wp\/v2\/types\/page"}],"author":[{"embeddable":true,"href":"https:\/\/www.artfireplace.co.uk\/fr\/wp-json\/wp\/v2\/users\/1"}],"replies":[{"embeddable":true,"href":"https:\/\/www.artfireplace.co.uk\/fr\/wp-json\/wp\/v2\/comments?post=142"}],"version-history":[{"count":37,"href":"https:\/\/www.artfireplace.co.uk\/fr\/wp-json\/wp\/v2\/pages\/142\/revisions"}],"predecessor-version":[{"id":2048,"href":"https:\/\/www.artfireplace.co.uk\/fr\/wp-json\/wp\/v2\/pages\/142\/revisions\/2048"}],"wp:featuredmedia":[{"embeddable":true,"href":"https:\/\/www.artfireplace.co.uk\/fr\/wp-json\/wp\/v2\/media\/143"}],"wp:attachment":[{"href":"https:\/\/www.artfireplace.co.uk\/fr\/wp-json\/wp\/v2\/media?parent=142"}],"wp:term":[{"taxonomy":"yst_prominent_words","embeddable":true,"href":"https:\/\/www.artfireplace.co.uk\/fr\/wp-json\/wp\/v2\/yst_prominent_words?post=142"}],"curies":[{"name":"wp","href":"https:\/\/api.w.org\/{rel}","templated":true}]}}