{"id":145,"date":"2015-01-03T13:05:37","date_gmt":"2015-01-03T05:05:37","guid":{"rendered":"https:\/\/artfireplace.co.uk\/?page_id=145"},"modified":"2021-07-28T15:39:47","modified_gmt":"2021-07-28T07:39:47","slug":"ethanol-fireplace-factory","status":"publish","type":"page","link":"https:\/\/www.artfireplace.co.uk\/fr\/ethanol-fireplace-factory\/","title":{"rendered":"Directement Usine"},"content":{"rendered":"<p>En tant que leader professionnel du syst\u00e8me de chemin\u00e9e \u00e0 l&#8217;\u00e9thanol bio automatique, nous sommes oblig\u00e9s de fournir de haute technologie et de qualit\u00e9 fireplace.We fabriquer nos produits, NOUS NE SOMMES PAS JUSTE UN TRADER! Nous sommes \u00e9thanol chemin\u00e9e Fabricant de China.For plus d&#8217;informations sur les foyers \u00e0 l&#8217;\u00e9thanol art bio, pls contacter notre service commercial.<img decoding=\"async\" loading=\"lazy\" class=\"aligncenter size-full wp-image-979\" src=\"https:\/\/artfireplace.co.uk\/wp-content\/uploads\/2014\/11\/sztuki-Bioetanol-ognisko-insert-model-AF180.jpg\" alt=\"chemin\u00e9e bio \u00e9thanol automatique prefessional\" width=\"1023\" height=\"544\" srcset=\"https:\/\/www.artfireplace.co.uk\/wp-content\/uploads\/2014\/11\/sztuki-Bioetanol-ognisko-insert-model-AF180.jpg 1023w, https:\/\/www.artfireplace.co.uk\/wp-content\/uploads\/2014\/11\/sztuki-Bioetanol-ognisko-insert-model-AF180-150x80.jpg 150w, https:\/\/www.artfireplace.co.uk\/wp-content\/uploads\/2014\/11\/sztuki-Bioetanol-ognisko-insert-model-AF180-300x160.jpg 300w\" sizes=\"(max-width: 1023px) 100vw, 1023px\" \/><\/p>\n<p>Art chemin\u00e9e Technology Limited.<\/p>\n<p>E-Mail Pour: info@art-fireplace.com<\/p>\n<p>Art Chemin\u00e9e est pr\u00eat \u00e0 aider avec tout ce dont vous avez besoin. Pour vous assurer d&#8217;obtenir une r\u00e9ponse rapide et consid\u00e9r\u00e9, s&#8217;il vous pla\u00eet nous contacter par e-mail &#8211; et nous reviendrons vers vous en 1 heure !!!<\/p>\n<p>Notre site officiel: www.artethanolfireplace.com\/www.art-fireplace.com\/www.superethanolfireplace.com<img decoding=\"async\" loading=\"lazy\" class=\"aligncenter size-full wp-image-698\" src=\"https:\/\/artfireplace.co.uk\/wp-content\/uploads\/2015\/01\/art-design-health-ethanol-fireplace-china.jpg\" alt=\"art chemin\u00e9e \u00e0 l'\u00e9thanol de sant\u00e9 avec t\u00e9l\u00e9commande\" width=\"1000\" height=\"750\" srcset=\"https:\/\/www.artfireplace.co.uk\/wp-content\/uploads\/2015\/01\/art-design-health-ethanol-fireplace-china.jpg 1000w, https:\/\/www.artfireplace.co.uk\/wp-content\/uploads\/2015\/01\/art-design-health-ethanol-fireplace-china-150x113.jpg 150w, https:\/\/www.artfireplace.co.uk\/wp-content\/uploads\/2015\/01\/art-design-health-ethanol-fireplace-china-300x225.jpg 300w\" sizes=\"(max-width: 1000px) 100vw, 1000px\" \/><\/p>\n<p><img decoding=\"async\" loading=\"lazy\" class=\"aligncenter size-full wp-image-699\" src=\"https:\/\/artfireplace.co.uk\/wp-content\/uploads\/2015\/01\/health-bio-fireplace-inserts-china.jpg\" alt=\"art chemin\u00e9e \u00e9thanol bio automatique avec commande \u00e0 distance\" width=\"1000\" height=\"750\" srcset=\"https:\/\/www.artfireplace.co.uk\/wp-content\/uploads\/2015\/01\/health-bio-fireplace-inserts-china.jpg 1000w, https:\/\/www.artfireplace.co.uk\/wp-content\/uploads\/2015\/01\/health-bio-fireplace-inserts-china-150x113.jpg 150w, https:\/\/www.artfireplace.co.uk\/wp-content\/uploads\/2015\/01\/health-bio-fireplace-inserts-china-300x225.jpg 300w\" sizes=\"(max-width: 1000px) 100vw, 1000px\" \/><\/p>\n<p><img decoding=\"async\" loading=\"lazy\" class=\"aligncenter size-full wp-image-681\" src=\"https:\/\/artfireplace.co.uk\/wp-content\/uploads\/2015\/03\/high-quality-bio-ethanol-fireplace-from-china.jpg\" alt=\"chemin\u00e9e bio \u00e9thanol de haute qualit\u00e9 \u00e0 partir de chine\" width=\"1000\" height=\"600\" srcset=\"https:\/\/www.artfireplace.co.uk\/wp-content\/uploads\/2015\/03\/high-quality-bio-ethanol-fireplace-from-china.jpg 1000w, https:\/\/www.artfireplace.co.uk\/wp-content\/uploads\/2015\/03\/high-quality-bio-ethanol-fireplace-from-china-150x90.jpg 150w, https:\/\/www.artfireplace.co.uk\/wp-content\/uploads\/2015\/03\/high-quality-bio-ethanol-fireplace-from-china-300x180.jpg 300w\" sizes=\"(max-width: 1000px) 100vw, 1000px\" \/><\/p>\n<p><img decoding=\"async\" loading=\"lazy\" class=\"aligncenter size-full wp-image-740\" src=\"https:\/\/artfireplace.co.uk\/wp-content\/uploads\/2015\/01\/ethanol-fireplace-panel-factory-china.jpg\" alt=\"Br\u00fbleur \u00e0 l'\u00e9thanol intelligente t\u00e9l\u00e9command\u00e9e\" width=\"1000\" height=\"750\" srcset=\"https:\/\/www.artfireplace.co.uk\/wp-content\/uploads\/2015\/01\/ethanol-fireplace-panel-factory-china.jpg 1000w, https:\/\/www.artfireplace.co.uk\/wp-content\/uploads\/2015\/01\/ethanol-fireplace-panel-factory-china-150x113.jpg 150w, https:\/\/www.artfireplace.co.uk\/wp-content\/uploads\/2015\/01\/ethanol-fireplace-panel-factory-china-300x225.jpg 300w\" sizes=\"(max-width: 1000px) 100vw, 1000px\" \/><\/p>\n<p><img decoding=\"async\" loading=\"lazy\" class=\"aligncenter size-full wp-image-738\" src=\"https:\/\/artfireplace.co.uk\/wp-content\/uploads\/2015\/01\/quality-ethanol-fireplace-insert-tray.jpg\" alt=\"plateau d'\u00e9thanol du br\u00fbleur \u00e9thanol intelligente\" width=\"1000\" height=\"750\" srcset=\"https:\/\/www.artfireplace.co.uk\/wp-content\/uploads\/2015\/01\/quality-ethanol-fireplace-insert-tray.jpg 1000w, https:\/\/www.artfireplace.co.uk\/wp-content\/uploads\/2015\/01\/quality-ethanol-fireplace-insert-tray-150x113.jpg 150w, https:\/\/www.artfireplace.co.uk\/wp-content\/uploads\/2015\/01\/quality-ethanol-fireplace-insert-tray-300x225.jpg 300w\" sizes=\"(max-width: 1000px) 100vw, 1000px\" \/><\/p>\n<p><img decoding=\"async\" loading=\"lazy\" class=\"aligncenter wp-image-1149\" src=\"https:\/\/artfireplace.co.uk\/wp-content\/uploads\/2015\/05\/Ethanol-fireplace-insert.jpg\" alt=\"intelligent \u00e9thanol chemin\u00e9e avec contr\u00f4leur \u00e0 distance\" width=\"826\" height=\"519\" srcset=\"https:\/\/www.artfireplace.co.uk\/wp-content\/uploads\/2015\/05\/Ethanol-fireplace-insert.jpg 700w, https:\/\/www.artfireplace.co.uk\/wp-content\/uploads\/2015\/05\/Ethanol-fireplace-insert-150x94.jpg 150w, https:\/\/www.artfireplace.co.uk\/wp-content\/uploads\/2015\/05\/Ethanol-fireplace-insert-300x189.jpg 300w\" sizes=\"(max-width: 826px) 100vw, 826px\" \/><\/p>\n<p>Contactez-nous \u00e0:<\/p>\n<p>info@art-fireplace.com<\/p>\n<p>Art Chemin\u00e9e est pr\u00eat \u00e0 aider avec tout ce dont vous avez besoin. Pour vous assurer d&#8217;obtenir une r\u00e9ponse rapide et consid\u00e9r\u00e9, s&#8217;il vous pla\u00eet nous contacter par e-mail &#8211; il suffit d&#8217;entrer vos coordonn\u00e9es et nous vous recontacterons en 1 heure.<\/p>\n","protected":false},"excerpt":{"rendered":"<p>En tant que leader syst\u00e8me professionnel automatique de chemin\u00e9e bio \u00e9thanol de la Chine, nous sommes oblig\u00e9s de fournir de haute technologie et de l&#8217;alcool \u00e9thanol de haute qualit\u00e9 br\u00fbleurs avec t\u00e9l\u00e9commande.<\/p>\n","protected":false},"author":1,"featured_media":196,"parent":0,"menu_order":0,"comment_status":"closed","ping_status":"closed","template":"","meta":[],"yst_prominent_words":[],"translation":{"provider":"WPGlobus","version":"2.8.3","language":"fr","enabled_languages":["en","es","fr","it","pt","ar","ru"],"languages":{"en":{"title":true,"content":true,"excerpt":true},"es":{"title":true,"content":true,"excerpt":true},"fr":{"title":true,"content":true,"excerpt":true},"it":{"title":true,"content":true,"excerpt":true},"pt":{"title":true,"content":true,"excerpt":true},"ar":{"title":true,"content":true,"excerpt":true},"ru":{"title":true,"content":true,"excerpt":true}}},"_links":{"self":[{"href":"https:\/\/www.artfireplace.co.uk\/fr\/wp-json\/wp\/v2\/pages\/145"}],"collection":[{"href":"https:\/\/www.artfireplace.co.uk\/fr\/wp-json\/wp\/v2\/pages"}],"about":[{"href":"https:\/\/www.artfireplace.co.uk\/fr\/wp-json\/wp\/v2\/types\/page"}],"author":[{"embeddable":true,"href":"https:\/\/www.artfireplace.co.uk\/fr\/wp-json\/wp\/v2\/users\/1"}],"replies":[{"embeddable":true,"href":"https:\/\/www.artfireplace.co.uk\/fr\/wp-json\/wp\/v2\/comments?post=145"}],"version-history":[{"count":52,"href":"https:\/\/www.artfireplace.co.uk\/fr\/wp-json\/wp\/v2\/pages\/145\/revisions"}],"predecessor-version":[{"id":4478,"href":"https:\/\/www.artfireplace.co.uk\/fr\/wp-json\/wp\/v2\/pages\/145\/revisions\/4478"}],"wp:featuredmedia":[{"embeddable":true,"href":"https:\/\/www.artfireplace.co.uk\/fr\/wp-json\/wp\/v2\/media\/196"}],"wp:attachment":[{"href":"https:\/\/www.artfireplace.co.uk\/fr\/wp-json\/wp\/v2\/media?parent=145"}],"wp:term":[{"taxonomy":"yst_prominent_words","embeddable":true,"href":"https:\/\/www.artfireplace.co.uk\/fr\/wp-json\/wp\/v2\/yst_prominent_words?post=145"}],"curies":[{"name":"wp","href":"https:\/\/api.w.org\/{rel}","templated":true}]}}