{"id":15,"date":"2014-11-30T10:55:26","date_gmt":"2014-11-30T02:55:26","guid":{"rendered":"https:\/\/artfireplace.co.uk\/?page_id=15"},"modified":"2025-09-17T17:26:50","modified_gmt":"2025-09-17T09:26:50","slug":"contact-art-fireplace","status":"publish","type":"page","link":"https:\/\/www.artfireplace.co.uk\/fr\/contact-art-fireplace\/","title":{"rendered":"Contactez nous"},"content":{"rendered":"<p>Contactez-nous pour devis gratuit:<br \/>\n[si-contact-form form=&#8217;1&#8242;]<\/p>\n<p>chemin\u00e9e Art Technology Limited<\/p>\n<p>Prefessional moderne automatique Bio Ethanol Chemin\u00e9e Fabrication De Chine<\/p>\n<p>T\u00e9l\u00e9phone:+86 757 81996234\u00a0T\u00e9l\u00e9phone portable:+86 13928878187<\/p>\n<p>Email:info@art-fireplace.com Skype:artfireplace<\/p>\n<p>Nos sites officiels:www.artethanolfireplace.com\/<a href=\"http:\/\/www.superethanolfireplace.com\" target=\"_blank\" rel=\"noopener noreferrer\">www.superethanolfireplace.com<\/a><\/p>\n<p>Usine Adresse: No.3, Shishan zone industrielle, ville Shishan, Nanhai, ville de Foshan, province du Guangdong, en Chine<\/p>\n<p>Art Chemin\u00e9e est pr\u00eat \u00e0 aider avec tout ce dont vous avez besoin. Pour vous assurer d&#8217;obtenir une r\u00e9ponse rapide et consid\u00e9r\u00e9, s&#8217;il vous pla\u00eet nous contacter par e-mail &#8211; il suffit d&#8217;entrer vos coordonn\u00e9es et nous vous recontacterons dans 1 hour.Shipping de la Chine \u00e0 partout besoin arround 5 journ\u00e9es de travail!<img decoding=\"async\" loading=\"lazy\" class=\"aligncenter size-full wp-image-979\" src=\"https:\/\/artfireplace.co.uk\/wp-content\/uploads\/2014\/11\/sztuki-Bioetanol-ognisko-insert-model-AF180.jpg\" alt=\"sztuki Bioetanol-ognisko-insert-model-AF180\" width=\"1023\" height=\"544\" srcset=\"https:\/\/www.artfireplace.co.uk\/wp-content\/uploads\/2014\/11\/sztuki-Bioetanol-ognisko-insert-model-AF180.jpg 1023w, https:\/\/www.artfireplace.co.uk\/wp-content\/uploads\/2014\/11\/sztuki-Bioetanol-ognisko-insert-model-AF180-150x80.jpg 150w, https:\/\/www.artfireplace.co.uk\/wp-content\/uploads\/2014\/11\/sztuki-Bioetanol-ognisko-insert-model-AF180-300x160.jpg 300w\" sizes=\"(max-width: 1023px) 100vw, 1023px\" \/><\/p>\n","protected":false},"excerpt":{"rendered":"<p>Art Chemin\u00e9e est pr\u00eat \u00e0 aider avec tout ce dont vous avez besoin. Pour vous assurer d&#8217;obtenir une r\u00e9ponse rapide et consid\u00e9r\u00e9, s&#8217;il vous pla\u00eet nous contacter par e-mail &#8211; il suffit d&#8217;entrer vos coordonn\u00e9es et nous vous recontacterons dans 1 hour.Shipping de la Chine \u00e0 partout besoin arround 5 journ\u00e9es de travail!<\/p>\n","protected":false},"author":1,"featured_media":0,"parent":0,"menu_order":7,"comment_status":"closed","ping_status":"closed","template":"page-templates\/contact.php","meta":[],"yst_prominent_words":[304,865,866,862,867,869,861,868,863,332,329],"translation":{"provider":"WPGlobus","version":"2.8.3","language":"fr","enabled_languages":["en","es","fr","it","pt","ar","ru"],"languages":{"en":{"title":true,"content":true,"excerpt":true},"es":{"title":true,"content":true,"excerpt":true},"fr":{"title":true,"content":true,"excerpt":true},"it":{"title":true,"content":true,"excerpt":true},"pt":{"title":true,"content":true,"excerpt":true},"ar":{"title":true,"content":true,"excerpt":true},"ru":{"title":true,"content":true,"excerpt":true}}},"_links":{"self":[{"href":"https:\/\/www.artfireplace.co.uk\/fr\/wp-json\/wp\/v2\/pages\/15"}],"collection":[{"href":"https:\/\/www.artfireplace.co.uk\/fr\/wp-json\/wp\/v2\/pages"}],"about":[{"href":"https:\/\/www.artfireplace.co.uk\/fr\/wp-json\/wp\/v2\/types\/page"}],"author":[{"embeddable":true,"href":"https:\/\/www.artfireplace.co.uk\/fr\/wp-json\/wp\/v2\/users\/1"}],"replies":[{"embeddable":true,"href":"https:\/\/www.artfireplace.co.uk\/fr\/wp-json\/wp\/v2\/comments?post=15"}],"version-history":[{"count":50,"href":"https:\/\/www.artfireplace.co.uk\/fr\/wp-json\/wp\/v2\/pages\/15\/revisions"}],"predecessor-version":[{"id":3392,"href":"https:\/\/www.artfireplace.co.uk\/fr\/wp-json\/wp\/v2\/pages\/15\/revisions\/3392"}],"wp:attachment":[{"href":"https:\/\/www.artfireplace.co.uk\/fr\/wp-json\/wp\/v2\/media?parent=15"}],"wp:term":[{"taxonomy":"yst_prominent_words","embeddable":true,"href":"https:\/\/www.artfireplace.co.uk\/fr\/wp-json\/wp\/v2\/yst_prominent_words?post=15"}],"curies":[{"name":"wp","href":"https:\/\/api.w.org\/{rel}","templated":true}]}}