{"id":155,"date":"2015-01-03T13:30:41","date_gmt":"2015-01-03T05:30:41","guid":{"rendered":"https:\/\/artfireplace.co.uk\/?page_id=155"},"modified":"2023-02-15T10:29:04","modified_gmt":"2023-02-15T02:29:04","slug":"hot-sale-ethanol-fireplace","status":"publish","type":"page","link":"https:\/\/www.artfireplace.co.uk\/fr\/hot-sale-ethanol-fireplace\/","title":{"rendered":"Grosses soldes"},"content":{"rendered":"<p><img decoding=\"async\" loading=\"lazy\" class=\"aligncenter size-full wp-image-964\" src=\"https:\/\/artfireplace.co.uk\/wp-content\/uploads\/2014\/11\/Inserto-Art-bioetanolo-modello-AF180.jpg\" alt=\"Remote Controlled \u00e9lectronique Bio Ethanol Chemin\u00e9e Insert\" width=\"1023\" height=\"544\" srcset=\"https:\/\/www.artfireplace.co.uk\/wp-content\/uploads\/2014\/11\/Inserto-Art-bioetanolo-modello-AF180.jpg 1023w, https:\/\/www.artfireplace.co.uk\/wp-content\/uploads\/2014\/11\/Inserto-Art-bioetanolo-modello-AF180-150x80.jpg 150w, https:\/\/www.artfireplace.co.uk\/wp-content\/uploads\/2014\/11\/Inserto-Art-bioetanolo-modello-AF180-300x160.jpg 300w\" sizes=\"(max-width: 1023px) 100vw, 1023px\" \/><\/p>\n<p>AF150 \u00e9lectroniques insertion automatique alcool chemin\u00e9es bio \u00e9thanol \/ granul\u00e9s cuisini\u00e8re br\u00fbleurs:<\/p>\n<p>&#8211; Utiliser uniquement dans des chambres de 40 m2 minimum<br \/>\n&#8211; Dimensions: 150\/24 \/ 21,3 cm<br \/>\n&#8211; Taille Ins\u00e9rer trou minimum -: 148,5 \/ 22,5 \/ 25.0cm<br \/>\n&#8211; Sortie: 10 000 W<br \/>\n&#8211; Capacit\u00e9 du r\u00e9servoir: 15 L<br \/>\n&#8211; Consommation: 1.65L \/ heure<br \/>\n&#8211; T\u00e9l\u00e9commande: Oui<br \/>\n&#8211; Poids net: 34 kg<br \/>\n&#8211; Poids brut: 45 kg<\/p>\n<p>1. bio\u00e9thanol automatique foyer extinction ou l&#8217;allumage command\u00e9 par tableau \u00e9lectrique et un bouton ON \/ OFF et la t\u00e9l\u00e9commande.<br \/>\n2. Mat\u00e9riel en acier inoxydable et MDF.<br \/>\n3. S\u00e9par\u00e9ment r\u00e9servoir de bio-\u00e9thanol et le foyer br\u00fblant<br \/>\n4. S\u00e9curit\u00e9 Co2 d\u00e9tecteur infrarouge qui arr\u00eate le feu en cas d&#8217;atteindre des niveaux de non autoris\u00e9es.<br \/>\n5. pompe \u00e9lectrique automatique pour remplir le br\u00fbleur<br \/>\n6. Avec les d\u00e9tecteurs de chaleur \u00e9lectroniques, il sera automatice extinction lorsque la temp\u00e9rature atteint les niveaux de non autoris\u00e9es.<br \/>\n7. AC chargeur ou chargeur de batterie avec chargeur de batterie.<br \/>\n8, Avec effet audio.<br \/>\n9. OEM service fourni, s&#8217;il vous pla\u00eet contactez-nous pour plus d&#8217;informations et des mod\u00e8les<br \/>\nFoi en savoir plus sur nos plaquettes chemin\u00e9es bio \u00e9thanol, pls contacter notre service commercial!<\/p>\n<p>Consignes de s\u00e9curit\u00e9:<br \/>\nNe pas souffler dans le feu.<br \/>\nNe jamais laisser le feu sans surveillance.<br \/>\nGardez les enfants et les animaux domestiques \u00e0 une distance s\u00e9curitaire.<br \/>\nSoyez prudent avec ferme inflammables ou des cheveux.<br \/>\n\u00c9viter tout contact physique avec le bio-\u00e9thanol.<br \/>\nLa flamme ne doit jamais toucher directement \u00e0 l&#8217;int\u00e9rieur de l&#8217;insert m\u00e9tallique.<br \/>\nNe pas fumer pendant re-remplissage ou l&#8217;allumage du br\u00fbleur. Risque d&#8217;explosion!<br \/>\nNe placez pas le papier, le carton, le tissu (v\u00eatements) etc. Le br\u00fbleur ou autour de lui.<br \/>\nATTENTION! Ne jamais re-remplir une chemin\u00e9e bio \u00e9thanol chaud ou ti\u00e8de. Risque d&#8217;explosion!<br \/>\nImportant: La chemin\u00e9e bio \u00e9thanol est utilis\u00e9 \u00e0 des fins d\u00e9coratives et non pas comme appareil de chauffage.<br \/>\nL&#8217;utilisation de la chemin\u00e9e bio \u00e9thanol comme un multi-br\u00fbleur ou feu ouvert pour les mat\u00e9riaux combustibles liquides ou solides ne sont pas autoris\u00e9s.<br \/>\nIl est interdit pour les enfants, les personnes sous l&#8217;influence de l&#8217;alcool, de drogues ou de m\u00e9dicaments, ou les personnes qui sont physiquement ou mentalement pas en bon \u00e9tat, d&#8217;utiliser la chemin\u00e9e bio \u00e9thanol.<\/p>\n<p>Associ\u00e9s d&#8217;autres mod\u00e8les de chemin\u00e9es intelligents alcool d&#8217;\u00e9thanol:<br \/>\nIns\u00e9rez automatique foyer au bio\u00e9thanol AF66 (66X24X11.5cm)<br \/>\nIns\u00e9rez automatique foyer au bio\u00e9thanol AF100 (100X24X12.5cm)<br \/>\nIns\u00e9rez automatique foyer au bio\u00e9thanol AF120 (120X24X21.5cm)<br \/>\nIns\u00e9rez automatique foyer au bio\u00e9thanol AF150 (150X24X21.5cm)<br \/>\nIns\u00e9rez automatique foyer au bio\u00e9thanol AF180 (180X24X21.5cm)<\/p>\n<p>produits 1.Customized:<br \/>\nprix de l&#8217;\u00e9thanol selon les exigences de taille et de la quantit\u00e9 d&#8217;un rapport unique!<br \/>\nLa dur\u00e9e normale de 10-15 jours de travail (commandes acc\u00e9l\u00e9r\u00e9es, s&#8217;il vous pla\u00eet consulter le service \u00e0 la client\u00e8le et les ventes)<br \/>\n2.We ont \u00e9galement de nombreux mod\u00e8les de chemin\u00e9es manuelles alcoo de ethanoll.<br \/>\nDes informations d\u00e9taill\u00e9es sur les foyers \u00e0 l&#8217;\u00e9thanol art bio, s&#8217;il vous pla\u00eet contactez-nous.<\/p>\n<p><img decoding=\"async\" loading=\"lazy\" class=\"aligncenter size-full wp-image-883\" src=\"https:\/\/artfireplace.co.uk\/wp-content\/uploads\/2015\/01\/bioethanol-fireplace-ventless-insert-AF180.jpg\" alt=\"mod\u00e8les de chemin\u00e9es intelligents alcool d'\u00e9thanol avec t\u00e9l\u00e9commande\" width=\"1000\" height=\"800\" srcset=\"https:\/\/www.artfireplace.co.uk\/wp-content\/uploads\/2015\/01\/bioethanol-fireplace-ventless-insert-AF180.jpg 1000w, https:\/\/www.artfireplace.co.uk\/wp-content\/uploads\/2015\/01\/bioethanol-fireplace-ventless-insert-AF180-150x120.jpg 150w, https:\/\/www.artfireplace.co.uk\/wp-content\/uploads\/2015\/01\/bioethanol-fireplace-ventless-insert-AF180-300x240.jpg 300w\" sizes=\"(max-width: 1000px) 100vw, 1000px\" \/><\/p>\n<p>Parmi les meilleurs dans la conception de chemin\u00e9e d&#8217;art, le AF150 Remote Controlled \u00e9lectronique Bio Ethanol Chemin\u00e9e Insert est favoris\u00e9e par les architectes, les entrepreneurs et designers haut de gamme et offre au client exigeants de qualit\u00e9 et de s\u00e9curit\u00e9 sans pr\u00e9c\u00e9dent. En plus des m\u00eames flammes br\u00fblantes sans ventilation et propres comme manuelles inserts de chemin\u00e9e \u00e0 l&#8217;\u00e9thanol, ce br\u00fbleur bio \u00e9thanol art-feu offre beaucoup plus pour les applications r\u00e9sidentielles et commerciales.<\/p>\n<p>Capacit\u00e9 de contr\u00f4le \u00e0 distance. En raison de son fonctionnement \u00e9lectronique, aliment\u00e9 par une source d&#8217;alimentation de douze volts, cette chemin\u00e9e \u00e9thanol insert peut \u00eatre allum\u00e9 et \u00e9teint par un interrupteur marche \/ arr\u00eat situ\u00e9 sur le br\u00fbleur lui-m\u00eame, une t\u00e9l\u00e9commande \u00e0 un bouton ou via votre t\u00e9l\u00e9phone intelligent en int\u00e9grant votre Smart Home syst\u00e8me.<\/p>\n<p>On-Board Safety Monitoring. La carte m\u00e8re de ce foyer insert est la s\u00e9curit\u00e9 centrale. Constamment auto-\u00e9valuation de son fonctionnement, ce br\u00fbleur intelligente r\u00e9agit \u00e0 toute condition qui semble atypique. Au cas o\u00f9 il d\u00e9tecter une quantit\u00e9 en exc\u00e8s d&#8217;\u00e9mission de dioxyde de carbone ou de la production de chaleur, il interrompt automatiquement le fonctionnement, \u00e9teindre la flamme et \u00e0 maintenir le m\u00e9canisme de verrouillage de la chambre de carburant. En outre, il sera auto-extinction devrait-il d\u00e9tecter le mouvement ou le niveau d&#8217;inclinaison sismique qui en fait un dispositif anti-choc. Les niveaux de carburant et de la batterie sont aussi constamment \u00e9valu\u00e9s pour des performances optimales et donneront notification par l&#8217;affichage LED du br\u00fbleur, qui indiquera les temps de fonctionnement et de vous avertir par un message sonore et l&#8217;erreur doit se produire un \u00e9v\u00e9nement.<\/p>\n<p>Construction robuste. Construit en acier inoxydable de grade 304, le br\u00fbleur \u00e0 \u00e9thanol est r\u00e9sistant \u00e0 la corrosion et pr\u00e9sente une excellente r\u00e9sistance \u00e0 d&#8217;autres expositions atmosph\u00e9riques, chimiques et. Sa plaque sup\u00e9rieure mesure trois millim\u00e8tres d&#8217;\u00e9paisseur (3\/32 pouces). Cela permet \u00e0 la robustesse, mais favorise un profil bas. Pour plus de s\u00e9curit\u00e9, la chemin\u00e9e AF150 offre double isolation construction foyer.<\/p>\n<p>S\u00e9par\u00e9e du r\u00e9servoir de carburant et plateau du br\u00fbleur. En continuant avec les caract\u00e9ristiques de s\u00e9curit\u00e9 sans pr\u00e9c\u00e9dent de cet \u00e9thanol br\u00fbleur du foyer, l&#8217;exc\u00e8s de carburant est log\u00e9 dans un r\u00e9servoir \u00e9tanche. Cela non seulement emp\u00eache l&#8217;\u00e9vaporation de carburant et la lib\u00e9ration aromatique de l&#8217;\u00e9thanol brut, mais diminue la quantit\u00e9 de carburant &#8220;expos\u00e9e&#8221; \u00e0 un moment donn\u00e9. Par l&#8217;interm\u00e9diaire d&#8217;une pompe \u00e0 carburant de qualit\u00e9 m\u00e9dicale, l&#8217;\u00e9thanol est d\u00e9livr\u00e9 dans le plateau du br\u00fbleur. Seulement permettant le plateau du br\u00fbleur pour g\u00e9rer quelques centilitres de carburant \u00e0 l&#8217;\u00e9thanol \u00e0 un moment donn\u00e9 favorise une s\u00e9curit\u00e9 suppl\u00e9mentaire et minimise les risques de dangers li\u00e9s \u00e0 l&#8217;incendie.<img decoding=\"async\" loading=\"lazy\" class=\"aligncenter size-full wp-image-858\" src=\"https:\/\/artfireplace.co.uk\/wp-content\/uploads\/2015\/04\/automatic-bio-ethanol-fireplace-manufacture-artfireplace-china.jpg\" alt=\"automatique bio chemin\u00e9e \u00e9thanol fabrication chemin\u00e9e art chine\" width=\"1000\" height=\"666\" srcset=\"https:\/\/www.artfireplace.co.uk\/wp-content\/uploads\/2015\/04\/automatic-bio-ethanol-fireplace-manufacture-artfireplace-china.jpg 1000w, https:\/\/www.artfireplace.co.uk\/wp-content\/uploads\/2015\/04\/automatic-bio-ethanol-fireplace-manufacture-artfireplace-china-150x100.jpg 150w, https:\/\/www.artfireplace.co.uk\/wp-content\/uploads\/2015\/04\/automatic-bio-ethanol-fireplace-manufacture-artfireplace-china-300x200.jpg 300w\" sizes=\"(max-width: 1000px) 100vw, 1000px\" \/><\/p>\n<p><img decoding=\"async\" loading=\"lazy\" class=\"aligncenter size-full wp-image-1364\" src=\"https:\/\/artfireplace.co.uk\/wp-content\/uploads\/2014\/12\/Intelligent-Ethanol-fireplace-insert-with-remote-control.jpg\" alt=\"chemin\u00e9e insert d'\u00e9thanol intelligente ventless avec t\u00e9l\u00e9commande\" width=\"1000\" height=\"666\" srcset=\"https:\/\/www.artfireplace.co.uk\/wp-content\/uploads\/2014\/12\/Intelligent-Ethanol-fireplace-insert-with-remote-control.jpg 1000w, https:\/\/www.artfireplace.co.uk\/wp-content\/uploads\/2014\/12\/Intelligent-Ethanol-fireplace-insert-with-remote-control-150x100.jpg 150w, https:\/\/www.artfireplace.co.uk\/wp-content\/uploads\/2014\/12\/Intelligent-Ethanol-fireplace-insert-with-remote-control-300x200.jpg 300w, https:\/\/www.artfireplace.co.uk\/wp-content\/uploads\/2014\/12\/Intelligent-Ethanol-fireplace-insert-with-remote-control-768x511.jpg 768w\" sizes=\"(max-width: 1000px) 100vw, 1000px\" \/><\/p>\n","protected":false},"excerpt":{"rendered":"<p>Parmi les meilleurs dans la conception de chemin\u00e9e d&#8217;art, le AF150 Remote Controlled \u00e9lectronique Bio Ethanol Chemin\u00e9e Insert est favoris\u00e9e par les architectes, les entrepreneurs et designers haut de gamme et offre au client exigeants de qualit\u00e9 et de s\u00e9curit\u00e9 sans pr\u00e9c\u00e9dent. En plus des m\u00eames flammes br\u00fblantes sans ventilation et propres comme manuelles inserts de chemin\u00e9e \u00e0 l&#8217;\u00e9thanol, ce br\u00fbleur bio \u00e9thanol art-feu offre beaucoup plus pour les applications r\u00e9sidentielles et commerciales.<\/p>\n","protected":false},"author":1,"featured_media":3504,"parent":0,"menu_order":0,"comment_status":"closed","ping_status":"closed","template":"","meta":[],"yst_prominent_words":[754,328,323,330,312,349,317,334,311,331,329,342,341,327,326,310],"translation":{"provider":"WPGlobus","version":"2.8.3","language":"fr","enabled_languages":["en","es","fr","it","pt","ar","ru"],"languages":{"en":{"title":true,"content":true,"excerpt":true},"es":{"title":true,"content":true,"excerpt":true},"fr":{"title":true,"content":true,"excerpt":true},"it":{"title":true,"content":true,"excerpt":true},"pt":{"title":true,"content":true,"excerpt":true},"ar":{"title":true,"content":true,"excerpt":true},"ru":{"title":true,"content":true,"excerpt":true}}},"_links":{"self":[{"href":"https:\/\/www.artfireplace.co.uk\/fr\/wp-json\/wp\/v2\/pages\/155"}],"collection":[{"href":"https:\/\/www.artfireplace.co.uk\/fr\/wp-json\/wp\/v2\/pages"}],"about":[{"href":"https:\/\/www.artfireplace.co.uk\/fr\/wp-json\/wp\/v2\/types\/page"}],"author":[{"embeddable":true,"href":"https:\/\/www.artfireplace.co.uk\/fr\/wp-json\/wp\/v2\/users\/1"}],"replies":[{"embeddable":true,"href":"https:\/\/www.artfireplace.co.uk\/fr\/wp-json\/wp\/v2\/comments?post=155"}],"version-history":[{"count":45,"href":"https:\/\/www.artfireplace.co.uk\/fr\/wp-json\/wp\/v2\/pages\/155\/revisions"}],"predecessor-version":[{"id":3506,"href":"https:\/\/www.artfireplace.co.uk\/fr\/wp-json\/wp\/v2\/pages\/155\/revisions\/3506"}],"wp:featuredmedia":[{"embeddable":true,"href":"https:\/\/www.artfireplace.co.uk\/fr\/wp-json\/wp\/v2\/media\/3504"}],"wp:attachment":[{"href":"https:\/\/www.artfireplace.co.uk\/fr\/wp-json\/wp\/v2\/media?parent=155"}],"wp:term":[{"taxonomy":"yst_prominent_words","embeddable":true,"href":"https:\/\/www.artfireplace.co.uk\/fr\/wp-json\/wp\/v2\/yst_prominent_words?post=155"}],"curies":[{"name":"wp","href":"https:\/\/api.w.org\/{rel}","templated":true}]}}