{"id":186,"date":"2015-01-03T15:41:37","date_gmt":"2015-01-03T07:41:37","guid":{"rendered":"https:\/\/artfireplace.co.uk\/?page_id=186"},"modified":"2024-05-31T12:02:01","modified_gmt":"2024-05-31T04:02:01","slug":"ethanol-fireplace","status":"publish","type":"page","link":"https:\/\/www.artfireplace.co.uk\/fr\/ethanol-fireplace\/","title":{"rendered":"Automatique Bio\u00e9thanol Chemin\u00e9e AF66 Avec 66cm long"},"content":{"rendered":"<p>Avec une grande taille, la partie centrale de l&#8217;AF66 chemin\u00e9e bio\u00e9thanol insert permet aux flammes de d\u00e9velopper librement et d&#8217;une mani\u00e8re tr\u00e8s naturelle. La solution interm\u00e9diaire pour un feu dynamique qui reste compatible avec les chambres de taille moyenne.<img decoding=\"async\" loading=\"lazy\" class=\"aligncenter size-full wp-image-2146\" src=\"https:\/\/artfireplace.co.uk\/wp-content\/uploads\/2015\/01\/alibabaAF66-1.jpg\" alt=\"alibaba art fire intelligent burner Model AF66\" width=\"952\" height=\"373\" srcset=\"https:\/\/www.artfireplace.co.uk\/wp-content\/uploads\/2015\/01\/alibabaAF66-1.jpg 952w, https:\/\/www.artfireplace.co.uk\/wp-content\/uploads\/2015\/01\/alibabaAF66-1-150x59.jpg 150w, https:\/\/www.artfireplace.co.uk\/wp-content\/uploads\/2015\/01\/alibabaAF66-1-300x118.jpg 300w, https:\/\/www.artfireplace.co.uk\/wp-content\/uploads\/2015\/01\/alibabaAF66-1-768x301.jpg 768w\" sizes=\"(max-width: 952px) 100vw, 952px\" \/><\/p>\n<p><span style=\"color: #ff0000;\">\u2013 Utiliser uniquement dans les chambres de minimum 25 m2<\/span><br \/>\n<span style=\"color: #ff0000;\">\u2013 Dimensions: 66.0\/ 24.0 \/ 13.5 cm<\/span><br \/>\n<span style=\"color: #ff0000;\">\u2013 Ins\u00e9rez Taille minimum Trou: 64.0\/ 22.0\/ 15.0cm<\/span><br \/>\n\u2013 Sortie: 3750.00 W<br \/>\n\u2013 T\u00e9l\u00e9commande: YES<br \/>\n\u2013 Capacit\u00e9 du r\u00e9servoir: 4.20L<br \/>\n\u2013 Consommation: 0.60 liter\/hour<br \/>\n\u2013 Poids net: 14.0 kg<br \/>\n\u2013 Poids brut: 18.0kg<\/p>\n<p style=\"text-align: center;\"><strong>Art Intelligent Ethanol Chemin\u00e9e Fonctionnement Caract\u00e9ristiques:<\/strong><\/p>\n<p>1. bio\u00e9thanol automatique foyer extinction ou l&#8217;allumage command\u00e9 par tableau \u00e9lectrique et un bouton ON \/ OFF et la t\u00e9l\u00e9commande.<br \/>\n2. Mat\u00e9riel en acier inoxydable et MDF.<br \/>\n3. S\u00e9par\u00e9ment r\u00e9servoir de bio-\u00e9thanol et le foyer br\u00fblant<br \/>\n4. S\u00e9curit\u00e9 Co2 d\u00e9tecteur infrarouge qui arr\u00eate le feu en cas d&#8217;atteindre des niveaux de non autoris\u00e9es.<br \/>\n5. pompe \u00e9lectrique automatique pour remplir le br\u00fbleur<br \/>\n6. Avec les d\u00e9tecteurs de chaleur \u00e9lectroniques, il sera automatice extinction lorsque la temp\u00e9rature atteint les niveaux de non autoris\u00e9es.<br \/>\n7. AC chargeur ou chargeur de batterie avec chargeur de batterie.<br \/>\n8, Avec effet audio.<br \/>\n9. OEM service fourni, s&#8217;il vous pla\u00eet contactez-nous pour plus d&#8217;informations et des mod\u00e8les<\/p>\n<p>Associ\u00e9s d&#8217;autres mod\u00e8les d&#8217;insertion intelligente chemin\u00e9es alcool ventless de bio\u00e9thanol:<br \/>\ninsert automatique chemin\u00e9e bio\u00e9thanol AF100 (100X24X11.5cm)<br \/>\ninsert automatique chemin\u00e9e bio\u00e9thanol AF120 (120X24X21.5cm)<br \/>\ninsert automatique chemin\u00e9e bio\u00e9thanol AF150 (150X24X21.5cm)<br \/>\ninsert automatique chemin\u00e9e bio\u00e9thanol AF180 (180X24X21.5cm)<\/p>\n<figure id=\"attachment_931\" aria-describedby=\"caption-attachment-931\" style=\"width: 1020px\" class=\"wp-caption aligncenter\"><img decoding=\"async\" loading=\"lazy\" class=\"size-full wp-image-931\" src=\"https:\/\/artfireplace.co.uk\/wp-content\/uploads\/2015\/01\/Automatic-Bioethanol-fireplace-insert-Model.jpg\" alt=\"\" width=\"1020\" height=\"584\" srcset=\"https:\/\/www.artfireplace.co.uk\/wp-content\/uploads\/2015\/01\/Automatic-Bioethanol-fireplace-insert-Model.jpg 1020w, https:\/\/www.artfireplace.co.uk\/wp-content\/uploads\/2015\/01\/Automatic-Bioethanol-fireplace-insert-Model-150x86.jpg 150w, https:\/\/www.artfireplace.co.uk\/wp-content\/uploads\/2015\/01\/Automatic-Bioethanol-fireplace-insert-Model-300x172.jpg 300w\" sizes=\"(max-width: 1020px) 100vw, 1020px\" \/><figcaption id=\"caption-attachment-931\" class=\"wp-caption-text\">encastrables intelligents de l&#8217;\u00e9thanol<\/figcaption><\/figure>\n<p>produits 1.Customized:<br \/>\nPrix selon les exigences de taille et de la quantit\u00e9 d&#8217;un rapport unique!<br \/>\nLa dur\u00e9e normale de 10-15 jours ouvrables (commandes acc\u00e9l\u00e9r\u00e9es, s&#8217;il vous pla\u00eet consulter le service \u00e0 la client\u00e8le et les ventes)<br \/>\n2.We ont \u00e9galement de nombreux mod\u00e8les de chemin\u00e9es manuelles d&#8217;alcool.<\/p>\n<p>Des informations d\u00e9taill\u00e9es sur nos chemin\u00e9es bio \u00e9thanol, s&#8217;il vous pla\u00eet contactez-nous.<\/p>\n<p>Parmi les meilleurs dans l&#8217;art \u00e9thanol chemin\u00e9e design, l&#8217;AF66 Remote Controlled \u00e9lectronique Bio Ethanol Chemin\u00e9e Insert est favoris\u00e9e par les architectes, les entrepreneurs et designers haut de gamme et offre au client exigeants de qualit\u00e9 et de s\u00e9curit\u00e9 sans pr\u00e9c\u00e9dent. En plus des m\u00eames flammes br\u00fblantes sans ventilation et propres comme manuelles inserts de chemin\u00e9e \u00e0 l&#8217;\u00e9thanol, ce br\u00fbleur bio \u00e9thanol art-chemin\u00e9e offre beaucoup plus pour les applications r\u00e9sidentielles et commerciales:<\/p>\n<p>Capacit\u00e9 de contr\u00f4le \u00e0 distance. En raison de son fonctionnement \u00e9lectronique, aliment\u00e9 par une source d&#8217;alimentation de douze volts, cette chemin\u00e9e \u00e9thanol insert peut \u00eatre allum\u00e9 et \u00e9teint par un interrupteur marche \/ arr\u00eat situ\u00e9 sur le br\u00fbleur lui-m\u00eame, une t\u00e9l\u00e9commande \u00e0 un bouton ou via votre t\u00e9l\u00e9phone intelligent en int\u00e9grant votre Smart Home syst\u00e8me.<\/p>\n<p>On-Board Safety Monitoring. La carte m\u00e8re de ce foyer insert est la s\u00e9curit\u00e9 centrale. Constamment auto-\u00e9valuation de son fonctionnement, ce br\u00fbleur intelligente r\u00e9agit \u00e0 toute condition qui semble atypique. Au cas o\u00f9 il d\u00e9tecter une quantit\u00e9 en exc\u00e8s d&#8217;\u00e9mission de dioxyde de carbone ou de la production de chaleur, il interrompt automatiquement le fonctionnement, \u00e9teindre la flamme et \u00e0 maintenir le m\u00e9canisme de verrouillage de la chambre de carburant. En outre, il sera auto-extinction devrait-il d\u00e9tecter le mouvement ou le niveau d&#8217;inclinaison sismique qui en fait un dispositif anti-choc. Les niveaux de carburant et de la batterie sont aussi constamment \u00e9valu\u00e9s pour des performances optimales et donneront notification par l&#8217;affichage LED du br\u00fbleur, qui indiquera les temps de fonctionnement et de vous avertir par un message sonore et l&#8217;erreur doit se produire un \u00e9v\u00e9nement.<\/p>\n<p>Construction robuste. Construit en acier inoxydable de grade 304, le br\u00fbleur \u00e0 \u00e9thanol est r\u00e9sistant \u00e0 la corrosion et pr\u00e9sente une excellente r\u00e9sistance \u00e0 d&#8217;autres expositions atmosph\u00e9riques, chimiques et. Sa plaque sup\u00e9rieure mesure trois millim\u00e8tres d&#8217;\u00e9paisseur (3\/32 pouces). Cela permet \u00e0 la robustesse, mais favorise un profil bas. Pour plus de s\u00e9curit\u00e9, la chemin\u00e9e de bio\u00e9thanol AF66 offre double isolation construction foyer.<\/p>\n<p>S\u00e9par\u00e9e du r\u00e9servoir de carburant et plateau du br\u00fbleur. En continuant avec les caract\u00e9ristiques de s\u00e9curit\u00e9 sans pr\u00e9c\u00e9dent de ce br\u00fbleur de l&#8217;\u00e9thanol, carburant en exc\u00e8s est log\u00e9 dans un r\u00e9servoir \u00e9tanche. Cela non seulement emp\u00eache l&#8217;\u00e9vaporation de carburant et la lib\u00e9ration aromatique de l&#8217;\u00e9thanol brut, mais diminue la quantit\u00e9 de carburant &#8220;expos\u00e9e&#8221; \u00e0 un moment donn\u00e9. Par l&#8217;interm\u00e9diaire d&#8217;une pompe \u00e0 carburant de qualit\u00e9 m\u00e9dicale, l&#8217;\u00e9thanol est d\u00e9livr\u00e9 dans le plateau du br\u00fbleur. Seulement permettant le plateau du br\u00fbleur pour g\u00e9rer quelques centilitres de carburant \u00e0 l&#8217;\u00e9thanol \u00e0 un moment donn\u00e9 favorise une s\u00e9curit\u00e9 suppl\u00e9mentaire et minimise les risques de dangers li\u00e9s \u00e0 l&#8217;incendie.<\/p>\n<p>Press Your Keybord Et Contactez-nous Librement!<\/p>\n<p>Top Six raisons de choisir Fires Bio Ethanol:<\/p>\n<p>Un vrai feu est une addition renversante \u00e0 la maison ou le jardin; si con\u00e7u comme une d\u00e9claration subtile ou une pi\u00e8ce dramatique, il y a une attraction unique \u00e0 la danse, le scintillement des flammes qui ne peut simplement pas \u00eatre \u00e9gal\u00e9 par aucun imitation. feux de bio\u00e9thanol deviennent une alternative de plus en plus populaire pour le traditionnel feu de bois ou de la combustion du charbon &#8211; et voici quelques-unes des principales raisons pour lesquelles.<\/p>\n<p>1 &#8211; Non Chemin\u00e9e, Non Vent<\/p>\n<p>Ceci est l&#8217;un des plus grands avantages de bio \u00e9thanol &#8211; vous pouvez avoir des feux sans conduit. Parce que l&#8217;\u00e9thanol bio br\u00fble proprement, il n&#8217;y a pas besoin d&#8217;installer une chemin\u00e9e, ce qui convient pour de nombreux endroits o\u00f9 un feu traditionnel serait impossible. En outre, contrairement \u00e0 d&#8217;autres types de feu flueless, il n&#8217;y a pas besoin d&#8217;installer un \u00e9vent permanent dans la salle soit; vous avez juste besoin d&#8217;\u00eatre en mesure de laisser un peu d&#8217;air frais si vous allez l&#8217;avoir allum\u00e9 en continu pendant une p\u00e9riode prolong\u00e9e de time.So Il permettra d&#8217;\u00e9conomiser votre temps et de l&#8217;argent !!!<\/p>\n<p>2 &#8211; Conception flexible<\/p>\n<p>Encore une fois, gr\u00e2ce \u00e0 combustion propre des qualit\u00e9s de l&#8217;\u00e9thanol bio, vous aurez beaucoup plus de flexibilit\u00e9 dans la conception de votre foyer. Si vous voulez une chemin\u00e9e blanche, vous pouvez l&#8217;avoir &#8211; il y aura tr\u00e8s peu de suie produite par un br\u00fbleur au bio\u00e9thanol, de sorte que la finition blanche s\u00e9journerez vierge. De m\u00eame, vous pouvez utiliser du verre ou une gamme d&#8217;autres mat\u00e9riaux qui seraient endommag\u00e9s ou souill\u00e9 par la suie et de la fum\u00e9e d&#8217;un bois traditionnel ou de charbon fire.So vous pouvez installer votre foyer Partout qui correspondent \u00e0 votre espace de feu Meilleur !!!<\/p>\n<p>3 &#8211; Utilisation facile<\/p>\n<p>\u00e9thanol Bio vient dans des bouteilles propres, donc il n&#8217;y a pas besoin de transporter le charbon lourd et d\u00e9sordonn\u00e9 ou de bois \u00e0 travers la maison. Tout ce que vous devez faire est de haut le conteneur du br\u00fbleur et vous \u00eates pr\u00eat \u00e0 aller. Bien s\u00fbr, comme en cas d&#8217;incendie il y a des pr\u00e9cautions de s\u00e9curit\u00e9 &#8211; assurez-vous toujours que le feu est \u00e9teint et le r\u00e9cipient est refroidi avant de vous rechargez le fuel.So vous appuyez simplement sur un bouton de la t\u00e9l\u00e9commande et profiter de votre unique et sp\u00e9cial incendie avec Vos amis et la famille !!!<\/p>\n<p>4 &#8211; Eco-Friendly<\/p>\n<p>\u00e9thanol Bio est un produit durable, contrairement aux combustibles fossiles tels que le charbon, et ne produit pas de fum\u00e9e \u00e0 polluer l&#8217;atmosph\u00e8re locale. Ils ne sont pas seulement d\u00e9coratifs, ils sont un moyen efficace de produire la chaleur, de sorte qu&#8217;ils peuvent vous aider \u00e0 chauffer votre maison dans le style sans impact sur le environment.So Clean feu et la chaleur de la sant\u00e9 maintient votre salon jamais Nouveau !!!<\/p>\n<p>5 &#8211; flamme naturelle<br \/>\nLes br\u00fblures de bio\u00e9thanol dans le bac directement et pleinement, tout comme un phonies soulevant de ashes.The Flame saute haut et en bas br\u00fblant et gererating une sagesse heat.High lumi\u00e8re la valeur de votre feu unique Space.So No Man-made No Regular, Just gratuit br\u00fblant comme une danse de Phoniex sans contrainte !!!<\/p>\n<p>6 &#8211; Safty Intelligent Ethanol Chemin\u00e9e Inserts<\/p>\n<p>Art Chemin\u00e9e offre la haute technologie et une gamme s\u00fbre d&#8217;\u00e9thanol fireplaces.Art br\u00fbleur \u00e0 \u00e9thanol sont \u00e9quip\u00e9s de capteurs de chaleur, CO\u00b2, remplissage, jauge du r\u00e9servoir, etc.If tout OPERATIONS occours ill\u00e9gales, l&#8217;appareil arr\u00eate automatiquement tout en montrant un message d&#8217;erreur sur l&#8217;\u00e9cran LCD .Nous essayons de d\u00e9velopper de nouvelles fonctions de pointe pour maintenir la s\u00e9curit\u00e9 essentielle pour users.All est livr\u00e9 avec coffre-fort et intelligent et ajouter la tranquillit\u00e9 d&#8217;esprit \u00e0 votre espace de vie.<\/p>\n<p>Inspirations feu \u00e9cologique: le m\u00e9lange des cultures et des atmosph\u00e8res Ce sera une excellente id\u00e9e pour le super design d&#8217;int\u00e9rieur de l&#8217;espace d&#8217;incendie!<\/p>\n<p>Nous pouvons concevoir toutes les d\u00e9corations avec ces nouvelles Bonne id\u00e9e feu devices.Really de poss\u00e9der un foyer au bio\u00e9thanol interlligent moderne!<\/p>\n<p>Apportez l&#8217;atmosph\u00e8re intime de cette belle chemin\u00e9e dans votre maison et profiter du confort pur.<\/p>\n<p>Avec des flammes d&#8217;art \u00e9thanol Chemin\u00e9e, assis ensemble, partager le bonheur et le succ\u00e8s avec votre famille et partenaires tout en buvant des vins rouges, Parler, jouer, rire &#8230; \u00c7a doit \u00eatre Great !!!<\/p>\n<p><a href=\"https:\/\/artfireplace.co.uk\/fr\/contact-art-fireplace\/\" target=\"_blank\" rel=\"noopener noreferrer\">Contactez-nous Librement Pour Fiches de Donn\u00e9es de la technologie!<\/a><\/p>\n<figure id=\"attachment_2023\" aria-describedby=\"caption-attachment-2023\" style=\"width: 1147px\" class=\"wp-caption aligncenter\"><img decoding=\"async\" loading=\"lazy\" class=\"size-full wp-image-2023\" src=\"https:\/\/artfireplace.co.uk\/wp-content\/uploads\/2016\/09\/bioethanol-burner-with-remote-controller.jpg\" alt=\"art intelligent decorate fireplace with remote control\" width=\"1147\" height=\"763\" srcset=\"https:\/\/www.artfireplace.co.uk\/wp-content\/uploads\/2016\/09\/bioethanol-burner-with-remote-controller.jpg 1147w, https:\/\/www.artfireplace.co.uk\/wp-content\/uploads\/2016\/09\/bioethanol-burner-with-remote-controller-150x100.jpg 150w, https:\/\/www.artfireplace.co.uk\/wp-content\/uploads\/2016\/09\/bioethanol-burner-with-remote-controller-300x200.jpg 300w, https:\/\/www.artfireplace.co.uk\/wp-content\/uploads\/2016\/09\/bioethanol-burner-with-remote-controller-768x511.jpg 768w, https:\/\/www.artfireplace.co.uk\/wp-content\/uploads\/2016\/09\/bioethanol-burner-with-remote-controller-1024x681.jpg 1024w\" sizes=\"(max-width: 1147px) 100vw, 1147px\" \/><figcaption id=\"caption-attachment-2023\" class=\"wp-caption-text\">art intelligent decorate fireplace with remote control<\/figcaption><\/figure>\n<figure id=\"attachment_1979\" aria-describedby=\"caption-attachment-1979\" style=\"width: 1147px\" class=\"wp-caption aligncenter\"><img decoding=\"async\" loading=\"lazy\" class=\"size-full wp-image-1979\" src=\"https:\/\/artfireplace.co.uk\/wp-content\/uploads\/2017\/05\/art-ethanol-fireplace-AF100-With-remote-control.jpg\" alt=\"art ethanol fireplace AF100 With remote control\" width=\"1147\" height=\"763\" srcset=\"https:\/\/www.artfireplace.co.uk\/wp-content\/uploads\/2017\/05\/art-ethanol-fireplace-AF100-With-remote-control.jpg 1147w, https:\/\/www.artfireplace.co.uk\/wp-content\/uploads\/2017\/05\/art-ethanol-fireplace-AF100-With-remote-control-150x100.jpg 150w, https:\/\/www.artfireplace.co.uk\/wp-content\/uploads\/2017\/05\/art-ethanol-fireplace-AF100-With-remote-control-300x200.jpg 300w, https:\/\/www.artfireplace.co.uk\/wp-content\/uploads\/2017\/05\/art-ethanol-fireplace-AF100-With-remote-control-768x511.jpg 768w, https:\/\/www.artfireplace.co.uk\/wp-content\/uploads\/2017\/05\/art-ethanol-fireplace-AF100-With-remote-control-1024x681.jpg 1024w\" sizes=\"(max-width: 1147px) 100vw, 1147px\" \/><figcaption id=\"caption-attachment-1979\" class=\"wp-caption-text\">art ethanol fireplace AF100 With remote control<\/figcaption><\/figure>\n<figure id=\"attachment_1974\" aria-describedby=\"caption-attachment-1974\" style=\"width: 1147px\" class=\"wp-caption aligncenter\"><img decoding=\"async\" loading=\"lazy\" class=\"size-full wp-image-1974\" src=\"https:\/\/artfireplace.co.uk\/wp-content\/uploads\/2017\/05\/design-urban-concept-art-ethanol-fireplace-af100-model.jpg\" alt=\"\" width=\"1147\" height=\"763\" srcset=\"https:\/\/www.artfireplace.co.uk\/wp-content\/uploads\/2017\/05\/design-urban-concept-art-ethanol-fireplace-af100-model.jpg 1147w, https:\/\/www.artfireplace.co.uk\/wp-content\/uploads\/2017\/05\/design-urban-concept-art-ethanol-fireplace-af100-model-150x100.jpg 150w, https:\/\/www.artfireplace.co.uk\/wp-content\/uploads\/2017\/05\/design-urban-concept-art-ethanol-fireplace-af100-model-300x200.jpg 300w, https:\/\/www.artfireplace.co.uk\/wp-content\/uploads\/2017\/05\/design-urban-concept-art-ethanol-fireplace-af100-model-768x511.jpg 768w, https:\/\/www.artfireplace.co.uk\/wp-content\/uploads\/2017\/05\/design-urban-concept-art-ethanol-fireplace-af100-model-1024x681.jpg 1024w\" sizes=\"(max-width: 1147px) 100vw, 1147px\" \/><figcaption id=\"caption-attachment-1974\" class=\"wp-caption-text\">design urban concept art ethanol fireplace af100 model<\/figcaption><\/figure>\n<figure id=\"attachment_1983\" aria-describedby=\"caption-attachment-1983\" style=\"width: 1147px\" class=\"wp-caption aligncenter\"><img decoding=\"async\" loading=\"lazy\" class=\"size-full wp-image-1983\" src=\"https:\/\/artfireplace.co.uk\/wp-content\/uploads\/2017\/03\/Automatic-Ethanol-fireplace-inserts.jpg\" alt=\"Automatic-Ethanol-fireplace-inserts\" width=\"1147\" height=\"763\" srcset=\"https:\/\/www.artfireplace.co.uk\/wp-content\/uploads\/2017\/03\/Automatic-Ethanol-fireplace-inserts.jpg 1147w, https:\/\/www.artfireplace.co.uk\/wp-content\/uploads\/2017\/03\/Automatic-Ethanol-fireplace-inserts-150x100.jpg 150w, https:\/\/www.artfireplace.co.uk\/wp-content\/uploads\/2017\/03\/Automatic-Ethanol-fireplace-inserts-300x200.jpg 300w, https:\/\/www.artfireplace.co.uk\/wp-content\/uploads\/2017\/03\/Automatic-Ethanol-fireplace-inserts-768x511.jpg 768w, https:\/\/www.artfireplace.co.uk\/wp-content\/uploads\/2017\/03\/Automatic-Ethanol-fireplace-inserts-1024x681.jpg 1024w\" sizes=\"(max-width: 1147px) 100vw, 1147px\" \/><figcaption id=\"caption-attachment-1983\" class=\"wp-caption-text\">Automatic-Ethanol-fireplace-inserts<\/figcaption><\/figure>\n","protected":false},"excerpt":{"rendered":"<p>Parmi les meilleurs dans l&#8217;art \u00e9thanol chemin\u00e9e design, l&#8217;AF66 Remote Controlled \u00e9lectronique Bio Ethanol Chemin\u00e9e Insert est favoris\u00e9e par les architectes, les entrepreneurs et designers haut de gamme et offre au client exigeants de qualit\u00e9 et de s\u00e9curit\u00e9 sans pr\u00e9c\u00e9dent.<\/p>\n","protected":false},"author":1,"featured_media":3805,"parent":0,"menu_order":0,"comment_status":"closed","ping_status":"closed","template":"","meta":[],"yst_prominent_words":[835,323,335,349,334,311,331,342,1304,1303,1302,1301,1255,1254,1253,1260,1259,1261,1258,1257],"translation":{"provider":"WPGlobus","version":"2.8.3","language":"fr","enabled_languages":["en","es","fr","it","pt","ar","ru"],"languages":{"en":{"title":true,"content":true,"excerpt":true},"es":{"title":true,"content":true,"excerpt":true},"fr":{"title":true,"content":true,"excerpt":true},"it":{"title":true,"content":true,"excerpt":true},"pt":{"title":true,"content":true,"excerpt":true},"ar":{"title":true,"content":true,"excerpt":true},"ru":{"title":true,"content":true,"excerpt":true}}},"_links":{"self":[{"href":"https:\/\/www.artfireplace.co.uk\/fr\/wp-json\/wp\/v2\/pages\/186"}],"collection":[{"href":"https:\/\/www.artfireplace.co.uk\/fr\/wp-json\/wp\/v2\/pages"}],"about":[{"href":"https:\/\/www.artfireplace.co.uk\/fr\/wp-json\/wp\/v2\/types\/page"}],"author":[{"embeddable":true,"href":"https:\/\/www.artfireplace.co.uk\/fr\/wp-json\/wp\/v2\/users\/1"}],"replies":[{"embeddable":true,"href":"https:\/\/www.artfireplace.co.uk\/fr\/wp-json\/wp\/v2\/comments?post=186"}],"version-history":[{"count":115,"href":"https:\/\/www.artfireplace.co.uk\/fr\/wp-json\/wp\/v2\/pages\/186\/revisions"}],"predecessor-version":[{"id":3444,"href":"https:\/\/www.artfireplace.co.uk\/fr\/wp-json\/wp\/v2\/pages\/186\/revisions\/3444"}],"wp:featuredmedia":[{"embeddable":true,"href":"https:\/\/www.artfireplace.co.uk\/fr\/wp-json\/wp\/v2\/media\/3805"}],"wp:attachment":[{"href":"https:\/\/www.artfireplace.co.uk\/fr\/wp-json\/wp\/v2\/media?parent=186"}],"wp:term":[{"taxonomy":"yst_prominent_words","embeddable":true,"href":"https:\/\/www.artfireplace.co.uk\/fr\/wp-json\/wp\/v2\/yst_prominent_words?post=186"}],"curies":[{"name":"wp","href":"https:\/\/api.w.org\/{rel}","templated":true}]}}