{"id":138,"date":"2015-01-03T12:53:59","date_gmt":"2015-01-03T04:53:59","guid":{"rendered":"https:\/\/artfireplace.co.uk\/?page_id=138"},"modified":"2021-07-29T17:57:47","modified_gmt":"2021-07-29T09:57:47","slug":"art-fireplace-support","status":"publish","type":"page","link":"https:\/\/www.artfireplace.co.uk\/it\/art-fireplace-support\/","title":{"rendered":"Impressionante Supporto"},"content":{"rendered":"<p><img decoding=\"async\" loading=\"lazy\" class=\"aligncenter wp-image-684\" src=\"https:\/\/artfireplace.co.uk\/wp-content\/uploads\/2015\/01\/after_sales_support_art_fireplace_China.jpg\" alt=\"Servizio post-vendita da Art Etanolo Camini\" width=\"764\" height=\"431\" srcset=\"https:\/\/www.artfireplace.co.uk\/wp-content\/uploads\/2015\/01\/after_sales_support_art_fireplace_China.jpg 539w, https:\/\/www.artfireplace.co.uk\/wp-content\/uploads\/2015\/01\/after_sales_support_art_fireplace_China-150x85.jpg 150w, https:\/\/www.artfireplace.co.uk\/wp-content\/uploads\/2015\/01\/after_sales_support_art_fireplace_China-300x169.jpg 300w\" sizes=\"(max-width: 764px) 100vw, 764px\" \/><\/p>\n<p>Art Camino Technology Limited<\/p>\n<p>Prefessional team di ingegneri con pi\u00f9 di 7 anni di esperienza di lavoro Per confermare la produzione ed il confezionamento servito pi\u00f9 di 10000 clienti.<\/p>\n<p>Al fine di evitare disagi inutili, vi consigliamo di leggere le istruzioni per l&#8217;uso del Guider utente con attenzione o consultare la sezione di supporto del sito web per il supporto aggiuntivo, prima di noi o il vostro dealer.In l&#8217;utente Guider contattare, ci sono molti importanti messaggio di essere conosciuto! Per accedere al servizio durante il periodo di garanzia si prega di contattare ART CAMINO TECHNOLOGY LIMITED Consumer email ufficiale: info@art-fireplace.com. I nostri dati possono essere trovati sul sito ufficiale. Quando non \u00e8 pi\u00f9 all&#8217;interno di garanzia si pu\u00f2 contattare direttamente il Centro di Assistenza autorizzato pi\u00f9 vicino.<br \/>\nPer essere in grado di aiutarvi bene e efficientlywhen di contattare noi o il rivenditore, si prega di avere a disposizione: la fattura originale o la ricevuta fiscale e il numero di modello Queste informazioni \u00e8 molto importante per voi e us.pls tenerlo in mano, se necessario, nel! futuro per il dopo vendita riparazione.<\/p>\n<p>Ispirazioni fuoco ecologico: il mix di culture e atmosfere<\/p>\n<p>Questa adattabilit\u00e0 permette ai creatori, gli interior designer e proprietari di casa per essere rilasciato dai vincoli di installazione. Si possono cos\u00ec creare i progetti con una brughiera disegno abbastanza liberamente. Il fuoco moderna pu\u00f2 essere utilizzato in tutta la cultura Designs decorazioni semplicemente embeding un telecomandati bio automatico camino bruciatore etanolo inserto.<\/p>\n<p>Facile da installare, facile da usare.<\/p>\n<p>Contattarci a: info@art-fireplace.com<\/p>\n<p>Dopo-Vendita-all&#8217;indirizzo: johnny@art-fireplace.com<\/p>\n<p>Art camino \u00e8 pronto ad aiutare con tutto ci\u00f2 che serve. Per essere sicuri di ottenere una risposta veloce e considerato, non esitate a contattarci via e-mail &#8211; \u00e8 sufficiente inserire i tuoi dati e noi ci metteremo di nuovo voi in 1 ora.<\/p>\n<p><img decoding=\"async\" loading=\"lazy\" class=\"aligncenter size-full wp-image-931\" src=\"https:\/\/artfireplace.co.uk\/wp-content\/uploads\/2015\/01\/Automatic-Bioethanol-fireplace-insert-Model.jpg\" alt=\"Art intelligente etanolo camino con telecomando\" width=\"1020\" height=\"584\" srcset=\"https:\/\/www.artfireplace.co.uk\/wp-content\/uploads\/2015\/01\/Automatic-Bioethanol-fireplace-insert-Model.jpg 1020w, https:\/\/www.artfireplace.co.uk\/wp-content\/uploads\/2015\/01\/Automatic-Bioethanol-fireplace-insert-Model-150x86.jpg 150w, https:\/\/www.artfireplace.co.uk\/wp-content\/uploads\/2015\/01\/Automatic-Bioethanol-fireplace-insert-Model-300x172.jpg 300w\" sizes=\"(max-width: 1020px) 100vw, 1020px\" \/><\/p>\n","protected":false},"excerpt":{"rendered":"<p>Art camino professionale squadra ingegneri con pi\u00f9 di 7 anni di esperienza di lavoro Per confermare la produzione ed il confezionamento servito pi\u00f9 di 10000 clienti.<\/p>\n","protected":false},"author":1,"featured_media":139,"parent":0,"menu_order":0,"comment_status":"closed","ping_status":"closed","template":"","meta":[],"yst_prominent_words":[],"translation":{"provider":"WPGlobus","version":"2.8.3","language":"it","enabled_languages":["en","es","fr","it","pt","ar","ru"],"languages":{"en":{"title":true,"content":true,"excerpt":true},"es":{"title":true,"content":true,"excerpt":true},"fr":{"title":true,"content":true,"excerpt":true},"it":{"title":true,"content":true,"excerpt":true},"pt":{"title":true,"content":true,"excerpt":true},"ar":{"title":true,"content":true,"excerpt":true},"ru":{"title":true,"content":true,"excerpt":true}}},"_links":{"self":[{"href":"https:\/\/www.artfireplace.co.uk\/it\/wp-json\/wp\/v2\/pages\/138"}],"collection":[{"href":"https:\/\/www.artfireplace.co.uk\/it\/wp-json\/wp\/v2\/pages"}],"about":[{"href":"https:\/\/www.artfireplace.co.uk\/it\/wp-json\/wp\/v2\/types\/page"}],"author":[{"embeddable":true,"href":"https:\/\/www.artfireplace.co.uk\/it\/wp-json\/wp\/v2\/users\/1"}],"replies":[{"embeddable":true,"href":"https:\/\/www.artfireplace.co.uk\/it\/wp-json\/wp\/v2\/comments?post=138"}],"version-history":[{"count":32,"href":"https:\/\/www.artfireplace.co.uk\/it\/wp-json\/wp\/v2\/pages\/138\/revisions"}],"predecessor-version":[{"id":3135,"href":"https:\/\/www.artfireplace.co.uk\/it\/wp-json\/wp\/v2\/pages\/138\/revisions\/3135"}],"wp:featuredmedia":[{"embeddable":true,"href":"https:\/\/www.artfireplace.co.uk\/it\/wp-json\/wp\/v2\/media\/139"}],"wp:attachment":[{"href":"https:\/\/www.artfireplace.co.uk\/it\/wp-json\/wp\/v2\/media?parent=138"}],"wp:term":[{"taxonomy":"yst_prominent_words","embeddable":true,"href":"https:\/\/www.artfireplace.co.uk\/it\/wp-json\/wp\/v2\/yst_prominent_words?post=138"}],"curies":[{"name":"wp","href":"https:\/\/api.w.org\/{rel}","templated":true}]}}