{"id":142,"date":"2015-01-03T13:01:07","date_gmt":"2015-01-03T05:01:07","guid":{"rendered":"https:\/\/artfireplace.co.uk\/?page_id=142"},"modified":"2017-05-19T11:38:34","modified_gmt":"2017-05-19T03:38:34","slug":"quality-ethanol-fireplace","status":"publish","type":"page","link":"https:\/\/www.artfireplace.co.uk\/it\/quality-ethanol-fireplace\/","title":{"rendered":"Prodotti di qualit\u00e0"},"content":{"rendered":"<h3><strong>Alta qualit\u00e0 e migliore Guardare bioetanolo Inserti per camini<\/strong><img decoding=\"async\" loading=\"lazy\" class=\"aligncenter size-full wp-image-681\" src=\"https:\/\/artfireplace.co.uk\/wp-content\/uploads\/2015\/03\/high-quality-bio-ethanol-fireplace-from-china.jpg\" alt=\"Art etanolo camino con telecomando\" width=\"1000\" height=\"600\" srcset=\"https:\/\/www.artfireplace.co.uk\/wp-content\/uploads\/2015\/03\/high-quality-bio-ethanol-fireplace-from-china.jpg 1000w, https:\/\/www.artfireplace.co.uk\/wp-content\/uploads\/2015\/03\/high-quality-bio-ethanol-fireplace-from-china-150x90.jpg 150w, https:\/\/www.artfireplace.co.uk\/wp-content\/uploads\/2015\/03\/high-quality-bio-ethanol-fireplace-from-china-300x180.jpg 300w\" sizes=\"(max-width: 1000px) 100vw, 1000px\" \/><\/h3>\n<p><img decoding=\"async\" loading=\"lazy\" class=\"aligncenter size-full wp-image-738\" src=\"https:\/\/artfireplace.co.uk\/wp-content\/uploads\/2015\/01\/quality-ethanol-fireplace-insert-tray.jpg\" alt=\"Automatico etanolo camino con telecomando\" width=\"1000\" height=\"750\" srcset=\"https:\/\/www.artfireplace.co.uk\/wp-content\/uploads\/2015\/01\/quality-ethanol-fireplace-insert-tray.jpg 1000w, https:\/\/www.artfireplace.co.uk\/wp-content\/uploads\/2015\/01\/quality-ethanol-fireplace-insert-tray-150x113.jpg 150w, https:\/\/www.artfireplace.co.uk\/wp-content\/uploads\/2015\/01\/quality-ethanol-fireplace-insert-tray-300x225.jpg 300w\" sizes=\"(max-width: 1000px) 100vw, 1000px\" \/><\/p>\n<p>Prefessional inserto ventless caminetto a bioetanolo produzione automatica Dalla Cina Foshan dove vicino Guangzhou in Cina.<br \/>\nSiamo fabbrica con pi\u00f9 di 7 anni di esperienze 100% export a livello mondiale places.100% il nostro modello sono le unit\u00e0 certifications.Each 1 CE approvate ha superato il nostro sistema di controllo di qualit\u00e0 prima del confezionamento.<br \/>\nCorrelati altri modelli di inserimento intelligente camini a bioetanolo alcol come qui sotto:<br \/>\ncamino automatico bioetanolo AF66 (66X24X11.5cm)<br \/>\ncamino automatico bioetanolo AF100 (100X24X12.5cm)<br \/>\ncamino automatico bioetanolo AF120 (120X24X21.5cm)<br \/>\ncamino automatico bioetanolo AF150 (150X24X21.5cm)<br \/>\ncamino automatico bioetanolo AF180 (180X24X21.5cm)<\/p>\n<p>Noi non siamo solo COMMERCIANTE !!! SIAMO fabbricante da porcellana !!!<\/p>\n<p>Un benessere del corpo e della mente !!!<\/p>\n<p>Di fronte ad una vita fuoco dando speciale ispirazione e sogno !!!<br \/>\nResta da scegliere solo il vostro universo fuoco &#8230;<\/p>\n<p><img decoding=\"async\" loading=\"lazy\" class=\"aligncenter size-full wp-image-701\" src=\"https:\/\/artfireplace.co.uk\/wp-content\/uploads\/2015\/01\/super-ethanol-bio-fireplace-china-by-art-fireplace.jpg\" alt=\"inserire produttore camino etanolo da porcellana\" width=\"1000\" height=\"750\" srcset=\"https:\/\/www.artfireplace.co.uk\/wp-content\/uploads\/2015\/01\/super-ethanol-bio-fireplace-china-by-art-fireplace.jpg 1000w, https:\/\/www.artfireplace.co.uk\/wp-content\/uploads\/2015\/01\/super-ethanol-bio-fireplace-china-by-art-fireplace-150x113.jpg 150w, https:\/\/www.artfireplace.co.uk\/wp-content\/uploads\/2015\/01\/super-ethanol-bio-fireplace-china-by-art-fireplace-300x225.jpg 300w\" sizes=\"(max-width: 1000px) 100vw, 1000px\" \/><\/p>\n<p><img decoding=\"async\" loading=\"lazy\" class=\"aligncenter size-full wp-image-702\" src=\"https:\/\/artfireplace.co.uk\/wp-content\/uploads\/2015\/01\/insert-ethanol-fireplace-by-art-fire.jpg\" alt=\"produttore camino etanolo intelligente da porcellana\" width=\"1000\" height=\"750\" srcset=\"https:\/\/www.artfireplace.co.uk\/wp-content\/uploads\/2015\/01\/insert-ethanol-fireplace-by-art-fire.jpg 1000w, https:\/\/www.artfireplace.co.uk\/wp-content\/uploads\/2015\/01\/insert-ethanol-fireplace-by-art-fire-150x113.jpg 150w, https:\/\/www.artfireplace.co.uk\/wp-content\/uploads\/2015\/01\/insert-ethanol-fireplace-by-art-fire-300x225.jpg 300w\" sizes=\"(max-width: 1000px) 100vw, 1000px\" \/><\/p>\n<p><img decoding=\"async\" loading=\"lazy\" class=\"aligncenter size-full wp-image-883\" src=\"https:\/\/artfireplace.co.uk\/wp-content\/uploads\/2015\/01\/bioethanol-fireplace-ventless-insert-AF180.jpg\" alt=\"intelligente camino etanolo elettronico con telecomando\" width=\"1000\" height=\"800\" srcset=\"https:\/\/www.artfireplace.co.uk\/wp-content\/uploads\/2015\/01\/bioethanol-fireplace-ventless-insert-AF180.jpg 1000w, https:\/\/www.artfireplace.co.uk\/wp-content\/uploads\/2015\/01\/bioethanol-fireplace-ventless-insert-AF180-150x120.jpg 150w, https:\/\/www.artfireplace.co.uk\/wp-content\/uploads\/2015\/01\/bioethanol-fireplace-ventless-insert-AF180-300x240.jpg 300w\" sizes=\"(max-width: 1000px) 100vw, 1000px\" \/><\/p>\n<p><img decoding=\"async\" loading=\"lazy\" class=\"aligncenter size-full wp-image-1364\" src=\"https:\/\/artfireplace.co.uk\/wp-content\/uploads\/2014\/12\/Intelligent-Ethanol-fireplace-insert-with-remote-control.jpg\" alt=\"super-caminetto di design moderno etanolo con telecomando\" width=\"1000\" height=\"666\" srcset=\"https:\/\/www.artfireplace.co.uk\/wp-content\/uploads\/2014\/12\/Intelligent-Ethanol-fireplace-insert-with-remote-control.jpg 1000w, https:\/\/www.artfireplace.co.uk\/wp-content\/uploads\/2014\/12\/Intelligent-Ethanol-fireplace-insert-with-remote-control-150x100.jpg 150w, https:\/\/www.artfireplace.co.uk\/wp-content\/uploads\/2014\/12\/Intelligent-Ethanol-fireplace-insert-with-remote-control-300x200.jpg 300w, https:\/\/www.artfireplace.co.uk\/wp-content\/uploads\/2014\/12\/Intelligent-Ethanol-fireplace-insert-with-remote-control-768x511.jpg 768w\" sizes=\"(max-width: 1000px) 100vw, 1000px\" \/><\/p>\n<p>Per Schede e Video di bruciatori arte intelligente etanolo, Pls contatto con le nostre vendite liberamente !!! Apprezziamo la possibilit\u00e0 di servire per voi !!!<\/p>\n<p>Contattarci a: info@art-fireplace.com<\/p>\n<p>Art camino \u00e8 pronto ad aiutare con tutto ci\u00f2 che serve. Per essere sicuri di ottenere una risposta veloce e considerato, non esitate a contattarci via e-mail &#8211; \u00e8 sufficiente inserire i tuoi dati e noi ci metteremo di nuovo voi in 1 ora.<\/p>\n","protected":false},"excerpt":{"rendered":"<p>\u00e8 un Prefessional inserimento automatico ventless bioetanolo camino Fabbricazione a partire da China.We sono fabbrica con pi\u00f9 di 5 anni di esperienza al 100% delle esportazioni.<\/p>\n","protected":false},"author":1,"featured_media":143,"parent":0,"menu_order":0,"comment_status":"closed","ping_status":"closed","template":"","meta":[],"yst_prominent_words":[],"translation":{"provider":"WPGlobus","version":"2.8.3","language":"it","enabled_languages":["en","es","fr","it","pt","ar","ru"],"languages":{"en":{"title":true,"content":true,"excerpt":true},"es":{"title":true,"content":true,"excerpt":true},"fr":{"title":true,"content":true,"excerpt":true},"it":{"title":true,"content":true,"excerpt":true},"pt":{"title":true,"content":true,"excerpt":true},"ar":{"title":true,"content":true,"excerpt":true},"ru":{"title":true,"content":true,"excerpt":true}}},"_links":{"self":[{"href":"https:\/\/www.artfireplace.co.uk\/it\/wp-json\/wp\/v2\/pages\/142"}],"collection":[{"href":"https:\/\/www.artfireplace.co.uk\/it\/wp-json\/wp\/v2\/pages"}],"about":[{"href":"https:\/\/www.artfireplace.co.uk\/it\/wp-json\/wp\/v2\/types\/page"}],"author":[{"embeddable":true,"href":"https:\/\/www.artfireplace.co.uk\/it\/wp-json\/wp\/v2\/users\/1"}],"replies":[{"embeddable":true,"href":"https:\/\/www.artfireplace.co.uk\/it\/wp-json\/wp\/v2\/comments?post=142"}],"version-history":[{"count":37,"href":"https:\/\/www.artfireplace.co.uk\/it\/wp-json\/wp\/v2\/pages\/142\/revisions"}],"predecessor-version":[{"id":2048,"href":"https:\/\/www.artfireplace.co.uk\/it\/wp-json\/wp\/v2\/pages\/142\/revisions\/2048"}],"wp:featuredmedia":[{"embeddable":true,"href":"https:\/\/www.artfireplace.co.uk\/it\/wp-json\/wp\/v2\/media\/143"}],"wp:attachment":[{"href":"https:\/\/www.artfireplace.co.uk\/it\/wp-json\/wp\/v2\/media?parent=142"}],"wp:term":[{"taxonomy":"yst_prominent_words","embeddable":true,"href":"https:\/\/www.artfireplace.co.uk\/it\/wp-json\/wp\/v2\/yst_prominent_words?post=142"}],"curies":[{"name":"wp","href":"https:\/\/api.w.org\/{rel}","templated":true}]}}