{"id":161,"date":"2015-01-03T13:49:28","date_gmt":"2015-01-03T05:49:28","guid":{"rendered":"https:\/\/artfireplace.co.uk\/?page_id=161"},"modified":"2024-08-16T16:11:19","modified_gmt":"2024-08-16T08:11:19","slug":"automatic-ethanol-fireplace","status":"publish","type":"page","link":"https:\/\/www.artfireplace.co.uk\/it\/automatic-ethanol-fireplace\/","title":{"rendered":"Intelligent AF100 bruciatore etanolo con telecomando"},"content":{"rendered":"<p>AF100 insert automatique alcool bio\u00e9thanol foyer &#8220;extra-large&#8221; chemin\u00e9e haut de gamme<\/p>\n<p>La beaut\u00e9 de longues flammes, \u00e0 l&#8217;\u00e9tat pur, qui se refl\u00e8tent dans le bloc d&#8217;acier inoxydable. L&#8217;AF100 offre la possibilit\u00e9 de cr\u00e9er une chemin\u00e9e \u00e0 l&#8217;\u00e2tre 16\/9 dans un design tendance. Une nouvelle id\u00e9e du feu, appuyez simplement sur le mod\u00e8le de control.This \u00e0 distance est bien accept\u00e9e par la plupart des clients.<img decoding=\"async\" loading=\"lazy\" class=\"aligncenter size-full wp-image-2149\" src=\"https:\/\/artfireplace.co.uk\/wp-content\/uploads\/2015\/01\/alibabaAF100.jpg\" alt=\"alibabaAF100 art fireplace automatic with remote controller\" width=\"1000\" height=\"400\" \/><br \/>\n&#8211; Utiliser uniquement dans des chambres de 30 m2 minimum<br \/>\n&#8211; Dimensions: 100 \/ 24,0 \/ 13,5 cm<br \/>\n&#8211; Taille Ins\u00e9rer trou minimum -: 98,0 \/ 22,0 \/ 15.0cm<br \/>\n&#8211; Sortie: 6200 W<br \/>\n&#8211; Capacit\u00e9 du r\u00e9servoir: 5 L<br \/>\n&#8211; Consommation: 1 litre \/ heure<br \/>\n&#8211; T\u00e9l\u00e9commande: Oui<br \/>\n&#8211; Poids net: 20,0 kg<br \/>\n&#8211; Poids brut: 27,0 kg<\/p>\n<p>1. bio\u00e9thanol automatique foyer extinction ou l&#8217;allumage command\u00e9 par tableau \u00e9lectrique et un bouton ON \/ OFF et la t\u00e9l\u00e9commande.<br \/>\n2. Mat\u00e9riel en acier inoxydable et MDF.<br \/>\n3. S\u00e9par\u00e9ment r\u00e9servoir de bio-\u00e9thanol et le foyer br\u00fblant<br \/>\n4. S\u00e9curit\u00e9 Co2 d\u00e9tecteur infrarouge qui arr\u00eate le feu en cas d&#8217;atteindre des niveaux de non autoris\u00e9es.<br \/>\n5. pompe \u00e9lectrique automatique pour remplir le br\u00fbleur<br \/>\n6. Avec les d\u00e9tecteurs de chaleur \u00e9lectroniques, il sera automatice extinction lorsque la temp\u00e9rature atteint les niveaux de non autoris\u00e9es.<br \/>\n7. AC chargeur ou chargeur de batterie avec chargeur de batterie.<br \/>\n8, Avec effet audio.<br \/>\n9, Facile \u00e0 installer et \u00e0 utiliser.<br \/>\nService 10.OEM fourni.<\/p>\n<p>Associ\u00e9s d&#8217;autres mod\u00e8les de chemin\u00e9es intelligents alcool d&#8217;\u00e9thanol:<br \/>\nIns\u00e9rez automatique foyer au bio\u00e9thanol AF66 (66X24X13.5cm)<br \/>\nIns\u00e9rez automatique foyer au bio\u00e9thanol AF120 (120X24X21.5cm)<br \/>\nIns\u00e9rez automatique foyer au bio\u00e9thanol AF150 (150X24X21.5cm)<br \/>\nIns\u00e9rez automatique foyer au bio\u00e9thanol AF180 (180X24X21.5cm)<\/p>\n<p>L&#8217;humanit\u00e9 r\u00eaver devant sa chemin\u00e9e devient imaginative. Le feu lui donne un avenir, une conscience, une \u00e9tincelle de feu c\u00e9leste<br \/>\n1.Le feu est un \u00e9l\u00e9ment extraordinaire de sympathique. Fournir une ligne de feu de plus d&#8217;un m\u00e8tre de long est un v\u00e9ritable atout pour les concepteurs ou les personnes qui souhaitent cr\u00e9er une atmosph\u00e8re unique, un nouveau concept de feu! Le feu est intime et universelle, le feu est ultra-vivant!<\/p>\n<p>2. bio\u00e9thanol s\u00e9curis\u00e9 chemin\u00e9e insert avec allumage \u00e9lectronique command\u00e9 \u00e0 distance<br \/>\nBio\u00e9thanol chemin\u00e9e insert AF100 est belle, mais il est \u00e9galement s\u00e9curis\u00e9, \u00e9quip\u00e9 d&#8217;un grand nombre de d\u00e9tecteurs: niveau, C0\u00b2, capteurs de chaleur,etc. En outre, vous ne devez pas l&#8217;allumer avec un briquet ou des allumettes, appuyez simplement sur la t\u00e9l\u00e9commande.<\/p>\n<p>3. Art Chemin\u00e9e un v\u00e9ritable bio fabricant d&#8217;inserts de br\u00fbleur<br \/>\nArt Le feu est un des br\u00fbleurs bio \u00e9lectroniques avec le fabricant d&#8217;allumage automatique command\u00e9 \u00e0 distance \u00e0 la fine pointe de la technologie. Un vrai inserts bio vont sans fum\u00e9e qui peut \u00eatre install\u00e9 dans des maisons ou appartements, dans des r\u00e9sidences priv\u00e9es ou des locaux commerciaux.<br \/>\nUne gamme en cours d&#8217;ex\u00e9cution sur 96 \u00b0 bio\u00e9thanol, un alcool convivial \u00e9co-fabriqu\u00e9s avec des plantes et des d\u00e9chets.<\/p>\n<p>produits 1.Customized:<br \/>\nPrix selon les exigences de taille et de la quantit\u00e9 d&#8217;un rapport unique!<br \/>\nLa dur\u00e9e normale de 10-15 jours de travail (commandes acc\u00e9l\u00e9r\u00e9es, s&#8217;il vous pla\u00eet consulter le service \u00e0 la client\u00e8le et les ventes)<br \/>\n2.We ont \u00e9galement de nombreux mod\u00e8les de chemin\u00e9es manuelles alcool d&#8217;\u00e9thanol.<br \/>\nDes informations d\u00e9taill\u00e9es sur chemin\u00e9e art de bio\u00e9thanol, s&#8217;il vous pla\u00eet contactez-nous.<br \/>\nDans l&#8217;attente de votre enqu\u00eate!<\/p>\n<p>Parmi les meilleurs dans la conception de chemin\u00e9e d&#8217;art, le AF100 Remote Controlled \u00e9lectronique Bio Ethanol Chemin\u00e9e Insert est favoris\u00e9e par les architectes, les entrepreneurs et designers haut de gamme et offre au client exigeants de qualit\u00e9 et de s\u00e9curit\u00e9 sans pr\u00e9c\u00e9dent. En plus des m\u00eames flammes br\u00fblantes sans ventilation et propres comme manuelles inserts de chemin\u00e9e \u00e0 l&#8217;\u00e9thanol, ce br\u00fbleur bio \u00e9thanol art-chemin\u00e9e offre beaucoup plus pour les applications r\u00e9sidentielles et commerciales:<\/p>\n<p>Capacit\u00e9 de contr\u00f4le \u00e0 distance. En raison de son fonctionnement \u00e9lectronique, aliment\u00e9 par une source d&#8217;alimentation de douze volts, cette chemin\u00e9e \u00e9thanol insert peut \u00eatre allum\u00e9 et \u00e9teint par un interrupteur marche \/ arr\u00eat situ\u00e9 sur le br\u00fbleur lui-m\u00eame, une t\u00e9l\u00e9commande \u00e0 un bouton ou via votre t\u00e9l\u00e9phone intelligent en int\u00e9grant votre Smart Home syst\u00e8me.<\/p>\n<p>On-Board Safety Monitoring. La carte m\u00e8re de ce foyer insert est la s\u00e9curit\u00e9 centrale. Constamment auto-\u00e9valuation de son fonctionnement, ce br\u00fbleur intelligente r\u00e9agit \u00e0 toute condition qui semble atypique. Au cas o\u00f9 il d\u00e9tecter une quantit\u00e9 en exc\u00e8s d&#8217;\u00e9mission de dioxyde de carbone ou de la production de chaleur, il interrompt automatiquement le fonctionnement, \u00e9teindre la flamme et \u00e0 maintenir le m\u00e9canisme de verrouillage de la chambre de carburant. En outre, il sera auto-extinction devrait-il d\u00e9tecter le mouvement ou le niveau d&#8217;inclinaison sismique qui en fait un dispositif anti-choc. Les niveaux de carburant et de la batterie sont aussi constamment \u00e9valu\u00e9s pour des performances optimales et donneront notification par l&#8217;affichage LED du br\u00fbleur, qui indiquera les temps de fonctionnement et de vous avertir par un message sonore et l&#8217;erreur doit se produire un \u00e9v\u00e9nement.<\/p>\n<p>Construction robuste. Construit en acier inoxydable de grade 304, le br\u00fbleur \u00e0 \u00e9thanol est r\u00e9sistant \u00e0 la corrosion et pr\u00e9sente une excellente r\u00e9sistance \u00e0 d&#8217;autres expositions atmosph\u00e9riques, chimiques et. Sa plaque sup\u00e9rieure mesure trois millim\u00e8tres d&#8217;\u00e9paisseur (3\/32 pouces). Cela permet \u00e0 la robustesse, mais favorise un profil bas. Pour plus de s\u00e9curit\u00e9, la bio chemin\u00e9e \u00e9thanol AF100 offre double isolation construction foyer.<\/p>\n<p>S\u00e9par\u00e9e du r\u00e9servoir de carburant et plateau du br\u00fbleur. En continuant avec les caract\u00e9ristiques de s\u00e9curit\u00e9 sans pr\u00e9c\u00e9dent de ce br\u00fbleur de l&#8217;\u00e9thanol, carburant en exc\u00e8s est log\u00e9 dans un r\u00e9servoir \u00e9tanche. Cela non seulement emp\u00eache l&#8217;\u00e9vaporation de carburant et la lib\u00e9ration aromatique de l&#8217;\u00e9thanol brut, mais diminue la quantit\u00e9 de carburant &#8220;expos\u00e9e&#8221; \u00e0 un moment donn\u00e9. Par l&#8217;interm\u00e9diaire d&#8217;une pompe \u00e0 carburant de qualit\u00e9 m\u00e9dicale, l&#8217;\u00e9thanol est d\u00e9livr\u00e9 dans le plateau du br\u00fbleur. Seulement permettant le plateau du br\u00fbleur pour g\u00e9rer quelques centilitres de carburant \u00e0 l&#8217;\u00e9thanol \u00e0 un moment donn\u00e9 favorise une s\u00e9curit\u00e9 suppl\u00e9mentaire et minimise les risques de dangers li\u00e9s \u00e0 l&#8217;incendie.<\/p>\n<p>Cinq raisons de choisir Fires Bio Ethanol<\/p>\n<p>Un vrai feu est une addition renversante \u00e0 toute maison ou appartement; si con\u00e7u comme une d\u00e9claration subtile ou une pi\u00e8ce dramatique, il y a une attraction unique \u00e0 la danse, le scintillement des flammes qui ne peut simplement pas \u00eatre \u00e9gal\u00e9 par aucun imitation. feux de bio\u00e9thanol deviennent une alternative de plus en plus populaire pour le traditionnel feu de bois ou de la combustion du charbon &#8211; et voici quelques-unes des principales raisons pour lesquelles.<\/p>\n<p>1 &#8211; Non Chemin\u00e9e, Non Vent<\/p>\n<p>Ceci est l&#8217;un des plus grands avantages de bio \u00e9thanol &#8211; vous pouvez avoir des feux sans conduit. Parce que l&#8217;\u00e9thanol bio br\u00fble proprement, il n&#8217;y a pas besoin d&#8217;installer une chemin\u00e9e, ce qui convient pour de nombreux endroits o\u00f9 un feu traditionnel serait impossible. En outre, contrairement \u00e0 d&#8217;autres types de feu flueless, il n&#8217;y a pas besoin d&#8217;installer un \u00e9vent permanent dans la salle soit; vous avez juste besoin d&#8217;\u00eatre en mesure de laisser un peu d&#8217;air frais si vous allez l&#8217;avoir allum\u00e9 en continu pendant une p\u00e9riode prolong\u00e9e de time.So Il permettra d&#8217;\u00e9conomiser votre temps et de l&#8217;argent !!!<\/p>\n<p>2 &#8211; Conception flexible<\/p>\n<p>Encore une fois, gr\u00e2ce \u00e0 combustion propre des qualit\u00e9s de l&#8217;\u00e9thanol bio, vous aurez beaucoup plus de flexibilit\u00e9 dans la conception de votre foyer. Si vous voulez une chemin\u00e9e blanche, vous pouvez l&#8217;avoir &#8211; il y aura tr\u00e8s peu de suie produite par un br\u00fbleur au bio\u00e9thanol, de sorte que la finition blanche s\u00e9journerez vierge. De m\u00eame, vous pouvez utiliser du verre ou une gamme d&#8217;autres mat\u00e9riaux qui seraient endommag\u00e9s ou souill\u00e9 par la suie et de la fum\u00e9e d&#8217;un bois traditionnel ou de charbon fire.So vous pouvez installer votre foyer Partout qui correspondent \u00e0 votre espace de feu Meilleur !!!<\/p>\n<p>3 &#8211; Utilisation facile<\/p>\n<p>\u00e9thanol Bio vient dans des bouteilles propres, donc il n&#8217;y a pas besoin de transporter le charbon lourd et d\u00e9sordonn\u00e9 ou de bois \u00e0 travers la maison. Tout ce que vous devez faire est de haut le conteneur du br\u00fbleur et vous \u00eates pr\u00eat \u00e0 aller. Bien s\u00fbr, comme en cas d&#8217;incendie il y a des pr\u00e9cautions de s\u00e9curit\u00e9 &#8211; assurez-vous toujours que le feu est \u00e9teint et le r\u00e9cipient est refroidi avant de vous rechargez le fuel.So vous appuyez simplement sur un bouton de la t\u00e9l\u00e9commande et profiter de votre unique et sp\u00e9cial incendie avec Vos amis et la famille !!!<\/p>\n<p>4 &#8211; Eco-Friendly<\/p>\n<p>\u00e9thanol Bio est un produit durable, contrairement aux combustibles fossiles tels que le charbon, et ne produit pas de fum\u00e9e \u00e0 polluer l&#8217;atmosph\u00e8re locale. Ils ne sont pas seulement d\u00e9coratifs, ils sont un moyen efficace de produire la chaleur, de sorte qu&#8217;ils peuvent vous aider \u00e0 chauffer votre maison dans le style sans impact sur le environment.So Clean feu et la chaleur de la sant\u00e9 maintient votre salon jamais Nouveau !!!<\/p>\n<p>5 &#8211; flamme naturelle<br \/>\nLes br\u00fblures de bio\u00e9thanol dans le bac directement et pleinement, tout comme un phonies soulevant de ashes.The Flame saute haut et en bas br\u00fblant et gererating une sagesse heat.High lumi\u00e8re la valeur de votre feu unique Space.So No Man-made No Regular, Just gratuit br\u00fblant comme une danse de Phoniex sans contrainte !!!<\/p>\n<p>6 &#8211; Safty Intelligent Chemin\u00e9e \u00e9thanol<br \/>\nArt Chemin\u00e9e offre la haute technologie et une gamme s\u00fbre d&#8217;\u00e9thanol fireplaces.Art br\u00fbleur \u00e0 \u00e9thanol sont \u00e9quip\u00e9s de capteurs de chaleur, CO\u00b2, remplissage, jauge du r\u00e9servoir, etc.If tout OPERATIONS occours ill\u00e9gales, l&#8217;appareil arr\u00eate automatiquement tout en montrant un message d&#8217;erreur sur l&#8217;\u00e9cran LCD .Nous essayons de d\u00e9velopper de nouvelles fonctions de pointe pour maintenir la s\u00e9curit\u00e9 essentielle pour users.All est livr\u00e9 avec coffre-fort et intelligent et ajouter la tranquillit\u00e9 d&#8217;esprit \u00e0 votre espace de vie.<\/p>\n<p>Ispirazioni fuoco ecologico: il mix di culture e le atmospheres.This sar\u00e0 una grande idea per il design eccellente interni!<\/p>\n<p>Siamo in grado di concepire tutte le decorazioni con questi nuovi dispositivi di fuoco. Si inseriscono in tutti i progetti di migliorie casa. Il focolare del camino etanolo elettronico \u00e8 uno strumento mondo moderno per Super Modern interior design.Really Bella idea di possedere un moderno caminetto a bioetanolo interlligent!<\/p>\n<p>Con fiamme di Inserti per camini arte etanolo, seduti insieme, condividendo la felicit\u00e0 e di successo con la famiglia e Partners bevendo i vini rossi, parlare, giocare, ridere &#8230; Che deve essere Great !!!<\/p>\n<p><a href=\"https:\/\/artfireplace.co.uk\/it\/contact-art-fireplace\/\" target=\"_blank\" rel=\"noopener noreferrer\">Contatto con liberamente!<\/a><\/p>\n<figure id=\"attachment_1964\" aria-describedby=\"caption-attachment-1964\" style=\"width: 1147px\" class=\"wp-caption aligncenter\"><img decoding=\"async\" loading=\"lazy\" class=\"size-full wp-image-1964\" src=\"https:\/\/artfireplace.co.uk\/wp-content\/uploads\/2017\/05\/intelligent-ethanol-fireplace-af150-model.jpg\" alt=\"art Camino di etanolo\" width=\"1147\" height=\"763\" srcset=\"https:\/\/www.artfireplace.co.uk\/wp-content\/uploads\/2017\/05\/intelligent-ethanol-fireplace-af150-model.jpg 1147w, https:\/\/www.artfireplace.co.uk\/wp-content\/uploads\/2017\/05\/intelligent-ethanol-fireplace-af150-model-150x100.jpg 150w, https:\/\/www.artfireplace.co.uk\/wp-content\/uploads\/2017\/05\/intelligent-ethanol-fireplace-af150-model-300x200.jpg 300w, https:\/\/www.artfireplace.co.uk\/wp-content\/uploads\/2017\/05\/intelligent-ethanol-fireplace-af150-model-768x511.jpg 768w, https:\/\/www.artfireplace.co.uk\/wp-content\/uploads\/2017\/05\/intelligent-ethanol-fireplace-af150-model-1024x681.jpg 1024w\" sizes=\"(max-width: 1147px) 100vw, 1147px\" \/><figcaption id=\"caption-attachment-1964\" class=\"wp-caption-text\">art Camino di etanolo<\/figcaption><\/figure>\n<figure id=\"attachment_1974\" aria-describedby=\"caption-attachment-1974\" style=\"width: 1147px\" class=\"wp-caption aligncenter\"><img decoding=\"async\" loading=\"lazy\" class=\"size-full wp-image-1974\" src=\"https:\/\/artfireplace.co.uk\/wp-content\/uploads\/2017\/05\/design-urban-concept-art-ethanol-fireplace-af100-model.jpg\" alt=\"Camino di etanolo con telecomando\" width=\"1147\" height=\"763\" srcset=\"https:\/\/www.artfireplace.co.uk\/wp-content\/uploads\/2017\/05\/design-urban-concept-art-ethanol-fireplace-af100-model.jpg 1147w, https:\/\/www.artfireplace.co.uk\/wp-content\/uploads\/2017\/05\/design-urban-concept-art-ethanol-fireplace-af100-model-150x100.jpg 150w, https:\/\/www.artfireplace.co.uk\/wp-content\/uploads\/2017\/05\/design-urban-concept-art-ethanol-fireplace-af100-model-300x200.jpg 300w, https:\/\/www.artfireplace.co.uk\/wp-content\/uploads\/2017\/05\/design-urban-concept-art-ethanol-fireplace-af100-model-768x511.jpg 768w, https:\/\/www.artfireplace.co.uk\/wp-content\/uploads\/2017\/05\/design-urban-concept-art-ethanol-fireplace-af100-model-1024x681.jpg 1024w\" sizes=\"(max-width: 1147px) 100vw, 1147px\" \/><figcaption id=\"caption-attachment-1974\" class=\"wp-caption-text\">Camino di etanolo con telecomando<\/figcaption><\/figure>\n<figure id=\"attachment_1983\" aria-describedby=\"caption-attachment-1983\" style=\"width: 1147px\" class=\"wp-caption aligncenter\"><img decoding=\"async\" loading=\"lazy\" class=\"size-full wp-image-1983\" src=\"https:\/\/artfireplace.co.uk\/wp-content\/uploads\/2017\/03\/Automatic-Ethanol-fireplace-inserts.jpg\" alt=\"Inserti automatici a camino di etanolo\" width=\"1147\" height=\"763\" srcset=\"https:\/\/www.artfireplace.co.uk\/wp-content\/uploads\/2017\/03\/Automatic-Ethanol-fireplace-inserts.jpg 1147w, https:\/\/www.artfireplace.co.uk\/wp-content\/uploads\/2017\/03\/Automatic-Ethanol-fireplace-inserts-150x100.jpg 150w, https:\/\/www.artfireplace.co.uk\/wp-content\/uploads\/2017\/03\/Automatic-Ethanol-fireplace-inserts-300x200.jpg 300w, https:\/\/www.artfireplace.co.uk\/wp-content\/uploads\/2017\/03\/Automatic-Ethanol-fireplace-inserts-768x511.jpg 768w, https:\/\/www.artfireplace.co.uk\/wp-content\/uploads\/2017\/03\/Automatic-Ethanol-fireplace-inserts-1024x681.jpg 1024w\" sizes=\"(max-width: 1147px) 100vw, 1147px\" \/><figcaption id=\"caption-attachment-1983\" class=\"wp-caption-text\">Inserti automatici a camino di etanolo<\/figcaption><\/figure>\n<figure id=\"attachment_2023\" aria-describedby=\"caption-attachment-2023\" style=\"width: 1147px\" class=\"wp-caption aligncenter\"><img decoding=\"async\" loading=\"lazy\" class=\"size-full wp-image-2023\" src=\"https:\/\/artfireplace.co.uk\/wp-content\/uploads\/2016\/09\/bioethanol-burner-with-remote-controller.jpg\" alt=\"Camino di etanolo\" width=\"1147\" height=\"763\" srcset=\"https:\/\/www.artfireplace.co.uk\/wp-content\/uploads\/2016\/09\/bioethanol-burner-with-remote-controller.jpg 1147w, https:\/\/www.artfireplace.co.uk\/wp-content\/uploads\/2016\/09\/bioethanol-burner-with-remote-controller-150x100.jpg 150w, https:\/\/www.artfireplace.co.uk\/wp-content\/uploads\/2016\/09\/bioethanol-burner-with-remote-controller-300x200.jpg 300w, https:\/\/www.artfireplace.co.uk\/wp-content\/uploads\/2016\/09\/bioethanol-burner-with-remote-controller-768x511.jpg 768w, https:\/\/www.artfireplace.co.uk\/wp-content\/uploads\/2016\/09\/bioethanol-burner-with-remote-controller-1024x681.jpg 1024w\" sizes=\"(max-width: 1147px) 100vw, 1147px\" \/><figcaption id=\"caption-attachment-2023\" class=\"wp-caption-text\">Camino di etanolo<\/figcaption><\/figure>\n<figure id=\"attachment_1979\" aria-describedby=\"caption-attachment-1979\" style=\"width: 1147px\" class=\"wp-caption aligncenter\"><img decoding=\"async\" loading=\"lazy\" class=\"size-full wp-image-1979\" src=\"https:\/\/artfireplace.co.uk\/wp-content\/uploads\/2017\/05\/art-ethanol-fireplace-AF100-With-remote-control.jpg\" alt=\"Bruciatore di etanolo con telecomando\" width=\"1147\" height=\"763\" srcset=\"https:\/\/www.artfireplace.co.uk\/wp-content\/uploads\/2017\/05\/art-ethanol-fireplace-AF100-With-remote-control.jpg 1147w, https:\/\/www.artfireplace.co.uk\/wp-content\/uploads\/2017\/05\/art-ethanol-fireplace-AF100-With-remote-control-150x100.jpg 150w, https:\/\/www.artfireplace.co.uk\/wp-content\/uploads\/2017\/05\/art-ethanol-fireplace-AF100-With-remote-control-300x200.jpg 300w, https:\/\/www.artfireplace.co.uk\/wp-content\/uploads\/2017\/05\/art-ethanol-fireplace-AF100-With-remote-control-768x511.jpg 768w, https:\/\/www.artfireplace.co.uk\/wp-content\/uploads\/2017\/05\/art-ethanol-fireplace-AF100-With-remote-control-1024x681.jpg 1024w\" sizes=\"(max-width: 1147px) 100vw, 1147px\" \/><figcaption id=\"caption-attachment-1979\" class=\"wp-caption-text\">Bruciatore di etanolo con telecomando<\/figcaption><\/figure>\n<figure id=\"attachment_2004\" aria-describedby=\"caption-attachment-2004\" style=\"width: 1147px\" class=\"wp-caption aligncenter\"><img decoding=\"async\" loading=\"lazy\" class=\"size-full wp-image-2004\" src=\"https:\/\/artfireplace.co.uk\/wp-content\/uploads\/2015\/01\/automatic-alcohol-burners-with-remote-control.jpg\" alt=\"Inserti bruciatori di etanolo\" width=\"1147\" height=\"763\" srcset=\"https:\/\/www.artfireplace.co.uk\/wp-content\/uploads\/2015\/01\/automatic-alcohol-burners-with-remote-control.jpg 1147w, https:\/\/www.artfireplace.co.uk\/wp-content\/uploads\/2015\/01\/automatic-alcohol-burners-with-remote-control-150x100.jpg 150w, https:\/\/www.artfireplace.co.uk\/wp-content\/uploads\/2015\/01\/automatic-alcohol-burners-with-remote-control-300x200.jpg 300w, https:\/\/www.artfireplace.co.uk\/wp-content\/uploads\/2015\/01\/automatic-alcohol-burners-with-remote-control-768x511.jpg 768w, https:\/\/www.artfireplace.co.uk\/wp-content\/uploads\/2015\/01\/automatic-alcohol-burners-with-remote-control-1024x681.jpg 1024w\" sizes=\"(max-width: 1147px) 100vw, 1147px\" \/><figcaption id=\"caption-attachment-2004\" class=\"wp-caption-text\">Inserti bruciatori di etanolo<\/figcaption><\/figure>\n","protected":false},"excerpt":{"rendered":"<p>Tra il meglio del design camino arte, la AF100 Remote Controlled elettronica Bio Etanolo Inserto \u00e8 favorita da architetti, imprenditori e progettisti di fascia alta e offre la qualit\u00e0 senza precedenti nostra clientela e la sicurezza.<\/p>\n","protected":false},"author":1,"featured_media":3802,"parent":0,"menu_order":0,"comment_status":"closed","ping_status":"closed","template":"","meta":[],"yst_prominent_words":[835,339,323,335,349,317,334,311,329,1304,1303,1302,1301,1255,1254,1253,1259,333,1258,1257],"translation":{"provider":"WPGlobus","version":"2.8.3","language":"it","enabled_languages":["en","es","fr","it","pt","ar","ru"],"languages":{"en":{"title":true,"content":true,"excerpt":true},"es":{"title":true,"content":true,"excerpt":true},"fr":{"title":true,"content":true,"excerpt":true},"it":{"title":true,"content":true,"excerpt":true},"pt":{"title":true,"content":true,"excerpt":true},"ar":{"title":true,"content":true,"excerpt":true},"ru":{"title":true,"content":true,"excerpt":true}}},"_links":{"self":[{"href":"https:\/\/www.artfireplace.co.uk\/it\/wp-json\/wp\/v2\/pages\/161"}],"collection":[{"href":"https:\/\/www.artfireplace.co.uk\/it\/wp-json\/wp\/v2\/pages"}],"about":[{"href":"https:\/\/www.artfireplace.co.uk\/it\/wp-json\/wp\/v2\/types\/page"}],"author":[{"embeddable":true,"href":"https:\/\/www.artfireplace.co.uk\/it\/wp-json\/wp\/v2\/users\/1"}],"replies":[{"embeddable":true,"href":"https:\/\/www.artfireplace.co.uk\/it\/wp-json\/wp\/v2\/comments?post=161"}],"version-history":[{"count":91,"href":"https:\/\/www.artfireplace.co.uk\/it\/wp-json\/wp\/v2\/pages\/161\/revisions"}],"predecessor-version":[{"id":3752,"href":"https:\/\/www.artfireplace.co.uk\/it\/wp-json\/wp\/v2\/pages\/161\/revisions\/3752"}],"wp:featuredmedia":[{"embeddable":true,"href":"https:\/\/www.artfireplace.co.uk\/it\/wp-json\/wp\/v2\/media\/3802"}],"wp:attachment":[{"href":"https:\/\/www.artfireplace.co.uk\/it\/wp-json\/wp\/v2\/media?parent=161"}],"wp:term":[{"taxonomy":"yst_prominent_words","embeddable":true,"href":"https:\/\/www.artfireplace.co.uk\/it\/wp-json\/wp\/v2\/yst_prominent_words?post=161"}],"curies":[{"name":"wp","href":"https:\/\/api.w.org\/{rel}","templated":true}]}}