{"id":164,"date":"2015-01-03T13:54:59","date_gmt":"2015-01-03T05:54:59","guid":{"rendered":"https:\/\/artfireplace.co.uk\/?page_id=164"},"modified":"2024-06-25T10:47:25","modified_gmt":"2024-06-25T02:47:25","slug":"bio-fireplace","status":"publish","type":"page","link":"https:\/\/www.artfireplace.co.uk\/it\/bio-fireplace\/","title":{"rendered":"Automatico camino AF180 bioetanolo elettronico con telecomando"},"content":{"rendered":"<p><img decoding=\"async\" loading=\"lazy\" class=\"aligncenter size-full wp-image-931\" src=\"https:\/\/artfireplace.co.uk\/wp-content\/uploads\/2015\/01\/Automatic-Bioethanol-fireplace-insert-Model.jpg\" alt=\"Automatico camino AF180 bioetanolo elettronico con telecomando\" width=\"1020\" height=\"584\" srcset=\"https:\/\/www.artfireplace.co.uk\/wp-content\/uploads\/2015\/01\/Automatic-Bioethanol-fireplace-insert-Model.jpg 1020w, https:\/\/www.artfireplace.co.uk\/wp-content\/uploads\/2015\/01\/Automatic-Bioethanol-fireplace-insert-Model-150x86.jpg 150w, https:\/\/www.artfireplace.co.uk\/wp-content\/uploads\/2015\/01\/Automatic-Bioethanol-fireplace-insert-Model-300x172.jpg 300w\" sizes=\"(max-width: 1020px) 100vw, 1020px\" \/><\/p>\n<p>AF180 inserto caminetto a bioetanolo automatico il pi\u00f9 lungo sfogo elettronica gratuita bioetanolo camino:<\/p>\n<p><img decoding=\"async\" loading=\"lazy\" class=\"aligncenter size-full wp-image-995\" src=\"https:\/\/artfireplace.co.uk\/wp-content\/uploads\/2015\/01\/af180-ethanol-fireplace.jpg\" alt=\"inserire camino automatica bioetanolo\" width=\"492\" height=\"359\" srcset=\"https:\/\/www.artfireplace.co.uk\/wp-content\/uploads\/2015\/01\/af180-ethanol-fireplace.jpg 492w, https:\/\/www.artfireplace.co.uk\/wp-content\/uploads\/2015\/01\/af180-ethanol-fireplace-150x109.jpg 150w, https:\/\/www.artfireplace.co.uk\/wp-content\/uploads\/2015\/01\/af180-ethanol-fireplace-300x219.jpg 300w\" sizes=\"(max-width: 492px) 100vw, 492px\" \/><\/p>\n<p>Alta 180 centimetri rilascio fireline energetico, sicuro e facile da installare andUse!<br \/>\nVenga generare il vostro spazio unico e speciale Fuoco !!!<br \/>\n&#8211; Utilizzare solo in camere di almeno 45 m2<br \/>\n&#8211; Dimensioni: 180\/24 \/ 21.3 cm<br \/>\n&#8211; Dimensioni inserto foro minimo -: 178,0 \/ 22,5 \/ 25,0 centimetri<br \/>\n&#8211; Uscita: 12400 W<br \/>\n&#8211; Capacit\u00e0 del serbatoio: 18.5 L<br \/>\n&#8211; Consumo: 2 litri \/ ora<br \/>\n&#8211; Telecomando: S\u00ec<br \/>\n&#8211; Peso netto: 45.0kg<br \/>\n&#8211; Peso lordo: 56.0KG<\/p>\n<p>Correlati altri modelli di camini alcol etanolo intelligenti:<br \/>\nInserire automatico AF66 caminetto a bioetanolo (66X24X11.5cm)<br \/>\nInserire automatico AF100 caminetto a bioetanolo (100X24X12.5cm)<br \/>\nInserire automatico AF120 caminetto a bioetanolo (120X24X21.5cm)<br \/>\nInserire automatico AF150 caminetto a bioetanolo (150X24X21.5cm)<\/p>\n<p>Art intelligenti etanolo camino funzionante Caratteristiche:<br \/>\n1. bioetanolo automatico inserto camino estinzione o di accensione in ordine di quadro elettrico e di un pulsante ON \/ OFF e il controllo remoto.<br \/>\n2. Materiale in acciaio e MDF.<br \/>\n3. Separatamente serbatoio di bio-etanolo e del focolare che brucia<br \/>\n4. rilevatore a infrarossi Co2 di sicurezza che ferma il fuoco in caso di raggiungere livelli non autorizzate.<br \/>\n5. pompa elettrica automatica per riempire il bruciatore<br \/>\n6. Con rivelatori di calore elettronici, che verr\u00e0 Automatice estinzione quando la temperatura raggiunge i livelli non autorizzate.<br \/>\n7. caricabatterie o caricabatterie AC con caricatore della batteria.<br \/>\n8, con effetto audio.<br \/>\n9. OEM servizio fornito, si prega di contattare con noi per ulteriori informazioni ei modelli (Tech Data, video &#8230;)<\/p>\n<p>prodotti 1.Customized:<br \/>\nprezzo in base alle esigenze del cliente dimensioni e la quantit\u00e0 di un singolo report!<br \/>\nDurata normale di 10-15 giorni (gli ordini accelerato, si prega di consultare il servizio clienti e le vendite)<br \/>\n2.We hanno anche molti modelli di manuali camini alcol etanolo.<\/p>\n<p>Informazioni dettagliate su camino arte bioetanolo, non esitate a contattarci.<\/p>\n<p>Tra i migliori in arte etanolo camino design, l&#8217;AF180 Remote Controlled elettronica Bio Etanolo Inserto con il pi\u00f9 lungo camino avialable \u00e8 favorita da architetti, imprenditori e progettisti di fascia alta e offre la qualit\u00e0 senza precedenti nostra clientela e la sicurezza. Oltre agli stessi-libero sfogo e pulite fiamme ardenti come manuali inserti camino etanolo, questo bruciatore di bio etanolo arte-Fire offre molto di pi\u00f9 sia per le applicazioni residenziali e commerciali:<\/p>\n<p>Capacit\u00e0 di controllo remoto. Grazie al suo funzionamento elettronico, alimentato da una fonte di alimentazione di dodici volt, questo inserto camino etanolo pu\u00f2 essere accesa e spenta tramite un interruttore on \/ off situato sul bruciatore stesso, un telecomando unico pulsante o tramite il vostro smart phone attraverso l&#8217;integrazione con smart sistema domestico.<\/p>\n<p>On-Safety Monitoring Board. La scheda madre di questo inserto camino \u00e8 centrale per la sicurezza. Costantemente auto-valutare il suo funzionamento, questo masterizzatore intelligente reagisce a qualsiasi condizione che appare atipica. Dovrebbe percepire una quantit\u00e0 in eccesso di emissioni di anidride carbonica o di produzione di calore, cesser\u00e0 automaticamente il funzionamento, spegnere la fiamma e mantenere il meccanismo di chiusura della camera di combustione. Inoltre, sar\u00e0 autoestinguente dovrebbe rivelare il movimento sismico o il livello di inclinazione che lo rende un dispositivo antiurto. livelli di carburante e la batteria sono costantemente valutati per prestazioni ottimali e daranno notifica tramite display a LED del bruciatore, che indicher\u00e0 i tempi di intervento e avvisare dal suono e messaggio di errore dovrebbe verificarsi un evento.<\/p>\n<p>Costruzione robusta. Costruito in acciaio inossidabile 304, il bruciatore etanolo \u00e8 resistente alla corrosione e presenta un&#8217;ottima resistenza alla atmosferici, chimici e altre esposizioni. La sua piastra superiore misura tre millimetri di spessore (3\/32 pollici). Questo permette di robustezza, ma promuove un basso profilo. Per maggiore sicurezza, il caminetto a bioetanolo AF180 offre isolamento costruzione doppio focolare.<\/p>\n<p>Separata del carburante serbatoio e il vassoio del bruciatore. Continuando con le caratteristiche di sicurezza senza precedenti di questo bruciatore etanolo, il carburante in eccesso \u00e8 ospitato in un serbatoio sigillato. Questo non solo impedisce l&#8217;evaporazione del carburante e il rilascio aromatica dell&#8217;etanolo grezzo, ma diminuisce la quantit\u00e0 di carburante &#8220;esposti&#8221; in un dato momento. Attraverso una pompa di carburante grado medico, l&#8217;etanolo viene consegnato nel vassoio del bruciatore. Solo permettendo il gruppo bruciatore a gestire alcuni centilitri di etanolo in un determinato momento promuove maggiore sicurezza e minimizza il rischio di pericoli di incendio connessi.<\/p>\n<p>Primi sei motivi per scegliere Art Bio Incendi Etanolo:<\/p>\n<p>Un vero e proprio fuoco \u00e8 una splendida aggiunta a qualsiasi casa o in giardino; se concepito come una dichiarazione sottile o un centro drammatico, c&#8217;\u00e8 un&#8217;attrazione unica per ballare, sfarfallio fiamme che semplicemente non possono essere compensate da qualsiasi imitazione. incendi bioetanolo stanno diventando una sempre pi\u00f9 popolare alternativa al tradizionale legno o la combustione del carbone il fuoco &#8211; e qui ci sono alcuni dei migliori motivi.<\/p>\n<p>1 &#8211; Nessun camino, No Vent<\/p>\n<p>Questo \u00e8 uno dei pi\u00f9 grandi vantaggi di bio etanolo &#8211; si pu\u00f2 avere incendi flueless. Perch\u00e9 bioetanolo brucia in modo pulito, non c&#8217;\u00e8 bisogno di installare una canna fumaria, che lo rende adatto per molte posizioni dove un fuoco tradizionale sarebbe impossibile. Inoltre, a differenza di altri tipi di fuoco flueless, non c&#8217;\u00e8 bisogno di installare uno sfiato permanente in camera o; hai solo bisogno di essere in grado di far entrare un po &#8216;d&#8217;aria fresca se si sta andando ad avere acceso ininterrottamente per un periodo prolungato di time.So Ci\u00f2 consentir\u00e0 di risparmiare il vostro tempo e denaro !!!<\/p>\n<p>2 &#8211; Design flessibile<\/p>\n<p>Ancora una volta grazie alla qualit\u00e0 pulito-che brucia bio etanolo, avrete molta pi\u00f9 flessibilit\u00e0 nella progettazione del vostro camino. Se si desidera un camino bianco, si pu\u00f2 avere &#8211; ci sar\u00e0 molto poco fuliggine prodotta da un bruciatore bioetanolo, in modo che il rivestimento bianco rimarr\u00e0 intatta. Allo stesso modo, \u00e8 possibile utilizzare vetro o una serie di altri materiali che potrebbero essere danneggiati o macchiato dalla fuliggine e fumo di un tradizionale in legno o carbone fire.So \u00e8 possibile installare il caminetto Ovunque che misura il vostro spazio fuoco migliore !!!<\/p>\n<p>3 &#8211; Uso facile<\/p>\n<p>etanolo Bio \u00e8 disponibile in bottiglie pulite, quindi non c&#8217;\u00e8 bisogno di portare il carbone pesante e disordinato o legno per la casa. Tutto quello che devi fare \u00e8 ripristinare il contenitore del bruciatore e si \u00e8 pronti ad andare. Naturalmente, come per ogni incendio non ci sono misure di sicurezza &#8211; sempre assicurarsi che il fuoco \u00e8 spento e il contenitore \u00e8 fresco prima di rabboccare il fuel.So basta premere un pulsante di un telecomando e godervi il vostro unico e speciale antincendio con I vostri amici e famiglia !!!<\/p>\n<p>4 &#8211; Eco-Friendly<\/p>\n<p>etanolo Bio \u00e8 un prodotto sostenibile, a differenza dei combustibili fossili come il carbone, e non produce fumo inquinare l&#8217;atmosfera locale. Non sono solo decorativi, sono un modo efficace per produrre calore, in modo che possano aiutare a riscaldare la vostra casa con stile senza alcun impatto sul environment.So Clean fuoco e calore salute mantiene il vostro soggiorno sempre nuovo !!!<\/p>\n<p>5 &#8211; fiamma naturale<br \/>\nLe ustioni bioetanolo nel vassoio direttamente e pienamente, proprio come un phonies sollevando da ashes.The Fiamma salta su e gi\u00f9 bruciore e gererating una saggezza heat.High luce il valore del vostro fuoco unico Space.So No Man-made non regolari, appena libero ardente come una danza Phoniex senza vincolo !!!<\/p>\n<p>6 &#8211; Safty intelligente Etanolo Burner<br \/>\nArt Camino offre alta tecnologia e un range di sicurezza di etanolo fireplaces.Art bruciatore etanolo sono dotati di sensori di calore, CO\u00b2, riempimento, indicatore serbatoio, etc.if eventuali operatons occours illegali, il dispositivo si arrester\u00e0 automaticamente, mentre mostra il messaggio di errore sullo schermo LCD .Abbiamo cercare di sviluppare nuove funzioni tecnologiche per mantenere la sicurezza essenziale per users.All viene fornito con sicuro e intelligente e aggiungere la pace della mente al vostro Spazio.<\/p>\n<p>Un benessere del corpo e della mente<\/p>\n<p>Siamo in grado di concepire tutte le decorazioni con questi nuovi dispositivi di fuoco. Si inseriscono in tutti i progetti di migliorie casa. Il focolare etanolo elettronico fireplaceis uno strumento mondo moderno. Si \u00e8 assicurato e in remoto controlled.Really Bella idea di possedere un moderno caminetto a bioetanolo interlligent!<\/p>\n<p>Con fiamme di Inserti per camini arte etanolo, seduti insieme, condividendo la felicit\u00e0 e di successo con la famiglia e Partners bevendo i vini rossi, parlare, giocare, ridere &#8230; Che deve essere Great !!!<\/p>\n","protected":false},"excerpt":{"rendered":"<p>Tra il meglio del design camino arte, la AF180 Remote Controlled elettronica Bio Etanolo Inserto con il pi\u00f9 lungo camino avialable \u00e8 favorita da architetti, imprenditori e progettisti di fascia alta e offre la qualit\u00e0 senza precedenti nostra clientela e la sicurezza.<\/p>\n","protected":false},"author":1,"featured_media":3807,"parent":0,"menu_order":0,"comment_status":"closed","ping_status":"closed","template":"","meta":[],"yst_prominent_words":[339,323,335,1380,349,317,334,332,329,1304,1303,1302,1301,1255,1254,1253],"translation":{"provider":"WPGlobus","version":"2.8.3","language":"it","enabled_languages":["en","es","fr","it","pt","ar","ru"],"languages":{"en":{"title":true,"content":true,"excerpt":true},"es":{"title":true,"content":true,"excerpt":true},"fr":{"title":true,"content":true,"excerpt":true},"it":{"title":true,"content":true,"excerpt":true},"pt":{"title":true,"content":true,"excerpt":true},"ar":{"title":true,"content":true,"excerpt":true},"ru":{"title":true,"content":true,"excerpt":true}}},"_links":{"self":[{"href":"https:\/\/www.artfireplace.co.uk\/it\/wp-json\/wp\/v2\/pages\/164"}],"collection":[{"href":"https:\/\/www.artfireplace.co.uk\/it\/wp-json\/wp\/v2\/pages"}],"about":[{"href":"https:\/\/www.artfireplace.co.uk\/it\/wp-json\/wp\/v2\/types\/page"}],"author":[{"embeddable":true,"href":"https:\/\/www.artfireplace.co.uk\/it\/wp-json\/wp\/v2\/users\/1"}],"replies":[{"embeddable":true,"href":"https:\/\/www.artfireplace.co.uk\/it\/wp-json\/wp\/v2\/comments?post=164"}],"version-history":[{"count":80,"href":"https:\/\/www.artfireplace.co.uk\/it\/wp-json\/wp\/v2\/pages\/164\/revisions"}],"predecessor-version":[{"id":3320,"href":"https:\/\/www.artfireplace.co.uk\/it\/wp-json\/wp\/v2\/pages\/164\/revisions\/3320"}],"wp:featuredmedia":[{"embeddable":true,"href":"https:\/\/www.artfireplace.co.uk\/it\/wp-json\/wp\/v2\/media\/3807"}],"wp:attachment":[{"href":"https:\/\/www.artfireplace.co.uk\/it\/wp-json\/wp\/v2\/media?parent=164"}],"wp:term":[{"taxonomy":"yst_prominent_words","embeddable":true,"href":"https:\/\/www.artfireplace.co.uk\/it\/wp-json\/wp\/v2\/yst_prominent_words?post=164"}],"curies":[{"name":"wp","href":"https:\/\/api.w.org\/{rel}","templated":true}]}}