{"id":186,"date":"2015-01-03T15:41:37","date_gmt":"2015-01-03T07:41:37","guid":{"rendered":"https:\/\/artfireplace.co.uk\/?page_id=186"},"modified":"2024-05-31T12:02:01","modified_gmt":"2024-05-31T04:02:01","slug":"ethanol-fireplace","status":"publish","type":"page","link":"https:\/\/www.artfireplace.co.uk\/it\/ethanol-fireplace\/","title":{"rendered":"Automatico bioetanolo Camino AF66 Con 66 centimetri lungo"},"content":{"rendered":"<p>Con un&#8217;ampia dimensioni, la parte centrale del camino bioetanolo inserto AF66 permette le fiamme di sviluppare liberamente e in modo molto naturale. La soluzione intermedia per un incendio dinamica che rimane compatibile con le camere di medie dimensioni.<img decoding=\"async\" loading=\"lazy\" class=\"aligncenter size-full wp-image-2146\" src=\"https:\/\/artfireplace.co.uk\/wp-content\/uploads\/2015\/01\/alibabaAF66-1.jpg\" alt=\"alibaba art fire intelligent burner Model AF66\" width=\"952\" height=\"373\" srcset=\"https:\/\/www.artfireplace.co.uk\/wp-content\/uploads\/2015\/01\/alibabaAF66-1.jpg 952w, https:\/\/www.artfireplace.co.uk\/wp-content\/uploads\/2015\/01\/alibabaAF66-1-150x59.jpg 150w, https:\/\/www.artfireplace.co.uk\/wp-content\/uploads\/2015\/01\/alibabaAF66-1-300x118.jpg 300w, https:\/\/www.artfireplace.co.uk\/wp-content\/uploads\/2015\/01\/alibabaAF66-1-768x301.jpg 768w\" sizes=\"(max-width: 952px) 100vw, 952px\" \/><\/p>\n<p>&#8211; Utilizzare solo in camere di almeno 25 m2<br \/>\n&#8211; Dimensioni: 66,0 \/ 24,0 \/ 13,5 cm<br \/>\n&#8211; Dimensioni inserto foro minimo -: 64.0 \/ 22.0\/ 15,0 centimetri<br \/>\n&#8211; Uscita: 3750.00 W<br \/>\n&#8211; Controllo remoto: SI<br \/>\n&#8211; Capacit\u00e0 del serbatoio: 4.20L<br \/>\n&#8211; Consumo: 0,60 litro \/ ora<br \/>\n&#8211; NET Peso: 14,0 kg<br \/>\n&#8211; Peso lordo: 18.0kg<\/p>\n<p>Contattarci liberamente per i fogli di Tecnologia di dati!<\/p>\n<p style=\"text-align: center;\"><strong>Art intelligenti Etanolo funzionamento del bruciatore Caratteristiche:<\/strong><\/p>\n<p>1. bioetanolo automatico camino estinzione o di accensione in ordine di quadro elettrico e di un pulsante ON \/ OFF e il controllo remoto.<br \/>\n2. Materiale in acciaio e MDF.<br \/>\n3. Separatamente serbatoio di bio-etanolo e del focolare che brucia<br \/>\n4. rilevatore a infrarossi Co2 di sicurezza che ferma il fuoco in caso di raggiungere livelli non autorizzate.<br \/>\n5. pompa elettrica automatica per riempire il bruciatore<br \/>\n6. Con rivelatori di calore elettronici, che verr\u00e0 Automatice estinzione quando la temperatura raggiunge i livelli non autorizzate.<br \/>\n7. caricabatterie o caricabatterie AC con caricatore della batteria.<br \/>\n8, con effetto audio.<br \/>\n9. OEM servizio fornito, si prega di contattare con noi per ulteriori informazioni ei modelli<\/p>\n<p>Correlati altri modelli di inserimento intelligente camini ventless alcol bioetanolo:<br \/>\ninserimento automatico caminetto a bioetanolo AF100 (100X24X12.5cm)<br \/>\ninserimento automatico caminetto a bioetanolo AF120 (120X24X21.5cm)<br \/>\ninserimento automatico caminetto a bioetanolo AF150 (150X24X21.5cm)<br \/>\ninserimento automatico caminetto a bioetanolo AF180 (180X24X21.5cm)<\/p>\n<figure id=\"attachment_931\" aria-describedby=\"caption-attachment-931\" style=\"width: 1020px\" class=\"wp-caption aligncenter\"><img decoding=\"async\" loading=\"lazy\" class=\"size-full wp-image-931\" src=\"https:\/\/artfireplace.co.uk\/wp-content\/uploads\/2015\/01\/Automatic-Bioethanol-fireplace-insert-Model.jpg\" alt=\"\" width=\"1020\" height=\"584\" srcset=\"https:\/\/www.artfireplace.co.uk\/wp-content\/uploads\/2015\/01\/Automatic-Bioethanol-fireplace-insert-Model.jpg 1020w, https:\/\/www.artfireplace.co.uk\/wp-content\/uploads\/2015\/01\/Automatic-Bioethanol-fireplace-insert-Model-150x86.jpg 150w, https:\/\/www.artfireplace.co.uk\/wp-content\/uploads\/2015\/01\/Automatic-Bioethanol-fireplace-insert-Model-300x172.jpg 300w\" sizes=\"(max-width: 1020px) 100vw, 1020px\" \/><figcaption id=\"caption-attachment-931\" class=\"wp-caption-text\">intelligente etanolo camino inserisce<\/figcaption><\/figure>\n<p>prodotti 1.Customized:<br \/>\nprezzo in base alle esigenze del cliente dimensioni e la quantit\u00e0 di un singolo report!<br \/>\nDurata normale di 10-15 giorni lavorativi (gli ordini accelerato, si prega di consultare il servizio clienti e le vendite)<br \/>\n2.We hanno anche molti modelli di camini alcol manuali.<\/p>\n<p>Informazioni dettagliate sui nostri camini bio etanolo, non esitate a contattarci.<\/p>\n<p>Tra i migliori in arte etanolo camino design, la AF66 Remote Controlled elettronica Bio Etanolo Inserto \u00e8 favorita da architetti, imprenditori e progettisti di fascia alta e offre la qualit\u00e0 senza precedenti nostra clientela e la sicurezza. Oltre agli stessi-libero sfogo e pulite fiamme ardenti come inserti camino etanolo manuali, questo bruciatore di bio etanolo arte-camino offre molto di pi\u00f9 sia per le applicazioni residenziali e commerciali:<\/p>\n<p>Capacit\u00e0 di controllo remoto. Grazie al suo funzionamento elettronico, alimentato da una fonte di alimentazione di dodici volt, questo inserto camino etanolo pu\u00f2 essere accesa e spenta tramite un interruttore on \/ off situato sul bruciatore stesso, un telecomando unico pulsante o tramite il vostro smart phone attraverso l&#8217;integrazione con smart sistema domestico.<\/p>\n<p>On-Safety Monitoring Board. La scheda madre di questo inserto camino \u00e8 centrale per la sicurezza. Costantemente auto-valutare il suo funzionamento, questo masterizzatore intelligente reagisce a qualsiasi condizione che appare atipica. Dovrebbe percepire una quantit\u00e0 in eccesso di emissioni di anidride carbonica o di produzione di calore, cesser\u00e0 automaticamente il funzionamento, spegnere la fiamma e mantenere il meccanismo di chiusura della camera di combustione. Inoltre, sar\u00e0 autoestinguente dovrebbe rivelare il movimento sismico o il livello di inclinazione che lo rende un dispositivo antiurto. livelli di carburante e la batteria sono costantemente valutati per prestazioni ottimali e daranno notifica tramite display a LED del bruciatore, che indicher\u00e0 i tempi di intervento e avvisare dal suono e messaggio di errore dovrebbe verificarsi un evento.<\/p>\n<p>Costruzione robusta. Costruito in acciaio inossidabile 304, il bruciatore etanolo \u00e8 resistente alla corrosione e presenta un&#8217;ottima resistenza alla atmosferici, chimici e altre esposizioni. La sua piastra superiore misura tre millimetri di spessore (3\/32 pollici). Questo permette di robustezza, ma promuove un basso profilo. Per maggiore sicurezza, il caminetto a bioetanolo AF66 offre isolamento costruzione doppio focolare.<\/p>\n<p>Separata del carburante serbatoio e il vassoio del bruciatore. Continuando con le caratteristiche di sicurezza senza precedenti di questo bruciatore etanolo, il carburante in eccesso \u00e8 ospitato in un serbatoio sigillato. Questo non solo impedisce l&#8217;evaporazione del carburante e il rilascio aromatica dell&#8217;etanolo grezzo, ma diminuisce la quantit\u00e0 di carburante &#8220;esposti&#8221; in un dato momento. Attraverso una pompa di carburante grado medico, l&#8217;etanolo viene consegnato nel vassoio del bruciatore. Solo permettendo il gruppo bruciatore a gestire alcuni centilitri di etanolo in un determinato momento promuove maggiore sicurezza e minimizza il rischio di pericoli di incendio connessi.<\/p>\n<p>Premere tuo Keybord E contatto con liberamente!<\/p>\n<p>Primi sei motivi per scegliere Incendi Bio Etanolo:<\/p>\n<p>Un vero e proprio fuoco \u00e8 una splendida aggiunta a qualsiasi casa o in giardino; se concepito come una dichiarazione sottile o un centro drammatico, c&#8217;\u00e8 un&#8217;attrazione unica per ballare, sfarfallio fiamme che semplicemente non possono essere compensate da qualsiasi imitazione. incendi bioetanolo stanno diventando una sempre pi\u00f9 popolare alternativa al tradizionale legno o la combustione del carbone il fuoco &#8211; e qui ci sono alcuni dei migliori motivi.<\/p>\n<p>1 &#8211; Nessun camino, No Vent<\/p>\n<p>Questo \u00e8 uno dei pi\u00f9 grandi vantaggi di bio etanolo &#8211; si pu\u00f2 avere incendi flueless. Perch\u00e9 bioetanolo brucia in modo pulito, non c&#8217;\u00e8 bisogno di installare una canna fumaria, che lo rende adatto per molte posizioni dove un fuoco tradizionale sarebbe impossibile. Inoltre, a differenza di altri tipi di fuoco flueless, non c&#8217;\u00e8 bisogno di installare uno sfiato permanente in camera o; hai solo bisogno di essere in grado di far entrare un po &#8216;d&#8217;aria fresca se si sta andando ad avere acceso ininterrottamente per un periodo prolungato di time.So Ci\u00f2 consentir\u00e0 di risparmiare il vostro tempo e denaro !!!<\/p>\n<p>2 &#8211; Design flessibile<\/p>\n<p>Ancora una volta grazie alla qualit\u00e0 pulito-che brucia bio etanolo, avrete molta pi\u00f9 flessibilit\u00e0 nella progettazione del vostro camino. Se si desidera un camino bianco, si pu\u00f2 avere &#8211; ci sar\u00e0 molto poco fuliggine prodotta da un bruciatore bioetanolo, in modo che il rivestimento bianco rimarr\u00e0 intatta. Allo stesso modo, \u00e8 possibile utilizzare vetro o una serie di altri materiali che potrebbero essere danneggiati o macchiato dalla fuliggine e fumo di un tradizionale in legno o carbone fire.So \u00e8 possibile installare il caminetto Ovunque che misura il vostro spazio fuoco migliore !!!<\/p>\n<p>3 &#8211; Uso facile<\/p>\n<p>etanolo Bio \u00e8 disponibile in bottiglie pulite, quindi non c&#8217;\u00e8 bisogno di portare il carbone pesante e disordinato o legno per la casa. Tutto quello che devi fare \u00e8 ripristinare il contenitore del bruciatore e si \u00e8 pronti ad andare. Naturalmente, come per ogni incendio non ci sono misure di sicurezza &#8211; sempre assicurarsi che il fuoco \u00e8 spento e il contenitore \u00e8 fresco prima di rabboccare il fuel.So basta premere un pulsante di un telecomando e godervi il vostro unico e speciale antincendio con I vostri amici e famiglia !!!<\/p>\n<p>4 &#8211; Eco-Friendly<\/p>\n<p>etanolo Bio \u00e8 un prodotto sostenibile, a differenza dei combustibili fossili come il carbone, e non produce fumo inquinare l&#8217;atmosfera locale. Non sono solo decorativi, sono un modo efficace per produrre calore, in modo che possano aiutare a riscaldare la vostra casa con stile senza alcun impatto sul environment.So Clean fuoco e calore salute mantiene il vostro soggiorno sempre nuovo !!!<\/p>\n<p>5 &#8211; fiamma naturale<br \/>\nLe ustioni bioetanolo nel vassoio direttamente e pienamente, proprio come un phonies sollevando da ashes.The Fiamma salta su e gi\u00f9 bruciore e gererating una saggezza heat.High luce il valore del vostro fuoco unico Space.So No Man-made non regolari, appena libero ardente come una danza Phoniex senza vincolo !!!<\/p>\n<p>6 &#8211; Safty intelligenti Etanolo Canne fumarie<\/p>\n<p>Art Camino offre alta tecnologia e un range di sicurezza di etanolo fireplaces.Art bruciatore etanolo sono dotati di sensori di calore, CO\u00b2, riempimento, indicatore serbatoio, etc.if eventuali operatons occours illegali, il dispositivo si arrester\u00e0 automaticamente, mentre mostra il messaggio di errore sullo schermo LCD .Abbiamo cercare di sviluppare nuove funzioni tecnologiche per mantenere la sicurezza essenziale per users.All viene fornito con sicuro e intelligente e aggiungere la pace della mente al vostro Spazio.<\/p>\n<p>Ispirazioni fuoco ecologico: il mix di culture e le atmosfere Questa sar\u00e0 una grande idea per Super spazio interno fuoco design!<\/p>\n<p>Siamo in grado di concepire tutte le decorazioni con questi nuovi incendi devices.Really Bella idea di possedere un moderno caminetto a bioetanolo interlligent!<\/p>\n<p>Portare l&#8217;atmosfera intima di questo bel camino in casa e godere l&#8217;intimit\u00e0 puro.<\/p>\n<p>Con fiamme d&#8217;arte etanolo camino, seduti insieme, condividendo la felicit\u00e0 e di successo con la famiglia e Partners bevendo i vini rossi, parlare, giocare, ridere &#8230; Che deve essere Great !!!<\/p>\n<p><a href=\"https:\/\/artfireplace.co.uk\/contact-art-fireplace\/\" target=\"_blank\" rel=\"noopener noreferrer\">Contattarci liberamente per i fogli di Tecnologia di dati!<\/a><\/p>\n<figure id=\"attachment_2023\" aria-describedby=\"caption-attachment-2023\" style=\"width: 1147px\" class=\"wp-caption aligncenter\"><img decoding=\"async\" loading=\"lazy\" class=\"size-full wp-image-2023\" src=\"https:\/\/artfireplace.co.uk\/wp-content\/uploads\/2016\/09\/bioethanol-burner-with-remote-controller.jpg\" alt=\"mini intelligente etanolo camino\" width=\"1147\" height=\"763\" srcset=\"https:\/\/www.artfireplace.co.uk\/wp-content\/uploads\/2016\/09\/bioethanol-burner-with-remote-controller.jpg 1147w, https:\/\/www.artfireplace.co.uk\/wp-content\/uploads\/2016\/09\/bioethanol-burner-with-remote-controller-150x100.jpg 150w, https:\/\/www.artfireplace.co.uk\/wp-content\/uploads\/2016\/09\/bioethanol-burner-with-remote-controller-300x200.jpg 300w, https:\/\/www.artfireplace.co.uk\/wp-content\/uploads\/2016\/09\/bioethanol-burner-with-remote-controller-768x511.jpg 768w, https:\/\/www.artfireplace.co.uk\/wp-content\/uploads\/2016\/09\/bioethanol-burner-with-remote-controller-1024x681.jpg 1024w\" sizes=\"(max-width: 1147px) 100vw, 1147px\" \/><figcaption id=\"caption-attachment-2023\" class=\"wp-caption-text\">mini intelligente etanolo camino<\/figcaption><\/figure>\n<figure id=\"attachment_1979\" aria-describedby=\"caption-attachment-1979\" style=\"width: 1147px\" class=\"wp-caption aligncenter\"><img decoding=\"async\" loading=\"lazy\" class=\"size-full wp-image-1979\" src=\"https:\/\/artfireplace.co.uk\/wp-content\/uploads\/2017\/05\/art-ethanol-fireplace-AF100-With-remote-control.jpg\" alt=\"sveglia e intelligente etanolo camino\" width=\"1147\" height=\"763\" srcset=\"https:\/\/www.artfireplace.co.uk\/wp-content\/uploads\/2017\/05\/art-ethanol-fireplace-AF100-With-remote-control.jpg 1147w, https:\/\/www.artfireplace.co.uk\/wp-content\/uploads\/2017\/05\/art-ethanol-fireplace-AF100-With-remote-control-150x100.jpg 150w, https:\/\/www.artfireplace.co.uk\/wp-content\/uploads\/2017\/05\/art-ethanol-fireplace-AF100-With-remote-control-300x200.jpg 300w, https:\/\/www.artfireplace.co.uk\/wp-content\/uploads\/2017\/05\/art-ethanol-fireplace-AF100-With-remote-control-768x511.jpg 768w, https:\/\/www.artfireplace.co.uk\/wp-content\/uploads\/2017\/05\/art-ethanol-fireplace-AF100-With-remote-control-1024x681.jpg 1024w\" sizes=\"(max-width: 1147px) 100vw, 1147px\" \/><figcaption id=\"caption-attachment-1979\" class=\"wp-caption-text\">sveglia e intelligente etanolo camino<\/figcaption><\/figure>\n<figure id=\"attachment_1983\" aria-describedby=\"caption-attachment-1983\" style=\"width: 1147px\" class=\"wp-caption aligncenter\"><img decoding=\"async\" loading=\"lazy\" class=\"size-full wp-image-1983\" src=\"https:\/\/artfireplace.co.uk\/wp-content\/uploads\/2017\/03\/Automatic-Ethanol-fireplace-inserts.jpg\" alt=\"disegno intelligente etanolo camino\" width=\"1147\" height=\"763\" srcset=\"https:\/\/www.artfireplace.co.uk\/wp-content\/uploads\/2017\/03\/Automatic-Ethanol-fireplace-inserts.jpg 1147w, https:\/\/www.artfireplace.co.uk\/wp-content\/uploads\/2017\/03\/Automatic-Ethanol-fireplace-inserts-150x100.jpg 150w, https:\/\/www.artfireplace.co.uk\/wp-content\/uploads\/2017\/03\/Automatic-Ethanol-fireplace-inserts-300x200.jpg 300w, https:\/\/www.artfireplace.co.uk\/wp-content\/uploads\/2017\/03\/Automatic-Ethanol-fireplace-inserts-768x511.jpg 768w, https:\/\/www.artfireplace.co.uk\/wp-content\/uploads\/2017\/03\/Automatic-Ethanol-fireplace-inserts-1024x681.jpg 1024w\" sizes=\"(max-width: 1147px) 100vw, 1147px\" \/><figcaption id=\"caption-attachment-1983\" class=\"wp-caption-text\">disegno intelligente etanolo camino<\/figcaption><\/figure>\n<figure id=\"attachment_2020\" aria-describedby=\"caption-attachment-2020\" style=\"width: 1000px\" class=\"wp-caption aligncenter\"><img decoding=\"async\" loading=\"lazy\" class=\"size-full wp-image-2020\" src=\"https:\/\/artfireplace.co.uk\/wp-content\/uploads\/2017\/05\/automatic-ethanol-fireplace-unique-design-fire-space.jpg\" alt=\"Inserti intelligenti di camino di etanolo\" width=\"1000\" height=\"666\" srcset=\"https:\/\/www.artfireplace.co.uk\/wp-content\/uploads\/2017\/05\/automatic-ethanol-fireplace-unique-design-fire-space.jpg 1000w, https:\/\/www.artfireplace.co.uk\/wp-content\/uploads\/2017\/05\/automatic-ethanol-fireplace-unique-design-fire-space-150x100.jpg 150w, https:\/\/www.artfireplace.co.uk\/wp-content\/uploads\/2017\/05\/automatic-ethanol-fireplace-unique-design-fire-space-300x200.jpg 300w, https:\/\/www.artfireplace.co.uk\/wp-content\/uploads\/2017\/05\/automatic-ethanol-fireplace-unique-design-fire-space-768x511.jpg 768w\" sizes=\"(max-width: 1000px) 100vw, 1000px\" \/><figcaption id=\"caption-attachment-2020\" class=\"wp-caption-text\">Inserti intelligenti di camino di etanolo<\/figcaption><\/figure>\n<figure id=\"attachment_1964\" aria-describedby=\"caption-attachment-1964\" style=\"width: 1147px\" class=\"wp-caption aligncenter\"><img decoding=\"async\" loading=\"lazy\" class=\"size-full wp-image-1964\" src=\"https:\/\/artfireplace.co.uk\/wp-content\/uploads\/2017\/05\/intelligent-ethanol-fireplace-af150-model.jpg\" alt=\"art Camino di etanolo\" width=\"1147\" height=\"763\" srcset=\"https:\/\/www.artfireplace.co.uk\/wp-content\/uploads\/2017\/05\/intelligent-ethanol-fireplace-af150-model.jpg 1147w, https:\/\/www.artfireplace.co.uk\/wp-content\/uploads\/2017\/05\/intelligent-ethanol-fireplace-af150-model-150x100.jpg 150w, https:\/\/www.artfireplace.co.uk\/wp-content\/uploads\/2017\/05\/intelligent-ethanol-fireplace-af150-model-300x200.jpg 300w, https:\/\/www.artfireplace.co.uk\/wp-content\/uploads\/2017\/05\/intelligent-ethanol-fireplace-af150-model-768x511.jpg 768w, https:\/\/www.artfireplace.co.uk\/wp-content\/uploads\/2017\/05\/intelligent-ethanol-fireplace-af150-model-1024x681.jpg 1024w\" sizes=\"(max-width: 1147px) 100vw, 1147px\" \/><figcaption id=\"caption-attachment-1964\" class=\"wp-caption-text\">art Camino di etanolo<\/figcaption><\/figure>\n<figure id=\"attachment_1977\" aria-describedby=\"caption-attachment-1977\" style=\"width: 1147px\" class=\"wp-caption aligncenter\"><img decoding=\"async\" loading=\"lazy\" class=\"size-full wp-image-1977\" src=\"https:\/\/artfireplace.co.uk\/wp-content\/uploads\/2017\/05\/Art-Bio-ethanol-burner-insert-180cm-long-with-remote-control.jpg\" alt=\"Quemador inteligente de bioetanol\" width=\"1147\" height=\"763\" srcset=\"https:\/\/www.artfireplace.co.uk\/wp-content\/uploads\/2017\/05\/Art-Bio-ethanol-burner-insert-180cm-long-with-remote-control.jpg 1147w, https:\/\/www.artfireplace.co.uk\/wp-content\/uploads\/2017\/05\/Art-Bio-ethanol-burner-insert-180cm-long-with-remote-control-150x100.jpg 150w, https:\/\/www.artfireplace.co.uk\/wp-content\/uploads\/2017\/05\/Art-Bio-ethanol-burner-insert-180cm-long-with-remote-control-300x200.jpg 300w, https:\/\/www.artfireplace.co.uk\/wp-content\/uploads\/2017\/05\/Art-Bio-ethanol-burner-insert-180cm-long-with-remote-control-768x511.jpg 768w, https:\/\/www.artfireplace.co.uk\/wp-content\/uploads\/2017\/05\/Art-Bio-ethanol-burner-insert-180cm-long-with-remote-control-1024x681.jpg 1024w\" sizes=\"(max-width: 1147px) 100vw, 1147px\" \/><figcaption id=\"caption-attachment-1977\" class=\"wp-caption-text\">Quemador inteligente de bioetanol<\/figcaption><\/figure>\n<figure id=\"attachment_1969\" aria-describedby=\"caption-attachment-1969\" style=\"width: 1147px\" class=\"wp-caption aligncenter\"><img decoding=\"async\" loading=\"lazy\" class=\"size-full wp-image-1969\" src=\"https:\/\/artfireplace.co.uk\/wp-content\/uploads\/2017\/05\/modern-desin-indoor-ethanol-burner-af120-insert-with-remote-control.jpg\" alt=\"inserts de br\u00fbleur d'\u00e9thanol intelligente\" width=\"1147\" height=\"763\" srcset=\"https:\/\/www.artfireplace.co.uk\/wp-content\/uploads\/2017\/05\/modern-desin-indoor-ethanol-burner-af120-insert-with-remote-control.jpg 1147w, https:\/\/www.artfireplace.co.uk\/wp-content\/uploads\/2017\/05\/modern-desin-indoor-ethanol-burner-af120-insert-with-remote-control-150x100.jpg 150w, https:\/\/www.artfireplace.co.uk\/wp-content\/uploads\/2017\/05\/modern-desin-indoor-ethanol-burner-af120-insert-with-remote-control-300x200.jpg 300w, https:\/\/www.artfireplace.co.uk\/wp-content\/uploads\/2017\/05\/modern-desin-indoor-ethanol-burner-af120-insert-with-remote-control-768x511.jpg 768w, https:\/\/www.artfireplace.co.uk\/wp-content\/uploads\/2017\/05\/modern-desin-indoor-ethanol-burner-af120-insert-with-remote-control-1024x681.jpg 1024w\" sizes=\"(max-width: 1147px) 100vw, 1147px\" \/><figcaption id=\"caption-attachment-1969\" class=\"wp-caption-text\">inserts de br\u00fbleur d&#8217;\u00e9thanol intelligente<\/figcaption><\/figure>\n<figure id=\"attachment_1974\" aria-describedby=\"caption-attachment-1974\" style=\"width: 1147px\" class=\"wp-caption aligncenter\"><img decoding=\"async\" loading=\"lazy\" class=\"size-full wp-image-1974\" src=\"https:\/\/artfireplace.co.uk\/wp-content\/uploads\/2017\/05\/design-urban-concept-art-ethanol-fireplace-af100-model.jpg\" alt=\"Camino di etanolo con telecomando\" width=\"1147\" height=\"763\" srcset=\"https:\/\/www.artfireplace.co.uk\/wp-content\/uploads\/2017\/05\/design-urban-concept-art-ethanol-fireplace-af100-model.jpg 1147w, https:\/\/www.artfireplace.co.uk\/wp-content\/uploads\/2017\/05\/design-urban-concept-art-ethanol-fireplace-af100-model-150x100.jpg 150w, https:\/\/www.artfireplace.co.uk\/wp-content\/uploads\/2017\/05\/design-urban-concept-art-ethanol-fireplace-af100-model-300x200.jpg 300w, https:\/\/www.artfireplace.co.uk\/wp-content\/uploads\/2017\/05\/design-urban-concept-art-ethanol-fireplace-af100-model-768x511.jpg 768w, https:\/\/www.artfireplace.co.uk\/wp-content\/uploads\/2017\/05\/design-urban-concept-art-ethanol-fireplace-af100-model-1024x681.jpg 1024w\" sizes=\"(max-width: 1147px) 100vw, 1147px\" \/><figcaption id=\"caption-attachment-1974\" class=\"wp-caption-text\">Camino di etanolo con telecomando<\/figcaption><\/figure>\n","protected":false},"excerpt":{"rendered":"<p>Tra i migliori in arte etanolo camino design, la AF66 Remote Controlled elettronica Bio Etanolo Inserto \u00e8 favorita da architetti, imprenditori e progettisti di fascia alta e offre la qualit\u00e0 senza precedenti nostra clientela e la sicurezza.<\/p>\n","protected":false},"author":1,"featured_media":3805,"parent":0,"menu_order":0,"comment_status":"closed","ping_status":"closed","template":"","meta":[],"yst_prominent_words":[835,323,335,349,334,311,331,342,1304,1303,1302,1301,1255,1254,1253,1260,1259,1261,1258,1257],"translation":{"provider":"WPGlobus","version":"2.8.3","language":"it","enabled_languages":["en","es","fr","it","pt","ar","ru"],"languages":{"en":{"title":true,"content":true,"excerpt":true},"es":{"title":true,"content":true,"excerpt":true},"fr":{"title":true,"content":true,"excerpt":true},"it":{"title":true,"content":true,"excerpt":true},"pt":{"title":true,"content":true,"excerpt":true},"ar":{"title":true,"content":true,"excerpt":true},"ru":{"title":true,"content":true,"excerpt":true}}},"_links":{"self":[{"href":"https:\/\/www.artfireplace.co.uk\/it\/wp-json\/wp\/v2\/pages\/186"}],"collection":[{"href":"https:\/\/www.artfireplace.co.uk\/it\/wp-json\/wp\/v2\/pages"}],"about":[{"href":"https:\/\/www.artfireplace.co.uk\/it\/wp-json\/wp\/v2\/types\/page"}],"author":[{"embeddable":true,"href":"https:\/\/www.artfireplace.co.uk\/it\/wp-json\/wp\/v2\/users\/1"}],"replies":[{"embeddable":true,"href":"https:\/\/www.artfireplace.co.uk\/it\/wp-json\/wp\/v2\/comments?post=186"}],"version-history":[{"count":115,"href":"https:\/\/www.artfireplace.co.uk\/it\/wp-json\/wp\/v2\/pages\/186\/revisions"}],"predecessor-version":[{"id":3444,"href":"https:\/\/www.artfireplace.co.uk\/it\/wp-json\/wp\/v2\/pages\/186\/revisions\/3444"}],"wp:featuredmedia":[{"embeddable":true,"href":"https:\/\/www.artfireplace.co.uk\/it\/wp-json\/wp\/v2\/media\/3805"}],"wp:attachment":[{"href":"https:\/\/www.artfireplace.co.uk\/it\/wp-json\/wp\/v2\/media?parent=186"}],"wp:term":[{"taxonomy":"yst_prominent_words","embeddable":true,"href":"https:\/\/www.artfireplace.co.uk\/it\/wp-json\/wp\/v2\/yst_prominent_words?post=186"}],"curies":[{"name":"wp","href":"https:\/\/api.w.org\/{rel}","templated":true}]}}