{"id":199,"date":"2015-01-04T14:54:16","date_gmt":"2015-01-04T06:54:16","guid":{"rendered":"https:\/\/artfireplace.co.uk\/?page_id=199"},"modified":"2024-06-25T10:48:58","modified_gmt":"2024-06-25T02:48:58","slug":"ethanol-burner","status":"publish","type":"page","link":"https:\/\/www.artfireplace.co.uk\/it\/ethanol-burner\/","title":{"rendered":"Automatico bioetanolo camino AF120 con 120 centimetri lungo"},"content":{"rendered":"<p><img decoding=\"async\" loading=\"lazy\" class=\"size-full wp-image-931\" src=\"https:\/\/artfireplace.co.uk\/wp-content\/uploads\/2015\/01\/Automatic-Bioethanol-fireplace-insert-Model.jpg\" alt=\"Automatico bioetanolo camino AF120\" width=\"1020\" height=\"584\" srcset=\"https:\/\/www.artfireplace.co.uk\/wp-content\/uploads\/2015\/01\/Automatic-Bioethanol-fireplace-insert-Model.jpg 1020w, https:\/\/www.artfireplace.co.uk\/wp-content\/uploads\/2015\/01\/Automatic-Bioethanol-fireplace-insert-Model-150x86.jpg 150w, https:\/\/www.artfireplace.co.uk\/wp-content\/uploads\/2015\/01\/Automatic-Bioethanol-fireplace-insert-Model-300x172.jpg 300w\" sizes=\"(max-width: 1020px) 100vw, 1020px\" \/><\/p>\n<p>AF120 elettronico telecomandato inserimento automatico bioetanolo camino:<\/p>\n<p><img decoding=\"async\" loading=\"lazy\" class=\"size-full wp-image-891\" src=\"https:\/\/artfireplace.co.uk\/wp-content\/uploads\/2015\/04\/Automatic-bioethanol-fireplace-with-remote-control-manufacturer-China.jpg\" alt=\"elettronico telecomandato inserimento automatico bioetanolo camino\" width=\"900\" height=\"674\" srcset=\"https:\/\/www.artfireplace.co.uk\/wp-content\/uploads\/2015\/04\/Automatic-bioethanol-fireplace-with-remote-control-manufacturer-China.jpg 900w, https:\/\/www.artfireplace.co.uk\/wp-content\/uploads\/2015\/04\/Automatic-bioethanol-fireplace-with-remote-control-manufacturer-China-150x112.jpg 150w, https:\/\/www.artfireplace.co.uk\/wp-content\/uploads\/2015\/04\/Automatic-bioethanol-fireplace-with-remote-control-manufacturer-China-300x225.jpg 300w\" sizes=\"(max-width: 900px) 100vw, 900px\" \/><\/p>\n<p>&#8211; Utilizzare solo in camere di almeno 35 m2<br \/>\n&#8211; Dimensioni: 120 \/ 24,0 \/ 21,3 cm<br \/>\n&#8211; Dimensioni inserto foro minimo -: 118,5 \/ 22,5 \/ 25,0 centimetri<br \/>\n&#8211; Uscita: 7500 W<br \/>\n&#8211; Capacit\u00e0 del serbatoio: 12.0 L<br \/>\n&#8211; Consumo 1.2 litri \/ ora<br \/>\n&#8211; Peso netto: 30.0kg<br \/>\n&#8211; Peso lordo: 38.0kg<img decoding=\"async\" loading=\"lazy\" class=\"aligncenter size-full wp-image-2151\" src=\"https:\/\/artfireplace.co.uk\/wp-content\/uploads\/2015\/01\/alibabaAF120.jpg\" alt=\"alibabaAF120 automatic Ethanol Burner With Remote Controller\" width=\"1004\" height=\"462\" srcset=\"https:\/\/www.artfireplace.co.uk\/wp-content\/uploads\/2015\/01\/alibabaAF120.jpg 1004w, https:\/\/www.artfireplace.co.uk\/wp-content\/uploads\/2015\/01\/alibabaAF120-150x69.jpg 150w, https:\/\/www.artfireplace.co.uk\/wp-content\/uploads\/2015\/01\/alibabaAF120-300x138.jpg 300w, https:\/\/www.artfireplace.co.uk\/wp-content\/uploads\/2015\/01\/alibabaAF120-768x353.jpg 768w\" sizes=\"(max-width: 1004px) 100vw, 1004px\" \/><\/p>\n<p>Istruzioni di sicurezza:<\/p>\n<p>Non soffiare nel fuoco.<br \/>\nNon lasciare mai il fuoco incustodito.<br \/>\nTenere i bambini e gli animali domestici a distanza di sicurezza.<br \/>\nFate attenzione con chiude infiammabili o capelli.<br \/>\nEvitare il contatto fisico con il bioetanolo.<br \/>\nLa fiamma deve mai toccare direttamente all&#8217;interno dell&#8217;inserto metallico.<br \/>\nNon fumare mentre si ri-riempimento o l&#8217;accensione del bruciatore. Rischio di esplosione!<br \/>\nNon posizionare carta, cartone, tessuto (abiti), ecc. Sul bruciatore o intorno ad esso.<br \/>\nAVVERTIMENTO! Non ri-riempire un camino bio etanolo calda o tiepida. Rischio di esplosione!<br \/>\nImportante: Il camino bio etanolo deve essere utilizzato a scopo decorativo e non come un riscaldatore.<br \/>\nL&#8217;uso del camino bioetanolo come un multi-bruciatore o caminetto per materiali combustibili liquidi o solidi non \u00e8 consentito.<br \/>\nE &#8216;vietato per i bambini, le persone sotto l&#8217;influenza di alcool, droghe o farmaci, o persone che non sono fisicamente o mentalmente in buone condizioni, di utilizzare il camino bioetanolo.<\/p>\n<p>Relacionado outros modelos de lareiras autom\u00e1ticas \u00e1lcool etanol inteligentes:<br \/>\nlareira autom\u00e1tica bioetanol AF66 (66X24X13.5cm)<br \/>\nlareira autom\u00e1tica bioetanol AF100 (100X24X13.5cm)<br \/>\nlareira autom\u00e1tica bioetanol AF150 (150X24X21.5cm)<br \/>\nlareira autom\u00e1tica bioetanol AF180 (180X24X21.5cm)<\/p>\n<p>produtos 1.Customized:<\/p>\n<p>pre\u00e7o de acordo com o cliente tamanho requisitos e quantidade de um \u00fanico relat\u00f3rio!<br \/>\ndura\u00e7\u00e3o normal de 10-15 dias (ordens expedidas, por favor consulte o atendimento ao cliente e vendas)<br \/>\n2. N\u00f3s tamb\u00e9m temos muitos modelos de lareiras manuais de \u00e1lcool.<\/p>\n<p>Informa\u00e7\u00f5es detalhadas sobre lareira arte bioetanol, contacte-nos.<\/p>\n<p>Entre o melhor em design de arte lareira, o AF120 controle remoto eletr\u00f4nico Bio Ethanol Lareira Insert \u00e9 favorecido por arquitetos, empreiteiros e designers high-end e oferece a qualidade sem precedentes cliente exigente e seguran\u00e7a. Al\u00e9m dos mesmos sem ventila\u00e7\u00e3o e limpas chamas ardentes como manuais inser\u00e7\u00f5es da chamin\u00e9 de etanol, este gravador de bio etanol arte-Fire oferece muito mais para aplica\u00e7\u00f5es residenciais e comerciais:<\/p>\n<p>Capacidade de controle remoto. Devido ao seu funcionamento eletr\u00f4nico, alimentado por uma fonte de alimenta\u00e7\u00e3o de doze volts, esta inser\u00e7\u00e3o da chamin\u00e9 de etanol pode ser inflamado e extinta por meio de um bot\u00e3o liga \/ desliga localizado no pr\u00f3prio gravador, um controle remoto de um bot\u00e3o ou atrav\u00e9s de seu telefone inteligente atrav\u00e9s da integra\u00e7\u00e3o com o seu Smart Home System.<\/p>\n<p>On-Safety Monitoring Board. A placa-m\u00e3e desta inser\u00e7\u00e3o da chamin\u00e9 \u00e9 central para a seguran\u00e7a. Constante auto-avalia\u00e7\u00e3o do seu funcionamento, este gravador inteligente reage a qualquer condi\u00e7\u00e3o que aparece at\u00edpico. Se se detectar uma quantidade em excesso de emiss\u00e3o de di\u00f3xido de carbono ou a sa\u00edda de calor, ele deixar\u00e1 a opera\u00e7\u00e3o automaticamente, extinguir a chama e a manter o mecanismo de bloqueio da c\u00e2mara de combust\u00edvel. Al\u00e9m disso, ele ir\u00e1 auto-extin\u00e7\u00e3o deveria detectar o movimento s\u00edsmico ou o n\u00edvel de inclina\u00e7\u00e3o tornando-se um dispositivo \u00e0 prova de choque. n\u00edveis de combust\u00edvel e baterias tamb\u00e9m s\u00e3o constantemente avaliados para melhor desempenho e avisar\u00e1 atrav\u00e9s de display LED do queimador, que vai indicar tempos de opera\u00e7\u00e3o e alert\u00e1-lo pelo som e mensagem de erro deve ocorrer um evento.<\/p>\n<p>Constru\u00e7\u00e3o resistente. Constru\u00eddo em a\u00e7o inoxid\u00e1vel classe 304, o queimador de etanol \u00e9 resistente \u00e0 corros\u00e3o e apresenta excelente resist\u00eancia \u00e0 atmosf\u00e9rica, qu\u00edmica e outras exposi\u00e7\u00f5es. Sua placa superior mede tr\u00eas mil\u00edmetros de espessura (3\/32 polegadas). Isso permite robustez, ainda promove um perfil baixo. Para maior seguran\u00e7a, a inser\u00e7\u00e3o de etanol lareira AF120 oferece isolamento constru\u00e7\u00e3o dupla lareira.<\/p>\n<p>Separado do reservat\u00f3rio de combust\u00edvel e Burner Tray. Continuando com as caracter\u00edsticas de seguran\u00e7a sem precedentes deste gravador de etanol, excesso de combust\u00edvel est\u00e1 alojado em um reservat\u00f3rio selado. Isto n\u00e3o s\u00f3 evita a evapora\u00e7\u00e3o do combust\u00edvel e a liberta\u00e7\u00e3o arom\u00e1tica do etanol bruto, mas diminui a quantidade de combust\u00edvel &#8220;exposto&#8221; a qualquer momento dado. Por meio de uma bomba de combust\u00edvel de qualidade m\u00e9dica, o etanol \u00e9 entregue na bandeja de queimador. Permitindo apenas a bandeja do queimador para gerenciar alguns centilitros de etanol combust\u00edvel em um determinado momento promove a seguran\u00e7a adicional e minimiza o risco de perigos relacionados com o fogo.<\/p>\n<p>Primi sei motivi per scegliere Art bioetanolo caminetti:<\/p>\n<p>Un vero e proprio fuoco \u00e8 una splendida aggiunta a qualsiasi casa o in giardino; se concepito come una dichiarazione sottile o un centro drammatico, c&#8217;\u00e8 un&#8217;attrazione unica per ballare, sfarfallio fiamme che semplicemente non possono essere compensate da qualsiasi imitazione. incendi bioetanolo stanno diventando una sempre pi\u00f9 popolare alternativa al tradizionale legno o la combustione del carbone il fuoco &#8211; e qui ci sono alcuni dei migliori motivi.<\/p>\n<p>1 &#8211; Nessun camino, No Vent<\/p>\n<p>Questo \u00e8 uno dei pi\u00f9 grandi vantaggi di bio etanolo &#8211; si pu\u00f2 avere incendi flueless. Perch\u00e9 bioetanolo brucia in modo pulito, non c&#8217;\u00e8 bisogno di installare una canna fumaria, che lo rende adatto per molte posizioni dove un fuoco tradizionale sarebbe impossibile. Inoltre, a differenza di altri tipi di fuoco flueless, non c&#8217;\u00e8 bisogno di installare uno sfiato permanente in camera o; hai solo bisogno di essere in grado di far entrare un po &#8216;d&#8217;aria fresca se si sta andando ad avere acceso ininterrottamente per un periodo prolungato di time.So Ci\u00f2 consentir\u00e0 di risparmiare il vostro tempo e denaro !!!<\/p>\n<p>2 &#8211; Design flessibile<\/p>\n<p>Ancora una volta grazie alla qualit\u00e0 pulito-che brucia bio etanolo, avrete molta pi\u00f9 flessibilit\u00e0 nella progettazione del vostro camino. Se si desidera un camino bianco, si pu\u00f2 avere &#8211; ci sar\u00e0 molto poco fuliggine prodotta da un bruciatore bioetanolo, in modo che il rivestimento bianco rimarr\u00e0 intatta. Allo stesso modo, \u00e8 possibile utilizzare vetro o una serie di altri materiali che potrebbero essere danneggiati o macchiato dalla fuliggine e fumo di un tradizionale in legno o carbone fire.So \u00e8 possibile installare il caminetto Ovunque che misura il vostro spazio fuoco migliore !!!<\/p>\n<p>3 &#8211; Uso facile<\/p>\n<p>etanolo Bio \u00e8 disponibile in bottiglie pulite, quindi non c&#8217;\u00e8 bisogno di portare il carbone pesante e disordinato o legno per la casa. Tutto quello che devi fare \u00e8 ripristinare il contenitore del bruciatore e si \u00e8 pronti ad andare. Naturalmente, come per ogni incendio non ci sono misure di sicurezza &#8211; sempre assicurarsi che il fuoco \u00e8 spento e il contenitore \u00e8 fresco prima di rabboccare il fuel.So basta premere un pulsante di un telecomando e godervi il vostro unico e speciale antincendio con I vostri amici e famiglia !!!<\/p>\n<p>4 &#8211; Eco-Friendly<\/p>\n<p>etanolo Bio \u00e8 un prodotto sostenibile, a differenza dei combustibili fossili come il carbone, e non produce fumo inquinare l&#8217;atmosfera locale. Non sono solo decorativi, sono un modo efficace per produrre calore, in modo che possano aiutare a riscaldare la vostra casa con stile senza alcun impatto sul environment.So Clean fuoco e calore salute mantiene il vostro soggiorno sempre nuovo !!!<\/p>\n<p>5 &#8211; fiamma naturale<br \/>\nLe ustioni bioetanolo nel vassoio direttamente e pienamente, proprio come un phonies sollevando da ashes.The Fiamma salta su e gi\u00f9 bruciore e gererating una saggezza heat.High luce il valore del vostro fuoco unico Space.So No Man-made non regolari, appena libero ardente come una danza Phoniex senza vincolo !!!<\/p>\n<p>6 &#8211; Safty intelligente Etanolo Camino<br \/>\nArt Camino offre alta tecnologia e un range di sicurezza di etanolo fireplaces.Art bruciatore etanolo sono dotati di sensori di calore, CO\u00b2, riempimento, indicatore serbatoio, etc.if eventuali operatons occours illegali, il dispositivo si arrester\u00e0 automaticamente, mentre mostra il messaggio di errore sullo schermo LCD .Abbiamo cercare di sviluppare nuove funzioni tecnologiche per mantenere la sicurezza essenziale per users.All viene fornito con sicuro e intelligente e aggiungere la pace della mente al vostro Spazio.<\/p>\n<p>Ispirazioni fuoco ecologico: il mix di culture e le atmospheres.This sar\u00e0 una grande idea per il design eccellente interni!<\/p>\n<p>Si inseriscono in tutti i progetti di migliorie casa. Il focolare etanolo elettronico fireplaceis uno strumento mondo moderno. Si \u00e8 assicurato e in remoto controlled.Really Bella idea di possedere un moderno caminetto a bioetanolo interlligent!<\/p>\n<p>Con fiamme di Inserti per camini arte etanolo, seduti insieme, condividendo la felicit\u00e0 e di successo con la famiglia e Partners bevendo i vini rossi, parlare, giocare, ridere &#8230; Che deve essere Great !!!<\/p>\n","protected":false},"excerpt":{"rendered":"<p>Tra i migliori in arte etanolo camino design, l&#8217;AF120 Remote Controlled elettronica Bio Etanolo Inserto \u00e8 favorita da architetti, imprenditori e progettisti di fascia alta e offre la qualit\u00e0 senza precedenti nostra clientela e la sicurezza.<\/p>\n","protected":false},"author":1,"featured_media":3803,"parent":0,"menu_order":0,"comment_status":"closed","ping_status":"closed","template":"","meta":[],"yst_prominent_words":[339,323,335,330,349,334,311,1304,1303,1302,1301,1255,1254,1253,333],"translation":{"provider":"WPGlobus","version":"2.8.3","language":"it","enabled_languages":["en","es","fr","it","pt","ar","ru"],"languages":{"en":{"title":true,"content":true,"excerpt":true},"es":{"title":true,"content":true,"excerpt":true},"fr":{"title":true,"content":true,"excerpt":true},"it":{"title":true,"content":true,"excerpt":true},"pt":{"title":true,"content":true,"excerpt":true},"ar":{"title":true,"content":true,"excerpt":true},"ru":{"title":true,"content":true,"excerpt":true}}},"_links":{"self":[{"href":"https:\/\/www.artfireplace.co.uk\/it\/wp-json\/wp\/v2\/pages\/199"}],"collection":[{"href":"https:\/\/www.artfireplace.co.uk\/it\/wp-json\/wp\/v2\/pages"}],"about":[{"href":"https:\/\/www.artfireplace.co.uk\/it\/wp-json\/wp\/v2\/types\/page"}],"author":[{"embeddable":true,"href":"https:\/\/www.artfireplace.co.uk\/it\/wp-json\/wp\/v2\/users\/1"}],"replies":[{"embeddable":true,"href":"https:\/\/www.artfireplace.co.uk\/it\/wp-json\/wp\/v2\/comments?post=199"}],"version-history":[{"count":89,"href":"https:\/\/www.artfireplace.co.uk\/it\/wp-json\/wp\/v2\/pages\/199\/revisions"}],"predecessor-version":[{"id":3289,"href":"https:\/\/www.artfireplace.co.uk\/it\/wp-json\/wp\/v2\/pages\/199\/revisions\/3289"}],"wp:featuredmedia":[{"embeddable":true,"href":"https:\/\/www.artfireplace.co.uk\/it\/wp-json\/wp\/v2\/media\/3803"}],"wp:attachment":[{"href":"https:\/\/www.artfireplace.co.uk\/it\/wp-json\/wp\/v2\/media?parent=199"}],"wp:term":[{"taxonomy":"yst_prominent_words","embeddable":true,"href":"https:\/\/www.artfireplace.co.uk\/it\/wp-json\/wp\/v2\/yst_prominent_words?post=199"}],"curies":[{"name":"wp","href":"https:\/\/api.w.org\/{rel}","templated":true}]}}