{"id":2358,"date":"2017-12-07T23:06:33","date_gmt":"2017-12-07T15:06:33","guid":{"rendered":"https:\/\/artfireplace.co.uk\/?page_id=2358"},"modified":"2023-08-18T11:45:46","modified_gmt":"2023-08-18T03:45:46","slug":"intelligent-ethanol-fireplace","status":"publish","type":"page","link":"https:\/\/www.artfireplace.co.uk\/it\/intelligent-ethanol-fireplace\/","title":{"rendered":"Intelligent Ethanol Fireplace AF40 with 40cm Long"},"content":{"rendered":"<p>ArtFireplace Intelligent Ethanol Fireplace AF40 (2023 Model) with 40cm (15.75inch) Long&#8211;Eco-friendly mini smart ethanol burner with remote controller:<\/p>\n<p><img decoding=\"async\" loading=\"lazy\" class=\"alignnone wp-image-715 size-full\" src=\"http:\/\/artfireplace.co.uk\/wp-content\/uploads\/2015\/03\/ART-fireplace-ethanol-burner-fireplace-insert.jpg\" alt=\"ART fireplace ethanol burner fireplace insert\" width=\"1000\" height=\"556\" srcset=\"https:\/\/www.artfireplace.co.uk\/wp-content\/uploads\/2015\/03\/ART-fireplace-ethanol-burner-fireplace-insert.jpg 1000w, https:\/\/www.artfireplace.co.uk\/wp-content\/uploads\/2015\/03\/ART-fireplace-ethanol-burner-fireplace-insert-150x83.jpg 150w, https:\/\/www.artfireplace.co.uk\/wp-content\/uploads\/2015\/03\/ART-fireplace-ethanol-burner-fireplace-insert-300x167.jpg 300w\" sizes=\"(max-width: 1000px) 100vw, 1000px\" \/><\/p>\n<p><img decoding=\"async\" loading=\"lazy\" class=\"aligncenter size-full wp-image-2841\" src=\"https:\/\/artfireplace.co.uk\/wp-content\/uploads\/2019\/11\/40cm-model-automatic-ethanol-fireplace.jpg\" alt=\"\" width=\"1000\" height=\"415\" srcset=\"https:\/\/www.artfireplace.co.uk\/wp-content\/uploads\/2019\/11\/40cm-model-automatic-ethanol-fireplace.jpg 1000w, https:\/\/www.artfireplace.co.uk\/wp-content\/uploads\/2019\/11\/40cm-model-automatic-ethanol-fireplace-150x62.jpg 150w, https:\/\/www.artfireplace.co.uk\/wp-content\/uploads\/2019\/11\/40cm-model-automatic-ethanol-fireplace-300x125.jpg 300w, https:\/\/www.artfireplace.co.uk\/wp-content\/uploads\/2019\/11\/40cm-model-automatic-ethanol-fireplace-768x319.jpg 768w\" sizes=\"(max-width: 1000px) 100vw, 1000px\" \/><\/p>\n<p>\u2013 Use only in rooms of minimum 15 m2<br \/>\n\u2013 Dimensions: 40 \/ 24 \/ 21.5 cm<br \/>\n\u2013 Insert Hole Mini Size: 38 \/ 22 \/ 25.0cm<br \/>\n\u2013 Full tank:4.8 Liter<br \/>\n\u2013 Full Continuous burning time:14-16 hours<\/p>\n<p><img decoding=\"async\" loading=\"lazy\" class=\"aligncenter size-full wp-image-3264\" src=\"https:\/\/artfireplace.co.uk\/wp-content\/uploads\/2021\/10\/Art-Ethanol-Burner-Installation.jpg\" alt=\"\" width=\"836\" height=\"649\" srcset=\"https:\/\/www.artfireplace.co.uk\/wp-content\/uploads\/2021\/10\/Art-Ethanol-Burner-Installation.jpg 836w, https:\/\/www.artfireplace.co.uk\/wp-content\/uploads\/2021\/10\/Art-Ethanol-Burner-Installation-300x233.jpg 300w, https:\/\/www.artfireplace.co.uk\/wp-content\/uploads\/2021\/10\/Art-Ethanol-Burner-Installation-150x116.jpg 150w, https:\/\/www.artfireplace.co.uk\/wp-content\/uploads\/2021\/10\/Art-Ethanol-Burner-Installation-768x596.jpg 768w\" sizes=\"(max-width: 836px) 100vw, 836px\" \/><\/p>\n<h2><strong>Mini Ethanol Burner AF40 Featured Functions:<\/strong><\/h2>\n<pre>1. Automatic ethanol fireplace extinction or ignition ordered by electric board and a Button ON\/OFF and remote control.\r\n2. Material in stainless and MDF.\r\n3. Separately bio-ethanol tank and burning hearth.\r\n4. Co2 Safety infrared detector which stops the fire in the event of reaching un-authorized levels.\r\n5. Automatic electric pump to fill the burner.\r\n6. With electronic heat detectors, it will automatic extinction when the temperature reaching the un-authorized levels.\r\n7. AC charger or battery charger with battery loader.\r\n8, With audio effect.\r\n9. Child Lock Function.<\/pre>\n<p><img decoding=\"async\" loading=\"lazy\" class=\"aligncenter wp-image-1964 size-full\" src=\"https:\/\/artfireplace.co.uk\/wp-content\/uploads\/2017\/05\/intelligent-ethanol-fireplace-af150-model.jpg\" alt=\"Br\u00fbleur d'\u00e9thanol avec t\u00e9l\u00e9commande\" width=\"1147\" height=\"763\" srcset=\"https:\/\/www.artfireplace.co.uk\/wp-content\/uploads\/2017\/05\/intelligent-ethanol-fireplace-af150-model.jpg 1147w, https:\/\/www.artfireplace.co.uk\/wp-content\/uploads\/2017\/05\/intelligent-ethanol-fireplace-af150-model-150x100.jpg 150w, https:\/\/www.artfireplace.co.uk\/wp-content\/uploads\/2017\/05\/intelligent-ethanol-fireplace-af150-model-300x200.jpg 300w, https:\/\/www.artfireplace.co.uk\/wp-content\/uploads\/2017\/05\/intelligent-ethanol-fireplace-af150-model-768x511.jpg 768w, https:\/\/www.artfireplace.co.uk\/wp-content\/uploads\/2017\/05\/intelligent-ethanol-fireplace-af150-model-1024x681.jpg 1024w\" sizes=\"(max-width: 1147px) 100vw, 1147px\" \/><\/p>\n<p>Related other models of Art intelligent bioethanol fires:<\/p>\n<table style=\"height: 916px;\" width=\"1042\">\n<tbody>\n<tr>\n<td width=\"82\"><strong>Reference<\/strong><\/td>\n<td width=\"65\"><strong>Output<\/strong><\/p>\n<p><strong>(Watts)<\/strong><\/td>\n<td width=\"100\"><strong>Consumption<\/strong><\/p>\n<p><strong>(Litre\/hour)<\/strong><\/td>\n<td width=\"64\"><strong>Tank capacity<\/strong><\/p>\n<p><strong>(Litres)<\/strong><\/td>\n<td width=\"99\"><strong>Dimensions<\/strong><\/p>\n<p><strong>L x W x H<\/strong><\/p>\n<p><strong>(cm)<\/strong><\/td>\n<td width=\"55\"><strong>Weight<\/strong><\/p>\n<p><strong>(Kgs)<\/strong><\/td>\n<td width=\"75\"><strong>Minimum volume *<\/strong><\/p>\n<p><strong>(m3)<\/strong><\/td>\n<\/tr>\n<tr>\n<td width=\"82\">\n<p style=\"text-align: center;\">AF40<\/p>\n<\/td>\n<td style=\"text-align: center;\" width=\"65\">2650<\/td>\n<td style=\"text-align: center;\" width=\"100\">0.3<\/td>\n<td style=\"text-align: center;\" width=\"64\">4.8<\/td>\n<td style=\"text-align: center;\" width=\"99\">40*24*21.5<\/td>\n<td style=\"text-align: center;\" width=\"55\">14.0<\/td>\n<td width=\"75\">\n<p style=\"text-align: center;\">35<\/p>\n<\/td>\n<\/tr>\n<tr>\n<td width=\"82\">\n<p style=\"text-align: center;\"><a href=\"https:\/\/artfireplace.co.uk\/ethanol-fireplace-with-remote-control\/\">AF50<\/a><\/p>\n<\/td>\n<td style=\"text-align: center;\" width=\"65\">2850<\/td>\n<td style=\"text-align: center;\" width=\"100\">0.4<\/td>\n<td style=\"text-align: center;\" width=\"64\">6.3<\/td>\n<td style=\"text-align: center;\" width=\"99\">50*24*21.5<\/td>\n<td style=\"text-align: center;\" width=\"55\">16.5<\/td>\n<td width=\"75\">\n<p style=\"text-align: center;\">42<\/p>\n<\/td>\n<\/tr>\n<tr>\n<td width=\"82\">\n<p style=\"text-align: center;\"><a href=\"https:\/\/artfireplace.co.uk\/ethanol-fireplace\/\">AF66<\/a><\/p>\n<\/td>\n<td style=\"text-align: center;\" width=\"65\">3750<\/td>\n<td style=\"text-align: center;\" width=\"100\">0.6<\/td>\n<td style=\"text-align: center;\" width=\"64\">8.5<\/td>\n<td style=\"text-align: center;\" width=\"99\">68*24*21.5<\/td>\n<td style=\"text-align: center;\" width=\"55\">19<\/td>\n<td width=\"75\">\n<p style=\"text-align: center;\">59<\/p>\n<\/td>\n<\/tr>\n<tr>\n<td width=\"82\">\n<p style=\"text-align: center;\">AF80<\/p>\n<\/td>\n<td style=\"text-align: center;\" width=\"65\">4750<\/td>\n<td style=\"text-align: center;\" width=\"100\">0.8<\/td>\n<td style=\"text-align: center;\" width=\"64\">11<\/td>\n<td style=\"text-align: center;\" width=\"99\">82*24*21.5<\/td>\n<td style=\"text-align: center;\" width=\"55\">24<\/td>\n<td width=\"75\">\n<p style=\"text-align: center;\">70<\/p>\n<\/td>\n<\/tr>\n<tr>\n<td width=\"82\">\n<p style=\"text-align: center;\"><a href=\"https:\/\/artfireplace.co.uk\/automatic-ethanol-fireplace\/\">AF100<\/a><\/p>\n<\/td>\n<td style=\"text-align: center;\" width=\"65\">6200<\/td>\n<td style=\"text-align: center;\" width=\"100\">0.9<\/td>\n<td style=\"text-align: center;\" width=\"64\">13<\/td>\n<td style=\"text-align: center;\" width=\"99\">102*24*21.5<\/td>\n<td style=\"text-align: center;\" width=\"55\">28<\/td>\n<td width=\"75\">\n<p style=\"text-align: center;\">90<\/p>\n<\/td>\n<\/tr>\n<tr>\n<td width=\"82\">\n<p style=\"text-align: center;\">AF120<\/p>\n<\/td>\n<td style=\"text-align: center;\" width=\"65\">7500<\/td>\n<td style=\"text-align: center;\" width=\"100\">1.1<\/td>\n<td style=\"text-align: center;\" width=\"64\">16<\/td>\n<td style=\"text-align: center;\" width=\"99\">122*24*21.5<\/td>\n<td style=\"text-align: center;\" width=\"55\">38<\/td>\n<td width=\"75\">\n<p style=\"text-align: center;\">105<\/p>\n<\/td>\n<\/tr>\n<tr>\n<td width=\"82\">\n<p style=\"text-align: center;\">AF150<\/p>\n<\/td>\n<td style=\"text-align: center;\" width=\"65\">10000<\/td>\n<td style=\"text-align: center;\" width=\"100\">1.5<\/td>\n<td style=\"text-align: center;\" width=\"64\">20<\/td>\n<td style=\"text-align: center;\" width=\"99\">152*24*21.5<\/td>\n<td style=\"text-align: center;\" width=\"55\">48<\/td>\n<td width=\"75\">\n<p style=\"text-align: center;\">120<\/p>\n<\/td>\n<\/tr>\n<tr>\n<td width=\"82\">\n<p style=\"text-align: center;\">AF180<\/p>\n<\/td>\n<td style=\"text-align: center;\" width=\"65\">12400<\/td>\n<td style=\"text-align: center;\" width=\"100\">1.9<\/td>\n<td style=\"text-align: center;\" width=\"64\">25<\/td>\n<td style=\"text-align: center;\" width=\"99\">182*24*21.5<\/td>\n<td style=\"text-align: center;\" width=\"55\">58<\/td>\n<td width=\"75\">\n<p style=\"text-align: center;\">140<\/p>\n<\/td>\n<\/tr>\n<tr>\n<td width=\"82\">\n<p style=\"text-align: center;\">AF210<\/p>\n<\/td>\n<td style=\"text-align: center;\" width=\"65\">14000<\/td>\n<td style=\"text-align: center;\" width=\"100\">2.1<\/td>\n<td style=\"text-align: center;\" width=\"64\">27<\/td>\n<td style=\"text-align: center;\" width=\"99\">210*24*21.5<\/td>\n<td style=\"text-align: center;\" width=\"55\">68<\/td>\n<td width=\"75\">\n<p style=\"text-align: center;\">150<\/p>\n<\/td>\n<\/tr>\n<tr>\n<td width=\"82\">\n<p style=\"text-align: center;\">AF230<\/p>\n<\/td>\n<td style=\"text-align: center;\" width=\"65\">15600<\/td>\n<td style=\"text-align: center;\" width=\"100\">2.3<\/td>\n<td style=\"text-align: center;\" width=\"64\">30<\/td>\n<td style=\"text-align: center;\" width=\"99\">230*24*21.5<\/td>\n<td style=\"text-align: center;\" width=\"55\">78<\/td>\n<td width=\"75\">\n<p style=\"text-align: center;\">160<\/p>\n<\/td>\n<\/tr>\n<tr>\n<td style=\"text-align: center;\" width=\"82\">AS50<\/td>\n<td style=\"text-align: center;\" width=\"65\">8750<\/td>\n<td style=\"text-align: center;\" width=\"100\">1.2<\/td>\n<td style=\"text-align: center;\" width=\"64\">9.0<\/td>\n<td style=\"text-align: center;\" width=\"99\">50*50*21.5<\/td>\n<td style=\"text-align: center;\" width=\"55\">25<\/td>\n<td width=\"75\">\n<p style=\"text-align: center;\">130<\/p>\n<\/td>\n<\/tr>\n<tr>\n<td width=\"82\">\n<p style=\"text-align: center;\">AH66<\/p>\n<\/td>\n<td style=\"text-align: center;\" width=\"65\">3750<\/td>\n<td style=\"text-align: center;\" width=\"100\">0.6<\/td>\n<td style=\"text-align: center;\" width=\"64\">4.0<\/td>\n<td style=\"text-align: center;\" width=\"99\">110*27.5*56<\/td>\n<td style=\"text-align: center;\" width=\"55\">47<\/td>\n<td width=\"75\">\n<p style=\"text-align: center;\">50<\/p>\n<\/td>\n<\/tr>\n<tr>\n<td width=\"82\">\n<p style=\"text-align: center;\">AH100<\/p>\n<\/td>\n<td style=\"text-align: center;\" width=\"65\">6200<\/td>\n<td style=\"text-align: center;\" width=\"100\">0.9<\/td>\n<td style=\"text-align: center;\" width=\"64\">5.7<\/td>\n<td style=\"text-align: center;\" width=\"99\">144*27.5*56<\/td>\n<td style=\"text-align: center;\" width=\"55\">57<\/td>\n<td width=\"75\">\n<p style=\"text-align: center;\">80<\/p>\n<\/td>\n<\/tr>\n<\/tbody>\n<\/table>\n<p>Abour 3D Water Vapor Firepalces<\/p>\n<blockquote class=\"wp-embedded-content\" data-secret=\"v0meIglA7M\"><p><a href=\"https:\/\/www.artfireplace.co.uk\/3d-water-fireplaces\/\">Art 3D Water Fireplaces<\/a><\/p><\/blockquote>\n<p><iframe class=\"wp-embedded-content\" sandbox=\"allow-scripts\" security=\"restricted\" style=\"position: absolute; clip: rect(1px, 1px, 1px, 1px);\" title=\"\u300aArt 3D Water Fireplaces\u300b\u2014Intelligent Electric Fireplace Leader\u2014Art Fireplace\" src=\"https:\/\/www.artfireplace.co.uk\/3d-water-fireplaces\/embed\/#?secret=2Ct0UQ9m14#?secret=v0meIglA7M\" data-secret=\"v0meIglA7M\" width=\"600\" height=\"338\" frameborder=\"0\" marginwidth=\"0\" marginheight=\"0\" scrolling=\"no\"><\/iframe><\/p>\n<p>Product Certifications:<\/p>\n<p><img decoding=\"async\" loading=\"lazy\" class=\"aligncenter size-full wp-image-2342\" src=\"https:\/\/artfireplace.co.uk\/wp-content\/uploads\/2017\/12\/ethanol-fireplace-certifications.png\" alt=\"\" width=\"900\" height=\"194\" srcset=\"https:\/\/www.artfireplace.co.uk\/wp-content\/uploads\/2017\/12\/ethanol-fireplace-certifications.png 900w, https:\/\/www.artfireplace.co.uk\/wp-content\/uploads\/2017\/12\/ethanol-fireplace-certifications-150x32.png 150w, https:\/\/www.artfireplace.co.uk\/wp-content\/uploads\/2017\/12\/ethanol-fireplace-certifications-300x65.png 300w, https:\/\/www.artfireplace.co.uk\/wp-content\/uploads\/2017\/12\/ethanol-fireplace-certifications-768x166.png 768w\" sizes=\"(max-width: 900px) 100vw, 900px\" \/><\/p>\n<p>Top Colors Avialable:<\/p>\n<p><img decoding=\"async\" loading=\"lazy\" class=\"alignnone wp-image-3496 size-full\" src=\"http:\/\/artfireplace.co.uk\/wp-content\/uploads\/2023\/02\/AF40-Ethanol-Burner-Top-Colors.jpg\" alt=\"\" width=\"1736\" height=\"413\" srcset=\"https:\/\/www.artfireplace.co.uk\/wp-content\/uploads\/2023\/02\/AF40-Ethanol-Burner-Top-Colors.jpg 1736w, https:\/\/www.artfireplace.co.uk\/wp-content\/uploads\/2023\/02\/AF40-Ethanol-Burner-Top-Colors-300x71.jpg 300w, https:\/\/www.artfireplace.co.uk\/wp-content\/uploads\/2023\/02\/AF40-Ethanol-Burner-Top-Colors-1024x244.jpg 1024w, https:\/\/www.artfireplace.co.uk\/wp-content\/uploads\/2023\/02\/AF40-Ethanol-Burner-Top-Colors-150x36.jpg 150w, https:\/\/www.artfireplace.co.uk\/wp-content\/uploads\/2023\/02\/AF40-Ethanol-Burner-Top-Colors-768x183.jpg 768w, https:\/\/www.artfireplace.co.uk\/wp-content\/uploads\/2023\/02\/AF40-Ethanol-Burner-Top-Colors-1536x365.jpg 1536w\" sizes=\"(max-width: 1736px) 100vw, 1736px\" \/><\/p>\n<p>Home Automation:<\/p>\n<p><img decoding=\"async\" loading=\"lazy\" class=\"aligncenter size-full wp-image-2331\" src=\"https:\/\/artfireplace.co.uk\/wp-content\/uploads\/2017\/12\/ethanol-burner-for-home-automation.jpg\" alt=\"\" width=\"1000\" height=\"375\" srcset=\"https:\/\/www.artfireplace.co.uk\/wp-content\/uploads\/2017\/12\/ethanol-burner-for-home-automation.jpg 1000w, https:\/\/www.artfireplace.co.uk\/wp-content\/uploads\/2017\/12\/ethanol-burner-for-home-automation-150x56.jpg 150w, https:\/\/www.artfireplace.co.uk\/wp-content\/uploads\/2017\/12\/ethanol-burner-for-home-automation-300x113.jpg 300w, https:\/\/www.artfireplace.co.uk\/wp-content\/uploads\/2017\/12\/ethanol-burner-for-home-automation-768x288.jpg 768w\" sizes=\"(max-width: 1000px) 100vw, 1000px\" \/><\/p>\n<p><strong>1. <\/strong>Mankind dreaming in front of your fireplace becomes imaginative. The fire gives you a future, a consciousness, a spark of heavenly blaze<br \/>\nFire is an extraordinary element of friendly. Provide a line of fire of more than a metre long is a real asset to designers or individuals wishing to create a unique atmosphere, a new fire concept ! Fire is intimate and universal, fire is ultra-alive!<\/p>\n<p><strong>2.<\/strong> Secure bioethanol insert fireplace with remote controlled electronic ignition<br \/>\nInsert Bioethanol Burner AF40 is beautiful and it is also secure, equiped with a lot of detectors: level, C0\u00b2, heat sensors,shake sensors etc. Moreover you don\u2019t need to ignite it with a lighter or matches, just press on a button or a remote controller.<\/p>\n<p><strong>3.<\/strong> Art Fireplace Team is a true bio burner inserts manufacturer<br \/>\nArt Fire is an electronic bio burners with remote controlled automatic ignition manufacturer at the cutting edge of technology. A true bio inserts range without flue which can be installed in houses or flats, in private homes or commercial premises.<br \/>\nA range running on 96\u00b0 bioethanol, an eco- friendly alcohol manufactured with plants and waste.<\/p>\n<p><strong>4.<\/strong> Customized products:<br \/>\nprice according to customer requirements size and quantity a single report!<br \/>\nNormal duration of 10-15 work days (expedited orders, please consult customer service and sales)<\/p>\n<p>Among the best in Art ethanol fireplace designs, the AF40 Remote Controlled Electronic Bio Ethanol Burner Insert is favored by architects, contractors and high-end designers and offers the discerning client unprecedented quality and safety. In addition to the same vent-free and clean burning flames as manual ethanol fireplace inserts, this art-Fireplace bio ethanol burner offers much more for both residential and commercial applications:<\/p>\n<p>Remote Control Capability.<\/p>\n<p>On-Board Safety Monitoring.<\/p>\n<p>Sturdy Construction.<\/p>\n<p>Separate Fuel Reservoir and Burner Tray.<\/p>\n<p><img decoding=\"async\" loading=\"lazy\" class=\"aligncenter size-full wp-image-903\" src=\"https:\/\/artfireplace.co.uk\/wp-content\/uploads\/2015\/03\/FAQ-of-art-fireplace.gif\" alt=\"FAQ of art fireplace\" width=\"600\" height=\"264\" \/><\/p>\n<p><span style=\"color: #008000;\">Q:How about sample order?<\/span><br \/>\nA:We accept sample order before production, it&#8217;s an necessary step before moving to successful cooperation, do not hesitate to contact with us for that.<\/p>\n<p><span style=\"color: #008000;\">Q:Where can I purchase one and how much does it cost?<\/span><br \/>\nA:Art Fireplace distributes its products in more than 100 countries and delivers to anywhere in the world. To find out where to purchase an Art Fireplace or insert, please fill in the form you can find on the contact page. An Art Fireplace agent will answer you by email within 24 hours along with a catalog and prices.<br \/>\nIf your request is more precise and includes one or more particular models, do not hesitate to mention them on the contact form. We will then send you the specific technical description of that product, an installation diagram with the measurements to be respected as well as an estimate including delivery costs.<\/p>\n<p><span style=\"color: #008000;\">Q:How can check my order status?<\/span><br \/>\nA:You can receive real-time status updates on your orders by contacting us. We have found that providing customers with the answers and transparency they desire has led to high levels of customer satisfaction.<\/p>\n<p><span style=\"color: #008000;\">Q:How do I order and pay?<\/span><br \/>\nA:After receiving your estimate and if you want to place an order, please send us:<br \/>\nYour delivery address including postal code (plus a billing address if different).<br \/>\nA telephone number for the deliverer<br \/>\nA copy of your payment<br \/>\nFull payment on ordering:<br \/>\nBy bank transfer, with no fees<br \/>\nUsing the bank information provided on the estimate, please send us a copy so we can immediately proceed to ship your package.<br \/>\nBy PAYPAL using your credit card(+4%)<br \/>\nIf you choose this solution, please ask us for the PayPal invoice.<br \/>\nThis invoice will be sent to you within 24 hours by email.<br \/>\nFollow the link included to pay directly on the secured PayPal platform.<br \/>\nAs soon as your payment is made, we will be informed directly and will ship out your order.<br \/>\nThe PayPal company will guarantee the delivery of your order<\/p>\n<p><span style=\"color: #008000;\">Q:What&#8217;s the order delivery?<\/span><br \/>\nA:Depending on what your project or products is, typical turn around is 1-2 weeks. If you have a specific request, please feel free to ask. We can always work out a fast turn around if needed.<br \/>\nThe products are shipped by large specialized companies such as DHL, TNT, TPS, etc.<br \/>\nGenerally, inserts and fireplaces are delivered within ten working days.<br \/>\nWe signed with DHL,FEDEX,TNT.<\/p>\n<p>With flames of Art Ethanol Fireplace inserts,Sitting together,Sharing the Happiness and Success with Your Family and Partners while drinking red wines,Talking,Playing,Laughing\u2026That must be Great!!!<\/p>\n","protected":false},"excerpt":{"rendered":"<p>ArtFireplace Intelligent Ethanol Fireplace AF40 (2023 Model) with 40cm (15.75inch) Long&#8211;Eco-friendly mini smart ethanol burner with remote controller: \u2013 Use only in rooms of minimum 15 m2 \u2013 Dimensions: 40 \/ 24 \/ 21.5 cm \u2013 Insert Hole Mini Size:<\/p>\n","protected":false},"author":1,"featured_media":0,"parent":0,"menu_order":0,"comment_status":"closed","ping_status":"closed","template":"","meta":[],"yst_prominent_words":[1375,1372,309,306,304,323,335,334,311,329,310,1330,338,1338,1152,373],"translation":{"provider":"WPGlobus","version":"2.8.3","language":"it","enabled_languages":["en","es","fr","it","pt","ar","ru"],"languages":{"en":{"title":true,"content":true,"excerpt":false},"es":{"title":false,"content":false,"excerpt":false},"fr":{"title":false,"content":false,"excerpt":false},"it":{"title":false,"content":false,"excerpt":false},"pt":{"title":false,"content":false,"excerpt":false},"ar":{"title":false,"content":false,"excerpt":false},"ru":{"title":false,"content":false,"excerpt":false}}},"_links":{"self":[{"href":"https:\/\/www.artfireplace.co.uk\/it\/wp-json\/wp\/v2\/pages\/2358"}],"collection":[{"href":"https:\/\/www.artfireplace.co.uk\/it\/wp-json\/wp\/v2\/pages"}],"about":[{"href":"https:\/\/www.artfireplace.co.uk\/it\/wp-json\/wp\/v2\/types\/page"}],"author":[{"embeddable":true,"href":"https:\/\/www.artfireplace.co.uk\/it\/wp-json\/wp\/v2\/users\/1"}],"replies":[{"embeddable":true,"href":"https:\/\/www.artfireplace.co.uk\/it\/wp-json\/wp\/v2\/comments?post=2358"}],"version-history":[{"count":33,"href":"https:\/\/www.artfireplace.co.uk\/it\/wp-json\/wp\/v2\/pages\/2358\/revisions"}],"predecessor-version":[{"id":4155,"href":"https:\/\/www.artfireplace.co.uk\/it\/wp-json\/wp\/v2\/pages\/2358\/revisions\/4155"}],"wp:attachment":[{"href":"https:\/\/www.artfireplace.co.uk\/it\/wp-json\/wp\/v2\/media?parent=2358"}],"wp:term":[{"taxonomy":"yst_prominent_words","embeddable":true,"href":"https:\/\/www.artfireplace.co.uk\/it\/wp-json\/wp\/v2\/yst_prominent_words?post=2358"}],"curies":[{"name":"wp","href":"https:\/\/api.w.org\/{rel}","templated":true}]}}