{"id":138,"date":"2015-01-03T12:53:59","date_gmt":"2015-01-03T04:53:59","guid":{"rendered":"https:\/\/artfireplace.co.uk\/?page_id=138"},"modified":"2021-07-29T17:57:47","modified_gmt":"2021-07-29T09:57:47","slug":"art-fireplace-support","status":"publish","type":"page","link":"https:\/\/www.artfireplace.co.uk\/pt\/art-fireplace-support\/","title":{"rendered":"incr\u00edvel Suporte"},"content":{"rendered":"<p><img decoding=\"async\" loading=\"lazy\" class=\"aligncenter wp-image-684\" src=\"https:\/\/artfireplace.co.uk\/wp-content\/uploads\/2015\/01\/after_sales_support_art_fireplace_China.jpg\" alt=\"servi\u00e7o p\u00f3s-venda da arte lareira de etanol\" width=\"801\" height=\"452\" srcset=\"https:\/\/www.artfireplace.co.uk\/wp-content\/uploads\/2015\/01\/after_sales_support_art_fireplace_China.jpg 539w, https:\/\/www.artfireplace.co.uk\/wp-content\/uploads\/2015\/01\/after_sales_support_art_fireplace_China-150x85.jpg 150w, https:\/\/www.artfireplace.co.uk\/wp-content\/uploads\/2015\/01\/after_sales_support_art_fireplace_China-300x169.jpg 300w\" sizes=\"(max-width: 801px) 100vw, 801px\" \/><\/p>\n<p>Art Lareira Technology Limited<\/p>\n<p>Prefessional Equipe Engenheiros com mais de 7 anos de experi\u00eancia trabalhando para confirmar a produ\u00e7\u00e3o e embalagem serviu mais de 10.000 clientes.<\/p>\n<p>Para evitar inc\u00f3modos desnecess\u00e1rios, aconselha-se a ler o manual de instru\u00e7\u00f5es do orientador do utilizador com aten\u00e7\u00e3o ou consulte a sec\u00e7\u00e3o de suporte deste site para suporte adicional, antes de nos contactar ou a sua dealer.In do Usu\u00e1rio Guider, h\u00e1 muitos mensagem importante ser conhecido! Para obter o servi\u00e7o dentro do per\u00edodo de garantia contacte ART FIREPLACE TECHNOLOGY LIMITED Consumidor e-mail oficial: info@art-fireplace.com. Os nossos contactos podem ser encontrados no website oficial. Quando j\u00e1 n\u00e3o forem dentro da garantia, pode contactar o Centro de Assist\u00eancia autorizado mais pr\u00f3ximo diretamente.<br \/>\nPara ser capaz de ajud\u00e1-lo bem e efficientlywhen entrar em contato conosco ou com o revendedor, por favor, tem dispon\u00edvel: a factura original ou recibo de dinheiro e o n\u00famero do modelo Estas informa\u00e7\u00f5es s\u00e3o muito importantes para voc\u00ea e us.Pls mant\u00ea-lo na m\u00e3o, se necess\u00e1rio, no! futuro para depois de repara\u00e7\u00e3o venda.<\/p>\n<p>Inspira\u00e7\u00f5es de fogo ecol\u00f3gica: a mistura das culturas e as atmosferas<\/p>\n<p>Esta capacidade de adapta\u00e7\u00e3o permite que os criadores, os designers de interiores e os propriet\u00e1rios de casa para ser liberado das restri\u00e7\u00f5es de instala\u00e7\u00e3o. Eles podem, assim, criar os seus projectos com uma charneca projeto muito livremente. O fogo moderna pode ser usado em toda a cultura Designs decora\u00e7\u00f5es simplesmente embeding uma autom\u00e1tica bio lareira queimador de etanol inser\u00e7\u00e3o controle remoto.<\/p>\n<p>F\u00e1cil de instalar, f\u00e1cil de usar.<\/p>\n<p>Contacte-nos: info@art-fireplace.com<\/p>\n<p>Ap\u00f3s-Venda-Support em: johnny@art-fireplace.com<\/p>\n<p>Art Lareira est\u00e1 pronto para ajudar com tudo o que voc\u00ea precisa. Para garantir que voc\u00ea obtenha uma resposta r\u00e1pida e considerada, por favor contacte-nos atrav\u00e9s do e-mail &#8211; basta digitar seus dados e n\u00f3s entraremos em contato com voc\u00ea em 1 hora.<img decoding=\"async\" loading=\"lazy\" class=\"aligncenter size-full wp-image-931\" src=\"https:\/\/artfireplace.co.uk\/wp-content\/uploads\/2015\/01\/Automatic-Bioethanol-fireplace-insert-Model.jpg\" alt=\"Art Etanol Intelligent Burner com controle remoto\" width=\"1020\" height=\"584\" srcset=\"https:\/\/www.artfireplace.co.uk\/wp-content\/uploads\/2015\/01\/Automatic-Bioethanol-fireplace-insert-Model.jpg 1020w, https:\/\/www.artfireplace.co.uk\/wp-content\/uploads\/2015\/01\/Automatic-Bioethanol-fireplace-insert-Model-150x86.jpg 150w, https:\/\/www.artfireplace.co.uk\/wp-content\/uploads\/2015\/01\/Automatic-Bioethanol-fireplace-insert-Model-300x172.jpg 300w\" sizes=\"(max-width: 1020px) 100vw, 1020px\" \/><\/p>\n","protected":false},"excerpt":{"rendered":"<p>Art Lareira Equipe engenheiros profissionais com mais de 7 anos de experi\u00eancia trabalhando para confirmar a produ\u00e7\u00e3o e embalagem serviu mais de 10.000 clientes.<\/p>\n","protected":false},"author":1,"featured_media":139,"parent":0,"menu_order":0,"comment_status":"closed","ping_status":"closed","template":"","meta":[],"yst_prominent_words":[],"translation":{"provider":"WPGlobus","version":"2.8.3","language":"pt","enabled_languages":["en","es","fr","it","pt","ar","ru"],"languages":{"en":{"title":true,"content":true,"excerpt":true},"es":{"title":true,"content":true,"excerpt":true},"fr":{"title":true,"content":true,"excerpt":true},"it":{"title":true,"content":true,"excerpt":true},"pt":{"title":true,"content":true,"excerpt":true},"ar":{"title":true,"content":true,"excerpt":true},"ru":{"title":true,"content":true,"excerpt":true}}},"_links":{"self":[{"href":"https:\/\/www.artfireplace.co.uk\/pt\/wp-json\/wp\/v2\/pages\/138"}],"collection":[{"href":"https:\/\/www.artfireplace.co.uk\/pt\/wp-json\/wp\/v2\/pages"}],"about":[{"href":"https:\/\/www.artfireplace.co.uk\/pt\/wp-json\/wp\/v2\/types\/page"}],"author":[{"embeddable":true,"href":"https:\/\/www.artfireplace.co.uk\/pt\/wp-json\/wp\/v2\/users\/1"}],"replies":[{"embeddable":true,"href":"https:\/\/www.artfireplace.co.uk\/pt\/wp-json\/wp\/v2\/comments?post=138"}],"version-history":[{"count":32,"href":"https:\/\/www.artfireplace.co.uk\/pt\/wp-json\/wp\/v2\/pages\/138\/revisions"}],"predecessor-version":[{"id":3135,"href":"https:\/\/www.artfireplace.co.uk\/pt\/wp-json\/wp\/v2\/pages\/138\/revisions\/3135"}],"wp:featuredmedia":[{"embeddable":true,"href":"https:\/\/www.artfireplace.co.uk\/pt\/wp-json\/wp\/v2\/media\/139"}],"wp:attachment":[{"href":"https:\/\/www.artfireplace.co.uk\/pt\/wp-json\/wp\/v2\/media?parent=138"}],"wp:term":[{"taxonomy":"yst_prominent_words","embeddable":true,"href":"https:\/\/www.artfireplace.co.uk\/pt\/wp-json\/wp\/v2\/yst_prominent_words?post=138"}],"curies":[{"name":"wp","href":"https:\/\/api.w.org\/{rel}","templated":true}]}}