{"id":142,"date":"2015-01-03T13:01:07","date_gmt":"2015-01-03T05:01:07","guid":{"rendered":"https:\/\/artfireplace.co.uk\/?page_id=142"},"modified":"2017-05-19T11:38:34","modified_gmt":"2017-05-19T03:38:34","slug":"quality-ethanol-fireplace","status":"publish","type":"page","link":"https:\/\/www.artfireplace.co.uk\/pt\/quality-ethanol-fireplace\/","title":{"rendered":"Produtos de qualidade"},"content":{"rendered":"<h4><strong>Alta Qualidade e mais bonita bioetanol Lareira Inser\u00e7\u00f5es<\/strong><img decoding=\"async\" loading=\"lazy\" class=\"aligncenter size-full wp-image-681\" src=\"https:\/\/artfireplace.co.uk\/wp-content\/uploads\/2015\/03\/high-quality-bio-ethanol-fireplace-from-china.jpg\" alt=\"Alta Qualidade e mais bonita bioetanol Lareira Inser\u00e7\u00f5es\" width=\"1000\" height=\"600\" srcset=\"https:\/\/www.artfireplace.co.uk\/wp-content\/uploads\/2015\/03\/high-quality-bio-ethanol-fireplace-from-china.jpg 1000w, https:\/\/www.artfireplace.co.uk\/wp-content\/uploads\/2015\/03\/high-quality-bio-ethanol-fireplace-from-china-150x90.jpg 150w, https:\/\/www.artfireplace.co.uk\/wp-content\/uploads\/2015\/03\/high-quality-bio-ethanol-fireplace-from-china-300x180.jpg 300w\" sizes=\"(max-width: 1000px) 100vw, 1000px\" \/><\/h4>\n<p><img decoding=\"async\" loading=\"lazy\" class=\"aligncenter size-full wp-image-738\" src=\"https:\/\/artfireplace.co.uk\/wp-content\/uploads\/2015\/01\/quality-ethanol-fireplace-insert-tray.jpg\" alt=\"Melhores inteligentes bioetanol Lareira Inser\u00e7\u00f5es\" width=\"1000\" height=\"750\" srcset=\"https:\/\/www.artfireplace.co.uk\/wp-content\/uploads\/2015\/01\/quality-ethanol-fireplace-insert-tray.jpg 1000w, https:\/\/www.artfireplace.co.uk\/wp-content\/uploads\/2015\/01\/quality-ethanol-fireplace-insert-tray-150x113.jpg 150w, https:\/\/www.artfireplace.co.uk\/wp-content\/uploads\/2015\/01\/quality-ethanol-fireplace-insert-tray-300x225.jpg 300w\" sizes=\"(max-width: 1000px) 100vw, 1000px\" \/><\/p>\n<p>fabrica\u00e7\u00e3o lareira bioetanol Prefessional autom\u00e1tica inser\u00e7\u00e3o ventless da China Foshan, onde nas proximidades Guangzhou China.<br \/>\nN\u00f3s somos f\u00e1brica com mais de 7 anos de experi\u00eancias 100% de exporta\u00e7\u00e3o para todo o mundo places.100% nosso modelo j\u00e1 aprovado CE unidades certifications.Each 1 passou o nosso sistema QC antes da embalagem.<br \/>\nRelacionados outros modelos de inser\u00e7\u00e3o inteligente \u00e1lcool bioetanol lareiras como abaixo:<br \/>\nlareira autom\u00e1tica bioetanol AF66 (66X24X11.5cm)<br \/>\nlareira autom\u00e1tica bioetanol AF100 (100X24X12.5cm)<br \/>\nlareira autom\u00e1tica bioetanol AF120 (120X24X21.5cm)<br \/>\nlareira autom\u00e1tica bioetanol AF150 (150X24X21.5cm)<br \/>\nlareira autom\u00e1tica bioetanol AF180 (180X24X21.5cm)<\/p>\n<p>N\u00f3s n\u00e3o somos apenas COMERCIANTE !!! SOMOS fabricante da China !!!<\/p>\n<p>Um bem-estar do corpo e da mente !!!<\/p>\n<p>Na frente de um fogo vivo dando-lhe inspira\u00e7\u00e3o especial e Sonho !!!<br \/>\nResta escolher apenas o seu universo fogo &#8230;<\/p>\n<p><img decoding=\"async\" loading=\"lazy\" class=\"aligncenter size-full wp-image-701\" src=\"https:\/\/artfireplace.co.uk\/wp-content\/uploads\/2015\/01\/super-ethanol-bio-fireplace-china-by-art-fireplace.jpg\" alt=\"Prefessional autom\u00e1tica inser\u00e7\u00e3o da chamin\u00e9 de bioetanol ventless fabricar China\" width=\"1000\" height=\"750\" srcset=\"https:\/\/www.artfireplace.co.uk\/wp-content\/uploads\/2015\/01\/super-ethanol-bio-fireplace-china-by-art-fireplace.jpg 1000w, https:\/\/www.artfireplace.co.uk\/wp-content\/uploads\/2015\/01\/super-ethanol-bio-fireplace-china-by-art-fireplace-150x113.jpg 150w, https:\/\/www.artfireplace.co.uk\/wp-content\/uploads\/2015\/01\/super-ethanol-bio-fireplace-china-by-art-fireplace-300x225.jpg 300w\" sizes=\"(max-width: 1000px) 100vw, 1000px\" \/><\/p>\n<p><img decoding=\"async\" loading=\"lazy\" class=\"aligncenter size-full wp-image-702\" src=\"https:\/\/artfireplace.co.uk\/wp-content\/uploads\/2015\/01\/insert-ethanol-fireplace-by-art-fire.jpg\" alt=\"inser\u00e7\u00e3o autom\u00e1tica fabrico lareira bioetanol ventless\" width=\"1000\" height=\"750\" srcset=\"https:\/\/www.artfireplace.co.uk\/wp-content\/uploads\/2015\/01\/insert-ethanol-fireplace-by-art-fire.jpg 1000w, https:\/\/www.artfireplace.co.uk\/wp-content\/uploads\/2015\/01\/insert-ethanol-fireplace-by-art-fire-150x113.jpg 150w, https:\/\/www.artfireplace.co.uk\/wp-content\/uploads\/2015\/01\/insert-ethanol-fireplace-by-art-fire-300x225.jpg 300w\" sizes=\"(max-width: 1000px) 100vw, 1000px\" \/><\/p>\n<p><img decoding=\"async\" loading=\"lazy\" class=\"aligncenter size-full wp-image-883\" src=\"https:\/\/artfireplace.co.uk\/wp-content\/uploads\/2015\/01\/bioethanol-fireplace-ventless-insert-AF180.jpg\" alt=\"autom\u00e1tica inser\u00e7\u00e3o da chamin\u00e9 de bioetanol ventless com controle remoto\" width=\"1000\" height=\"800\" srcset=\"https:\/\/www.artfireplace.co.uk\/wp-content\/uploads\/2015\/01\/bioethanol-fireplace-ventless-insert-AF180.jpg 1000w, https:\/\/www.artfireplace.co.uk\/wp-content\/uploads\/2015\/01\/bioethanol-fireplace-ventless-insert-AF180-150x120.jpg 150w, https:\/\/www.artfireplace.co.uk\/wp-content\/uploads\/2015\/01\/bioethanol-fireplace-ventless-insert-AF180-300x240.jpg 300w\" sizes=\"(max-width: 1000px) 100vw, 1000px\" \/><\/p>\n<p><img decoding=\"async\" loading=\"lazy\" class=\"aligncenter size-full wp-image-1364\" src=\"https:\/\/artfireplace.co.uk\/wp-content\/uploads\/2014\/12\/Intelligent-Ethanol-fireplace-insert-with-remote-control.jpg\" alt=\"design super autom\u00e1tica inser\u00e7\u00e3o da chamin\u00e9 de bioetanol ventless com controle remoto\" width=\"1000\" height=\"666\" srcset=\"https:\/\/www.artfireplace.co.uk\/wp-content\/uploads\/2014\/12\/Intelligent-Ethanol-fireplace-insert-with-remote-control.jpg 1000w, https:\/\/www.artfireplace.co.uk\/wp-content\/uploads\/2014\/12\/Intelligent-Ethanol-fireplace-insert-with-remote-control-150x100.jpg 150w, https:\/\/www.artfireplace.co.uk\/wp-content\/uploads\/2014\/12\/Intelligent-Ethanol-fireplace-insert-with-remote-control-300x200.jpg 300w, https:\/\/www.artfireplace.co.uk\/wp-content\/uploads\/2014\/12\/Intelligent-Ethanol-fireplace-insert-with-remote-control-768x511.jpg 768w\" sizes=\"(max-width: 1000px) 100vw, 1000px\" \/><\/p>\n<p>Para folhas de dados e v\u00eddeos sobre lareiras arte etanol inteligente, Pls entre em contato com nossas vendas livremente !!! Agradecemos a oportunidade de servir para voc\u00ea !!!<\/p>\n<p>Contacte-nos: info@art-fireplace.com<\/p>\n<p>Art Lareira est\u00e1 pronto para ajudar com tudo o que voc\u00ea precisa. Para garantir que voc\u00ea obtenha uma resposta r\u00e1pida e considerada, por favor contacte-nos atrav\u00e9s do e-mail &#8211; basta digitar seus dados e n\u00f3s entraremos em contato com voc\u00ea em 1 hora.<\/p>\n","protected":false},"excerpt":{"rendered":"<p>Art Lareira Technology Limited \u00e9 uma autom\u00e1tica de inser\u00e7\u00e3o de bioetanol ventless fabrico Prefessional lareira De China.We s\u00e3o de f\u00e1brica com mais de 5 anos de experi\u00eancia 100% de exporta\u00e7\u00e3o.<\/p>\n","protected":false},"author":1,"featured_media":143,"parent":0,"menu_order":0,"comment_status":"closed","ping_status":"closed","template":"","meta":[],"yst_prominent_words":[],"translation":{"provider":"WPGlobus","version":"2.8.3","language":"pt","enabled_languages":["en","es","fr","it","pt","ar","ru"],"languages":{"en":{"title":true,"content":true,"excerpt":true},"es":{"title":true,"content":true,"excerpt":true},"fr":{"title":true,"content":true,"excerpt":true},"it":{"title":true,"content":true,"excerpt":true},"pt":{"title":true,"content":true,"excerpt":true},"ar":{"title":true,"content":true,"excerpt":true},"ru":{"title":true,"content":true,"excerpt":true}}},"_links":{"self":[{"href":"https:\/\/www.artfireplace.co.uk\/pt\/wp-json\/wp\/v2\/pages\/142"}],"collection":[{"href":"https:\/\/www.artfireplace.co.uk\/pt\/wp-json\/wp\/v2\/pages"}],"about":[{"href":"https:\/\/www.artfireplace.co.uk\/pt\/wp-json\/wp\/v2\/types\/page"}],"author":[{"embeddable":true,"href":"https:\/\/www.artfireplace.co.uk\/pt\/wp-json\/wp\/v2\/users\/1"}],"replies":[{"embeddable":true,"href":"https:\/\/www.artfireplace.co.uk\/pt\/wp-json\/wp\/v2\/comments?post=142"}],"version-history":[{"count":37,"href":"https:\/\/www.artfireplace.co.uk\/pt\/wp-json\/wp\/v2\/pages\/142\/revisions"}],"predecessor-version":[{"id":2048,"href":"https:\/\/www.artfireplace.co.uk\/pt\/wp-json\/wp\/v2\/pages\/142\/revisions\/2048"}],"wp:featuredmedia":[{"embeddable":true,"href":"https:\/\/www.artfireplace.co.uk\/pt\/wp-json\/wp\/v2\/media\/143"}],"wp:attachment":[{"href":"https:\/\/www.artfireplace.co.uk\/pt\/wp-json\/wp\/v2\/media?parent=142"}],"wp:term":[{"taxonomy":"yst_prominent_words","embeddable":true,"href":"https:\/\/www.artfireplace.co.uk\/pt\/wp-json\/wp\/v2\/yst_prominent_words?post=142"}],"curies":[{"name":"wp","href":"https:\/\/api.w.org\/{rel}","templated":true}]}}