{"id":145,"date":"2015-01-03T13:05:37","date_gmt":"2015-01-03T05:05:37","guid":{"rendered":"https:\/\/artfireplace.co.uk\/?page_id=145"},"modified":"2021-07-28T15:39:47","modified_gmt":"2021-07-28T07:39:47","slug":"ethanol-fireplace-factory","status":"publish","type":"page","link":"https:\/\/www.artfireplace.co.uk\/pt\/ethanol-fireplace-factory\/","title":{"rendered":"F\u00e1brica Diretamente"},"content":{"rendered":"<p>Como l\u00edder profissional sistema de lareira de etanol bio autom\u00e1tica, somos obrigados a fornecer alta tecnologia e qualidade fireplace.We fabricar nossos produtos, n\u00e3o estamos apenas UM COMERCIANTE! N\u00f3s somos etanol lareira Fabricante a partir de China.For mais informa\u00e7\u00e3o sobre lareiras etanol arte bio, pls entre em contato com nossas vendas.<img decoding=\"async\" loading=\"lazy\" class=\"aligncenter size-full wp-image-964\" src=\"https:\/\/artfireplace.co.uk\/wp-content\/uploads\/2014\/11\/Inserto-Art-bioetanolo-modello-AF180.jpg\" alt=\"prefessional bio lareira de etanol china autom\u00e1tica l\u00edder sistema\" width=\"1023\" height=\"544\" srcset=\"https:\/\/www.artfireplace.co.uk\/wp-content\/uploads\/2014\/11\/Inserto-Art-bioetanolo-modello-AF180.jpg 1023w, https:\/\/www.artfireplace.co.uk\/wp-content\/uploads\/2014\/11\/Inserto-Art-bioetanolo-modello-AF180-150x80.jpg 150w, https:\/\/www.artfireplace.co.uk\/wp-content\/uploads\/2014\/11\/Inserto-Art-bioetanolo-modello-AF180-300x160.jpg 300w\" sizes=\"(max-width: 1023px) 100vw, 1023px\" \/><\/p>\n<p>Art lareira Technology Limited.<\/p>\n<p>E-mail para: info@art-fireplace.com<\/p>\n<p>Art Lareira est\u00e1 pronto para ajudar com tudo o que voc\u00ea precisa. Para garantir que voc\u00ea obtenha uma resposta r\u00e1pida e considerada, por favor contacte-nos atrav\u00e9s do e-mail &#8211; e vamos voltar para voc\u00ea em 1 hora !!!<\/p>\n<p>O nosso site oficial: www.artethanolfireplace.com\/www.art-fireplace.com\/www.superethanolfireplace.com<img decoding=\"async\" loading=\"lazy\" class=\"aligncenter size-full wp-image-698\" src=\"https:\/\/artfireplace.co.uk\/wp-content\/uploads\/2015\/01\/art-design-health-ethanol-fireplace-china.jpg\" alt=\"Art Intelligent etanol lareira com controle remoto\" width=\"1000\" height=\"750\" srcset=\"https:\/\/www.artfireplace.co.uk\/wp-content\/uploads\/2015\/01\/art-design-health-ethanol-fireplace-china.jpg 1000w, https:\/\/www.artfireplace.co.uk\/wp-content\/uploads\/2015\/01\/art-design-health-ethanol-fireplace-china-150x113.jpg 150w, https:\/\/www.artfireplace.co.uk\/wp-content\/uploads\/2015\/01\/art-design-health-ethanol-fireplace-china-300x225.jpg 300w\" sizes=\"(max-width: 1000px) 100vw, 1000px\" \/><\/p>\n<p><img decoding=\"async\" loading=\"lazy\" class=\"aligncenter size-full wp-image-699\" src=\"https:\/\/artfireplace.co.uk\/wp-content\/uploads\/2015\/01\/health-bio-fireplace-inserts-china.jpg\" alt=\"Art Etanol Intelligent Burner com controle remoto\" width=\"1000\" height=\"750\" srcset=\"https:\/\/www.artfireplace.co.uk\/wp-content\/uploads\/2015\/01\/health-bio-fireplace-inserts-china.jpg 1000w, https:\/\/www.artfireplace.co.uk\/wp-content\/uploads\/2015\/01\/health-bio-fireplace-inserts-china-150x113.jpg 150w, https:\/\/www.artfireplace.co.uk\/wp-content\/uploads\/2015\/01\/health-bio-fireplace-inserts-china-300x225.jpg 300w\" sizes=\"(max-width: 1000px) 100vw, 1000px\" \/><\/p>\n<p><img decoding=\"async\" loading=\"lazy\" class=\"aligncenter size-full wp-image-740\" src=\"https:\/\/artfireplace.co.uk\/wp-content\/uploads\/2015\/01\/ethanol-fireplace-panel-factory-china.jpg\" alt=\"Art autom\u00e1tica Ethanol Burner com controle remoto\" width=\"1000\" height=\"750\" srcset=\"https:\/\/www.artfireplace.co.uk\/wp-content\/uploads\/2015\/01\/ethanol-fireplace-panel-factory-china.jpg 1000w, https:\/\/www.artfireplace.co.uk\/wp-content\/uploads\/2015\/01\/ethanol-fireplace-panel-factory-china-150x113.jpg 150w, https:\/\/www.artfireplace.co.uk\/wp-content\/uploads\/2015\/01\/ethanol-fireplace-panel-factory-china-300x225.jpg 300w\" sizes=\"(max-width: 1000px) 100vw, 1000px\" \/><\/p>\n<p><img decoding=\"async\" loading=\"lazy\" class=\"aligncenter size-full wp-image-738\" src=\"https:\/\/artfireplace.co.uk\/wp-content\/uploads\/2015\/01\/quality-ethanol-fireplace-insert-tray.jpg\" alt=\"Art autom\u00e1tica etanol lareira com controle remoto\" width=\"1000\" height=\"750\" srcset=\"https:\/\/www.artfireplace.co.uk\/wp-content\/uploads\/2015\/01\/quality-ethanol-fireplace-insert-tray.jpg 1000w, https:\/\/www.artfireplace.co.uk\/wp-content\/uploads\/2015\/01\/quality-ethanol-fireplace-insert-tray-150x113.jpg 150w, https:\/\/www.artfireplace.co.uk\/wp-content\/uploads\/2015\/01\/quality-ethanol-fireplace-insert-tray-300x225.jpg 300w\" sizes=\"(max-width: 1000px) 100vw, 1000px\" \/><\/p>\n<p><img decoding=\"async\" loading=\"lazy\" class=\"aligncenter size-full wp-image-742\" src=\"https:\/\/artfireplace.co.uk\/wp-content\/uploads\/2015\/01\/high-quality-bio-ethanol-fireplace-from-china.jpg\" alt=\"Art autom\u00e1tica etanol lareira\" width=\"1000\" height=\"750\" srcset=\"https:\/\/www.artfireplace.co.uk\/wp-content\/uploads\/2015\/01\/high-quality-bio-ethanol-fireplace-from-china.jpg 1000w, https:\/\/www.artfireplace.co.uk\/wp-content\/uploads\/2015\/01\/high-quality-bio-ethanol-fireplace-from-china-150x113.jpg 150w, https:\/\/www.artfireplace.co.uk\/wp-content\/uploads\/2015\/01\/high-quality-bio-ethanol-fireplace-from-china-300x225.jpg 300w\" sizes=\"(max-width: 1000px) 100vw, 1000px\" \/><\/p>\n<p><img decoding=\"async\" loading=\"lazy\" class=\"aligncenter size-full wp-image-701\" src=\"https:\/\/artfireplace.co.uk\/wp-content\/uploads\/2015\/01\/super-ethanol-bio-fireplace-china-by-art-fireplace.jpg\" alt=\"Super bioetanol lareira china pela chamin\u00e9 art\" width=\"1000\" height=\"750\" srcset=\"https:\/\/www.artfireplace.co.uk\/wp-content\/uploads\/2015\/01\/super-ethanol-bio-fireplace-china-by-art-fireplace.jpg 1000w, https:\/\/www.artfireplace.co.uk\/wp-content\/uploads\/2015\/01\/super-ethanol-bio-fireplace-china-by-art-fireplace-150x113.jpg 150w, https:\/\/www.artfireplace.co.uk\/wp-content\/uploads\/2015\/01\/super-ethanol-bio-fireplace-china-by-art-fireplace-300x225.jpg 300w\" sizes=\"(max-width: 1000px) 100vw, 1000px\" \/><\/p>\n<p><img decoding=\"async\" loading=\"lazy\" class=\"aligncenter size-full wp-image-1323\" src=\"https:\/\/artfireplace.co.uk\/wp-content\/uploads\/2016\/03\/Intelligent-Ethanol-fireplace-insert-with-remote-control.jpg\" alt=\"\" width=\"1000\" height=\"666\" srcset=\"https:\/\/www.artfireplace.co.uk\/wp-content\/uploads\/2016\/03\/Intelligent-Ethanol-fireplace-insert-with-remote-control.jpg 1000w, https:\/\/www.artfireplace.co.uk\/wp-content\/uploads\/2016\/03\/Intelligent-Ethanol-fireplace-insert-with-remote-control-150x100.jpg 150w, https:\/\/www.artfireplace.co.uk\/wp-content\/uploads\/2016\/03\/Intelligent-Ethanol-fireplace-insert-with-remote-control-300x200.jpg 300w, https:\/\/www.artfireplace.co.uk\/wp-content\/uploads\/2016\/03\/Intelligent-Ethanol-fireplace-insert-with-remote-control-768x511.jpg 768w\" sizes=\"(max-width: 1000px) 100vw, 1000px\" \/><\/p>\n<p>Contacte-nos em:<\/p>\n<p>info@art-fireplace.com<\/p>\n<p>Art Lareira est\u00e1 pronto para ajudar com tudo o que voc\u00ea precisa. Para garantir que voc\u00ea obtenha uma resposta r\u00e1pida e considerada, por favor contacte-nos atrav\u00e9s do e-mail &#8211; basta digitar seus dados e n\u00f3s entraremos em contato com voc\u00ea em 1 hora.<\/p>\n","protected":false},"excerpt":{"rendered":"<p>Como l\u00edder sistema profissional autom\u00e1tica bio lareira etanol a partir de China, somos obrigados a fornecer alta tecnologia e etanol \u00e1lcool de alta qualidade queimadores com controle remoto.<\/p>\n","protected":false},"author":1,"featured_media":196,"parent":0,"menu_order":0,"comment_status":"closed","ping_status":"closed","template":"","meta":[],"yst_prominent_words":[],"translation":{"provider":"WPGlobus","version":"2.8.3","language":"pt","enabled_languages":["en","es","fr","it","pt","ar","ru"],"languages":{"en":{"title":true,"content":true,"excerpt":true},"es":{"title":true,"content":true,"excerpt":true},"fr":{"title":true,"content":true,"excerpt":true},"it":{"title":true,"content":true,"excerpt":true},"pt":{"title":true,"content":true,"excerpt":true},"ar":{"title":true,"content":true,"excerpt":true},"ru":{"title":true,"content":true,"excerpt":true}}},"_links":{"self":[{"href":"https:\/\/www.artfireplace.co.uk\/pt\/wp-json\/wp\/v2\/pages\/145"}],"collection":[{"href":"https:\/\/www.artfireplace.co.uk\/pt\/wp-json\/wp\/v2\/pages"}],"about":[{"href":"https:\/\/www.artfireplace.co.uk\/pt\/wp-json\/wp\/v2\/types\/page"}],"author":[{"embeddable":true,"href":"https:\/\/www.artfireplace.co.uk\/pt\/wp-json\/wp\/v2\/users\/1"}],"replies":[{"embeddable":true,"href":"https:\/\/www.artfireplace.co.uk\/pt\/wp-json\/wp\/v2\/comments?post=145"}],"version-history":[{"count":52,"href":"https:\/\/www.artfireplace.co.uk\/pt\/wp-json\/wp\/v2\/pages\/145\/revisions"}],"predecessor-version":[{"id":4478,"href":"https:\/\/www.artfireplace.co.uk\/pt\/wp-json\/wp\/v2\/pages\/145\/revisions\/4478"}],"wp:featuredmedia":[{"embeddable":true,"href":"https:\/\/www.artfireplace.co.uk\/pt\/wp-json\/wp\/v2\/media\/196"}],"wp:attachment":[{"href":"https:\/\/www.artfireplace.co.uk\/pt\/wp-json\/wp\/v2\/media?parent=145"}],"wp:term":[{"taxonomy":"yst_prominent_words","embeddable":true,"href":"https:\/\/www.artfireplace.co.uk\/pt\/wp-json\/wp\/v2\/yst_prominent_words?post=145"}],"curies":[{"name":"wp","href":"https:\/\/api.w.org\/{rel}","templated":true}]}}