{"id":155,"date":"2015-01-03T13:30:41","date_gmt":"2015-01-03T05:30:41","guid":{"rendered":"https:\/\/artfireplace.co.uk\/?page_id=155"},"modified":"2023-02-15T10:29:04","modified_gmt":"2023-02-15T02:29:04","slug":"hot-sale-ethanol-fireplace","status":"publish","type":"page","link":"https:\/\/www.artfireplace.co.uk\/pt\/hot-sale-ethanol-fireplace\/","title":{"rendered":"Venda imperd\u00edvel"},"content":{"rendered":"<p><img decoding=\"async\" loading=\"lazy\" class=\"aligncenter size-full wp-image-979\" src=\"https:\/\/artfireplace.co.uk\/wp-content\/uploads\/2014\/11\/sztuki-Bioetanol-ognisko-insert-model-AF180.jpg\" alt=\"AF 150 Remote Controlled inser\u00e7\u00e3o da chamin\u00e9 de etanol eletr\u00f4nico\" width=\"1023\" height=\"544\" srcset=\"https:\/\/www.artfireplace.co.uk\/wp-content\/uploads\/2014\/11\/sztuki-Bioetanol-ognisko-insert-model-AF180.jpg 1023w, https:\/\/www.artfireplace.co.uk\/wp-content\/uploads\/2014\/11\/sztuki-Bioetanol-ognisko-insert-model-AF180-150x80.jpg 150w, https:\/\/www.artfireplace.co.uk\/wp-content\/uploads\/2014\/11\/sztuki-Bioetanol-ognisko-insert-model-AF180-300x160.jpg 300w\" sizes=\"(max-width: 1023px) 100vw, 1023px\" \/><\/p>\n<p>AF 150 autom\u00e1tica de inser\u00e7\u00e3o de \u00e1lcool lareiras bio etanol \/ queimadores fog\u00e3o da pelota eletr\u00f4nicos:<br \/>\n&#8211; Use apenas em salas de m\u00ednimo 40 m2<br \/>\n&#8211; Dimens\u00f5es: 150\/24 \/ 21,3 cm<br \/>\n&#8211; Inserir Buraco Tamanho m\u00ednimo: 148,5 \/ 22,5 \/ 25,0 cent\u00edmetros<br \/>\n&#8211; Sa\u00edda: 10 000 W<br \/>\n&#8211; Capacidade do tanque: 15 L<br \/>\n&#8211; Consumo: 1.65L \/ hora<br \/>\n&#8211; Controle remoto: Sim<br \/>\n&#8211; Peso L\u00edquido: 34 kg<br \/>\n&#8211; Peso Bruto: 45 kg<\/p>\n<p>1. bioetanol autom\u00e1tica lareira extin\u00e7\u00e3o ou de igni\u00e7\u00e3o ordenados por quadro el\u00e9ctrico e um bot\u00e3o ON \/ OFF e controle remoto.<br \/>\n2. Material em a\u00e7o inoxid\u00e1vel e MDF.<br \/>\n3. Separadamente tanque de bio-etanol e recuperador queima<br \/>\n4. detector infravermelho Co2 seguran\u00e7a que p\u00e1ra o fogo em caso de atingir os n\u00edveis autorizados pela ONU.<br \/>\n5. bomba el\u00e9trica autom\u00e1tica para preencher o queimador<br \/>\n6. Com detectores de calor eletr\u00f4nicos, vai automatice extin\u00e7\u00e3o quando a temperatura atingir os n\u00edveis autorizados pela ONU.<br \/>\n7. carregador ou uma bateria AC carregador com carregador de bateria.<br \/>\n8, com efeitos de \u00e1udio.<br \/>\n9. OEM servi\u00e7o prestado, entre em contato conosco para mais informa\u00e7\u00f5es e modelos<br \/>\nFoi mais informa\u00e7\u00e3o sobre os nossos inser\u00e7\u00e3o lareiras bio etanol, entre em contato com nossas vendas!<\/p>\n<p>Instru\u00e7\u00f5es de seguran\u00e7a:<br \/>\nN\u00e3o sopre para o fogo.<br \/>\nNunca deixe o fogo aut\u00f4noma.<br \/>\nMantenha as crian\u00e7as e animais de estima\u00e7\u00e3o a uma dist\u00e2ncia segura.<br \/>\nTenha cuidado com fecha inflam\u00e1veis ou cabelo.<br \/>\nEvitar o contacto f\u00edsico com o bioetanol.<br \/>\nA chama nunca deve tocar diretamente o interior da pastilha de metal.<br \/>\nN\u00e3o fumar durante o re-enchimento ou acender o queimador. Risco de explos\u00e3o!<br \/>\nN\u00e3o coloque papel, papel\u00e3o, tecido (roupas) etc. No queimador ou em torno dela.<br \/>\nAVISO! Nunca voltar a encher uma lareira quente ou morna bio etanol. Risco de explos\u00e3o!<br \/>\nImportante: A lareira bio etanol \u00e9 para ser utilizada para fins decorativos e n\u00e3o como um aquecedor.<br \/>\nO uso da lareira de etanol bio como um multi-queimador ou lareira para materiais combust\u00edveis l\u00edquidos ou s\u00f3lidos n\u00e3o \u00e9 permitido.<br \/>\n\u00c9 proibido para crian\u00e7as, pessoas sob a influ\u00eancia de \u00e1lcool, drogas ou medicamentos, ou pessoas que n\u00e3o est\u00e3o fisicamente ou mentalmente em bom estado, para usar a lareira de etanol bio.<\/p>\n<p>Relacionados outros modelos de lareiras inteligentes \u00e1lcool etanol:<br \/>\nInsira AF66 autom\u00e1tica lareira bioetanol (66X24X11.5cm)<br \/>\nInsira AF100 autom\u00e1tica lareira bioetanol (100X24X12.5cm)<br \/>\nInsira AF120 autom\u00e1tica lareira bioetanol (120X24X21.5cm)<br \/>\nInsira AF150 autom\u00e1tica lareira bioetanol (150X24X21.5cm)<br \/>\nInsira AF180 autom\u00e1tica lareira bioetanol (180X24X21.5cm)<\/p>\n<p>produtos 1.Customized:<br \/>\npre\u00e7o do etanol acordo com o cliente tamanho requisitos e quantidade de um \u00fanico relat\u00f3rio!<br \/>\ndura\u00e7\u00e3o normal de 10-15 dias de trabalho (ordens expedidas, por favor consulte o atendimento ao cliente e vendas)<br \/>\n2. N\u00f3s tamb\u00e9m temos muitos modelos de lareiras alcoho ethanoll manuais.<br \/>\nInforma\u00e7\u00f5es detalhadas sobre lareiras etanol arte bio, entre em contato conosco.<img decoding=\"async\" loading=\"lazy\" class=\"aligncenter size-full wp-image-1162\" src=\"https:\/\/artfireplace.co.uk\/wp-content\/uploads\/2015\/01\/automatic-bio-fireplace-stainless-steel-model-AF150.jpg\" alt=\"autom\u00e1tica lareira bio a\u00e7o inoxid\u00e1vel modelo AF150\" width=\"1000\" height=\"750\" srcset=\"https:\/\/www.artfireplace.co.uk\/wp-content\/uploads\/2015\/01\/automatic-bio-fireplace-stainless-steel-model-AF150.jpg 1000w, https:\/\/www.artfireplace.co.uk\/wp-content\/uploads\/2015\/01\/automatic-bio-fireplace-stainless-steel-model-AF150-150x113.jpg 150w, https:\/\/www.artfireplace.co.uk\/wp-content\/uploads\/2015\/01\/automatic-bio-fireplace-stainless-steel-model-AF150-300x225.jpg 300w\" sizes=\"(max-width: 1000px) 100vw, 1000px\" \/><\/p>\n<p>Entre o melhor em design de arte lareira, o AF150 controle remoto eletr\u00f4nico Bio Ethanol Lareira Insert \u00e9 favorecido por arquitetos, empreiteiros e designers high-end e oferece a qualidade sem precedentes cliente exigente e seguran\u00e7a. Al\u00e9m dos mesmos sem ventila\u00e7\u00e3o e limpas chamas ardentes como manuais inser\u00e7\u00f5es da chamin\u00e9 de etanol, este gravador de bio etanol arte-fogo oferece muito mais para aplica\u00e7\u00f5es residenciais e comerciais.<\/p>\n<p>Capacidade de controle remoto. Devido ao seu funcionamento eletr\u00f4nico, alimentado por uma fonte de alimenta\u00e7\u00e3o de doze volts, esta inser\u00e7\u00e3o da chamin\u00e9 de etanol pode ser inflamado e extinta por meio de um bot\u00e3o liga \/ desliga localizado no pr\u00f3prio gravador, um controle remoto de um bot\u00e3o ou atrav\u00e9s de seu telefone inteligente atrav\u00e9s da integra\u00e7\u00e3o com o seu Smart Home System.<\/p>\n<p>On-Safety Monitoring Board. A placa-m\u00e3e desta inser\u00e7\u00e3o da chamin\u00e9 \u00e9 central para a seguran\u00e7a. Constante auto-avalia\u00e7\u00e3o do seu funcionamento, este gravador inteligente reage a qualquer condi\u00e7\u00e3o que aparece at\u00edpico. Se se detectar uma quantidade em excesso de emiss\u00e3o de di\u00f3xido de carbono ou a sa\u00edda de calor, ele deixar\u00e1 a opera\u00e7\u00e3o automaticamente, extinguir a chama e a manter o mecanismo de bloqueio da c\u00e2mara de combust\u00edvel. Al\u00e9m disso, ele ir\u00e1 auto-extin\u00e7\u00e3o deveria detectar o movimento s\u00edsmico ou o n\u00edvel de inclina\u00e7\u00e3o tornando-se um dispositivo \u00e0 prova de choque. n\u00edveis de combust\u00edvel e baterias tamb\u00e9m s\u00e3o constantemente avaliados para melhor desempenho e avisar\u00e1 atrav\u00e9s de display LED do queimador, que vai indicar tempos de opera\u00e7\u00e3o e alert\u00e1-lo pelo som e mensagem de erro deve ocorrer um evento.<\/p>\n<p>Constru\u00e7\u00e3o resistente. Constru\u00eddo em a\u00e7o inoxid\u00e1vel classe 304, o queimador de etanol \u00e9 resistente \u00e0 corros\u00e3o e apresenta excelente resist\u00eancia \u00e0 atmosf\u00e9rica, qu\u00edmica e outras exposi\u00e7\u00f5es. Sua placa superior mede tr\u00eas mil\u00edmetros de espessura (3\/32 polegadas). Isso permite robustez, ainda promove um perfil baixo. Para maior seguran\u00e7a, o AF150 lareira oferece isolamento constru\u00e7\u00e3o dupla lareira.<\/p>\n<p>Separado do reservat\u00f3rio de combust\u00edvel e Burner Tray. Continuando com as caracter\u00edsticas de seguran\u00e7a sem precedentes desta etanol lareira queimador, excesso de combust\u00edvel est\u00e1 alojado em um reservat\u00f3rio selado. Isto n\u00e3o s\u00f3 evita a evapora\u00e7\u00e3o do combust\u00edvel e a liberta\u00e7\u00e3o arom\u00e1tica do etanol bruto, mas diminui a quantidade de combust\u00edvel &#8220;exposto&#8221; a qualquer momento dado. Por meio de uma bomba de combust\u00edvel de qualidade m\u00e9dica, o etanol \u00e9 entregue na bandeja de queimador. Permitindo apenas a bandeja do queimador para gerenciar alguns centilitros de etanol combust\u00edvel em um determinado momento promove a seguran\u00e7a adicional e minimiza o risco de perigos relacionados com o fogo.<img decoding=\"async\" loading=\"lazy\" class=\"aligncenter size-full wp-image-820\" src=\"https:\/\/artfireplace.co.uk\/wp-content\/uploads\/2015\/01\/insert-ventless-ethanol-fireplace-AF180.jpg\" alt=\"Art Burner Etanol inteligente com controle remoto\" width=\"1000\" height=\"750\" srcset=\"https:\/\/www.artfireplace.co.uk\/wp-content\/uploads\/2015\/01\/insert-ventless-ethanol-fireplace-AF180.jpg 1000w, https:\/\/www.artfireplace.co.uk\/wp-content\/uploads\/2015\/01\/insert-ventless-ethanol-fireplace-AF180-150x113.jpg 150w, https:\/\/www.artfireplace.co.uk\/wp-content\/uploads\/2015\/01\/insert-ventless-ethanol-fireplace-AF180-300x225.jpg 300w\" sizes=\"(max-width: 1000px) 100vw, 1000px\" \/><\/p>\n<p><img decoding=\"async\" loading=\"lazy\" class=\"aligncenter size-full wp-image-1364\" src=\"https:\/\/artfireplace.co.uk\/wp-content\/uploads\/2014\/12\/Intelligent-Ethanol-fireplace-insert-with-remote-control.jpg\" alt=\"Art Intelligent etanol lareira AF150 com controle remoto\" width=\"1000\" height=\"666\" srcset=\"https:\/\/www.artfireplace.co.uk\/wp-content\/uploads\/2014\/12\/Intelligent-Ethanol-fireplace-insert-with-remote-control.jpg 1000w, https:\/\/www.artfireplace.co.uk\/wp-content\/uploads\/2014\/12\/Intelligent-Ethanol-fireplace-insert-with-remote-control-150x100.jpg 150w, https:\/\/www.artfireplace.co.uk\/wp-content\/uploads\/2014\/12\/Intelligent-Ethanol-fireplace-insert-with-remote-control-300x200.jpg 300w, https:\/\/www.artfireplace.co.uk\/wp-content\/uploads\/2014\/12\/Intelligent-Ethanol-fireplace-insert-with-remote-control-768x511.jpg 768w\" sizes=\"(max-width: 1000px) 100vw, 1000px\" \/><\/p>\n","protected":false},"excerpt":{"rendered":"<p>Entre o melhor em design de arte lareira, o AF150 controle remoto eletr\u00f4nico Bio Ethanol Lareira Insert \u00e9 favorecido por arquitetos, empreiteiros e designers high-end e oferece a qualidade sem precedentes cliente exigente e seguran\u00e7a. Al\u00e9m dos mesmos sem ventila\u00e7\u00e3o e limpas chamas ardentes como manuais inser\u00e7\u00f5es da chamin\u00e9 de etanol, este gravador de bio etanol arte-fogo oferece muito mais para aplica\u00e7\u00f5es residenciais e comerciais.<\/p>\n","protected":false},"author":1,"featured_media":3504,"parent":0,"menu_order":0,"comment_status":"closed","ping_status":"closed","template":"","meta":[],"yst_prominent_words":[754,328,323,330,312,349,317,334,311,331,329,342,341,327,326,310],"translation":{"provider":"WPGlobus","version":"2.8.3","language":"pt","enabled_languages":["en","es","fr","it","pt","ar","ru"],"languages":{"en":{"title":true,"content":true,"excerpt":true},"es":{"title":true,"content":true,"excerpt":true},"fr":{"title":true,"content":true,"excerpt":true},"it":{"title":true,"content":true,"excerpt":true},"pt":{"title":true,"content":true,"excerpt":true},"ar":{"title":true,"content":true,"excerpt":true},"ru":{"title":true,"content":true,"excerpt":true}}},"_links":{"self":[{"href":"https:\/\/www.artfireplace.co.uk\/pt\/wp-json\/wp\/v2\/pages\/155"}],"collection":[{"href":"https:\/\/www.artfireplace.co.uk\/pt\/wp-json\/wp\/v2\/pages"}],"about":[{"href":"https:\/\/www.artfireplace.co.uk\/pt\/wp-json\/wp\/v2\/types\/page"}],"author":[{"embeddable":true,"href":"https:\/\/www.artfireplace.co.uk\/pt\/wp-json\/wp\/v2\/users\/1"}],"replies":[{"embeddable":true,"href":"https:\/\/www.artfireplace.co.uk\/pt\/wp-json\/wp\/v2\/comments?post=155"}],"version-history":[{"count":45,"href":"https:\/\/www.artfireplace.co.uk\/pt\/wp-json\/wp\/v2\/pages\/155\/revisions"}],"predecessor-version":[{"id":3506,"href":"https:\/\/www.artfireplace.co.uk\/pt\/wp-json\/wp\/v2\/pages\/155\/revisions\/3506"}],"wp:featuredmedia":[{"embeddable":true,"href":"https:\/\/www.artfireplace.co.uk\/pt\/wp-json\/wp\/v2\/media\/3504"}],"wp:attachment":[{"href":"https:\/\/www.artfireplace.co.uk\/pt\/wp-json\/wp\/v2\/media?parent=155"}],"wp:term":[{"taxonomy":"yst_prominent_words","embeddable":true,"href":"https:\/\/www.artfireplace.co.uk\/pt\/wp-json\/wp\/v2\/yst_prominent_words?post=155"}],"curies":[{"name":"wp","href":"https:\/\/api.w.org\/{rel}","templated":true}]}}