{"id":161,"date":"2015-01-03T13:49:28","date_gmt":"2015-01-03T05:49:28","guid":{"rendered":"https:\/\/artfireplace.co.uk\/?page_id=161"},"modified":"2024-08-16T16:11:19","modified_gmt":"2024-08-16T08:11:19","slug":"automatic-ethanol-fireplace","status":"publish","type":"page","link":"https:\/\/www.artfireplace.co.uk\/pt\/automatic-ethanol-fireplace\/","title":{"rendered":"AF100 autom\u00e1tica Bioetanol queimador com 100 cent\u00edmetros de comprimento"},"content":{"rendered":"<p>AF100 autom\u00e1tica inser\u00e7\u00e3o \u00e1lcool bioetanol lareira com recuperador premium &#8220;extra-grande&#8221;<br \/>\nA beleza de longas chamas, em estado puro, que se refletem no bloco de a\u00e7o inoxid\u00e1vel. O AF100 oferece a possibilidade de criar uma lareira com recuperador 16\/9 em um design moderno. Uma nova id\u00e9ia do fogo, basta pressionar no modelo control.This remoto \u00e9 bem aceite pela maioria dos clientes.<img decoding=\"async\" loading=\"lazy\" class=\"aligncenter size-full wp-image-2149\" src=\"https:\/\/artfireplace.co.uk\/wp-content\/uploads\/2015\/01\/alibabaAF100.jpg\" alt=\"alibabaAF100 art fireplace automatic with remote controller\" width=\"1000\" height=\"400\" \/><br \/>\n&#8211; Use apenas em salas de m\u00ednima de 30 m2<br \/>\n&#8211; Dimens\u00f5es: 100 \/ 24,0 \/ 13,5 cm<br \/>\n&#8211; Inserir Buraco Tamanho m\u00ednimo: 98,0 \/ 22,0 \/ 15,0 cent\u00edmetros<br \/>\n&#8211; Sa\u00edda: 6200 W<br \/>\n&#8211; Capacidade do tanque: 5 L<br \/>\n&#8211; Consumo: 1 litro \/ hora<br \/>\n&#8211; Controle remoto: Sim<br \/>\n&#8211; Peso l\u00edquido: 20,0 kg<br \/>\n&#8211; Peso bruto: 27,0 kg<\/p>\n<p>Art inteligentes Ethanol Lareira Caracter\u00edsticas Funcionamento:<br \/>\n1. bioetanol autom\u00e1tica lareira extin\u00e7\u00e3o ou de igni\u00e7\u00e3o ordenados por quadro el\u00e9ctrico e um bot\u00e3o ON \/ OFF e controle remoto.<br \/>\n2. Material em a\u00e7o inoxid\u00e1vel e MDF.<br \/>\n3. Separadamente tanque de bio-etanol e recuperador queima<br \/>\n4. detector infravermelho Co2 seguran\u00e7a que p\u00e1ra o fogo em caso de atingir os n\u00edveis autorizados pela ONU.<br \/>\n5. bomba el\u00e9trica autom\u00e1tica para preencher o queimador<br \/>\n6. Com detectores de calor eletr\u00f4nicos, vai automatice extin\u00e7\u00e3o quando a temperatura atingir os n\u00edveis autorizados pela ONU.<br \/>\n7. carregador ou uma bateria AC carregador com carregador de bateria.<br \/>\n8, com efeitos de \u00e1udio.<br \/>\n9, F\u00e1cil de instalar e operar.<br \/>\nservi\u00e7o 10.OEM fornecida<\/p>\n<p>Relacionados outros modelos de lareiras inteligentes \u00e1lcool etanol:<br \/>\nInsira AF66 autom\u00e1tica lareira bioetanol (66X24X13.5cm)<br \/>\nInsira AF120 autom\u00e1tica lareira bioetanol (120X24X21.5cm)<br \/>\nInsira AF150 autom\u00e1tica lareira bioetanol (150X24X21.5cm)<br \/>\nInsira AF180 autom\u00e1tica lareira bioetanol (180X24X21.5cm)<\/p>\n<p>1. A humanidade sonhando na frente de sua lareira se torna imaginativa. O fogo lhe d\u00e1 um futuro, uma consci\u00eancia, uma centelha de fogo celestial<br \/>\nO fogo \u00e9 um elemento extraordin\u00e1rio de amig\u00e1vel. Fornecer uma linha de fogo de mais de um metro de comprimento \u00e9 uma mais valia para designers ou indiv\u00edduos que desejam criar uma atmosfera \u00fanica, um novo conceito fogo! O fogo \u00e9 \u00edntimo e universal, o fogo \u00e9 ultra-viva!<\/p>\n<p>2. Seguro bioetanol lareira inser\u00e7\u00e3o com igni\u00e7\u00e3o eletr\u00f4nica com controle remoto<br \/>\nBioetanol lareira inserir AF100 \u00e9 bonito, mas tamb\u00e9m \u00e9 seguro, equipado com uma s\u00e9rie de detectores: n\u00edvel, C0\u00b2, sensores de calor etc. Al\u00e9m disso, voc\u00ea n\u00e3o precisa para acend\u00ea-lo com um isqueiro ou f\u00f3sforos, basta pressionar no controle remoto.<\/p>\n<p>3. Art Lareira um verdadeiro bio inser\u00e7\u00f5es queimador fabricante<br \/>\nArt fogo \u00e9 um queimadores bio eletr\u00f4nicos com fabricantes acendimento autom\u00e1tico com controle remoto na vanguarda da tecnologia. Um verdadeiro inser\u00e7\u00f5es bio variar sem combust\u00e3o que pode ser instalado em casas e apartamentos, em casas particulares ou de estabelecimentos comerciais.<br \/>\nUma gama rodando em 96 \u00b0 bioetanol, um \u00e1lcool amig\u00e1vel eco- fabricado com plantas e res\u00edduos.<\/p>\n<p>produtos 1.Customized:<br \/>\npre\u00e7o de acordo com o cliente tamanho requisitos e quantidade de um \u00fanico relat\u00f3rio!<br \/>\ndura\u00e7\u00e3o normal de 10-15 dias de trabalho (ordens expedidas, por favor consulte o atendimento ao cliente e vendas)<br \/>\n2. N\u00f3s tamb\u00e9m temos muitos modelos de lareiras manuais de \u00e1lcool etanol.<br \/>\nInforma\u00e7\u00f5es detalhadas sobre lareira arte bioetanol, contacte-nos.<br \/>\nOlhando para a frente a sua pergunta!<\/p>\n<p><a href=\"https:\/\/artfireplace.co.uk\/pt\/contact-us\/\" target=\"_blank\" rel=\"noopener noreferrer\">Contacte-nos livremente!<\/a><\/p>\n","protected":false},"excerpt":{"rendered":"<p>Entre o melhor em design de arte lareira, o AF100 controle remoto eletr\u00f4nico Bio Ethanol Lareira Insert \u00e9 favorecido por arquitetos, empreiteiros e designers high-end e oferece a qualidade sem precedentes cliente exigente e seguran\u00e7a.<\/p>\n","protected":false},"author":1,"featured_media":3802,"parent":0,"menu_order":0,"comment_status":"closed","ping_status":"closed","template":"","meta":[],"yst_prominent_words":[835,339,323,335,349,317,334,311,329,1304,1303,1302,1301,1255,1254,1253,1259,333,1258,1257],"translation":{"provider":"WPGlobus","version":"2.8.3","language":"pt","enabled_languages":["en","es","fr","it","pt","ar","ru"],"languages":{"en":{"title":true,"content":true,"excerpt":true},"es":{"title":true,"content":true,"excerpt":true},"fr":{"title":true,"content":true,"excerpt":true},"it":{"title":true,"content":true,"excerpt":true},"pt":{"title":true,"content":true,"excerpt":true},"ar":{"title":true,"content":true,"excerpt":true},"ru":{"title":true,"content":true,"excerpt":true}}},"_links":{"self":[{"href":"https:\/\/www.artfireplace.co.uk\/pt\/wp-json\/wp\/v2\/pages\/161"}],"collection":[{"href":"https:\/\/www.artfireplace.co.uk\/pt\/wp-json\/wp\/v2\/pages"}],"about":[{"href":"https:\/\/www.artfireplace.co.uk\/pt\/wp-json\/wp\/v2\/types\/page"}],"author":[{"embeddable":true,"href":"https:\/\/www.artfireplace.co.uk\/pt\/wp-json\/wp\/v2\/users\/1"}],"replies":[{"embeddable":true,"href":"https:\/\/www.artfireplace.co.uk\/pt\/wp-json\/wp\/v2\/comments?post=161"}],"version-history":[{"count":91,"href":"https:\/\/www.artfireplace.co.uk\/pt\/wp-json\/wp\/v2\/pages\/161\/revisions"}],"predecessor-version":[{"id":3752,"href":"https:\/\/www.artfireplace.co.uk\/pt\/wp-json\/wp\/v2\/pages\/161\/revisions\/3752"}],"wp:featuredmedia":[{"embeddable":true,"href":"https:\/\/www.artfireplace.co.uk\/pt\/wp-json\/wp\/v2\/media\/3802"}],"wp:attachment":[{"href":"https:\/\/www.artfireplace.co.uk\/pt\/wp-json\/wp\/v2\/media?parent=161"}],"wp:term":[{"taxonomy":"yst_prominent_words","embeddable":true,"href":"https:\/\/www.artfireplace.co.uk\/pt\/wp-json\/wp\/v2\/yst_prominent_words?post=161"}],"curies":[{"name":"wp","href":"https:\/\/api.w.org\/{rel}","templated":true}]}}