{"id":199,"date":"2015-01-04T14:54:16","date_gmt":"2015-01-04T06:54:16","guid":{"rendered":"https:\/\/artfireplace.co.uk\/?page_id=199"},"modified":"2024-06-25T10:48:58","modified_gmt":"2024-06-25T02:48:58","slug":"ethanol-burner","status":"publish","type":"page","link":"https:\/\/www.artfireplace.co.uk\/pt\/ethanol-burner\/","title":{"rendered":"Automatic bioetanol lareira AF120 com 120 cent\u00edmetros de comprimento"},"content":{"rendered":"<p><img decoding=\"async\" loading=\"lazy\" class=\"aligncenter size-full wp-image-931\" src=\"https:\/\/artfireplace.co.uk\/wp-content\/uploads\/2015\/01\/Automatic-Bioethanol-fireplace-insert-Model.jpg\" alt=\"Automatic bioetanol lareira AF120\" width=\"1020\" height=\"584\" srcset=\"https:\/\/www.artfireplace.co.uk\/wp-content\/uploads\/2015\/01\/Automatic-Bioethanol-fireplace-insert-Model.jpg 1020w, https:\/\/www.artfireplace.co.uk\/wp-content\/uploads\/2015\/01\/Automatic-Bioethanol-fireplace-insert-Model-150x86.jpg 150w, https:\/\/www.artfireplace.co.uk\/wp-content\/uploads\/2015\/01\/Automatic-Bioethanol-fireplace-insert-Model-300x172.jpg 300w\" sizes=\"(max-width: 1020px) 100vw, 1020px\" \/><\/p>\n<p>AF120 eletr\u00f4nico com controle remoto autom\u00e1tico de inser\u00e7\u00e3o da chamin\u00e9 de bioetanol:<img decoding=\"async\" loading=\"lazy\" class=\"aligncenter size-full wp-image-891\" src=\"https:\/\/artfireplace.co.uk\/wp-content\/uploads\/2015\/04\/Automatic-bioethanol-fireplace-with-remote-control-manufacturer-China.jpg\" alt=\"AF120 eletr\u00f4nico com controle remoto autom\u00e1tico de inser\u00e7\u00e3o da chamin\u00e9 de bioetanol\" width=\"900\" height=\"674\" srcset=\"https:\/\/www.artfireplace.co.uk\/wp-content\/uploads\/2015\/04\/Automatic-bioethanol-fireplace-with-remote-control-manufacturer-China.jpg 900w, https:\/\/www.artfireplace.co.uk\/wp-content\/uploads\/2015\/04\/Automatic-bioethanol-fireplace-with-remote-control-manufacturer-China-150x112.jpg 150w, https:\/\/www.artfireplace.co.uk\/wp-content\/uploads\/2015\/04\/Automatic-bioethanol-fireplace-with-remote-control-manufacturer-China-300x225.jpg 300w\" sizes=\"(max-width: 900px) 100vw, 900px\" \/><\/p>\n<p>&#8211; Use apenas em salas de m\u00ednimo 35 m2<br \/>\n&#8211; Dimens\u00f5es: 120 \/ 24,0 \/ 21,3 cm<br \/>\n&#8211; Inserir Buraco Tamanho m\u00ednimo: 118,5 \/ 22,5 \/ 25,0 cent\u00edmetros<br \/>\n&#8211; Sa\u00edda: 7500 W<br \/>\n&#8211; Capacidade do tanque: 12.0 L<br \/>\n&#8211; Consumo: 1,2 litros \/ hora<br \/>\n&#8211; Peso l\u00edquido: 30,0 kg<br \/>\n&#8211; Peso bruto: 38,0 kg<img decoding=\"async\" loading=\"lazy\" class=\"aligncenter size-full wp-image-2151\" src=\"https:\/\/artfireplace.co.uk\/wp-content\/uploads\/2015\/01\/alibabaAF120.jpg\" alt=\"alibabaAF120 automatic Ethanol Burner With Remote Controller\" width=\"1004\" height=\"462\" srcset=\"https:\/\/www.artfireplace.co.uk\/wp-content\/uploads\/2015\/01\/alibabaAF120.jpg 1004w, https:\/\/www.artfireplace.co.uk\/wp-content\/uploads\/2015\/01\/alibabaAF120-150x69.jpg 150w, https:\/\/www.artfireplace.co.uk\/wp-content\/uploads\/2015\/01\/alibabaAF120-300x138.jpg 300w, https:\/\/www.artfireplace.co.uk\/wp-content\/uploads\/2015\/01\/alibabaAF120-768x353.jpg 768w\" sizes=\"(max-width: 1004px) 100vw, 1004px\" \/><\/p>\n<p>Instru\u00e7\u00f5es de seguran\u00e7a:<\/p>\n<p>N\u00e3o sopre para o fogo.<br \/>\nNunca deixe o fogo aut\u00f4noma.<br \/>\nMantenha as crian\u00e7as e animais de estima\u00e7\u00e3o a uma dist\u00e2ncia segura.<br \/>\nTenha cuidado com fecha inflam\u00e1veis ou cabelo.<br \/>\nEvitar o contacto f\u00edsico com o bioetanol.<br \/>\nA chama nunca deve tocar diretamente o interior da pastilha de metal.<br \/>\nN\u00e3o fumar durante o re-enchimento ou acender o queimador. Risco de explos\u00e3o!<br \/>\nN\u00e3o coloque papel, papel\u00e3o, tecido (roupas) etc. No queimador ou em torno dela.<br \/>\nAVISO! Nunca voltar a encher uma lareira quente ou morna bio etanol. Risco de explos\u00e3o!<br \/>\nImportante: A lareira bio etanol \u00e9 para ser utilizada para fins decorativos e n\u00e3o como um aquecedor.<br \/>\nO uso da lareira de etanol bio como um multi-queimador ou lareira para materiais combust\u00edveis l\u00edquidos ou s\u00f3lidos n\u00e3o \u00e9 permitido.<br \/>\n\u00c9 proibido para crian\u00e7as, pessoas sob a influ\u00eancia de \u00e1lcool, drogas ou medicamentos, ou pessoas que n\u00e3o est\u00e3o fisicamente ou mentalmente em bom estado, para usar a lareira de etanol bio.<\/p>\n<p>Relacionado outros modelos de lareiras autom\u00e1ticas \u00e1lcool etanol inteligentes:<br \/>\nlareira autom\u00e1tica bioetanol AF66 (66X24X13.5cm)<br \/>\nlareira autom\u00e1tica bioetanol AF100 (100X24X13.5cm)<br \/>\nlareira autom\u00e1tica bioetanol AF150 (150X24X21.5cm)<br \/>\nlareira autom\u00e1tica bioetanol AF180 (180X24X21.5cm)<\/p>\n<p>produtos 1.Customized:<\/p>\n<p>pre\u00e7o de acordo com o cliente tamanho requisitos e quantidade de um \u00fanico relat\u00f3rio!<br \/>\ndura\u00e7\u00e3o normal de 10-15 dias (ordens expedidas, por favor consulte o atendimento ao cliente e vendas)<br \/>\n2. N\u00f3s tamb\u00e9m temos muitos modelos de lareiras manuais de \u00e1lcool.<\/p>\n<p>Informa\u00e7\u00f5es detalhadas sobre lareira arte bioetanol, contacte-nos.<\/p>\n<p>Entre o melhor em design de arte lareira, o AF120 controle remoto eletr\u00f4nico Bio Ethanol Lareira Insert \u00e9 favorecido por arquitetos, empreiteiros e designers high-end e oferece a qualidade sem precedentes cliente exigente e seguran\u00e7a. Al\u00e9m dos mesmos sem ventila\u00e7\u00e3o e limpas chamas ardentes como manuais inser\u00e7\u00f5es da chamin\u00e9 de etanol, este gravador de bio etanol arte-Fire oferece muito mais para aplica\u00e7\u00f5es residenciais e comerciais:<\/p>\n<p>Capacidade de controle remoto. Devido ao seu funcionamento eletr\u00f4nico, alimentado por uma fonte de alimenta\u00e7\u00e3o de doze volts, esta inser\u00e7\u00e3o da chamin\u00e9 de etanol pode ser inflamado e extinta por meio de um bot\u00e3o liga \/ desliga localizado no pr\u00f3prio gravador, um controle remoto de um bot\u00e3o ou atrav\u00e9s de seu telefone inteligente atrav\u00e9s da integra\u00e7\u00e3o com o seu Smart Home System.<\/p>\n<p>On-Safety Monitoring Board. A placa-m\u00e3e desta inser\u00e7\u00e3o da chamin\u00e9 \u00e9 central para a seguran\u00e7a. Constante auto-avalia\u00e7\u00e3o do seu funcionamento, este gravador inteligente reage a qualquer condi\u00e7\u00e3o que aparece at\u00edpico. Se se detectar uma quantidade em excesso de emiss\u00e3o de di\u00f3xido de carbono ou a sa\u00edda de calor, ele deixar\u00e1 a opera\u00e7\u00e3o automaticamente, extinguir a chama e a manter o mecanismo de bloqueio da c\u00e2mara de combust\u00edvel. Al\u00e9m disso, ele ir\u00e1 auto-extin\u00e7\u00e3o deveria detectar o movimento s\u00edsmico ou o n\u00edvel de inclina\u00e7\u00e3o tornando-se um dispositivo \u00e0 prova de choque. n\u00edveis de combust\u00edvel e baterias tamb\u00e9m s\u00e3o constantemente avaliados para melhor desempenho e avisar\u00e1 atrav\u00e9s de display LED do queimador, que vai indicar tempos de opera\u00e7\u00e3o e alert\u00e1-lo pelo som e mensagem de erro deve ocorrer um evento.<\/p>\n<p>Constru\u00e7\u00e3o resistente. Constru\u00eddo em a\u00e7o inoxid\u00e1vel classe 304, o queimador de etanol \u00e9 resistente \u00e0 corros\u00e3o e apresenta excelente resist\u00eancia \u00e0 atmosf\u00e9rica, qu\u00edmica e outras exposi\u00e7\u00f5es. Sua placa superior mede tr\u00eas mil\u00edmetros de espessura (3\/32 polegadas). Isso permite robustez, ainda promove um perfil baixo. Para maior seguran\u00e7a, a inser\u00e7\u00e3o de etanol lareira AF120 oferece isolamento constru\u00e7\u00e3o dupla lareira.<\/p>\n<p>Separado do reservat\u00f3rio de combust\u00edvel e Burner Tray. Continuando com as caracter\u00edsticas de seguran\u00e7a sem precedentes deste gravador de etanol, excesso de combust\u00edvel est\u00e1 alojado em um reservat\u00f3rio selado. Isto n\u00e3o s\u00f3 evita a evapora\u00e7\u00e3o do combust\u00edvel e a liberta\u00e7\u00e3o arom\u00e1tica do etanol bruto, mas diminui a quantidade de combust\u00edvel &#8220;exposto&#8221; a qualquer momento dado. Por meio de uma bomba de combust\u00edvel de qualidade m\u00e9dica, o etanol \u00e9 entregue na bandeja de queimador. Permitindo apenas a bandeja do queimador para gerenciar alguns centilitros de etanol combust\u00edvel em um determinado momento promove a seguran\u00e7a adicional e minimiza o risco de perigos relacionados com o fogo.<\/p>\n<p>Top Seis Raz\u00f5es para escolher arte bio etanol lareiras:<\/p>\n<p>Um inc\u00eandio real \u00e9 uma adi\u00e7\u00e3o impressionante para qualquer casa ou jardim; se projetado como uma declara\u00e7\u00e3o sutil ou uma pe\u00e7a central dram\u00e1tica, h\u00e1 uma atra\u00e7\u00e3o \u00fanica de dan\u00e7a, piscando chamas que simplesmente n\u00e3o podem ser combinados por qualquer imita\u00e7\u00e3o. inc\u00eandios bio etanol est\u00e3o se tornando uma alternativa cada vez mais popular para a madeira ou queima de carv\u00e3o tradicional fogo &#8211; e aqui est\u00e3o algumas das principais raz\u00f5es.<\/p>\n<p>1 &#8211; Sem chamin\u00e9, sem respiradouro<\/p>\n<p>Esta \u00e9 uma das maiores vantagens de bio etanol &#8211; voc\u00ea pode ter fogos inst\u00e2ntaneos. Porque o etanol bio queima limpa, n\u00e3o h\u00e1 necessidade de instalar uma chamin\u00e9, tornando-o adequado para muitos locais onde um fogo tradicional seria imposs\u00edvel. Al\u00e9m disso, ao contr\u00e1rio de outros tipos de fogo inst\u00e2ntaneos, n\u00e3o h\u00e1 necessidade de instalar um respiradouro permanente no quarto ou; voc\u00ea apenas precisa de ser capaz de deixar entrar um pouco de ar fresco, se voc\u00ea est\u00e1 indo para t\u00ea-lo aceso continuamente por um longo per\u00edodo de time.So Ele vai salvar o seu muito tempo e dinheiro !!!<\/p>\n<p>2 &#8211; Design Flex\u00edvel<\/p>\n<p>Mais uma vez, gra\u00e7as a qualidades bio do etanol de queima limpa, voc\u00ea ter\u00e1 muito mais flexibilidade no design de sua lareira. Se voc\u00ea quer uma lareira branca, voc\u00ea pode t\u00ea-lo &#8211; haver\u00e1 muito pouca fuligem produzida por um queimador de etanol bio, de modo que o acabamento branco vai ficar intocada. Da mesma forma, voc\u00ea pode usar vidro ou uma variedade de outros materiais que seriam danificados ou manchada pela fuligem e fuma\u00e7a de uma madeira ou carv\u00e3o tradicional fire.So voc\u00ea pode instalar a sua lareira em qualquer lugar que se encaixam no seu espa\u00e7o de fogo melhor !!!<\/p>\n<p>3 &#8211; F\u00e1cil Utiliza\u00e7\u00e3o<\/p>\n<p>bioetanol vem em garrafas de bom gosto, por isso n\u00e3o h\u00e1 necessidade de transportar o carv\u00e3o pesado e confuso ou madeira atrav\u00e9s da casa. Tudo que voc\u00ea precisa fazer \u00e9 encher o recipiente do queimador e voc\u00ea est\u00e1 pronto para ir. \u00c9 claro que, como em qualquer fogo, h\u00e1 precau\u00e7\u00f5es de seguran\u00e7a &#8211; sempre certificar-se de que o fogo est\u00e1 fora e o recipiente \u00e9 legal antes de completar o fuel.So basta pressionar um bot\u00e3o controlador remoto e vai aproveitar a sua Unique &amp; Especial de inc\u00eandio com seus amigos e fam\u00edlia !!!<\/p>\n<p>4 &#8211; Eco-Friendly<\/p>\n<p>bio etanol \u00e9 um produto sustent\u00e1vel, ao contr\u00e1rio dos combust\u00edveis f\u00f3sseis como o carv\u00e3o, e n\u00e3o produz fuma\u00e7a para poluir a atmosfera local. Eles n\u00e3o s\u00e3o apenas decorativas, eles s\u00e3o uma maneira eficaz de produzir calor, para que eles possam ajud\u00e1-lo a aquecer a sua casa em grande estilo sem impactar sobre a environment.So Limpo fogo e calor de sa\u00fade mant\u00e9m sua sala de estar sempre New !!!<\/p>\n<p>5 &#8211; chama Natural<br \/>\nAs queimaduras de bioetanol na bandeja directa e integralmente apenas como um phonies levantando a partir ashes.The Chama salta para cima e para baixo queima e gererating uma sabedoria heat.High acender o valor de seu fogo \u00danico Space.So No Man-made No regular, apenas gr\u00e1tis queimando como uma dan\u00e7a Phoniex sem constrangimento !!!<\/p>\n<p>6 &#8211; Safty Intelligent Ethanol Lareira<br \/>\nArt Lareira oferece alta tecnologia e uma faixa segura de etanol fireplaces.Art queimador de etanol s\u00e3o equipados com sensores de calor, CO\u00b2, enchimento, medidor do tanque, etc.If quaisquer operatons occours ilegais, o dispositivo ir\u00e1 parar automaticamente enquanto mostra mensagem de erro na tela LCD .N\u00f3s tentar desenvolver novas fun\u00e7\u00f5es tecnologia para manter essencial de seguran\u00e7a para users.All vem com seguro e inteligente e adicionar paz de esp\u00edrito para o seu espa\u00e7o de vida.<\/p>\n<p>Inspira\u00e7\u00f5es de fogo ecol\u00f3gica: a mistura das culturas e as atmospheres.This ser\u00e1 uma \u00f3tima id\u00e9ia para design super interior!<\/p>\n<p>Eles se encaixam em todos os projectos de melhoramentos em casa. O etanol lareira eletr\u00f4nica Fireplaceis uma ferramenta mundo moderno. Ele \u00e9 seguro e remotamente controlled.Really Boa ideia de possuir um moderno lareira bioetanol interlligent!<\/p>\n<p>Com chamas de arte etanol lareira inser\u00e7\u00f5es, sentados juntos, compartilhando a felicidade e do sucesso com sua fam\u00edlia e Parceiros ao beber vinhos tintos, conversando, brincando, rindo &#8230; Isso deve ser Great !!!<\/p>\n<p>projetos:<img decoding=\"async\" loading=\"lazy\" class=\"aligncenter size-full wp-image-893\" src=\"https:\/\/artfireplace.co.uk\/wp-content\/uploads\/2015\/01\/ethanol-fireplace-insert-af120-with-remote-control.jpg\" alt=\"AF120 lareira autom\u00e1tica etanol com controle remoto\" width=\"1000\" height=\"750\" srcset=\"https:\/\/www.artfireplace.co.uk\/wp-content\/uploads\/2015\/01\/ethanol-fireplace-insert-af120-with-remote-control.jpg 1000w, https:\/\/www.artfireplace.co.uk\/wp-content\/uploads\/2015\/01\/ethanol-fireplace-insert-af120-with-remote-control-150x113.jpg 150w, https:\/\/www.artfireplace.co.uk\/wp-content\/uploads\/2015\/01\/ethanol-fireplace-insert-af120-with-remote-control-300x225.jpg 300w\" sizes=\"(max-width: 1000px) 100vw, 1000px\" \/><\/p>\n","protected":false},"excerpt":{"rendered":"<p>Entre o melhor em design lareira arte etanol, o AF120 Remote Controlled eletr\u00f4nico Bio Ethanol Lareira Insert \u00e9 favorecido por arquitetos, empreiteiros e designers high-end e oferece a qualidade sem precedentes cliente exigente e seguran\u00e7a.<\/p>\n","protected":false},"author":1,"featured_media":3803,"parent":0,"menu_order":0,"comment_status":"closed","ping_status":"closed","template":"","meta":[],"yst_prominent_words":[339,323,335,330,349,334,311,1304,1303,1302,1301,1255,1254,1253,333],"translation":{"provider":"WPGlobus","version":"2.8.3","language":"pt","enabled_languages":["en","es","fr","it","pt","ar","ru"],"languages":{"en":{"title":true,"content":true,"excerpt":true},"es":{"title":true,"content":true,"excerpt":true},"fr":{"title":true,"content":true,"excerpt":true},"it":{"title":true,"content":true,"excerpt":true},"pt":{"title":true,"content":true,"excerpt":true},"ar":{"title":true,"content":true,"excerpt":true},"ru":{"title":true,"content":true,"excerpt":true}}},"_links":{"self":[{"href":"https:\/\/www.artfireplace.co.uk\/pt\/wp-json\/wp\/v2\/pages\/199"}],"collection":[{"href":"https:\/\/www.artfireplace.co.uk\/pt\/wp-json\/wp\/v2\/pages"}],"about":[{"href":"https:\/\/www.artfireplace.co.uk\/pt\/wp-json\/wp\/v2\/types\/page"}],"author":[{"embeddable":true,"href":"https:\/\/www.artfireplace.co.uk\/pt\/wp-json\/wp\/v2\/users\/1"}],"replies":[{"embeddable":true,"href":"https:\/\/www.artfireplace.co.uk\/pt\/wp-json\/wp\/v2\/comments?post=199"}],"version-history":[{"count":89,"href":"https:\/\/www.artfireplace.co.uk\/pt\/wp-json\/wp\/v2\/pages\/199\/revisions"}],"predecessor-version":[{"id":3289,"href":"https:\/\/www.artfireplace.co.uk\/pt\/wp-json\/wp\/v2\/pages\/199\/revisions\/3289"}],"wp:featuredmedia":[{"embeddable":true,"href":"https:\/\/www.artfireplace.co.uk\/pt\/wp-json\/wp\/v2\/media\/3803"}],"wp:attachment":[{"href":"https:\/\/www.artfireplace.co.uk\/pt\/wp-json\/wp\/v2\/media?parent=199"}],"wp:term":[{"taxonomy":"yst_prominent_words","embeddable":true,"href":"https:\/\/www.artfireplace.co.uk\/pt\/wp-json\/wp\/v2\/yst_prominent_words?post=199"}],"curies":[{"name":"wp","href":"https:\/\/api.w.org\/{rel}","templated":true}]}}